{"id":356,"date":"2026-04-14T11:22:25","date_gmt":"2026-04-14T03:22:25","guid":{"rendered":"https:\/\/yarraoceansuitesdanang.com\/?page_id=356"},"modified":"2026-04-14T12:02:32","modified_gmt":"2026-04-14T04:02:32","slug":"uu-dai-yarra-spa","status":"publish","type":"page","link":"https:\/\/yarraoceansuitesdanang.com\/vi\/uu-dai-dac-biet\/uu-dai-yarra-spa\/","title":{"rendered":"\u01afu \u0111\u00e3i Yarra Spa"},"content":{"rendered":"<p>T\u1eadn h\u01b0\u1edfng nh\u1eefng ph\u00fat gi\u00e2y ch\u0103m s\u00f3c c\u01a1 th\u1ec3 v\u00e0 t\u00e1i t\u1ea1o n\u0103ng l\u01b0\u1ee3ng v\u1edbi c\u00e1c g\u00f3i tr\u1ecb li\u1ec7u t\u1ea1i Yarra Spa \u2013 n\u01a1i \u0111em \u0111\u1ebfn s\u1ef1 th\u01b0 th\u00e1i tuy\u1ec7t \u0111\u1ed1i trong kh\u00f4ng gian y\u00ean t\u0129nh g\u1ea7n bi\u1ec3n.<\/p>\n<ul>\n<li><strong>\u01afu \u0110\u00e3i Tr\u1ecb Li\u1ec7u To\u00e0n Th\u00e2n<\/strong><br \/>\n60 ph\u00fat: 390,000 VND net<br \/>\n90 ph\u00fat: 590,000 VND net<\/li>\n<li><strong>Ch\u00e0o m\u1eebng th\u00e1ng sinh nh\u1eadt c\u1ee7a b\u1ea1n: K\u1ef7 ni\u1ec7m th\u00e1ng \u0111\u1eb7c bi\u1ec7t c\u1ee7a b\u1ea1n v\u1edbi li\u1ec7u tr\u00ecnh to\u00e0n th\u00e2n th\u01b0 gi\u00e3n \u0111\u01b0\u1ee3c thi\u1ebft k\u1ebf \u0111\u1ec3 xoa d\u1ecbu c\u01a1 th\u1ec3, l\u00e0m t\u01b0\u01a1i m\u1edbi t\u00e2m tr\u00ed v\u00e0 n\u00e2ng cao s\u1ee9c kh\u1ecfe<\/strong><br \/>\nTr\u1ecb li\u1ec7u to\u00e0n th\u00e2n 60 ph\u00fat: 360,000 VND net<br \/>\nTr\u1ecb li\u1ec7u to\u00e0n th\u00e2n 90 ph\u00fat: 510,000 VND net<\/li>\n<li><strong>Combo Spa &amp; Tr\u00e0 Chi\u1ec1u Th\u01b0 Gi\u00e3n (60 ph\u00fat Body Treatment &amp; Th\u01b0\u1edfng tr\u00e0 t\u1ea1i h\u1ed3 b\u01a1i):<\/strong><br \/>\nG\u00f3i 01 kh\u00e1ch: VND 550,000 net<br \/>\nG\u00f3i 02 kh\u00e1ch: VND 790,000 net<\/li>\n<li><strong>G\u00f3i Spa 90 ph\u00fat: 800,000 VND net<\/strong><br \/>\nCh\u0103m s\u00f3c to\u00e0n th\u00e2n 60 ph\u00fat<br \/>\nCh\u0103m s\u00f3c da m\u1eb7t 30 ph\u00fat<\/li>\n<li><strong>G\u00f3i Spa 120 ph\u00fat: 900,000 VND net<\/strong><br \/>\nT\u1ea9y t\u1ebf b\u00e0o ch\u1ebft to\u00e0n th\u00e2n ho\u1eb7c \u0110\u1eafp m\u1eb7t n\u1ea1 to\u00e0n th\u00e2n 30 ph\u00fat<br \/>\nCh\u0103m s\u00f3c to\u00e0n th\u00e2n ho\u1eb7c Tr\u1ecb li\u1ec7u \u0111\u00e1 n\u00f3ng 90 ph\u00fat<\/li>\n<\/ul>\n<p><strong>\u0110\u1eb7t l\u1ecbch:<\/strong> +84 (0) 236 6269 888<\/p>\n","protected":false},"excerpt":{"rendered":"<p>T\u1eadn h\u01b0\u1edfng nh\u1eefng ph\u00fat gi\u00e2y ch\u0103m s\u00f3c c\u01a1 th\u1ec3 v\u00e0 t\u00e1i t\u1ea1o n\u0103ng l\u01b0\u1ee3ng v\u1edbi c\u00e1c g\u00f3i tr\u1ecb li\u1ec7u t\u1ea1i Yarra Spa \u2013 n\u01a1i \u0111em \u0111\u1ebfn s\u1ef1 th\u01b0 th\u00e1i tuy\u1ec7t \u0111\u1ed1i trong kh\u00f4ng gian y\u00ean t\u0129nh g\u1ea7n bi\u1ec3n. \u01afu \u0110\u00e3i Tr\u1ecb Li\u1ec7u To\u00e0n Th\u00e2n 60 ph\u00fat: 390,000 VND net 90 ph\u00fat: 590,000 VND net Ch\u00e0o [&hellip;]<\/p>\n","protected":false},"author":286,"featured_media":357,"parent":200,"menu_order":1,"comment_status":"closed","ping_status":"closed","template":"template-single-offer.php","meta":{"footnotes":""},"yoast_head":"<!-- This site is optimized with the Yoast SEO plugin v22.3 - https:\/\/yoast.com\/wordpress\/plugins\/seo\/ -->\n<title>\u01afu \u0111\u00e3i Yarra Spa - Yarra Ocean Suites Danang<\/title>\n<meta name=\"description\" content=\"T\u1eadn h\u01b0\u1edfng nh\u1eefng ph\u00fat gi\u00e2y ch\u0103m s\u00f3c c\u01a1 th\u1ec3 v\u00e0 t\u00e1i t\u1ea1o n\u0103ng l\u01b0\u1ee3ng v\u1edbi c\u00e1c g\u00f3i tr\u1ecb li\u1ec7u t\u1ea1i Yarra Spa \u2013 n\u01a1i \u0111em \u0111\u1ebfn s\u1ef1 th\u01b0 th\u00e1i tuy\u1ec7t \u0111\u1ed1i trong kh\u00f4ng gian y\u00ean t\u0129nh g\u1ea7n bi\u1ec3n\" \/>\n<meta name=\"robots\" content=\"index, follow, max-snippet:-1, max-image-preview:large, max-video-preview:-1\" \/>\n<link rel=\"canonical\" href=\"https:\/\/yarraoceansuitesdanang.com\/vi\/uu-dai-dac-biet\/uu-dai-yarra-spa\/\" \/>\n<meta property=\"og:locale\" content=\"vi_VN\" \/>\n<meta property=\"og:type\" content=\"article\" \/>\n<meta property=\"og:title\" content=\"\u01afu \u0111\u00e3i Yarra Spa - Yarra Ocean Suites Danang\" \/>\n<meta property=\"og:description\" content=\"T\u1eadn h\u01b0\u1edfng nh\u1eefng ph\u00fat gi\u00e2y ch\u0103m s\u00f3c c\u01a1 th\u1ec3 v\u00e0 t\u00e1i t\u1ea1o n\u0103ng l\u01b0\u1ee3ng v\u1edbi c\u00e1c g\u00f3i tr\u1ecb li\u1ec7u t\u1ea1i Yarra Spa \u2013 n\u01a1i \u0111em \u0111\u1ebfn s\u1ef1 th\u01b0 th\u00e1i tuy\u1ec7t \u0111\u1ed1i trong kh\u00f4ng gian y\u00ean t\u0129nh g\u1ea7n bi\u1ec3n\" \/>\n<meta property=\"og:url\" content=\"https:\/\/yarraoceansuitesdanang.com\/vi\/uu-dai-dac-biet\/uu-dai-yarra-spa\/\" \/>\n<meta property=\"og:site_name\" content=\"Yarra Ocean Suites Danang\" \/>\n<meta property=\"article:modified_time\" content=\"2026-04-14T04:02:32+00:00\" \/>\n<meta property=\"og:image\" content=\"https:\/\/yarraoceansuitesdanang.com\/wp-content\/uploads\/sites\/159\/2026\/04\/spa2.png\" \/>\n\t<meta property=\"og:image:width\" content=\"1200\" \/>\n\t<meta property=\"og:image:height\" content=\"800\" \/>\n\t<meta property=\"og:image:type\" content=\"image\/png\" \/>\n<meta name=\"twitter:card\" content=\"summary_large_image\" \/>\n<meta name=\"twitter:label1\" content=\"Est. reading time\" \/>\n\t<meta name=\"twitter:data1\" content=\"2 minutes\" \/>\n<script type=\"application\/ld+json\" class=\"yoast-schema-graph\">{\"@context\":\"https:\/\/schema.org\",\"@graph\":[{\"@type\":\"WebPage\",\"@id\":\"https:\/\/yarraoceansuitesdanang.com\/vi\/uu-dai-dac-biet\/uu-dai-yarra-spa\/\",\"url\":\"https:\/\/yarraoceansuitesdanang.com\/vi\/uu-dai-dac-biet\/uu-dai-yarra-spa\/\",\"name\":\"\u01afu \u0111\u00e3i Yarra Spa - Yarra Ocean Suites Danang\",\"isPartOf\":{\"@id\":\"https:\/\/yarraoceansuitesdanang.com\/vi\/#website\"},\"primaryImageOfPage\":{\"@id\":\"https:\/\/yarraoceansuitesdanang.com\/vi\/uu-dai-dac-biet\/uu-dai-yarra-spa\/#primaryimage\"},\"image\":{\"@id\":\"https:\/\/yarraoceansuitesdanang.com\/vi\/uu-dai-dac-biet\/uu-dai-yarra-spa\/#primaryimage\"},\"thumbnailUrl\":\"https:\/\/yarraoceansuitesdanang.com\/wp-content\/uploads\/sites\/159\/2026\/04\/spa2.png\",\"datePublished\":\"2026-04-14T03:22:25+00:00\",\"dateModified\":\"2026-04-14T04:02:32+00:00\",\"description\":\"T\u1eadn h\u01b0\u1edfng nh\u1eefng ph\u00fat gi\u00e2y ch\u0103m s\u00f3c c\u01a1 th\u1ec3 v\u00e0 t\u00e1i t\u1ea1o n\u0103ng l\u01b0\u1ee3ng v\u1edbi c\u00e1c g\u00f3i tr\u1ecb li\u1ec7u t\u1ea1i Yarra Spa \u2013 n\u01a1i \u0111em \u0111\u1ebfn s\u1ef1 th\u01b0 th\u00e1i tuy\u1ec7t \u0111\u1ed1i trong kh\u00f4ng gian y\u00ean t\u0129nh g\u1ea7n bi\u1ec3n\",\"breadcrumb\":{\"@id\":\"https:\/\/yarraoceansuitesdanang.com\/vi\/uu-dai-dac-biet\/uu-dai-yarra-spa\/#breadcrumb\"},\"inLanguage\":\"vi-VN\",\"potentialAction\":[{\"@type\":\"ReadAction\",\"target\":[\"https:\/\/yarraoceansuitesdanang.com\/vi\/uu-dai-dac-biet\/uu-dai-yarra-spa\/\"]}]},{\"@type\":\"ImageObject\",\"inLanguage\":\"vi-VN\",\"@id\":\"https:\/\/yarraoceansuitesdanang.com\/vi\/uu-dai-dac-biet\/uu-dai-yarra-spa\/#primaryimage\",\"url\":\"https:\/\/yarraoceansuitesdanang.com\/wp-content\/uploads\/sites\/159\/2026\/04\/spa2.png\",\"contentUrl\":\"https:\/\/yarraoceansuitesdanang.com\/wp-content\/uploads\/sites\/159\/2026\/04\/spa2.png\",\"width\":1200,\"height\":800},{\"@type\":\"BreadcrumbList\",\"@id\":\"https:\/\/yarraoceansuitesdanang.com\/vi\/uu-dai-dac-biet\/uu-dai-yarra-spa\/#breadcrumb\",\"itemListElement\":[{\"@type\":\"ListItem\",\"position\":1,\"name\":\"Home\",\"item\":\"https:\/\/yarraoceansuitesdanang.com\/vi\/\"},{\"@type\":\"ListItem\",\"position\":2,\"name\":\"Tr\u1ea3i nghi\u1ec7m th\u00fa v\u1ecb v\u1edbi c\u00e1c \u01b0u \u0111\u00e3i \u0111\u1eb7c bi\u1ec7t\",\"item\":\"https:\/\/yarraoceansuitesdanang.com\/vi\/uu-dai-dac-biet\/\"},{\"@type\":\"ListItem\",\"position\":3,\"name\":\"\u01afu \u0111\u00e3i Yarra Spa\"}]},{\"@type\":\"WebSite\",\"@id\":\"https:\/\/yarraoceansuitesdanang.com\/vi\/#website\",\"url\":\"https:\/\/yarraoceansuitesdanang.com\/vi\/\",\"name\":\"Yarra Ocean Suites Danang\",\"description\":\"\",\"potentialAction\":[{\"@type\":\"SearchAction\",\"target\":{\"@type\":\"EntryPoint\",\"urlTemplate\":\"https:\/\/yarraoceansuitesdanang.com\/vi\/?s={search_term_string}\"},\"query-input\":\"required name=search_term_string\"}],\"inLanguage\":\"vi-VN\"}]}<\/script>\n<!-- \/ Yoast SEO plugin. -->","yoast_head_json":{"title":"\u01afu \u0111\u00e3i Yarra Spa - Yarra Ocean Suites Danang","description":"T\u1eadn h\u01b0\u1edfng nh\u1eefng ph\u00fat gi\u00e2y ch\u0103m s\u00f3c c\u01a1 th\u1ec3 v\u00e0 t\u00e1i t\u1ea1o n\u0103ng l\u01b0\u1ee3ng v\u1edbi c\u00e1c g\u00f3i tr\u1ecb li\u1ec7u t\u1ea1i Yarra Spa \u2013 n\u01a1i \u0111em \u0111\u1ebfn s\u1ef1 th\u01b0 th\u00e1i tuy\u1ec7t \u0111\u1ed1i trong kh\u00f4ng gian y\u00ean t\u0129nh g\u1ea7n bi\u1ec3n","robots":{"index":"index","follow":"follow","max-snippet":"max-snippet:-1","max-image-preview":"max-image-preview:large","max-video-preview":"max-video-preview:-1"},"canonical":"https:\/\/yarraoceansuitesdanang.com\/vi\/uu-dai-dac-biet\/uu-dai-yarra-spa\/","og_locale":"vi_VN","og_type":"article","og_title":"\u01afu \u0111\u00e3i Yarra Spa - Yarra Ocean Suites Danang","og_description":"T\u1eadn h\u01b0\u1edfng nh\u1eefng ph\u00fat gi\u00e2y ch\u0103m s\u00f3c c\u01a1 th\u1ec3 v\u00e0 t\u00e1i t\u1ea1o n\u0103ng l\u01b0\u1ee3ng v\u1edbi c\u00e1c g\u00f3i tr\u1ecb li\u1ec7u t\u1ea1i Yarra Spa \u2013 n\u01a1i \u0111em \u0111\u1ebfn s\u1ef1 th\u01b0 th\u00e1i tuy\u1ec7t \u0111\u1ed1i trong kh\u00f4ng gian y\u00ean t\u0129nh g\u1ea7n bi\u1ec3n","og_url":"https:\/\/yarraoceansuitesdanang.com\/vi\/uu-dai-dac-biet\/uu-dai-yarra-spa\/","og_site_name":"Yarra Ocean Suites Danang","article_modified_time":"2026-04-14T04:02:32+00:00","og_image":[{"width":1200,"height":800,"url":"https:\/\/yarraoceansuitesdanang.com\/wp-content\/uploads\/sites\/159\/2026\/04\/spa2.png","type":"image\/png"}],"twitter_card":"summary_large_image","twitter_misc":{"Est. reading time":"2 minutes"},"schema":{"@context":"https:\/\/schema.org","@graph":[{"@type":"WebPage","@id":"https:\/\/yarraoceansuitesdanang.com\/vi\/uu-dai-dac-biet\/uu-dai-yarra-spa\/","url":"https:\/\/yarraoceansuitesdanang.com\/vi\/uu-dai-dac-biet\/uu-dai-yarra-spa\/","name":"\u01afu \u0111\u00e3i Yarra Spa - Yarra Ocean Suites Danang","isPartOf":{"@id":"https:\/\/yarraoceansuitesdanang.com\/vi\/#website"},"primaryImageOfPage":{"@id":"https:\/\/yarraoceansuitesdanang.com\/vi\/uu-dai-dac-biet\/uu-dai-yarra-spa\/#primaryimage"},"image":{"@id":"https:\/\/yarraoceansuitesdanang.com\/vi\/uu-dai-dac-biet\/uu-dai-yarra-spa\/#primaryimage"},"thumbnailUrl":"https:\/\/yarraoceansuitesdanang.com\/wp-content\/uploads\/sites\/159\/2026\/04\/spa2.png","datePublished":"2026-04-14T03:22:25+00:00","dateModified":"2026-04-14T04:02:32+00:00","description":"T\u1eadn h\u01b0\u1edfng nh\u1eefng ph\u00fat gi\u00e2y ch\u0103m s\u00f3c c\u01a1 th\u1ec3 v\u00e0 t\u00e1i t\u1ea1o n\u0103ng l\u01b0\u1ee3ng v\u1edbi c\u00e1c g\u00f3i tr\u1ecb li\u1ec7u t\u1ea1i Yarra Spa \u2013 n\u01a1i \u0111em \u0111\u1ebfn s\u1ef1 th\u01b0 th\u00e1i tuy\u1ec7t \u0111\u1ed1i trong kh\u00f4ng gian y\u00ean t\u0129nh g\u1ea7n bi\u1ec3n","breadcrumb":{"@id":"https:\/\/yarraoceansuitesdanang.com\/vi\/uu-dai-dac-biet\/uu-dai-yarra-spa\/#breadcrumb"},"inLanguage":"vi-VN","potentialAction":[{"@type":"ReadAction","target":["https:\/\/yarraoceansuitesdanang.com\/vi\/uu-dai-dac-biet\/uu-dai-yarra-spa\/"]}]},{"@type":"ImageObject","inLanguage":"vi-VN","@id":"https:\/\/yarraoceansuitesdanang.com\/vi\/uu-dai-dac-biet\/uu-dai-yarra-spa\/#primaryimage","url":"https:\/\/yarraoceansuitesdanang.com\/wp-content\/uploads\/sites\/159\/2026\/04\/spa2.png","contentUrl":"https:\/\/yarraoceansuitesdanang.com\/wp-content\/uploads\/sites\/159\/2026\/04\/spa2.png","width":1200,"height":800},{"@type":"BreadcrumbList","@id":"https:\/\/yarraoceansuitesdanang.com\/vi\/uu-dai-dac-biet\/uu-dai-yarra-spa\/#breadcrumb","itemListElement":[{"@type":"ListItem","position":1,"name":"Home","item":"https:\/\/yarraoceansuitesdanang.com\/vi\/"},{"@type":"ListItem","position":2,"name":"Tr\u1ea3i nghi\u1ec7m th\u00fa v\u1ecb v\u1edbi c\u00e1c \u01b0u \u0111\u00e3i \u0111\u1eb7c bi\u1ec7t","item":"https:\/\/yarraoceansuitesdanang.com\/vi\/uu-dai-dac-biet\/"},{"@type":"ListItem","position":3,"name":"\u01afu \u0111\u00e3i Yarra Spa"}]},{"@type":"WebSite","@id":"https:\/\/yarraoceansuitesdanang.com\/vi\/#website","url":"https:\/\/yarraoceansuitesdanang.com\/vi\/","name":"Yarra Ocean Suites Danang","description":"","potentialAction":[{"@type":"SearchAction","target":{"@type":"EntryPoint","urlTemplate":"https:\/\/yarraoceansuitesdanang.com\/vi\/?s={search_term_string}"},"query-input":"required name=search_term_string"}],"inLanguage":"vi-VN"}]}},"acf":[],"_links":{"self":[{"href":"https:\/\/yarraoceansuitesdanang.com\/vi\/wp-json\/wp\/v2\/pages\/356"}],"collection":[{"href":"https:\/\/yarraoceansuitesdanang.com\/vi\/wp-json\/wp\/v2\/pages"}],"about":[{"href":"https:\/\/yarraoceansuitesdanang.com\/vi\/wp-json\/wp\/v2\/types\/page"}],"author":[{"embeddable":true,"href":"https:\/\/yarraoceansuitesdanang.com\/vi\/wp-json\/wp\/v2\/users\/286"}],"replies":[{"embeddable":true,"href":"https:\/\/yarraoceansuitesdanang.com\/vi\/wp-json\/wp\/v2\/comments?post=356"}],"version-history":[{"count":0,"href":"https:\/\/yarraoceansuitesdanang.com\/vi\/wp-json\/wp\/v2\/pages\/356\/revisions"}],"up":[{"embeddable":true,"href":"https:\/\/yarraoceansuitesdanang.com\/vi\/wp-json\/wp\/v2\/pages\/200"}],"wp:featuredmedia":[{"embeddable":true,"href":"https:\/\/yarraoceansuitesdanang.com\/vi\/wp-json\/wp\/v2\/media\/357"}],"wp:attachment":[{"href":"https:\/\/yarraoceansuitesdanang.com\/vi\/wp-json\/wp\/v2\/media?parent=356"}],"curies":[{"name":"wp","href":"https:\/\/api.w.org\/{rel}","templated":true}]}}