{"id":212,"date":"2026-02-25T00:42:39","date_gmt":"2026-02-24T16:42:39","guid":{"rendered":"https:\/\/yarraoceansuitesdanang.ms2.decms.asia\/payment-methods\/"},"modified":"2026-03-11T16:12:57","modified_gmt":"2026-03-11T08:12:57","slug":"payment-methods","status":"publish","type":"page","link":"https:\/\/yarraoceansuitesdanang.com\/vi\/payment-methods\/","title":{"rendered":"Ph\u01b0\u01a1ng Th\u1ee9c Thanh To\u00e1n"},"content":{"rendered":"<p><strong>H\u01b0\u1edbng D\u1eabn \u0110\u1eb7t Ch\u1ed7<\/strong><br \/>\nSau khi xem th\u00f4ng tin ph\u00f2ng \u0111\u01b0\u1ee3c cung c\u1ea5p tr\u00ean trang web, b\u1ea1n c\u00f3 th\u1ec3 ch\u1ecdn m\u1ed9t trong hai t\u00f9y ch\u1ecdn sau \u0111\u1ec3 \u0111\u1eb7t ph\u00f2ng<br \/>\nC\u00e1ch 1: G\u1ecdi \u0111i\u1ec7n tr\u1ef1c ti\u1ebfp \u0111\u1ebfn s\u1ed1 \u0111i\u1ec7n tho\u1ea1i c\u1ee7a kh\u00e1ch s\u1ea1n \u0111\u1ec3 \u0111\u01b0\u1ee3c t\u01b0 v\u1ea5n nhanh h\u01a1n v\u00e0 nh\u1eadn th\u00f4ng tin ch\u00ednh x\u00e1c v\u1ec1 t\u00ecnh tr\u1ea1ng ph\u00f2ng tr\u1ed1ng.<br \/>\nC\u00e1ch 2: Truy c\u1eadp website c\u1ee7a kh\u00e1ch s\u1ea1n \u0111\u1ec3 \u0111\u1eb7t ph\u00f2ng.<\/p>\n<p><strong>Th\u1eddi gian nh\u1eadn ph\u00f2ng:<\/strong><br \/>\nNh\u1eadn ph\u00f2ng t\u1eeb 15:00 chi\u1ec1u (vi\u1ec7c nh\u1eadn ph\u00f2ng s\u1edbm s\u1ebd ph\u1ee5 thu\u1ed9c v\u00e0o t\u00ecnh tr\u1ea1ng ph\u00f2ng tr\u1ed1ng v\u00e0 kh\u00e1ch c\u00f3 th\u1ec3 ph\u1ea3i tr\u1ea3 th\u00eam ph\u00ed cho y\u00eau c\u1ea7u \u0111\u00f3).<br \/>\nTr\u1ea3 ph\u00f2ng tr\u01b0\u1edbc 12:00 tr\u01b0a.<\/p>\n<p>*L\u01b0u \u00fd: C\u00e1c d\u1ecbch v\u1ee5 kh\u00e1c kh\u00f4ng bao g\u1ed3m trong \u0111\u1eb7t ph\u00f2ng s\u1ebd \u0111\u01b0\u1ee3c t\u00ednh ph\u00ed theo ch\u00ednh s\u00e1ch c\u1ee7a kh\u00e1ch s\u1ea1n<\/p>\n<p><strong>Ph\u01b0\u01a1ng Th\u1ee9c Thanh To\u00e1n<\/strong><br \/>\nKhi b\u1ea1n \u0111\u1eb7t ph\u00f2ng, h\u1ec7 th\u1ed1ng \u0111\u1eb7t ph\u00f2ng c\u1ee7a ch\u00fang t\u00f4i s\u1ebd g\u1eedi cho b\u1ea1n th\u01b0 x\u00e1c nh\u1eadn qua email. B\u1ea1n c\u1ea7n thanh to\u00e1n cho \u0111\u1eb7t ph\u00f2ng c\u1ee7a m\u00ecnh tr\u01b0\u1edbc ng\u00e0y \u0111\u1ebfn h\u1ea1n b\u1eb1ng m\u1ed9t trong c\u00e1c ph\u01b0\u01a1ng th\u1ee9c thanh to\u00e1n sau:<br \/>\nThanh to\u00e1n tr\u1ef1c tuy\u1ebfn qua c\u00e1c lo\u1ea1i th\u1ebb ng\u00e2n h\u00e0ng: ATM ho\u1eb7c th\u1ebb t\u00edn d\u1ee5ng qu\u1ed1c t\u1ebf.<br \/>\nSTK: 115013258888<br \/>\nCh\u1ee7 s\u1edf h\u1eefu: C\u00d4NG TY CP TH\u01af\u01a0NG M\u1ea0I V\u00c0 D\u1ecaCH V\u1ee4 DU L\u1ecaCH H\u00d9NG B\u1ea2O ANH<br \/>\nT\u00ean ng\u00e2n h\u00e0ng: Ng\u00e2n h\u00e0ng TMCP C\u00f4ng Th\u01b0\u01a1ng Vi\u1ec7t Nam (Vietinbank) Chi Nh\u00e1nh \u0110\u00e0 N\u1eb5ng<br \/>\nPh\u01b0\u01a1ng th\u1ee9c thanh to\u00e1n tr\u1ef1c tuy\u1ebfn nhanh ch\u00f3ng, ti\u1ec7n l\u1ee3i cho kh\u00e1ch mu\u1ed1n \u0111\u1eb7t ph\u00f2ng tr\u01b0\u1edbc.<\/p>\n<p><strong>\u0110\u1ec3 thanh to\u00e1n cho \u0111\u1eb7t ph\u00f2ng:<\/strong><br \/>\nH\u1ec7 th\u1ed1ng \u0111\u1eb7t v\u00e9 s\u1ebd chuy\u1ec3n b\u1ea1n \u0111\u1ebfn trang thanh to\u00e1n tr\u1ef1c tuy\u1ebfn. Vui l\u00f2ng l\u00e0m theo h\u01b0\u1edbng d\u1eabn \u0111\u1ec3 thanh to\u00e1n cho \u0111\u1eb7t ph\u00f2ng c\u1ee7a b\u1ea1n.<br \/>\nKhi h\u1ec7 th\u1ed1ng \u0111\u1eb7t ch\u1ed7 kh\u00f4ng \u0111\u01b0\u1ee3c k\u1ebft n\u1ed1i v\u1edbi h\u1ec7 th\u1ed1ng thanh to\u00e1n tr\u1ef1c tuy\u1ebfn, ch\u00fang t\u00f4i s\u1ebd g\u1eedi cho b\u1ea1n m\u1ed9t li\u00ean k\u1ebft \u0111\u1ec3 ti\u1ebfn h\u00e0nh thanh to\u00e1n. Vui l\u00f2ng l\u00e0m theo h\u01b0\u1edbng d\u1eabn \u0111\u1ec3 thanh to\u00e1n cho \u0111\u1eb7t ph\u00f2ng c\u1ee7a b\u1ea1n.<br \/>\nN\u1ebfu b\u1ea1n kh\u00f4ng thanh to\u00e1n \u0111\u1eb7t ph\u00f2ng tr\u01b0\u1edbc th\u1eddi h\u1ea1n, ch\u00fang t\u00f4i c\u00f3 quy\u1ec1n \u0111\u01a1n ph\u01b0\u01a1ng h\u1ee7y \u0111\u1eb7t ph\u00f2ng c\u1ee7a b\u1ea1n.<br \/>\nThanh to\u00e1n offline qua th\u1ebb ng\u00e2n h\u00e0ng: ATM ho\u1eb7c th\u1ebb t\u00edn d\u1ee5ng qu\u1ed1c t\u1ebf.<br \/>\nKhi ph\u01b0\u01a1ng th\u1ee9c thanh to\u00e1n tr\u1ef1c tuy\u1ebfn kh\u00f4ng kh\u1ea3 d\u1ee5ng, ch\u00fang t\u00f4i s\u1ebd g\u1eedi cho b\u1ea1n bi\u1ec3u m\u1eabu \u201c\u1ee7y quy\u1ec1n thanh to\u00e1n b\u1eb1ng th\u1ebb t\u00edn d\u1ee5ng\u201d, vui l\u00f2ng \u0111i\u1ec1n t\u1ea5t c\u1ea3 c\u00e1c th\u00f4ng tin \u0111\u01b0\u1ee3c y\u00eau c\u1ea7u, k\u00fd v\u00e0o bi\u1ec3u m\u1eabu v\u00e0 g\u1eedi l\u1ea1i cho ch\u00fang t\u00f4i c\u00f9ng v\u1edbi b\u1ea3n sao 2 m\u1eb7t th\u1ebb c\u1ee7a b\u1ea1n, v\u00e0 b\u1ea3n sao ch\u1ee9ng minh nh\u00e2n d\u00e2n\/h\u1ed9 chi\u1ebfu \u0111\u1ec3 b\u1ea3o l\u00e3nh.<br \/>\nTrong tr\u01b0\u1eddng h\u1ee3p b\u1ea1n mu\u1ed1n s\u1eed d\u1ee5ng th\u1ebb \u0111\u00e3 cung c\u1ea5p cho ch\u00fang t\u00f4i \u0111\u1ec3 thanh to\u00e1n \u0111\u1eb7t ph\u00f2ng, ch\u00fang t\u00f4i s\u1ebd thu s\u1ed1 ti\u1ec1n t\u1eeb th\u1ebb c\u1ee7a b\u1ea1n v\u00e0o ng\u00e0y \u0111\u1ebfn h\u1ea1n. Vui l\u00f2ng mang theo th\u1ebb c\u1ee7a b\u1ea1n v\u00e0 xu\u1ea5t tr\u00ecnh cho nh\u00e2n vi\u00ean c\u1ee7a ch\u00fang t\u00f4i t\u1ea1i th\u1eddi \u0111i\u1ec3m nh\u1eadn ph\u00f2ng \u0111\u1ec3 x\u00e1c th\u1ef1c ch\u1ee7 th\u1ebb. N\u1ebfu kh\u00f4ng, \u0111\u1eb7t ph\u00f2ng c\u1ee7a b\u1ea1n ph\u1ea3i \u0111\u01b0\u1ee3c thanh to\u00e1n b\u1eb1ng th\u1ebb kh\u00e1c ho\u1eb7c b\u1eb1ng ti\u1ec1n m\u1eb7t. Sau \u0111\u00f3, ch\u00fang t\u00f4i s\u1ebd ho\u00e0n tr\u1ea3 kho\u1ea3n thanh to\u00e1n v\u00e0o th\u1ebb m\u00e0 ch\u00fang t\u00f4i \u0111\u00e3 thu ti\u1ec1n t\u1eeb \u0111\u00f3. Qu\u00e1 tr\u00ecnh n\u00e0y s\u1ebd m\u1ea5t m\u1ed9t kho\u1ea3ng th\u1eddi gian (trung b\u00ecnh 21 ng\u00e0y l\u00e0m vi\u1ec7c) tr\u01b0\u1edbc khi b\u1ea1n nh\u1eadn \u0111\u01b0\u1ee3c s\u1ed1 ti\u1ec1n tr\u00ean t\u00e0i kho\u1ea3n th\u1ebb c\u1ee7a m\u00ecnh.<br \/>\nTrong tr\u01b0\u1eddng h\u1ee3p b\u1ea1n mu\u1ed1n thanh to\u00e1n \u0111\u1eb7t ph\u00f2ng b\u1eb1ng c\u00e1c lo\u1ea1i th\u1ebb kh\u00e1c, vui l\u00f2ng th\u00f4ng b\u00e1o cho ch\u00fang t\u00f4i. Ch\u00fang t\u00f4i s\u1ebd kh\u00f4ng thu s\u1ed1 ti\u1ec1n t\u1eeb th\u1ebb \u0111\u01b0\u1ee3c cung c\u1ea5p. Tuy nhi\u00ean, ch\u00fang t\u00f4i s\u1ebd \u1ee7y quy\u1ec1n tr\u01b0\u1edbc m\u1ed9t s\u1ed1 ti\u1ec1n t\u01b0\u01a1ng \u0111\u01b0\u01a1ng v\u1edbi t\u1ef7 l\u1ec7 \u0111\u1eb7t ph\u00f2ng t\u1eeb th\u1ebb n\u00e0y v\u00e0o ng\u00e0y \u0111\u1ebfn h\u1ea1n. Ch\u00fang t\u00f4i s\u1ebd thu s\u1ed1 ti\u1ec1n t\u1eeb th\u1ebb do b\u1ea1n cung c\u1ea5p, n\u1ebfu b\u1ea1n kh\u00f4ng xu\u1ea5t hi\u1ec7n v\u00e0o ng\u00e0y nh\u1eadn ph\u00f2ng (no-show), s\u1ed1 ti\u1ec1n n\u00e0y s\u1ebd kh\u00f4ng \u0111\u01b0\u1ee3c ho\u00e0n l\u1ea1i.<br \/>\nCh\u00fang t\u00f4i y\u00eau c\u1ea7u kh\u00e1ch l\u01b0u tr\u00fa t\u1ea1i kh\u00e1ch s\u1ea1n ph\u1ea3i l\u00e0 ch\u1ee7 th\u1ebb.<br \/>\nCh\u00fang t\u00f4i c\u00f3 quy\u1ec1n \u0111\u01a1n ph\u01b0\u01a1ng h\u1ee7y \u0111\u1eb7t ch\u1ed7 c\u1ee7a b\u1ea1n n\u1ebfu b\u1ea1n kh\u00f4ng cung c\u1ea5p \u0111\u1ea7y \u0111\u1ee7 th\u00f4ng tin ho\u1eb7c n\u1ebfu ch\u00fang t\u00f4i kh\u00f4ng nh\u1eadn \u0111\u01b0\u1ee3c ph\u1ea3n h\u1ed3i c\u1ee7a b\u1ea1n tr\u01b0\u1edbc ng\u00e0y \u0111\u1ebfn h\u1ea1n thanh to\u00e1n.<br \/>\n\u0110\u1ec3 th\u1ef1c hi\u1ec7n thanh to\u00e1n qua chuy\u1ec3n kho\u1ea3n ng\u00e2n h\u00e0ng:<br \/>\n\u0110\u00e2y l\u00e0 ph\u01b0\u01a1ng th\u1ee9c thanh to\u00e1n kh\u00f4ng d\u00f9ng th\u1ebb, d\u00e0nh cho nh\u1eefng kh\u00e1ch mu\u1ed1n \u0111\u1eb7t ph\u00f2ng tr\u01b0\u1edbc.<br \/>\nCh\u00fang t\u00f4i s\u1ebd g\u1eedi th\u00f4ng tin t\u00e0i kho\u1ea3n ng\u00e2n h\u00e0ng c\u1ee7a ch\u00fang t\u00f4i \u0111\u1ebfn \u0111\u1ecba ch\u1ec9 email c\u1ee7a b\u1ea1n.<br \/>\nVui l\u00f2ng chuy\u1ec3n \u0111\u00fang s\u1ed1 ti\u1ec1n v\u00e0o t\u00e0i kho\u1ea3n ng\u00e2n h\u00e0ng c\u1ee7a kh\u00e1ch s\u1ea1n. Trong ph\u1ea7n m\u00f4 t\u1ea3 chuy\u1ec3n kho\u1ea3n, vui l\u00f2ng ghi r\u00f5 h\u1ecd t\u00ean ng\u01b0\u1eddi g\u1eedi, s\u1ed1 \u0111i\u1ec7n tho\u1ea1i, s\u1ed1 x\u00e1c nh\u1eadn \u0111\u1eb7t ph\u00f2ng v\u00e0 th\u00f4ng b\u00e1o \u0111\u1ec3 ch\u00fang t\u00f4i ki\u1ec3m tra xem kho\u1ea3n thanh to\u00e1n c\u1ee7a b\u1ea1n \u0111\u00e3 \u0111\u1ebfn ch\u01b0a.<br \/>\nCh\u00fang t\u00f4i s\u1ebd li\u00ean h\u1ec7 v\u1edbi b\u1ea1n \u0111\u1ec3 x\u00e1c nh\u1eadn sau khi nh\u1eadn \u0111\u01b0\u1ee3c thanh to\u00e1n.<br \/>\nN\u1ebfu b\u1ea1n kh\u00f4ng thanh to\u00e1n \u0111\u1eb7t ph\u00f2ng tr\u01b0\u1edbc th\u1eddi h\u1ea1n, ch\u00fang t\u00f4i c\u00f3 quy\u1ec1n \u0111\u01a1n ph\u01b0\u01a1ng h\u1ee7y \u0111\u1eb7t ph\u00f2ng c\u1ee7a b\u1ea1n.<\/p>\n<p><strong>Ph\u01b0\u01a1ng th\u1ee9c thanh to\u00e1n tr\u1ef1c ti\u1ebfp:<\/strong><br \/>\n\u0110\u00e2y l\u00e0 h\u00ecnh th\u1ee9c thanh to\u00e1n linh ho\u1ea1t, d\u00e0nh cho kh\u00e1ch \u0111\u1eb7t ph\u00f2ng tr\u1ef1c ti\u1ebfp t\u1ea1i qu\u1ea7y l\u1ec5 t\u00e2n c\u1ee7a kh\u00e1ch s\u1ea1n. T\u00f9y thu\u1ed9c v\u00e0o th\u1ecfa thu\u1eadn, b\u1ea1n s\u1ebd thanh to\u00e1n tr\u1ef1c ti\u1ebfp t\u1ea1i qu\u1ea7y l\u1ec5 t\u00e2n tr\u01b0\u1edbc khi nh\u1eadn ph\u00f2ng ho\u1eb7c tr\u01b0\u1edbc khi tr\u1ea3 ph\u00f2ng.<\/p>\n<p><strong>Ch\u00ednh s\u00e1ch b\u1ea3o m\u1eadt thanh to\u00e1n:<\/strong><br \/>\nCh\u00fang t\u00f4i kh\u00f4ng l\u01b0u gi\u1eef b\u1ea5t k\u1ef3 th\u00f4ng tin n\u00e0o li\u00ean quan \u0111\u1ebfn th\u1ebb t\u00edn d\u1ee5ng ho\u1eb7c t\u00e0i kho\u1ea3n ng\u00e2n h\u00e0ng m\u00e0 b\u1ea1n s\u1eed d\u1ee5ng tr\u00ean trang web th\u00f4ng qua c\u1ed5ng thanh to\u00e1n c\u1ee7a b\u00ean th\u1ee9 ba. H\u1ec7 th\u1ed1ng thanh to\u00e1n th\u1ebb tr\u00ean n\u1ec1n web do \u0111\u1ed1i t\u00e1c c\u1ed5ng thanh to\u00e1n cung c\u1ea5p \u0111\u00e3 \u0111\u01b0\u1ee3c c\u1ea5p ph\u00e9p ho\u1ea1t \u0111\u1ed9ng h\u1ee3p ph\u00e1p t\u1ea1i Vi\u1ec7t Nam. Do \u0111\u00f3, c\u00e1c ti\u00eau chu\u1ea9n b\u1ea3o m\u1eadt thanh to\u00e1n th\u1ebb c\u1ee7a ch\u00fang t\u00f4i tu\u00e2n th\u1ee7 c\u00e1c ti\u00eau chu\u1ea9n b\u1ea3o m\u1eadt c\u1ee7a \u0111\u1ed1i t\u00e1c c\u1ed5ng thanh to\u00e1n.<\/p>\n","protected":false},"excerpt":{"rendered":"<p>H\u01b0\u1edbng D\u1eabn \u0110\u1eb7t Ch\u1ed7 Sau khi xem th\u00f4ng tin ph\u00f2ng \u0111\u01b0\u1ee3c cung c\u1ea5p tr\u00ean trang web, b\u1ea1n c\u00f3 th\u1ec3 ch\u1ecdn m\u1ed9t trong hai t\u00f9y ch\u1ecdn sau \u0111\u1ec3 \u0111\u1eb7t ph\u00f2ng C\u00e1ch 1: G\u1ecdi \u0111i\u1ec7n tr\u1ef1c ti\u1ebfp \u0111\u1ebfn s\u1ed1 \u0111i\u1ec7n tho\u1ea1i c\u1ee7a kh\u00e1ch s\u1ea1n \u0111\u1ec3 \u0111\u01b0\u1ee3c t\u01b0 v\u1ea5n nhanh h\u01a1n v\u00e0 nh\u1eadn th\u00f4ng tin ch\u00ednh x\u00e1c v\u1ec1 [&hellip;]<\/p>\n","protected":false},"author":90,"featured_media":0,"parent":0,"menu_order":0,"comment_status":"closed","ping_status":"closed","template":"template-privacy.php","meta":{"footnotes":""},"yoast_head":"<!-- This site is optimized with the Yoast SEO plugin v22.3 - https:\/\/yoast.com\/wordpress\/plugins\/seo\/ -->\n<title>Ph\u01b0\u01a1ng Th\u1ee9c Thanh To\u00e1n - Yarra Ocean Suites Danang<\/title>\n<meta name=\"robots\" content=\"index, follow, max-snippet:-1, max-image-preview:large, max-video-preview:-1\" \/>\n<link rel=\"canonical\" href=\"https:\/\/yarraoceansuitesdanang.com\/vi\/payment-methods\/\" \/>\n<meta property=\"og:locale\" content=\"vi_VN\" \/>\n<meta property=\"og:type\" content=\"article\" \/>\n<meta property=\"og:title\" content=\"Ph\u01b0\u01a1ng Th\u1ee9c Thanh To\u00e1n - Yarra Ocean Suites Danang\" \/>\n<meta property=\"og:description\" content=\"H\u01b0\u1edbng D\u1eabn \u0110\u1eb7t Ch\u1ed7 Sau khi xem th\u00f4ng tin ph\u00f2ng \u0111\u01b0\u1ee3c cung c\u1ea5p tr\u00ean trang web, b\u1ea1n c\u00f3 th\u1ec3 ch\u1ecdn m\u1ed9t trong hai t\u00f9y ch\u1ecdn sau \u0111\u1ec3 \u0111\u1eb7t ph\u00f2ng C\u00e1ch 1: G\u1ecdi \u0111i\u1ec7n tr\u1ef1c ti\u1ebfp \u0111\u1ebfn s\u1ed1 \u0111i\u1ec7n tho\u1ea1i c\u1ee7a kh\u00e1ch s\u1ea1n \u0111\u1ec3 \u0111\u01b0\u1ee3c t\u01b0 v\u1ea5n nhanh h\u01a1n v\u00e0 nh\u1eadn th\u00f4ng tin ch\u00ednh x\u00e1c v\u1ec1 [&hellip;]\" \/>\n<meta property=\"og:url\" content=\"https:\/\/yarraoceansuitesdanang.com\/vi\/payment-methods\/\" \/>\n<meta property=\"og:site_name\" content=\"Yarra Ocean Suites Danang\" \/>\n<meta property=\"article:modified_time\" content=\"2026-03-11T08:12:57+00:00\" \/>\n<meta name=\"twitter:card\" content=\"summary_large_image\" \/>\n<meta name=\"twitter:label1\" content=\"Est. reading time\" \/>\n\t<meta name=\"twitter:data1\" content=\"5 minutes\" \/>\n<script type=\"application\/ld+json\" class=\"yoast-schema-graph\">{\"@context\":\"https:\/\/schema.org\",\"@graph\":[{\"@type\":\"WebPage\",\"@id\":\"https:\/\/yarraoceansuitesdanang.com\/vi\/payment-methods\/\",\"url\":\"https:\/\/yarraoceansuitesdanang.com\/vi\/payment-methods\/\",\"name\":\"Ph\u01b0\u01a1ng Th\u1ee9c Thanh To\u00e1n - Yarra Ocean Suites Danang\",\"isPartOf\":{\"@id\":\"https:\/\/yarraoceansuitesdanang.com\/vi\/#website\"},\"datePublished\":\"2026-02-24T16:42:39+00:00\",\"dateModified\":\"2026-03-11T08:12:57+00:00\",\"breadcrumb\":{\"@id\":\"https:\/\/yarraoceansuitesdanang.com\/vi\/payment-methods\/#breadcrumb\"},\"inLanguage\":\"vi-VN\",\"potentialAction\":[{\"@type\":\"ReadAction\",\"target\":[\"https:\/\/yarraoceansuitesdanang.com\/vi\/payment-methods\/\"]}]},{\"@type\":\"BreadcrumbList\",\"@id\":\"https:\/\/yarraoceansuitesdanang.com\/vi\/payment-methods\/#breadcrumb\",\"itemListElement\":[{\"@type\":\"ListItem\",\"position\":1,\"name\":\"Home\",\"item\":\"https:\/\/yarraoceansuitesdanang.com\/vi\/\"},{\"@type\":\"ListItem\",\"position\":2,\"name\":\"Ph\u01b0\u01a1ng Th\u1ee9c Thanh To\u00e1n\"}]},{\"@type\":\"WebSite\",\"@id\":\"https:\/\/yarraoceansuitesdanang.com\/vi\/#website\",\"url\":\"https:\/\/yarraoceansuitesdanang.com\/vi\/\",\"name\":\"Yarra Ocean Suites Danang\",\"description\":\"\",\"potentialAction\":[{\"@type\":\"SearchAction\",\"target\":{\"@type\":\"EntryPoint\",\"urlTemplate\":\"https:\/\/yarraoceansuitesdanang.com\/vi\/?s={search_term_string}\"},\"query-input\":\"required name=search_term_string\"}],\"inLanguage\":\"vi-VN\"}]}<\/script>\n<!-- \/ Yoast SEO plugin. -->","yoast_head_json":{"title":"Ph\u01b0\u01a1ng Th\u1ee9c Thanh To\u00e1n - Yarra Ocean Suites Danang","robots":{"index":"index","follow":"follow","max-snippet":"max-snippet:-1","max-image-preview":"max-image-preview:large","max-video-preview":"max-video-preview:-1"},"canonical":"https:\/\/yarraoceansuitesdanang.com\/vi\/payment-methods\/","og_locale":"vi_VN","og_type":"article","og_title":"Ph\u01b0\u01a1ng Th\u1ee9c Thanh To\u00e1n - Yarra Ocean Suites Danang","og_description":"H\u01b0\u1edbng D\u1eabn \u0110\u1eb7t Ch\u1ed7 Sau khi xem th\u00f4ng tin ph\u00f2ng \u0111\u01b0\u1ee3c cung c\u1ea5p tr\u00ean trang web, b\u1ea1n c\u00f3 th\u1ec3 ch\u1ecdn m\u1ed9t trong hai t\u00f9y ch\u1ecdn sau \u0111\u1ec3 \u0111\u1eb7t ph\u00f2ng C\u00e1ch 1: G\u1ecdi \u0111i\u1ec7n tr\u1ef1c ti\u1ebfp \u0111\u1ebfn s\u1ed1 \u0111i\u1ec7n tho\u1ea1i c\u1ee7a kh\u00e1ch s\u1ea1n \u0111\u1ec3 \u0111\u01b0\u1ee3c t\u01b0 v\u1ea5n nhanh h\u01a1n v\u00e0 nh\u1eadn th\u00f4ng tin ch\u00ednh x\u00e1c v\u1ec1 [&hellip;]","og_url":"https:\/\/yarraoceansuitesdanang.com\/vi\/payment-methods\/","og_site_name":"Yarra Ocean Suites Danang","article_modified_time":"2026-03-11T08:12:57+00:00","twitter_card":"summary_large_image","twitter_misc":{"Est. reading time":"5 minutes"},"schema":{"@context":"https:\/\/schema.org","@graph":[{"@type":"WebPage","@id":"https:\/\/yarraoceansuitesdanang.com\/vi\/payment-methods\/","url":"https:\/\/yarraoceansuitesdanang.com\/vi\/payment-methods\/","name":"Ph\u01b0\u01a1ng Th\u1ee9c Thanh To\u00e1n - Yarra Ocean Suites Danang","isPartOf":{"@id":"https:\/\/yarraoceansuitesdanang.com\/vi\/#website"},"datePublished":"2026-02-24T16:42:39+00:00","dateModified":"2026-03-11T08:12:57+00:00","breadcrumb":{"@id":"https:\/\/yarraoceansuitesdanang.com\/vi\/payment-methods\/#breadcrumb"},"inLanguage":"vi-VN","potentialAction":[{"@type":"ReadAction","target":["https:\/\/yarraoceansuitesdanang.com\/vi\/payment-methods\/"]}]},{"@type":"BreadcrumbList","@id":"https:\/\/yarraoceansuitesdanang.com\/vi\/payment-methods\/#breadcrumb","itemListElement":[{"@type":"ListItem","position":1,"name":"Home","item":"https:\/\/yarraoceansuitesdanang.com\/vi\/"},{"@type":"ListItem","position":2,"name":"Ph\u01b0\u01a1ng Th\u1ee9c Thanh To\u00e1n"}]},{"@type":"WebSite","@id":"https:\/\/yarraoceansuitesdanang.com\/vi\/#website","url":"https:\/\/yarraoceansuitesdanang.com\/vi\/","name":"Yarra Ocean Suites Danang","description":"","potentialAction":[{"@type":"SearchAction","target":{"@type":"EntryPoint","urlTemplate":"https:\/\/yarraoceansuitesdanang.com\/vi\/?s={search_term_string}"},"query-input":"required name=search_term_string"}],"inLanguage":"vi-VN"}]}},"acf":[],"_links":{"self":[{"href":"https:\/\/yarraoceansuitesdanang.com\/vi\/wp-json\/wp\/v2\/pages\/212"}],"collection":[{"href":"https:\/\/yarraoceansuitesdanang.com\/vi\/wp-json\/wp\/v2\/pages"}],"about":[{"href":"https:\/\/yarraoceansuitesdanang.com\/vi\/wp-json\/wp\/v2\/types\/page"}],"author":[{"embeddable":true,"href":"https:\/\/yarraoceansuitesdanang.com\/vi\/wp-json\/wp\/v2\/users\/90"}],"replies":[{"embeddable":true,"href":"https:\/\/yarraoceansuitesdanang.com\/vi\/wp-json\/wp\/v2\/comments?post=212"}],"version-history":[{"count":0,"href":"https:\/\/yarraoceansuitesdanang.com\/vi\/wp-json\/wp\/v2\/pages\/212\/revisions"}],"wp:attachment":[{"href":"https:\/\/yarraoceansuitesdanang.com\/vi\/wp-json\/wp\/v2\/media?parent=212"}],"curies":[{"name":"wp","href":"https:\/\/api.w.org\/{rel}","templated":true}]}}