{"id":209,"date":"2026-02-25T00:40:57","date_gmt":"2026-02-24T16:40:57","guid":{"rendered":"https:\/\/yarraoceansuitesdanang.ms2.decms.asia\/general-terms\/"},"modified":"2026-02-25T10:36:00","modified_gmt":"2026-02-25T02:36:00","slug":"general-terms","status":"publish","type":"page","link":"https:\/\/yarraoceansuitesdanang.com\/vi\/general-terms\/","title":{"rendered":"\u0110i\u1ec1u Kho\u1ea3n Chung"},"content":{"rendered":"<p><strong>QUY TR\u00ccNH GI\u1ea2I QUY\u1ebeT KHI\u1ebeU N\u1ea0I<\/strong><\/p>\n<p>Khi ph\u00e1t sinh tranh ch\u1ea5p (sau khi Kh\u00e1ch h\u00e0ng \u0111\u00e3 \u0111\u1eb7t ph\u00f2ng), Kh\u00e1ch h\u00e0ng c\u00f3 th\u1ec3 khi\u1ebfu n\u1ea1i v\u1edbi Ch\u00fang t\u00f4i tr\u1ef1c ti\u1ebfp qua hotline.<br \/>\nKhi\u1ebfu n\u1ea1i c\u1ee7a Kh\u00e1ch h\u00e0ng \u0111\u01b0\u1ee3c ti\u1ebfp nh\u1eadn v\u00e0 s\u1ebd \u0111\u01b0\u1ee3c chuy\u1ec3n \u0111\u1ebfn b\u1ed9 ph\u1eadn ph\u1ee5 tr\u00e1ch trong th\u1eddi gian 24h v\u00e0 gi\u1ea3i quy\u1ebft trong th\u1eddi gian s\u1edbm nh\u1ea5t.<\/p>\n<p><strong>CH\u00cdNH S\u00c1CH \u0110\u1ed4I PH\u00d2NG, \u0110\u1ed4I NG\u00c0Y NH\u1eacN TR\u1ea2 PH\u00d2NG<\/strong><\/p>\n<p>Trong tr\u01b0\u1eddng h\u1ee3p Kh\u00e1ch h\u00e0ng mu\u1ed1n \u0111\u1ed5i ng\u00e0y tr\u1ea3 ph\u00f2ng, \u0111\u1ed5i ph\u00f2ng vui l\u00f2ng li\u00ean h\u1ec7 v\u1edbi b\u1ed9 ph\u1eadn \u0111\u1eb7t ph\u00f2ng c\u1ee7a Ch\u00fang t\u00f4i \u0111\u1ec3 \u0111\u01b0\u1ee3c h\u1ed7 tr\u1ee3.<\/p>\n<p><strong>CH\u00cdNH S\u00c1CH H\u1ee6Y PH\u00d2NG<\/strong><\/p>\n<p>T\u00f9y theo th\u1eddi \u0111i\u1ec3m v\u00e0 lo\u1ea1i gi\u00e1 kh\u00e1c nhau m\u00e0 ch\u00ednh s\u00e1ch h\u1ee7y ph\u00f2ng s\u1ebd kh\u00e1c nhau. D\u01b0\u1edbi \u0111\u00e2y l\u00e0 ch\u00ednh s\u00e1ch h\u1ee7y ph\u00f2ng c\u01a1 b\u1ea3n, \u00e1p d\u1ee5ng khi ch\u00ednh s\u00e1ch h\u1ee7y ph\u00f2ng kh\u00f4ng \u0111\u01b0\u1ee3c \u0111\u1ec1 c\u1eadp trong \u0111\u01a1n \u0111\u1eb7t ph\u00f2ng ho\u1eb7c tr\u00ean trang \u0111\u1eb7t ph\u00f2ng tr\u1ef1c tuy\u1ebfn.<br \/>\nTrong tr\u01b0\u1eddng h\u1ee3p Kh\u00e1ch h\u00e0ng hu\u1ef7 \u0111\u1eb7t ph\u00f2ng tr\u01b0\u1edbc 14 ng\u00e0y so v\u1edbi ng\u00e0y nh\u1eadn ph\u00f2ng \u0111\u00e3 \u0111\u1eb7t, to\u00e0n b\u1ed9 s\u1ed1 ti\u1ec1n \u0111\u00e3 thanh to\u00e1n cho booking s\u1ebd \u0111\u01b0\u1ee3c b\u1ed3i ho\u00e0n.<br \/>\nTrong tr\u01b0\u1eddng h\u1ee3p Kh\u00e1ch h\u00e0ng hu\u1ef7 \u0111\u1eb7t ph\u00f2ng trong v\u00f2ng 14 ng\u00e0y so v\u1edbi ng\u00e0y \u0111\u1eb7t ph\u00f2ng \u0111\u00e3 \u0111\u1eb7t, ch\u00fang t\u00f4i s\u1ebd t\u00ednh ph\u00ed ph\u1ea1t to\u00e0n b\u1ed9 ti\u1ec1n ph\u00f2ng<br \/>\nTrong tr\u01b0\u1eddng h\u1ee3p no-show (Kh\u00e1ch h\u00e0ng \u0111\u1eb7t ph\u00f2ng nh\u01b0ng l\u1ea1i kh\u00f4ng \u0111\u1ebfn), th\u00ec Ch\u00fang t\u00f4i s\u1ebd t\u00ednh ph\u00ed ph\u1ea1t to\u00e0n b\u1ed9 ti\u1ec1n ph\u00f2ng<\/p>\n<p><strong>CH\u00cdNH S\u00c1CH \u0110\u1ea2M B\u1ea2O HO\u00c0N TI\u1ec0N<\/strong><\/p>\n<p>Trong tr\u01b0\u1eddng h\u1ee3p Kh\u00e1ch h\u00e0ng \u0111\u00e3 thanh to\u00e1n ti\u1ec1n c\u1ecdc, thanh to\u00e1n \u0111\u1ea7y \u0111\u1ee7 ti\u1ec1n \u0111\u1eb7t ph\u00f2ng. Nh\u01b0ng do \u0111i\u1ec1u ki\u1ec7n kh\u00e1ch quan n\u00ean h\u1ee7y chuy\u1ebfn \u0111i c\u1ee7a m\u00ecnh, Ch\u00fang t\u00f4i s\u1ebd xem x\u00e9t ho\u00e0n l\u1ea1i s\u1ed1 ti\u1ec1n cho Kh\u00e1ch h\u00e0ng. Vi\u1ec7c ho\u00e0n ti\u1ec1n s\u1ebd d\u1ef1a v\u00e0o quy \u0111\u1ecbnh c\u1ee7a m\u1ed7i \u0111\u01a1n \u0111\u1eb7t ph\u00f2ng kh\u00e1c nhau. Vi\u1ec7c ho\u00e0n ti\u1ec1n n\u00e0y s\u1ebd \u0111\u01b0\u1ee3c nh\u00e2n vi\u00ean c\u1ee7a Ch\u00fang t\u00f4i th\u00f4ng b\u00e1o ch\u00ednh th\u1ee9c cho Kh\u00e1ch h\u00e0ng qua email.<\/p>\n<p>Th\u1eddi gian b\u1ed3i ho\u00e0n l\u00e0 trong v\u00f2ng 21-30 ng\u00e0y l\u00e0m vi\u1ec7c tu\u1ef3 v\u00e0o ng\u00e2n h\u00e0ng.<br \/>\nH\u00ecnh th\u1ee9c b\u1ed3i ho\u00e0n: b\u1ed3i ho\u00e0n t\u00e0i kho\u1ea3n ng\u00e2n h\u00e0ng \u0111\u00e3 \u0111\u01b0\u1ee3c cung c\u1ea5p ho\u1eb7c th\u1ebb \u0111\u00e3 thu ti\u1ec1n<br \/>\nChi ph\u00ed b\u1ed3i ho\u00e0n: mi\u1ec5n ph\u00ed.<\/p>\n<p><strong>*L\u01b0u \u00fd:<\/strong><br \/>\nCh\u00fang t\u00f4i c\u00f3 quy\u1ec1n thay \u0111\u1ed5i \u0111i\u1ec1u ki\u1ec7n, h\u1ee7y b\u1ecf ch\u00ednh s\u00e1ch b\u1ea5t c\u1ee9 l\u00fac n\u00e0o kh\u00f4ng c\u1ea7n th\u00f4ng b\u00e1o tr\u01b0\u1edbc.<br \/>\nCh\u00fang t\u00f4i kh\u00f4ng ch\u1ecbu tr\u00e1ch nhi\u1ec7m b\u1ed3i th\u01b0\u1eddng thi\u1ec7t h\u1ea1i, thay \u0111\u1ed5i ng\u00e0y, lo\u1ea1i ph\u00f2ng\u2026 gi\u00e1n ti\u1ebfp, ng\u1eabu nhi\u00ean hay do h\u1eadu qu\u1ea3 ph\u00e1t sinh ho\u1eb7c trong tr\u01b0\u1eddng h\u1ee3p b\u1ea5t kh\u1ea3 kh\u00e1ng (thi\u00ean tai, chi\u1ebfn tranh\u2026).<\/p>\n<p><strong>CH\u00cdNH S\u00c1CH KI\u1ec2M TRA M\u00c3 PH\u00d2NG<\/strong><\/p>\n<p>Khi Qu\u00fd kh\u00e1ch \u0111\u1eb7t ph\u00f2ng online, kh\u00e1ch s\u1ea1n ch\u00fang t\u00f4i s\u1ebd g\u1eedi th\u00f4ng tin \u0111\u1eb7t ph\u00f2ng cho kh\u00e1ch h\u00e0ng qua email, kh\u00e1ch h\u00e0ng c\u00f3 th\u1ec3 ki\u1ec3m tra th\u00f4ng tin v\u00e0 c\u00f3 th\u1eafc m\u1eafc g\u00ec c\u00f3 th\u1ec3 li\u00ean h\u1ec7 qua Hotline: +84 (0) 236 6269 888 s\u1ebd c\u00f3 b\u1ed9 ph\u1eadn ch\u0103m s\u00f3c kh\u00e1ch h\u00e0ng h\u1ed7 tr\u1ee3 cho Qu\u00fd kh\u00e1ch. Xin ch\u00e2n th\u00e0nh c\u1ea3m \u01a1n<\/p>\n","protected":false},"excerpt":{"rendered":"<p>QUY TR\u00ccNH GI\u1ea2I QUY\u1ebeT KHI\u1ebeU N\u1ea0I Khi ph\u00e1t sinh tranh ch\u1ea5p (sau khi Kh\u00e1ch h\u00e0ng \u0111\u00e3 \u0111\u1eb7t ph\u00f2ng), Kh\u00e1ch h\u00e0ng c\u00f3 th\u1ec3 khi\u1ebfu n\u1ea1i v\u1edbi Ch\u00fang t\u00f4i tr\u1ef1c ti\u1ebfp qua hotline. Khi\u1ebfu n\u1ea1i c\u1ee7a Kh\u00e1ch h\u00e0ng \u0111\u01b0\u1ee3c ti\u1ebfp nh\u1eadn v\u00e0 s\u1ebd \u0111\u01b0\u1ee3c chuy\u1ec3n \u0111\u1ebfn b\u1ed9 ph\u1eadn ph\u1ee5 tr\u00e1ch trong th\u1eddi gian 24h v\u00e0 gi\u1ea3i quy\u1ebft [&hellip;]<\/p>\n","protected":false},"author":90,"featured_media":0,"parent":0,"menu_order":0,"comment_status":"closed","ping_status":"closed","template":"template-privacy.php","meta":{"footnotes":""},"yoast_head":"<!-- This site is optimized with the Yoast SEO plugin v22.3 - https:\/\/yoast.com\/wordpress\/plugins\/seo\/ -->\n<title>\u0110i\u1ec1u Kho\u1ea3n Chung - Yarra Ocean Suites Danang<\/title>\n<meta name=\"robots\" content=\"index, follow, max-snippet:-1, max-image-preview:large, max-video-preview:-1\" \/>\n<link rel=\"canonical\" href=\"https:\/\/yarraoceansuitesdanang.com\/vi\/general-terms\/\" \/>\n<meta property=\"og:locale\" content=\"vi_VN\" \/>\n<meta property=\"og:type\" content=\"article\" \/>\n<meta property=\"og:title\" content=\"\u0110i\u1ec1u Kho\u1ea3n Chung - Yarra Ocean Suites Danang\" \/>\n<meta property=\"og:description\" content=\"QUY TR\u00ccNH GI\u1ea2I QUY\u1ebeT KHI\u1ebeU N\u1ea0I Khi ph\u00e1t sinh tranh ch\u1ea5p (sau khi Kh\u00e1ch h\u00e0ng \u0111\u00e3 \u0111\u1eb7t ph\u00f2ng), Kh\u00e1ch h\u00e0ng c\u00f3 th\u1ec3 khi\u1ebfu n\u1ea1i v\u1edbi Ch\u00fang t\u00f4i tr\u1ef1c ti\u1ebfp qua hotline. Khi\u1ebfu n\u1ea1i c\u1ee7a Kh\u00e1ch h\u00e0ng \u0111\u01b0\u1ee3c ti\u1ebfp nh\u1eadn v\u00e0 s\u1ebd \u0111\u01b0\u1ee3c chuy\u1ec3n \u0111\u1ebfn b\u1ed9 ph\u1eadn ph\u1ee5 tr\u00e1ch trong th\u1eddi gian 24h v\u00e0 gi\u1ea3i quy\u1ebft [&hellip;]\" \/>\n<meta property=\"og:url\" content=\"https:\/\/yarraoceansuitesdanang.com\/vi\/general-terms\/\" \/>\n<meta property=\"og:site_name\" content=\"Yarra Ocean Suites Danang\" \/>\n<meta property=\"article:modified_time\" content=\"2026-02-25T02:36:00+00:00\" \/>\n<meta name=\"twitter:card\" content=\"summary_large_image\" \/>\n<meta name=\"twitter:label1\" content=\"Est. reading time\" \/>\n\t<meta name=\"twitter:data1\" content=\"3 minutes\" \/>\n<script type=\"application\/ld+json\" class=\"yoast-schema-graph\">{\"@context\":\"https:\/\/schema.org\",\"@graph\":[{\"@type\":\"WebPage\",\"@id\":\"https:\/\/yarraoceansuitesdanang.com\/vi\/general-terms\/\",\"url\":\"https:\/\/yarraoceansuitesdanang.com\/vi\/general-terms\/\",\"name\":\"\u0110i\u1ec1u Kho\u1ea3n Chung - Yarra Ocean Suites Danang\",\"isPartOf\":{\"@id\":\"https:\/\/yarraoceansuitesdanang.com\/vi\/#website\"},\"datePublished\":\"2026-02-24T16:40:57+00:00\",\"dateModified\":\"2026-02-25T02:36:00+00:00\",\"breadcrumb\":{\"@id\":\"https:\/\/yarraoceansuitesdanang.com\/vi\/general-terms\/#breadcrumb\"},\"inLanguage\":\"vi-VN\",\"potentialAction\":[{\"@type\":\"ReadAction\",\"target\":[\"https:\/\/yarraoceansuitesdanang.com\/vi\/general-terms\/\"]}]},{\"@type\":\"BreadcrumbList\",\"@id\":\"https:\/\/yarraoceansuitesdanang.com\/vi\/general-terms\/#breadcrumb\",\"itemListElement\":[{\"@type\":\"ListItem\",\"position\":1,\"name\":\"Home\",\"item\":\"https:\/\/yarraoceansuitesdanang.com\/vi\/\"},{\"@type\":\"ListItem\",\"position\":2,\"name\":\"\u0110i\u1ec1u Kho\u1ea3n Chung\"}]},{\"@type\":\"WebSite\",\"@id\":\"https:\/\/yarraoceansuitesdanang.com\/vi\/#website\",\"url\":\"https:\/\/yarraoceansuitesdanang.com\/vi\/\",\"name\":\"Yarra Ocean Suites Danang\",\"description\":\"\",\"potentialAction\":[{\"@type\":\"SearchAction\",\"target\":{\"@type\":\"EntryPoint\",\"urlTemplate\":\"https:\/\/yarraoceansuitesdanang.com\/vi\/?s={search_term_string}\"},\"query-input\":\"required name=search_term_string\"}],\"inLanguage\":\"vi-VN\"}]}<\/script>\n<!-- \/ Yoast SEO plugin. -->","yoast_head_json":{"title":"\u0110i\u1ec1u Kho\u1ea3n Chung - Yarra Ocean Suites Danang","robots":{"index":"index","follow":"follow","max-snippet":"max-snippet:-1","max-image-preview":"max-image-preview:large","max-video-preview":"max-video-preview:-1"},"canonical":"https:\/\/yarraoceansuitesdanang.com\/vi\/general-terms\/","og_locale":"vi_VN","og_type":"article","og_title":"\u0110i\u1ec1u Kho\u1ea3n Chung - Yarra Ocean Suites Danang","og_description":"QUY TR\u00ccNH GI\u1ea2I QUY\u1ebeT KHI\u1ebeU N\u1ea0I Khi ph\u00e1t sinh tranh ch\u1ea5p (sau khi Kh\u00e1ch h\u00e0ng \u0111\u00e3 \u0111\u1eb7t ph\u00f2ng), Kh\u00e1ch h\u00e0ng c\u00f3 th\u1ec3 khi\u1ebfu n\u1ea1i v\u1edbi Ch\u00fang t\u00f4i tr\u1ef1c ti\u1ebfp qua hotline. Khi\u1ebfu n\u1ea1i c\u1ee7a Kh\u00e1ch h\u00e0ng \u0111\u01b0\u1ee3c ti\u1ebfp nh\u1eadn v\u00e0 s\u1ebd \u0111\u01b0\u1ee3c chuy\u1ec3n \u0111\u1ebfn b\u1ed9 ph\u1eadn ph\u1ee5 tr\u00e1ch trong th\u1eddi gian 24h v\u00e0 gi\u1ea3i quy\u1ebft [&hellip;]","og_url":"https:\/\/yarraoceansuitesdanang.com\/vi\/general-terms\/","og_site_name":"Yarra Ocean Suites Danang","article_modified_time":"2026-02-25T02:36:00+00:00","twitter_card":"summary_large_image","twitter_misc":{"Est. reading time":"3 minutes"},"schema":{"@context":"https:\/\/schema.org","@graph":[{"@type":"WebPage","@id":"https:\/\/yarraoceansuitesdanang.com\/vi\/general-terms\/","url":"https:\/\/yarraoceansuitesdanang.com\/vi\/general-terms\/","name":"\u0110i\u1ec1u Kho\u1ea3n Chung - Yarra Ocean Suites Danang","isPartOf":{"@id":"https:\/\/yarraoceansuitesdanang.com\/vi\/#website"},"datePublished":"2026-02-24T16:40:57+00:00","dateModified":"2026-02-25T02:36:00+00:00","breadcrumb":{"@id":"https:\/\/yarraoceansuitesdanang.com\/vi\/general-terms\/#breadcrumb"},"inLanguage":"vi-VN","potentialAction":[{"@type":"ReadAction","target":["https:\/\/yarraoceansuitesdanang.com\/vi\/general-terms\/"]}]},{"@type":"BreadcrumbList","@id":"https:\/\/yarraoceansuitesdanang.com\/vi\/general-terms\/#breadcrumb","itemListElement":[{"@type":"ListItem","position":1,"name":"Home","item":"https:\/\/yarraoceansuitesdanang.com\/vi\/"},{"@type":"ListItem","position":2,"name":"\u0110i\u1ec1u Kho\u1ea3n Chung"}]},{"@type":"WebSite","@id":"https:\/\/yarraoceansuitesdanang.com\/vi\/#website","url":"https:\/\/yarraoceansuitesdanang.com\/vi\/","name":"Yarra Ocean Suites Danang","description":"","potentialAction":[{"@type":"SearchAction","target":{"@type":"EntryPoint","urlTemplate":"https:\/\/yarraoceansuitesdanang.com\/vi\/?s={search_term_string}"},"query-input":"required name=search_term_string"}],"inLanguage":"vi-VN"}]}},"acf":[],"_links":{"self":[{"href":"https:\/\/yarraoceansuitesdanang.com\/vi\/wp-json\/wp\/v2\/pages\/209"}],"collection":[{"href":"https:\/\/yarraoceansuitesdanang.com\/vi\/wp-json\/wp\/v2\/pages"}],"about":[{"href":"https:\/\/yarraoceansuitesdanang.com\/vi\/wp-json\/wp\/v2\/types\/page"}],"author":[{"embeddable":true,"href":"https:\/\/yarraoceansuitesdanang.com\/vi\/wp-json\/wp\/v2\/users\/90"}],"replies":[{"embeddable":true,"href":"https:\/\/yarraoceansuitesdanang.com\/vi\/wp-json\/wp\/v2\/comments?post=209"}],"version-history":[{"count":0,"href":"https:\/\/yarraoceansuitesdanang.com\/vi\/wp-json\/wp\/v2\/pages\/209\/revisions"}],"wp:attachment":[{"href":"https:\/\/yarraoceansuitesdanang.com\/vi\/wp-json\/wp\/v2\/media?parent=209"}],"curies":[{"name":"wp","href":"https:\/\/api.w.org\/{rel}","templated":true}]}}