{"id":207,"date":"2026-02-25T00:56:54","date_gmt":"2026-02-24T16:56:54","guid":{"rendered":"https:\/\/yarraoceansuitesdanang.ms2.decms.asia\/gallery\/"},"modified":"2026-02-25T10:34:09","modified_gmt":"2026-02-25T02:34:09","slug":"gallery","status":"publish","type":"page","link":"https:\/\/yarraoceansuitesdanang.com\/vi\/gallery\/","title":{"rendered":"Th\u01b0 vi\u1ec7n"},"content":{"rendered":"","protected":false},"excerpt":{"rendered":"","protected":false},"author":90,"featured_media":0,"parent":0,"menu_order":0,"comment_status":"closed","ping_status":"closed","template":"template-gallery.php","meta":{"footnotes":""},"yoast_head":"<!-- This site is optimized with the Yoast SEO plugin v22.3 - https:\/\/yoast.com\/wordpress\/plugins\/seo\/ -->\n<title>Th\u01b0 vi\u1ec7n | Yarra Ocean Suites Danang<\/title>\n<meta name=\"description\" content=\"Th\u01b0 vi\u1ec7n Yarra Ocean Suites Danang gi\u00fap qu\u00fd kh\u00e1ch kh\u00e1m ph\u00e1 kh\u00f4ng gian ph\u00f2ng ngh\u1ec9 v\u00e0 c\u00e1c d\u1ecbch v\u1ee5, mang \u0111\u1ebfn h\u00ecnh \u1ea3nh ch\u00e2n th\u1ef1c tr\u01b0\u1edbc khi quy\u1ebft \u0111\u1ecbnh ch\u1ecdn kh\u00e1ch s\u1ea1n cho k\u1ef3 ngh\u1ec9.\" \/>\n<meta name=\"robots\" content=\"index, follow, max-snippet:-1, max-image-preview:large, max-video-preview:-1\" \/>\n<link rel=\"canonical\" href=\"https:\/\/yarraoceansuitesdanang.com\/vi\/gallery\/\" \/>\n<meta property=\"og:locale\" content=\"vi_VN\" \/>\n<meta property=\"og:type\" content=\"article\" \/>\n<meta property=\"og:title\" content=\"Th\u01b0 vi\u1ec7n | Yarra Ocean Suites Danang\" \/>\n<meta property=\"og:description\" content=\"Th\u01b0 vi\u1ec7n Yarra Ocean Suites Danang gi\u00fap qu\u00fd kh\u00e1ch kh\u00e1m ph\u00e1 kh\u00f4ng gian ph\u00f2ng ngh\u1ec9 v\u00e0 c\u00e1c d\u1ecbch v\u1ee5, mang \u0111\u1ebfn h\u00ecnh \u1ea3nh ch\u00e2n th\u1ef1c tr\u01b0\u1edbc khi quy\u1ebft \u0111\u1ecbnh ch\u1ecdn kh\u00e1ch s\u1ea1n cho k\u1ef3 ngh\u1ec9.\" \/>\n<meta property=\"og:url\" content=\"https:\/\/yarraoceansuitesdanang.com\/vi\/gallery\/\" \/>\n<meta property=\"og:site_name\" content=\"Yarra Ocean Suites Danang\" \/>\n<meta property=\"article:modified_time\" content=\"2026-02-25T02:34:09+00:00\" \/>\n<meta name=\"twitter:card\" content=\"summary_large_image\" \/>\n<script type=\"application\/ld+json\" class=\"yoast-schema-graph\">{\"@context\":\"https:\/\/schema.org\",\"@graph\":[{\"@type\":\"WebPage\",\"@id\":\"https:\/\/yarraoceansuitesdanang.com\/vi\/gallery\/\",\"url\":\"https:\/\/yarraoceansuitesdanang.com\/vi\/gallery\/\",\"name\":\"Th\u01b0 vi\u1ec7n | Yarra Ocean Suites Danang\",\"isPartOf\":{\"@id\":\"https:\/\/yarraoceansuitesdanang.com\/vi\/#website\"},\"datePublished\":\"2026-02-24T16:56:54+00:00\",\"dateModified\":\"2026-02-25T02:34:09+00:00\",\"description\":\"Th\u01b0 vi\u1ec7n Yarra Ocean Suites Danang gi\u00fap qu\u00fd kh\u00e1ch kh\u00e1m ph\u00e1 kh\u00f4ng gian ph\u00f2ng ngh\u1ec9 v\u00e0 c\u00e1c d\u1ecbch v\u1ee5, mang \u0111\u1ebfn h\u00ecnh \u1ea3nh ch\u00e2n th\u1ef1c tr\u01b0\u1edbc khi quy\u1ebft \u0111\u1ecbnh ch\u1ecdn kh\u00e1ch s\u1ea1n cho k\u1ef3 ngh\u1ec9.\",\"breadcrumb\":{\"@id\":\"https:\/\/yarraoceansuitesdanang.com\/vi\/gallery\/#breadcrumb\"},\"inLanguage\":\"vi-VN\",\"potentialAction\":[{\"@type\":\"ReadAction\",\"target\":[\"https:\/\/yarraoceansuitesdanang.com\/vi\/gallery\/\"]}]},{\"@type\":\"BreadcrumbList\",\"@id\":\"https:\/\/yarraoceansuitesdanang.com\/vi\/gallery\/#breadcrumb\",\"itemListElement\":[{\"@type\":\"ListItem\",\"position\":1,\"name\":\"Home\",\"item\":\"https:\/\/yarraoceansuitesdanang.com\/vi\/\"},{\"@type\":\"ListItem\",\"position\":2,\"name\":\"Th\u01b0 vi\u1ec7n\"}]},{\"@type\":\"WebSite\",\"@id\":\"https:\/\/yarraoceansuitesdanang.com\/vi\/#website\",\"url\":\"https:\/\/yarraoceansuitesdanang.com\/vi\/\",\"name\":\"Yarra Ocean Suites Danang\",\"description\":\"\",\"potentialAction\":[{\"@type\":\"SearchAction\",\"target\":{\"@type\":\"EntryPoint\",\"urlTemplate\":\"https:\/\/yarraoceansuitesdanang.com\/vi\/?s={search_term_string}\"},\"query-input\":\"required name=search_term_string\"}],\"inLanguage\":\"vi-VN\"}]}<\/script>\n<!-- \/ Yoast SEO plugin. -->","yoast_head_json":{"title":"Th\u01b0 vi\u1ec7n | Yarra Ocean Suites Danang","description":"Th\u01b0 vi\u1ec7n Yarra Ocean Suites Danang gi\u00fap qu\u00fd kh\u00e1ch kh\u00e1m ph\u00e1 kh\u00f4ng gian ph\u00f2ng ngh\u1ec9 v\u00e0 c\u00e1c d\u1ecbch v\u1ee5, mang \u0111\u1ebfn h\u00ecnh \u1ea3nh ch\u00e2n th\u1ef1c tr\u01b0\u1edbc khi quy\u1ebft \u0111\u1ecbnh ch\u1ecdn kh\u00e1ch s\u1ea1n cho k\u1ef3 ngh\u1ec9.","robots":{"index":"index","follow":"follow","max-snippet":"max-snippet:-1","max-image-preview":"max-image-preview:large","max-video-preview":"max-video-preview:-1"},"canonical":"https:\/\/yarraoceansuitesdanang.com\/vi\/gallery\/","og_locale":"vi_VN","og_type":"article","og_title":"Th\u01b0 vi\u1ec7n | Yarra Ocean Suites Danang","og_description":"Th\u01b0 vi\u1ec7n Yarra Ocean Suites Danang gi\u00fap qu\u00fd kh\u00e1ch kh\u00e1m ph\u00e1 kh\u00f4ng gian ph\u00f2ng ngh\u1ec9 v\u00e0 c\u00e1c d\u1ecbch v\u1ee5, mang \u0111\u1ebfn h\u00ecnh \u1ea3nh ch\u00e2n th\u1ef1c tr\u01b0\u1edbc khi quy\u1ebft \u0111\u1ecbnh ch\u1ecdn kh\u00e1ch s\u1ea1n cho k\u1ef3 ngh\u1ec9.","og_url":"https:\/\/yarraoceansuitesdanang.com\/vi\/gallery\/","og_site_name":"Yarra Ocean Suites Danang","article_modified_time":"2026-02-25T02:34:09+00:00","twitter_card":"summary_large_image","schema":{"@context":"https:\/\/schema.org","@graph":[{"@type":"WebPage","@id":"https:\/\/yarraoceansuitesdanang.com\/vi\/gallery\/","url":"https:\/\/yarraoceansuitesdanang.com\/vi\/gallery\/","name":"Th\u01b0 vi\u1ec7n | Yarra Ocean Suites Danang","isPartOf":{"@id":"https:\/\/yarraoceansuitesdanang.com\/vi\/#website"},"datePublished":"2026-02-24T16:56:54+00:00","dateModified":"2026-02-25T02:34:09+00:00","description":"Th\u01b0 vi\u1ec7n Yarra Ocean Suites Danang gi\u00fap qu\u00fd kh\u00e1ch kh\u00e1m ph\u00e1 kh\u00f4ng gian ph\u00f2ng ngh\u1ec9 v\u00e0 c\u00e1c d\u1ecbch v\u1ee5, mang \u0111\u1ebfn h\u00ecnh \u1ea3nh ch\u00e2n th\u1ef1c tr\u01b0\u1edbc khi quy\u1ebft \u0111\u1ecbnh ch\u1ecdn kh\u00e1ch s\u1ea1n cho k\u1ef3 ngh\u1ec9.","breadcrumb":{"@id":"https:\/\/yarraoceansuitesdanang.com\/vi\/gallery\/#breadcrumb"},"inLanguage":"vi-VN","potentialAction":[{"@type":"ReadAction","target":["https:\/\/yarraoceansuitesdanang.com\/vi\/gallery\/"]}]},{"@type":"BreadcrumbList","@id":"https:\/\/yarraoceansuitesdanang.com\/vi\/gallery\/#breadcrumb","itemListElement":[{"@type":"ListItem","position":1,"name":"Home","item":"https:\/\/yarraoceansuitesdanang.com\/vi\/"},{"@type":"ListItem","position":2,"name":"Th\u01b0 vi\u1ec7n"}]},{"@type":"WebSite","@id":"https:\/\/yarraoceansuitesdanang.com\/vi\/#website","url":"https:\/\/yarraoceansuitesdanang.com\/vi\/","name":"Yarra Ocean Suites Danang","description":"","potentialAction":[{"@type":"SearchAction","target":{"@type":"EntryPoint","urlTemplate":"https:\/\/yarraoceansuitesdanang.com\/vi\/?s={search_term_string}"},"query-input":"required name=search_term_string"}],"inLanguage":"vi-VN"}]}},"acf":[],"_links":{"self":[{"href":"https:\/\/yarraoceansuitesdanang.com\/vi\/wp-json\/wp\/v2\/pages\/207"}],"collection":[{"href":"https:\/\/yarraoceansuitesdanang.com\/vi\/wp-json\/wp\/v2\/pages"}],"about":[{"href":"https:\/\/yarraoceansuitesdanang.com\/vi\/wp-json\/wp\/v2\/types\/page"}],"author":[{"embeddable":true,"href":"https:\/\/yarraoceansuitesdanang.com\/vi\/wp-json\/wp\/v2\/users\/90"}],"replies":[{"embeddable":true,"href":"https:\/\/yarraoceansuitesdanang.com\/vi\/wp-json\/wp\/v2\/comments?post=207"}],"version-history":[{"count":0,"href":"https:\/\/yarraoceansuitesdanang.com\/vi\/wp-json\/wp\/v2\/pages\/207\/revisions"}],"wp:attachment":[{"href":"https:\/\/yarraoceansuitesdanang.com\/vi\/wp-json\/wp\/v2\/media?parent=207"}],"curies":[{"name":"wp","href":"https:\/\/api.w.org\/{rel}","templated":true}]}}