{"id":205,"date":"2026-02-25T00:28:32","date_gmt":"2026-02-24T16:28:32","guid":{"rendered":"https:\/\/yarraoceansuitesdanang.ms2.decms.asia\/destinations\/tran-thi-ly-bridge\/"},"modified":"2026-02-25T10:33:17","modified_gmt":"2026-02-25T02:33:17","slug":"tran-thi-ly-bridge","status":"publish","type":"page","link":"https:\/\/yarraoceansuitesdanang.com\/vi\/destinations\/tran-thi-ly-bridge\/","title":{"rendered":"C\u1ea7u Tr\u1ea7n Th\u1ecb L\u00fd"},"content":{"rendered":"<p>\u0110\u00e0 th\u00e0nh kh\u00f4ng nh\u1eefng \u0111\u01b0\u1ee3c bi\u1ebft \u0111\u1ebfn l\u00e0 m\u1ed9t th\u00e0nh ph\u1ed1 bi\u1ec3n xinh \u0111\u1eb9p m\u00e0 c\u00f2n n\u1ed5i ti\u1ebfng v\u1edbi c\u1ea7u Tr\u1ea7n Th\u1ecb L\u00fd \u0110\u00e0 N\u1eb5ng. C\u00e2y c\u1ea7u n\u00e0y c\u00f3 thi\u1ebft k\u1ebf t\u1ef1a c\u00e1nh bu\u1ed3m c\u0103ng m\u00ecnh \u0111\u00f3n gi\u00f3, tr\u1edf th\u00e0nh \u0111i\u1ec3m d\u1eebng ch\u00e2n l\u00fd t\u01b0\u1edfng \u0111\u1ec3 ng\u1eafm c\u1ea3nh s\u00f4ng H\u00e0n.<br \/>\nDu l\u1ecbch \u0110\u00e0 N\u1eb5ng l\u00e0 c\u01a1 h\u1ed9i \u0111\u1ec3 du kh\u00e1ch t\u00ecm hi\u1ec3u v\u1ec1 nh\u1eefng c\u00e2y c\u1ea7u \u2013 m\u1ed9t trong nh\u1eefng \u201c\u0111\u1eb7c s\u1ea3n\u201d c\u1ee7a \u0111\u1ecba danh n\u00e0y. Trong \u0111\u00f3, c\u1ea7u Tr\u1ea7n Th\u1ecb L\u00fd \u0110\u00e0 N\u1eb5ng \u0111\u01b0\u1ee3c xem nh\u01b0 m\u1ed9t trong \u201ct\u1ee9 \u0111\u1ea1i m\u1ef9 c\u1ea7u\u201d c\u1ee7a th\u00e0nh ph\u1ed1 v\u1edbi b\u1ec1 d\u00e0y l\u1ecbch s\u1eed c\u00f9ng s\u1ef1 l\u1ed9t x\u00e1c ngo\u1ea1n m\u1ee5c.<br \/>\nC\u1ea7u Tr\u1ea7n Th\u1ecb L\u00fd \u0110\u00e0 N\u1eb5ng c\u00f3 t\u1ed5ng chi\u1ec1u d\u00e0i 731m, n\u1eb1m b\u1eafc qua s\u00f4ng H\u00e0n v\u1ec1 ph\u00eda th\u01b0\u1ee3ng l\u01b0u. C\u00e1ch c\u1ea7u Tr\u1ea7n Th\u1ecb L\u00fd kh\u00f4ng xa kho\u1ea3ng 2km l\u00e0 c\u1ea7u R\u1ed3ng \u0110\u00e0 N\u1eb5ng v\u00e0 c\u1ea7u T\u00ecnh Y\u00eau \u0110\u00e0 N\u1eb5ng. \u0110\u00e2y c\u0169ng l\u00e0 hai c\u00e2y c\u1ea7u c\u00f3 ki\u1ebfn tr\u00fac \u0111\u1ed9c \u0111\u00e1o, thu h\u00fat nhi\u1ec1u du kh\u00e1ch \u0111\u1ebfn tham quan v\u00e0 check-in.<\/p>\n<p><strong>L\u1ecbch s\u1eed c\u1ea7u Tr\u1ea7n Th\u1ecb L\u00fd \u0110\u00e0 N\u1eb5ng<\/strong><br \/>\nC\u1ea7u Tr\u1ea7n Th\u1ecb L\u00fd \u1edf \u0110\u00e0 N\u1eb5ng v\u1ed1n l\u00e0 c\u1ea7u \u0111\u01b0\u1eddng s\u1eaft \u0111\u01b0\u1ee3c ng\u01b0\u1eddi Ph\u00e1p x\u00e2y d\u1ef1ng v\u00e0o n\u0103m 1950 v\u1edbi t\u00ean ban \u0111\u1ea7u l\u00e0 De Lattre de Tassigny. \u0110\u1ebfn n\u0103m 1955, t\u1ea5t c\u1ea3 c\u00e1c \u0111\u01b0\u1eddng ph\u1ed1 mang t\u00ean Ph\u00e1p \u1edf \u0110\u00e0 N\u1eb5ng \u0111\u1ec1u \u0111\u01b0\u1ee3c \u0111\u1ed5i th\u00e0nh t\u00ean thu\u1ea7n Vi\u1ec7t. V\u00ec v\u1eady, c\u00e2y c\u1ea7u duy nh\u1ea5t b\u1eafc qua s\u00f4ng H\u00e0n \u0110\u00e0 N\u1eb5ng n\u00e0y c\u0169ng \u0111\u01b0\u1ee3c \u0111\u1ed5i t\u00ean th\u00e0nh c\u1ea7u Tr\u1ecbnh Minh Th\u1ebf.<br \/>\nV\u00e0o th\u00e1ng 4\/2019, \u0110\u00e0 N\u1eb5ng \u0111\u00e3 kh\u1edfi c\u00f4ng x\u00e2y d\u1ef1ng l\u1ea1i c\u1ea7u t\u1ea1i v\u1ecb tr\u00ed song song v\u1edbi c\u1ea7u Nguy\u1ec5n V\u0103n Tr\u1ed7i huy\u1ec1n tho\u1ea1i v\u00e0 \u0111\u1eb7t theo t\u00ean nh\u00e0 ho\u1ea1t \u0111\u1ed9ng c\u00e1ch m\u1ea1ng ki\u00ean c\u01b0\u1eddng Tr\u1ea7n Th\u1ecb L\u00fd. C\u1ea7u \u0111\u01b0\u1ee3c kh\u00e1nh th\u00e0nh v\u00e0o ng\u00e0y 29\/3\/2013 v\u1edbi nhi\u1ec7m v\u1ee5 th\u00f4ng th\u01b0\u01a1ng, n\u1ed1i li\u1ec1n hai b\u1edd s\u00f4ng H\u00e0n.<\/p>\n<p><strong>C\u00e2y c\u1ea7u Tr\u1ea7n Th\u1ecb L\u00fd \u0110\u00e0 N\u1eb5ng c\u00f3 g\u00ec \u0111\u1eb7c bi\u1ec7t?<\/strong><br \/>\n<strong>Ki\u1ebfn tr\u00fac s\u00e1ng t\u1ea1o \u0111\u1eadm n\u00e9t ch\u00e2u \u00c2u<\/strong><br \/>\nC\u00e2y c\u1ea7u Tr\u1ea7n Th\u1ecb L\u00fd \u0110\u00e0 N\u1eb5ng c\u00f3 thi\u1ebft k\u1ebf mang \u00e2m h\u01b0\u1edfng c\u1ee7a phong c\u00e1ch ch\u00e2u \u00c2u, t\u1ea1o n\u00ean m\u1ed9t n\u00e9t ch\u1ea5m ph\u00e1 ngay gi\u1eefa l\u00f2ng \u0110\u00e0 N\u1eb5ng nh\u1ed9n nh\u1ecbp. Ch\u00ednh v\u00ec v\u1eady, trong danh s\u00e1ch c\u00e1c \u0111\u1ecba \u0111i\u1ec3m du l\u1ecbch \u0110\u00e0 N\u1eb5ng n\u00ean gh\u00e9 th\u0103m kh\u00f4ng th\u1ec3 thi\u1ebfu \u0111\u1ecba danh n\u00e0y.<br \/>\nC\u1ea7u Tr\u1ea7n Th\u1ecb L\u00fd \u0111\u01b0\u1ee3c \u0111\u00e1nh gi\u00e1 l\u00e0 c\u00e2y c\u1ea7u d\u00e2y v\u0103ng \u0111\u1ed9c \u0111\u00e1o nh\u1ea5t Vi\u1ec7t Nam v\u1edbi h\u1ec7 th\u1ed1ng d\u00e2y v\u0103ng 3 chi\u1ec1u \u0111i c\u00f9ng nh\u1eefng tr\u1ee5 nghi\u00eang t\u1ea1o n\u00ean d\u00e1ng c\u1ea7u l\u1ea1 m\u1eaft. K\u1ebft h\u1ee3p v\u1edbi \u0111\u00f3 l\u00e0 tr\u1ee5 th\u00e1p cao 145m, nghi\u00eang 12 \u0111\u1ed9 v\u1ec1 ph\u00eda T\u00e2y. K\u1ebft c\u1ea5u n\u00e0y gi\u00fap c\u00e2y c\u1ea7u tr\u00f4ng nh\u01b0 m\u1ed9t c\u00e1nh bu\u1ed3m c\u0103ng gi\u00f3 \u0111ang v\u01b0\u01a1n ra bi\u1ec3n l\u1edbn mang theo kh\u00e1t v\u1ecdng ph\u00e1t tri\u1ec3n c\u1ee7a ng\u01b0\u1eddi \u0110\u00e0 N\u1eb5ng.<br \/>\nV\u1edbi b\u1ec1 m\u1eb7t c\u1ea7u r\u1ed9ng 35.5m chia th\u00e0nh 6 l\u00e0n xe v\u00e0 2 l\u00e0n \u0111i b\u1ed9 c\u00f9ng s\u1ee9c ch\u1ecbu t\u1ea3i l\u00ean \u0111\u1ebfn 25,000 t\u1ea5n, c\u1ea7u ho\u00e0n to\u00e0n c\u00f3 th\u1ec3 ph\u1ee5c v\u1ee5 \u0111\u01b0\u1ee3c nhu c\u1ea7u \u0111i l\u1ea1i c\u1ee7a nhi\u1ec1u lo\u1ea1i ph\u01b0\u01a1ng ti\u1ec7n.<\/p>\n<p><strong>\u0110i\u1ec3m check-in h\u1ea5p d\u1eabn c\u1ee7a du kh\u00e1ch<\/strong><br \/>\nT\u1eeb tr\u00ean c\u1ea7u v\u01b0\u1ee3t Tr\u1ea7n Th\u1ecb L\u00fd \u0110\u00e0 N\u1eb5ng, du kh\u00e1ch c\u00f3 th\u1ec3 th\u01b0\u1edfng l\u00e3m tr\u1ecdn v\u1eb9n v\u1ebb \u0111\u1eb9p th\u01a1 m\u1ed9ng c\u1ee7a d\u00f2ng s\u00f4ng H\u00e0n v\u1edbi \u0111\u00f4i b\u1edd nh\u1ed9n nh\u1ecbp. \u0110\u00e2y c\u0169ng l\u00e0 \u0111\u1ecba \u0111i\u1ec3m l\u00fd t\u01b0\u1edfng \u0111\u1ec3 b\u1ea1n c\u00f3 th\u1ec3 chi\u00eam ng\u01b0\u1ee1ng c\u00e1c c\u00f4ng tr\u00ecnh ki\u1ebfn tr\u00fac \u0111\u1eb7c s\u1eafc kh\u00e1c c\u1ee7a th\u00e0nh ph\u1ed1 nh\u01b0: c\u1ea7u S\u00f4ng H\u00e0n, c\u1ea7u R\u1ed3ng, c\u1ea7u T\u00ecnh Y\u00eau.<br \/>\nV\u1edbi v\u1ebb \u0111\u1eb9p m\u1ec1m m\u1ea1i, thanh tho\u00e1t \u0111\u1ea7y n\u1eef t\u00ednh nh\u01b0ng c\u0169ng kh\u00f4ng k\u00e9m ph\u1ea7n \u0111\u1ed9c \u0111\u00e1o, c\u1ea7u Tr\u1ea7n Th\u1ecb L\u00fd \u0110\u00e0 N\u1eb5ng \u0111\u00e3 tr\u1edf th\u00e0nh m\u1ed9t \u0111i\u1ec3m tham quan, check-in h\u1ea5p d\u1eabn c\u1ee7a nhi\u1ec1u du kh\u00e1ch. B\u1ea1n s\u1ebd tha h\u1ed3 th\u1ea3 d\u00e1ng tr\u01b0\u1edbc khung c\u1ea3nh l\u1ed9ng gi\u00f3, v\u1eeba th\u01a1 m\u1ed9ng, tr\u1eef t\u00ecnh nh\u01b0ng c\u0169ng \u0111\u1eadm ch\u1ea5t hi\u1ec7n \u0111\u1ea1i, c\u00e1 t\u00ednh.<\/p>\n<p><strong>Ng\u1eafm nh\u00ecn \u00e1nh \u0111\u00e8n b\u1ea5t bi\u1ebfn t\u1eeb c\u1ea7u Tr\u1ea7n Th\u1ecb L\u00fd v\u1ec1 \u0111\u00eam<\/strong><br \/>\nC\u1ea7u Tr\u1ea7n Th\u1ecb L\u00fd \u0110\u00e0 N\u1eb5ng \u0111\u1eb7c bi\u1ec7t thu h\u00fat ng\u01b0\u1eddi d\u00e2n \u0111\u1ecba ph\u01b0\u01a1ng c\u0169ng nh\u01b0 du kh\u00e1ch \u0111\u1ebfn tham quan v\u00e0o ban \u0111\u00eam b\u1edfi kh\u00f4ng kh\u00ed m\u00e1t m\u1ebb v\u00e0 v\u1ebb \u0111\u1eb9p r\u1ef1c r\u1ee1. Khi th\u00e0nh ph\u1ed1 l\u00ean \u0111\u00e8n c\u0169ng l\u00e0 l\u00fac c\u1ea7u thay l\u1edbp \u00e1o m\u1edbi, tr\u1edf n\u00ean \u1ea5n t\u01b0\u1ee3ng h\u01a1n nh\u1edd h\u1ec7 th\u1ed1ng chi\u1ebfu s\u00e1ng hi\u1ec7n \u0111\u1ea1i li\u00ean t\u1ee5c \u0111\u1ed5i m\u00e0u. \u00c1nh s\u00e1ng r\u1ef1c r\u1ee1 t\u1ecfa ra t\u1eeb c\u00e2y c\u1ea7u, in b\u00f3ng xu\u1ed1ng d\u00f2ng s\u00f4ng H\u00e0n m\u00eanh m\u00f4ng \u0111\u00e3 khi\u1ebfn bao du kh\u00e1ch kh\u00f4ng kh\u1ecfi tr\u1ea7m tr\u1ed3.<\/p>\n<p><strong>Ph\u00f3ng t\u1ea7m m\u1eaft chi\u00eam ng\u01b0\u1ee1ng s\u00f4ng H\u00e0n r\u1ed9ng l\u1edbn<\/strong><br \/>\nBu\u1ed5i t\u1ed1i l\u00e0 th\u1eddi \u0111i\u1ec3m hai b\u00ean b\u1edd s\u00f4ng H\u00e0n r\u1ef1c s\u00e1ng nh\u1edd \u00e1nh \u0111\u00e8n \u0111\u01b0\u1eddng, \u00e1nh s\u00e1ng l\u1ed9ng l\u1eaby h\u1eaft ra t\u1eeb c\u00e1c t\u00f2a nh\u00e0 cao t\u1ea7ng, c\u00e1c qu\u00e1n \u0103n, bi\u1ec3n hi\u1ec7u. C\u1ea7u Tr\u1ea7n Th\u1ecb L\u00fd \u0110\u00e0 N\u1eb5ng l\u00e0 m\u1ed9t \u0111\u1ecba \u0111i\u1ec3m tuy\u1ec7t v\u1eddi \u0111\u1ec3 b\u1ea1n c\u00f3 th\u1ec3 h\u00f2a m\u00ecnh v\u00e0o b\u1eefa ti\u1ec7c \u00e1nh s\u00e1ng lung linh nhi\u1ec1u s\u1eafc m\u00e0u n\u00e0y.<br \/>\nB\u1ea1n s\u1ebd kh\u00f4ng kh\u1ecfi h\u1ee9ng kh\u1edfi tr\u01b0\u1edbc khung c\u1ea3nh s\u00f4i \u0111\u1ed9ng, hi\u1ec7n \u0111\u1ea1i v\u1ec1 \u0111\u00eam \u1edf hai b\u00ean s\u00f4ng H\u00e0n v\u1edbi nh\u1eefng h\u00e0ng qu\u00e1n, ng\u01b0\u1eddi \u0111i t\u1eadp th\u1ec3 d\u1ee5c, khi\u00eau v\u0169 c\u00f9ng c\u00e1c ho\u1ea1t \u0111\u1ed9ng \u00e2m nh\u1ea1c \u0111\u01b0\u1eddng ph\u1ed1 n\u00e1o nhi\u1ec7t.<\/p>\n","protected":false},"excerpt":{"rendered":"<p>\u0110\u00e0 th\u00e0nh kh\u00f4ng nh\u1eefng \u0111\u01b0\u1ee3c bi\u1ebft \u0111\u1ebfn l\u00e0 m\u1ed9t th\u00e0nh ph\u1ed1 bi\u1ec3n xinh \u0111\u1eb9p m\u00e0 c\u00f2n n\u1ed5i ti\u1ebfng v\u1edbi c\u1ea7u Tr\u1ea7n Th\u1ecb L\u00fd \u0110\u00e0 N\u1eb5ng. C\u00e2y c\u1ea7u n\u00e0y c\u00f3 thi\u1ebft k\u1ebf t\u1ef1a c\u00e1nh bu\u1ed3m c\u0103ng m\u00ecnh \u0111\u00f3n gi\u00f3, tr\u1edf th\u00e0nh \u0111i\u1ec3m d\u1eebng ch\u00e2n l\u00fd t\u01b0\u1edfng \u0111\u1ec3 ng\u1eafm c\u1ea3nh s\u00f4ng H\u00e0n. Du l\u1ecbch \u0110\u00e0 N\u1eb5ng l\u00e0 [&hellip;]<\/p>\n","protected":false},"author":90,"featured_media":0,"parent":204,"menu_order":0,"comment_status":"closed","ping_status":"closed","template":"","meta":{"footnotes":""},"yoast_head":"<!-- This site is optimized with the Yoast SEO plugin v22.3 - https:\/\/yoast.com\/wordpress\/plugins\/seo\/ -->\n<title>C\u1ea7u Tr\u1ea7n Th\u1ecb L\u00fd | Yarra Ocean Suites Danang<\/title>\n<meta name=\"description\" content=\"\u0110\u00e0 th\u00e0nh kh\u00f4ng nh\u1eefng \u0111\u01b0\u1ee3c bi\u1ebft \u0111\u1ebfn l\u00e0 m\u1ed9t th\u00e0nh ph\u1ed1 bi\u1ec3n xinh \u0111\u1eb9p m\u00e0 c\u00f2n n\u1ed5i ti\u1ebfng v\u1edbi c\u1ea7u Tr\u1ea7n Th\u1ecb L\u00fd \u0110\u00e0 N\u1eb5ng. C\u00e2y c\u1ea7u n\u00e0y c\u00f3 thi\u1ebft k\u1ebf t\u1ef1a c\u00e1nh bu\u1ed3m c\u0103ng m\u00ecnh \u0111\u00f3n gi\u00f3, tr\u1edf th\u00e0nh \u0111i\u1ec3m d\u1eebng ch\u00e2n l\u00fd t\u01b0\u1edfng \u0111\u1ec3 ng\u1eafm c\u1ea3nh s\u00f4ng H\u00e0n.Du l\u1ecbch \u0110\u00e0 N\u1eb5ng l\u00e0 c\u01a1 h\u1ed9i \u0111\u1ec3 du kh\u00e1ch t\u00ecm hi\u1ec3u v\u1ec1 nh\u1eefng c\u00e2y c\u1ea7u \u2013 m\u1ed9t trong nh\u1eefng \u201c\u0111\u1eb7c s\u1ea3n\u201d c\u1ee7a \u0111\u1ecba danh n\u00e0y. Trong \u0111\u00f3, c\u1ea7u Tr\u1ea7n Th\u1ecb L\u00fd \u0110\u00e0 N\u1eb5ng \u0111\u01b0\u1ee3c xem nh\u01b0 m\u1ed9t trong \u201ct\u1ee9 \u0111\u1ea1i m\u1ef9 c\u1ea7u\u201d c\u1ee7a th\u00e0nh ph\u1ed1 v\u1edbi b\u1ec1 d\u00e0y l\u1ecbch s\u1eed c\u00f9ng s\u1ef1 l\u1ed9t x\u00e1c ngo\u1ea1n m\u1ee5c.C\u1ea7u Tr\u1ea7n Th\u1ecb L\u00fd \u0110\u00e0 N\u1eb5ng c\u00f3 t\u1ed5ng chi\u1ec1u d\u00e0i 731m, n\u1eb1m b\u1eafc qua s\u00f4ng H\u00e0n v\u1ec1 ph\u00eda th\u01b0\u1ee3ng l\u01b0u. C\u00e1ch c\u1ea7u Tr\u1ea7n Th\u1ecb L\u00fd kh\u00f4ng xa kho\u1ea3ng 2km l\u00e0 c\u1ea7u R\u1ed3ng \u0110\u00e0 N\u1eb5ng v\u00e0 c\u1ea7u T\u00ecnh Y\u00eau \u0110\u00e0 N\u1eb5ng. \u0110\u00e2y c\u0169ng l\u00e0 hai c\u00e2y c\u1ea7u c\u00f3 ki\u1ebfn tr\u00fac \u0111\u1ed9c \u0111\u00e1o, thu h\u00fat nhi\u1ec1u du kh\u00e1ch \u0111\u1ebfn tham quan v\u00e0 check-in.\" \/>\n<meta name=\"robots\" content=\"index, follow, max-snippet:-1, max-image-preview:large, max-video-preview:-1\" \/>\n<link rel=\"canonical\" href=\"https:\/\/yarraoceansuitesdanang.com\/vi\/destinations\/tran-thi-ly-bridge\/\" \/>\n<meta property=\"og:locale\" content=\"vi_VN\" \/>\n<meta property=\"og:type\" content=\"article\" \/>\n<meta property=\"og:title\" content=\"C\u1ea7u Tr\u1ea7n Th\u1ecb L\u00fd | Yarra Ocean Suites Danang\" \/>\n<meta property=\"og:description\" content=\"\u0110\u00e0 th\u00e0nh kh\u00f4ng nh\u1eefng \u0111\u01b0\u1ee3c bi\u1ebft \u0111\u1ebfn l\u00e0 m\u1ed9t th\u00e0nh ph\u1ed1 bi\u1ec3n xinh \u0111\u1eb9p m\u00e0 c\u00f2n n\u1ed5i ti\u1ebfng v\u1edbi c\u1ea7u Tr\u1ea7n Th\u1ecb L\u00fd \u0110\u00e0 N\u1eb5ng. C\u00e2y c\u1ea7u n\u00e0y c\u00f3 thi\u1ebft k\u1ebf t\u1ef1a c\u00e1nh bu\u1ed3m c\u0103ng m\u00ecnh \u0111\u00f3n gi\u00f3, tr\u1edf th\u00e0nh \u0111i\u1ec3m d\u1eebng ch\u00e2n l\u00fd t\u01b0\u1edfng \u0111\u1ec3 ng\u1eafm c\u1ea3nh s\u00f4ng H\u00e0n.Du l\u1ecbch \u0110\u00e0 N\u1eb5ng l\u00e0 c\u01a1 h\u1ed9i \u0111\u1ec3 du kh\u00e1ch t\u00ecm hi\u1ec3u v\u1ec1 nh\u1eefng c\u00e2y c\u1ea7u \u2013 m\u1ed9t trong nh\u1eefng \u201c\u0111\u1eb7c s\u1ea3n\u201d c\u1ee7a \u0111\u1ecba danh n\u00e0y. Trong \u0111\u00f3, c\u1ea7u Tr\u1ea7n Th\u1ecb L\u00fd \u0110\u00e0 N\u1eb5ng \u0111\u01b0\u1ee3c xem nh\u01b0 m\u1ed9t trong \u201ct\u1ee9 \u0111\u1ea1i m\u1ef9 c\u1ea7u\u201d c\u1ee7a th\u00e0nh ph\u1ed1 v\u1edbi b\u1ec1 d\u00e0y l\u1ecbch s\u1eed c\u00f9ng s\u1ef1 l\u1ed9t x\u00e1c ngo\u1ea1n m\u1ee5c.C\u1ea7u Tr\u1ea7n Th\u1ecb L\u00fd \u0110\u00e0 N\u1eb5ng c\u00f3 t\u1ed5ng chi\u1ec1u d\u00e0i 731m, n\u1eb1m b\u1eafc qua s\u00f4ng H\u00e0n v\u1ec1 ph\u00eda th\u01b0\u1ee3ng l\u01b0u. C\u00e1ch c\u1ea7u Tr\u1ea7n Th\u1ecb L\u00fd kh\u00f4ng xa kho\u1ea3ng 2km l\u00e0 c\u1ea7u R\u1ed3ng \u0110\u00e0 N\u1eb5ng v\u00e0 c\u1ea7u T\u00ecnh Y\u00eau \u0110\u00e0 N\u1eb5ng. \u0110\u00e2y c\u0169ng l\u00e0 hai c\u00e2y c\u1ea7u c\u00f3 ki\u1ebfn tr\u00fac \u0111\u1ed9c \u0111\u00e1o, thu h\u00fat nhi\u1ec1u du kh\u00e1ch \u0111\u1ebfn tham quan v\u00e0 check-in.\" \/>\n<meta property=\"og:url\" content=\"https:\/\/yarraoceansuitesdanang.com\/vi\/destinations\/tran-thi-ly-bridge\/\" \/>\n<meta property=\"og:site_name\" content=\"Yarra Ocean Suites Danang\" \/>\n<meta property=\"article:modified_time\" content=\"2026-02-25T02:33:17+00:00\" \/>\n<meta name=\"twitter:card\" content=\"summary_large_image\" \/>\n<meta name=\"twitter:label1\" content=\"Est. reading time\" \/>\n\t<meta name=\"twitter:data1\" content=\"4 minutes\" \/>\n<script type=\"application\/ld+json\" class=\"yoast-schema-graph\">{\"@context\":\"https:\/\/schema.org\",\"@graph\":[{\"@type\":\"WebPage\",\"@id\":\"https:\/\/yarraoceansuitesdanang.com\/vi\/destinations\/tran-thi-ly-bridge\/\",\"url\":\"https:\/\/yarraoceansuitesdanang.com\/vi\/destinations\/tran-thi-ly-bridge\/\",\"name\":\"C\u1ea7u Tr\u1ea7n Th\u1ecb L\u00fd | Yarra Ocean Suites Danang\",\"isPartOf\":{\"@id\":\"https:\/\/yarraoceansuitesdanang.com\/vi\/#website\"},\"datePublished\":\"2026-02-24T16:28:32+00:00\",\"dateModified\":\"2026-02-25T02:33:17+00:00\",\"description\":\"\u0110\u00e0 th\u00e0nh kh\u00f4ng nh\u1eefng \u0111\u01b0\u1ee3c bi\u1ebft \u0111\u1ebfn l\u00e0 m\u1ed9t th\u00e0nh ph\u1ed1 bi\u1ec3n xinh \u0111\u1eb9p m\u00e0 c\u00f2n n\u1ed5i ti\u1ebfng v\u1edbi c\u1ea7u Tr\u1ea7n Th\u1ecb L\u00fd \u0110\u00e0 N\u1eb5ng. C\u00e2y c\u1ea7u n\u00e0y c\u00f3 thi\u1ebft k\u1ebf t\u1ef1a c\u00e1nh bu\u1ed3m c\u0103ng m\u00ecnh \u0111\u00f3n gi\u00f3, tr\u1edf th\u00e0nh \u0111i\u1ec3m d\u1eebng ch\u00e2n l\u00fd t\u01b0\u1edfng \u0111\u1ec3 ng\u1eafm c\u1ea3nh s\u00f4ng H\u00e0n.Du l\u1ecbch \u0110\u00e0 N\u1eb5ng l\u00e0 c\u01a1 h\u1ed9i \u0111\u1ec3 du kh\u00e1ch t\u00ecm hi\u1ec3u v\u1ec1 nh\u1eefng c\u00e2y c\u1ea7u \u2013 m\u1ed9t trong nh\u1eefng \u201c\u0111\u1eb7c s\u1ea3n\u201d c\u1ee7a \u0111\u1ecba danh n\u00e0y. Trong \u0111\u00f3, c\u1ea7u Tr\u1ea7n Th\u1ecb L\u00fd \u0110\u00e0 N\u1eb5ng \u0111\u01b0\u1ee3c xem nh\u01b0 m\u1ed9t trong \u201ct\u1ee9 \u0111\u1ea1i m\u1ef9 c\u1ea7u\u201d c\u1ee7a th\u00e0nh ph\u1ed1 v\u1edbi b\u1ec1 d\u00e0y l\u1ecbch s\u1eed c\u00f9ng s\u1ef1 l\u1ed9t x\u00e1c ngo\u1ea1n m\u1ee5c.C\u1ea7u Tr\u1ea7n Th\u1ecb L\u00fd \u0110\u00e0 N\u1eb5ng c\u00f3 t\u1ed5ng chi\u1ec1u d\u00e0i 731m, n\u1eb1m b\u1eafc qua s\u00f4ng H\u00e0n v\u1ec1 ph\u00eda th\u01b0\u1ee3ng l\u01b0u. C\u00e1ch c\u1ea7u Tr\u1ea7n Th\u1ecb L\u00fd kh\u00f4ng xa kho\u1ea3ng 2km l\u00e0 c\u1ea7u R\u1ed3ng \u0110\u00e0 N\u1eb5ng v\u00e0 c\u1ea7u T\u00ecnh Y\u00eau \u0110\u00e0 N\u1eb5ng. \u0110\u00e2y c\u0169ng l\u00e0 hai c\u00e2y c\u1ea7u c\u00f3 ki\u1ebfn tr\u00fac \u0111\u1ed9c \u0111\u00e1o, thu h\u00fat nhi\u1ec1u du kh\u00e1ch \u0111\u1ebfn tham quan v\u00e0 check-in.\",\"breadcrumb\":{\"@id\":\"https:\/\/yarraoceansuitesdanang.com\/vi\/destinations\/tran-thi-ly-bridge\/#breadcrumb\"},\"inLanguage\":\"vi-VN\",\"potentialAction\":[{\"@type\":\"ReadAction\",\"target\":[\"https:\/\/yarraoceansuitesdanang.com\/vi\/destinations\/tran-thi-ly-bridge\/\"]}]},{\"@type\":\"BreadcrumbList\",\"@id\":\"https:\/\/yarraoceansuitesdanang.com\/vi\/destinations\/tran-thi-ly-bridge\/#breadcrumb\",\"itemListElement\":[{\"@type\":\"ListItem\",\"position\":1,\"name\":\"Home\",\"item\":\"https:\/\/yarraoceansuitesdanang.com\/vi\/\"},{\"@type\":\"ListItem\",\"position\":2,\"name\":\"\u0110i\u1ec3m \u0111\u1ebfn\",\"item\":\"https:\/\/yarraoceansuitesdanang.com\/vi\/destinations\/\"},{\"@type\":\"ListItem\",\"position\":3,\"name\":\"C\u1ea7u Tr\u1ea7n Th\u1ecb L\u00fd\"}]},{\"@type\":\"WebSite\",\"@id\":\"https:\/\/yarraoceansuitesdanang.com\/vi\/#website\",\"url\":\"https:\/\/yarraoceansuitesdanang.com\/vi\/\",\"name\":\"Yarra Ocean Suites Danang\",\"description\":\"\",\"potentialAction\":[{\"@type\":\"SearchAction\",\"target\":{\"@type\":\"EntryPoint\",\"urlTemplate\":\"https:\/\/yarraoceansuitesdanang.com\/vi\/?s={search_term_string}\"},\"query-input\":\"required name=search_term_string\"}],\"inLanguage\":\"vi-VN\"}]}<\/script>\n<!-- \/ Yoast SEO plugin. -->","yoast_head_json":{"title":"C\u1ea7u Tr\u1ea7n Th\u1ecb L\u00fd | Yarra Ocean Suites Danang","description":"\u0110\u00e0 th\u00e0nh kh\u00f4ng nh\u1eefng \u0111\u01b0\u1ee3c bi\u1ebft \u0111\u1ebfn l\u00e0 m\u1ed9t th\u00e0nh ph\u1ed1 bi\u1ec3n xinh \u0111\u1eb9p m\u00e0 c\u00f2n n\u1ed5i ti\u1ebfng v\u1edbi c\u1ea7u Tr\u1ea7n Th\u1ecb L\u00fd \u0110\u00e0 N\u1eb5ng. C\u00e2y c\u1ea7u n\u00e0y c\u00f3 thi\u1ebft k\u1ebf t\u1ef1a c\u00e1nh bu\u1ed3m c\u0103ng m\u00ecnh \u0111\u00f3n gi\u00f3, tr\u1edf th\u00e0nh \u0111i\u1ec3m d\u1eebng ch\u00e2n l\u00fd t\u01b0\u1edfng \u0111\u1ec3 ng\u1eafm c\u1ea3nh s\u00f4ng H\u00e0n.Du l\u1ecbch \u0110\u00e0 N\u1eb5ng l\u00e0 c\u01a1 h\u1ed9i \u0111\u1ec3 du kh\u00e1ch t\u00ecm hi\u1ec3u v\u1ec1 nh\u1eefng c\u00e2y c\u1ea7u \u2013 m\u1ed9t trong nh\u1eefng \u201c\u0111\u1eb7c s\u1ea3n\u201d c\u1ee7a \u0111\u1ecba danh n\u00e0y. Trong \u0111\u00f3, c\u1ea7u Tr\u1ea7n Th\u1ecb L\u00fd \u0110\u00e0 N\u1eb5ng \u0111\u01b0\u1ee3c xem nh\u01b0 m\u1ed9t trong \u201ct\u1ee9 \u0111\u1ea1i m\u1ef9 c\u1ea7u\u201d c\u1ee7a th\u00e0nh ph\u1ed1 v\u1edbi b\u1ec1 d\u00e0y l\u1ecbch s\u1eed c\u00f9ng s\u1ef1 l\u1ed9t x\u00e1c ngo\u1ea1n m\u1ee5c.C\u1ea7u Tr\u1ea7n Th\u1ecb L\u00fd \u0110\u00e0 N\u1eb5ng c\u00f3 t\u1ed5ng chi\u1ec1u d\u00e0i 731m, n\u1eb1m b\u1eafc qua s\u00f4ng H\u00e0n v\u1ec1 ph\u00eda th\u01b0\u1ee3ng l\u01b0u. C\u00e1ch c\u1ea7u Tr\u1ea7n Th\u1ecb L\u00fd kh\u00f4ng xa kho\u1ea3ng 2km l\u00e0 c\u1ea7u R\u1ed3ng \u0110\u00e0 N\u1eb5ng v\u00e0 c\u1ea7u T\u00ecnh Y\u00eau \u0110\u00e0 N\u1eb5ng. \u0110\u00e2y c\u0169ng l\u00e0 hai c\u00e2y c\u1ea7u c\u00f3 ki\u1ebfn tr\u00fac \u0111\u1ed9c \u0111\u00e1o, thu h\u00fat nhi\u1ec1u du kh\u00e1ch \u0111\u1ebfn tham quan v\u00e0 check-in.","robots":{"index":"index","follow":"follow","max-snippet":"max-snippet:-1","max-image-preview":"max-image-preview:large","max-video-preview":"max-video-preview:-1"},"canonical":"https:\/\/yarraoceansuitesdanang.com\/vi\/destinations\/tran-thi-ly-bridge\/","og_locale":"vi_VN","og_type":"article","og_title":"C\u1ea7u Tr\u1ea7n Th\u1ecb L\u00fd | Yarra Ocean Suites Danang","og_description":"\u0110\u00e0 th\u00e0nh kh\u00f4ng nh\u1eefng \u0111\u01b0\u1ee3c bi\u1ebft \u0111\u1ebfn l\u00e0 m\u1ed9t th\u00e0nh ph\u1ed1 bi\u1ec3n xinh \u0111\u1eb9p m\u00e0 c\u00f2n n\u1ed5i ti\u1ebfng v\u1edbi c\u1ea7u Tr\u1ea7n Th\u1ecb L\u00fd \u0110\u00e0 N\u1eb5ng. C\u00e2y c\u1ea7u n\u00e0y c\u00f3 thi\u1ebft k\u1ebf t\u1ef1a c\u00e1nh bu\u1ed3m c\u0103ng m\u00ecnh \u0111\u00f3n gi\u00f3, tr\u1edf th\u00e0nh \u0111i\u1ec3m d\u1eebng ch\u00e2n l\u00fd t\u01b0\u1edfng \u0111\u1ec3 ng\u1eafm c\u1ea3nh s\u00f4ng H\u00e0n.Du l\u1ecbch \u0110\u00e0 N\u1eb5ng l\u00e0 c\u01a1 h\u1ed9i \u0111\u1ec3 du kh\u00e1ch t\u00ecm hi\u1ec3u v\u1ec1 nh\u1eefng c\u00e2y c\u1ea7u \u2013 m\u1ed9t trong nh\u1eefng \u201c\u0111\u1eb7c s\u1ea3n\u201d c\u1ee7a \u0111\u1ecba danh n\u00e0y. Trong \u0111\u00f3, c\u1ea7u Tr\u1ea7n Th\u1ecb L\u00fd \u0110\u00e0 N\u1eb5ng \u0111\u01b0\u1ee3c xem nh\u01b0 m\u1ed9t trong \u201ct\u1ee9 \u0111\u1ea1i m\u1ef9 c\u1ea7u\u201d c\u1ee7a th\u00e0nh ph\u1ed1 v\u1edbi b\u1ec1 d\u00e0y l\u1ecbch s\u1eed c\u00f9ng s\u1ef1 l\u1ed9t x\u00e1c ngo\u1ea1n m\u1ee5c.C\u1ea7u Tr\u1ea7n Th\u1ecb L\u00fd \u0110\u00e0 N\u1eb5ng c\u00f3 t\u1ed5ng chi\u1ec1u d\u00e0i 731m, n\u1eb1m b\u1eafc qua s\u00f4ng H\u00e0n v\u1ec1 ph\u00eda th\u01b0\u1ee3ng l\u01b0u. C\u00e1ch c\u1ea7u Tr\u1ea7n Th\u1ecb L\u00fd kh\u00f4ng xa kho\u1ea3ng 2km l\u00e0 c\u1ea7u R\u1ed3ng \u0110\u00e0 N\u1eb5ng v\u00e0 c\u1ea7u T\u00ecnh Y\u00eau \u0110\u00e0 N\u1eb5ng. \u0110\u00e2y c\u0169ng l\u00e0 hai c\u00e2y c\u1ea7u c\u00f3 ki\u1ebfn tr\u00fac \u0111\u1ed9c \u0111\u00e1o, thu h\u00fat nhi\u1ec1u du kh\u00e1ch \u0111\u1ebfn tham quan v\u00e0 check-in.","og_url":"https:\/\/yarraoceansuitesdanang.com\/vi\/destinations\/tran-thi-ly-bridge\/","og_site_name":"Yarra Ocean Suites Danang","article_modified_time":"2026-02-25T02:33:17+00:00","twitter_card":"summary_large_image","twitter_misc":{"Est. reading time":"4 minutes"},"schema":{"@context":"https:\/\/schema.org","@graph":[{"@type":"WebPage","@id":"https:\/\/yarraoceansuitesdanang.com\/vi\/destinations\/tran-thi-ly-bridge\/","url":"https:\/\/yarraoceansuitesdanang.com\/vi\/destinations\/tran-thi-ly-bridge\/","name":"C\u1ea7u Tr\u1ea7n Th\u1ecb L\u00fd | Yarra Ocean Suites Danang","isPartOf":{"@id":"https:\/\/yarraoceansuitesdanang.com\/vi\/#website"},"datePublished":"2026-02-24T16:28:32+00:00","dateModified":"2026-02-25T02:33:17+00:00","description":"\u0110\u00e0 th\u00e0nh kh\u00f4ng nh\u1eefng \u0111\u01b0\u1ee3c bi\u1ebft \u0111\u1ebfn l\u00e0 m\u1ed9t th\u00e0nh ph\u1ed1 bi\u1ec3n xinh \u0111\u1eb9p m\u00e0 c\u00f2n n\u1ed5i ti\u1ebfng v\u1edbi c\u1ea7u Tr\u1ea7n Th\u1ecb L\u00fd \u0110\u00e0 N\u1eb5ng. C\u00e2y c\u1ea7u n\u00e0y c\u00f3 thi\u1ebft k\u1ebf t\u1ef1a c\u00e1nh bu\u1ed3m c\u0103ng m\u00ecnh \u0111\u00f3n gi\u00f3, tr\u1edf th\u00e0nh \u0111i\u1ec3m d\u1eebng ch\u00e2n l\u00fd t\u01b0\u1edfng \u0111\u1ec3 ng\u1eafm c\u1ea3nh s\u00f4ng H\u00e0n.Du l\u1ecbch \u0110\u00e0 N\u1eb5ng l\u00e0 c\u01a1 h\u1ed9i \u0111\u1ec3 du kh\u00e1ch t\u00ecm hi\u1ec3u v\u1ec1 nh\u1eefng c\u00e2y c\u1ea7u \u2013 m\u1ed9t trong nh\u1eefng \u201c\u0111\u1eb7c s\u1ea3n\u201d c\u1ee7a \u0111\u1ecba danh n\u00e0y. Trong \u0111\u00f3, c\u1ea7u Tr\u1ea7n Th\u1ecb L\u00fd \u0110\u00e0 N\u1eb5ng \u0111\u01b0\u1ee3c xem nh\u01b0 m\u1ed9t trong \u201ct\u1ee9 \u0111\u1ea1i m\u1ef9 c\u1ea7u\u201d c\u1ee7a th\u00e0nh ph\u1ed1 v\u1edbi b\u1ec1 d\u00e0y l\u1ecbch s\u1eed c\u00f9ng s\u1ef1 l\u1ed9t x\u00e1c ngo\u1ea1n m\u1ee5c.C\u1ea7u Tr\u1ea7n Th\u1ecb L\u00fd \u0110\u00e0 N\u1eb5ng c\u00f3 t\u1ed5ng chi\u1ec1u d\u00e0i 731m, n\u1eb1m b\u1eafc qua s\u00f4ng H\u00e0n v\u1ec1 ph\u00eda th\u01b0\u1ee3ng l\u01b0u. C\u00e1ch c\u1ea7u Tr\u1ea7n Th\u1ecb L\u00fd kh\u00f4ng xa kho\u1ea3ng 2km l\u00e0 c\u1ea7u R\u1ed3ng \u0110\u00e0 N\u1eb5ng v\u00e0 c\u1ea7u T\u00ecnh Y\u00eau \u0110\u00e0 N\u1eb5ng. \u0110\u00e2y c\u0169ng l\u00e0 hai c\u00e2y c\u1ea7u c\u00f3 ki\u1ebfn tr\u00fac \u0111\u1ed9c \u0111\u00e1o, thu h\u00fat nhi\u1ec1u du kh\u00e1ch \u0111\u1ebfn tham quan v\u00e0 check-in.","breadcrumb":{"@id":"https:\/\/yarraoceansuitesdanang.com\/vi\/destinations\/tran-thi-ly-bridge\/#breadcrumb"},"inLanguage":"vi-VN","potentialAction":[{"@type":"ReadAction","target":["https:\/\/yarraoceansuitesdanang.com\/vi\/destinations\/tran-thi-ly-bridge\/"]}]},{"@type":"BreadcrumbList","@id":"https:\/\/yarraoceansuitesdanang.com\/vi\/destinations\/tran-thi-ly-bridge\/#breadcrumb","itemListElement":[{"@type":"ListItem","position":1,"name":"Home","item":"https:\/\/yarraoceansuitesdanang.com\/vi\/"},{"@type":"ListItem","position":2,"name":"\u0110i\u1ec3m \u0111\u1ebfn","item":"https:\/\/yarraoceansuitesdanang.com\/vi\/destinations\/"},{"@type":"ListItem","position":3,"name":"C\u1ea7u Tr\u1ea7n Th\u1ecb L\u00fd"}]},{"@type":"WebSite","@id":"https:\/\/yarraoceansuitesdanang.com\/vi\/#website","url":"https:\/\/yarraoceansuitesdanang.com\/vi\/","name":"Yarra Ocean Suites Danang","description":"","potentialAction":[{"@type":"SearchAction","target":{"@type":"EntryPoint","urlTemplate":"https:\/\/yarraoceansuitesdanang.com\/vi\/?s={search_term_string}"},"query-input":"required name=search_term_string"}],"inLanguage":"vi-VN"}]}},"acf":[],"_links":{"self":[{"href":"https:\/\/yarraoceansuitesdanang.com\/vi\/wp-json\/wp\/v2\/pages\/205"}],"collection":[{"href":"https:\/\/yarraoceansuitesdanang.com\/vi\/wp-json\/wp\/v2\/pages"}],"about":[{"href":"https:\/\/yarraoceansuitesdanang.com\/vi\/wp-json\/wp\/v2\/types\/page"}],"author":[{"embeddable":true,"href":"https:\/\/yarraoceansuitesdanang.com\/vi\/wp-json\/wp\/v2\/users\/90"}],"replies":[{"embeddable":true,"href":"https:\/\/yarraoceansuitesdanang.com\/vi\/wp-json\/wp\/v2\/comments?post=205"}],"version-history":[{"count":0,"href":"https:\/\/yarraoceansuitesdanang.com\/vi\/wp-json\/wp\/v2\/pages\/205\/revisions"}],"up":[{"embeddable":true,"href":"https:\/\/yarraoceansuitesdanang.com\/vi\/wp-json\/wp\/v2\/pages\/204"}],"wp:attachment":[{"href":"https:\/\/yarraoceansuitesdanang.com\/vi\/wp-json\/wp\/v2\/media?parent=205"}],"curies":[{"name":"wp","href":"https:\/\/api.w.org\/{rel}","templated":true}]}}