{"id":204,"date":"2026-02-25T00:27:15","date_gmt":"2026-02-24T16:27:15","guid":{"rendered":"https:\/\/yarraoceansuitesdanang.ms2.decms.asia\/destinations\/"},"modified":"2026-02-25T10:30:19","modified_gmt":"2026-02-25T02:30:19","slug":"destinations","status":"publish","type":"page","link":"https:\/\/yarraoceansuitesdanang.com\/vi\/destinations\/","title":{"rendered":"\u0110i\u1ec3m \u0111\u1ebfn"},"content":{"rendered":"<p>Kh\u00e1m ph\u00e1 v\u1ebb \u0111\u1eb9p s\u1ed1ng \u0111\u1ed9ng c\u1ee7a \u0110\u00e0 N\u1eb5ng t\u1eeb v\u1ecb tr\u00ed l\u00fd t\u01b0\u1edfng c\u1ee7a kh\u00e1ch s\u1ea1n. Ch\u1ec9 v\u00e0i ph\u00fat di chuy\u1ec3n, b\u1ea1n c\u00f3 th\u1ec3 ch\u1ea1m \u0111\u1ebfn nh\u1eefng b\u00e3i bi\u1ec3n tuy\u1ec7t m\u1ef9, c\u00e1c \u0111i\u1ec3m tham quan v\u0103n ho\u00e1 n\u1ed5i ti\u1ebfng, tr\u1ea3i nghi\u1ec7m \u1ea9m th\u1ef1c \u0111\u1ecba ph\u01b0\u01a1ng v\u00e0 nh\u1ecbp s\u1ed1ng hi\u1ec7n \u0111\u1ea1i c\u1ee7a th\u00e0nh ph\u1ed1. M\u1ed7i h\u00e0nh tr\u00ecnh l\u00e0 m\u1ed9t g\u00f3c nh\u00ecn kh\u00e1c nhau v\u1ec1 \u0110\u00e0 N\u1eb5ng \u2013 n\u0103ng \u0111\u1ed9ng, th\u00e2n thi\u1ec7n v\u00e0 \u0111\u1ea7y cu\u1ed1n h\u00fat.<\/p>\n","protected":false},"excerpt":{"rendered":"<p>Kh\u00e1m ph\u00e1 v\u1ebb \u0111\u1eb9p s\u1ed1ng \u0111\u1ed9ng c\u1ee7a \u0110\u00e0 N\u1eb5ng t\u1eeb v\u1ecb tr\u00ed l\u00fd t\u01b0\u1edfng c\u1ee7a kh\u00e1ch s\u1ea1n. Ch\u1ec9 v\u00e0i ph\u00fat di chuy\u1ec3n, b\u1ea1n c\u00f3 th\u1ec3 ch\u1ea1m \u0111\u1ebfn nh\u1eefng b\u00e3i bi\u1ec3n tuy\u1ec7t m\u1ef9, c\u00e1c \u0111i\u1ec3m tham quan v\u0103n ho\u00e1 n\u1ed5i ti\u1ebfng, tr\u1ea3i nghi\u1ec7m \u1ea9m th\u1ef1c \u0111\u1ecba ph\u01b0\u01a1ng v\u00e0 nh\u1ecbp s\u1ed1ng hi\u1ec7n \u0111\u1ea1i c\u1ee7a th\u00e0nh ph\u1ed1. M\u1ed7i [&hellip;]<\/p>\n","protected":false},"author":90,"featured_media":0,"parent":0,"menu_order":0,"comment_status":"closed","ping_status":"closed","template":"template-location.php","meta":{"footnotes":""},"yoast_head":"<!-- This site is optimized with the Yoast SEO plugin v22.3 - https:\/\/yoast.com\/wordpress\/plugins\/seo\/ -->\n<title>\u0110i\u1ec3m \u0111\u1ebfn | Yarra Ocean Suites Danang<\/title>\n<meta name=\"description\" content=\"M\u1ed9t \u0110\u00e0 N\u1eb5ng n\u0103ng \u0111\u1ed9ng v\u00e0 s\u1eafc m\u00e0u \u0111ang ch\u1edd \u0111\u01b0\u1ee3c kh\u00e1m ph\u00e1\" \/>\n<meta name=\"robots\" content=\"index, follow, max-snippet:-1, max-image-preview:large, max-video-preview:-1\" \/>\n<link rel=\"canonical\" href=\"https:\/\/yarraoceansuitesdanang.com\/vi\/destinations\/\" \/>\n<meta property=\"og:locale\" content=\"vi_VN\" \/>\n<meta property=\"og:type\" content=\"article\" \/>\n<meta property=\"og:title\" content=\"\u0110i\u1ec3m \u0111\u1ebfn | Yarra Ocean Suites Danang\" \/>\n<meta property=\"og:description\" content=\"M\u1ed9t \u0110\u00e0 N\u1eb5ng n\u0103ng \u0111\u1ed9ng v\u00e0 s\u1eafc m\u00e0u \u0111ang ch\u1edd \u0111\u01b0\u1ee3c kh\u00e1m ph\u00e1\" \/>\n<meta property=\"og:url\" content=\"https:\/\/yarraoceansuitesdanang.com\/vi\/destinations\/\" \/>\n<meta property=\"og:site_name\" content=\"Yarra Ocean Suites Danang\" \/>\n<meta property=\"article:modified_time\" content=\"2026-02-25T02:30:19+00:00\" \/>\n<meta name=\"twitter:card\" content=\"summary_large_image\" \/>\n<meta name=\"twitter:label1\" content=\"Est. reading time\" \/>\n\t<meta name=\"twitter:data1\" content=\"1 minute\" \/>\n<script type=\"application\/ld+json\" class=\"yoast-schema-graph\">{\"@context\":\"https:\/\/schema.org\",\"@graph\":[{\"@type\":\"WebPage\",\"@id\":\"https:\/\/yarraoceansuitesdanang.com\/vi\/destinations\/\",\"url\":\"https:\/\/yarraoceansuitesdanang.com\/vi\/destinations\/\",\"name\":\"\u0110i\u1ec3m \u0111\u1ebfn | Yarra Ocean Suites Danang\",\"isPartOf\":{\"@id\":\"https:\/\/yarraoceansuitesdanang.com\/vi\/#website\"},\"datePublished\":\"2026-02-24T16:27:15+00:00\",\"dateModified\":\"2026-02-25T02:30:19+00:00\",\"description\":\"M\u1ed9t \u0110\u00e0 N\u1eb5ng n\u0103ng \u0111\u1ed9ng v\u00e0 s\u1eafc m\u00e0u \u0111ang ch\u1edd \u0111\u01b0\u1ee3c kh\u00e1m ph\u00e1\",\"breadcrumb\":{\"@id\":\"https:\/\/yarraoceansuitesdanang.com\/vi\/destinations\/#breadcrumb\"},\"inLanguage\":\"vi-VN\",\"potentialAction\":[{\"@type\":\"ReadAction\",\"target\":[\"https:\/\/yarraoceansuitesdanang.com\/vi\/destinations\/\"]}]},{\"@type\":\"BreadcrumbList\",\"@id\":\"https:\/\/yarraoceansuitesdanang.com\/vi\/destinations\/#breadcrumb\",\"itemListElement\":[{\"@type\":\"ListItem\",\"position\":1,\"name\":\"Home\",\"item\":\"https:\/\/yarraoceansuitesdanang.com\/vi\/\"},{\"@type\":\"ListItem\",\"position\":2,\"name\":\"\u0110i\u1ec3m \u0111\u1ebfn\"}]},{\"@type\":\"WebSite\",\"@id\":\"https:\/\/yarraoceansuitesdanang.com\/vi\/#website\",\"url\":\"https:\/\/yarraoceansuitesdanang.com\/vi\/\",\"name\":\"Yarra Ocean Suites Danang\",\"description\":\"\",\"potentialAction\":[{\"@type\":\"SearchAction\",\"target\":{\"@type\":\"EntryPoint\",\"urlTemplate\":\"https:\/\/yarraoceansuitesdanang.com\/vi\/?s={search_term_string}\"},\"query-input\":\"required name=search_term_string\"}],\"inLanguage\":\"vi-VN\"}]}<\/script>\n<!-- \/ Yoast SEO plugin. -->","yoast_head_json":{"title":"\u0110i\u1ec3m \u0111\u1ebfn | Yarra Ocean Suites Danang","description":"M\u1ed9t \u0110\u00e0 N\u1eb5ng n\u0103ng \u0111\u1ed9ng v\u00e0 s\u1eafc m\u00e0u \u0111ang ch\u1edd \u0111\u01b0\u1ee3c kh\u00e1m ph\u00e1","robots":{"index":"index","follow":"follow","max-snippet":"max-snippet:-1","max-image-preview":"max-image-preview:large","max-video-preview":"max-video-preview:-1"},"canonical":"https:\/\/yarraoceansuitesdanang.com\/vi\/destinations\/","og_locale":"vi_VN","og_type":"article","og_title":"\u0110i\u1ec3m \u0111\u1ebfn | Yarra Ocean Suites Danang","og_description":"M\u1ed9t \u0110\u00e0 N\u1eb5ng n\u0103ng \u0111\u1ed9ng v\u00e0 s\u1eafc m\u00e0u \u0111ang ch\u1edd \u0111\u01b0\u1ee3c kh\u00e1m ph\u00e1","og_url":"https:\/\/yarraoceansuitesdanang.com\/vi\/destinations\/","og_site_name":"Yarra Ocean Suites Danang","article_modified_time":"2026-02-25T02:30:19+00:00","twitter_card":"summary_large_image","twitter_misc":{"Est. reading time":"1 minute"},"schema":{"@context":"https:\/\/schema.org","@graph":[{"@type":"WebPage","@id":"https:\/\/yarraoceansuitesdanang.com\/vi\/destinations\/","url":"https:\/\/yarraoceansuitesdanang.com\/vi\/destinations\/","name":"\u0110i\u1ec3m \u0111\u1ebfn | Yarra Ocean Suites Danang","isPartOf":{"@id":"https:\/\/yarraoceansuitesdanang.com\/vi\/#website"},"datePublished":"2026-02-24T16:27:15+00:00","dateModified":"2026-02-25T02:30:19+00:00","description":"M\u1ed9t \u0110\u00e0 N\u1eb5ng n\u0103ng \u0111\u1ed9ng v\u00e0 s\u1eafc m\u00e0u \u0111ang ch\u1edd \u0111\u01b0\u1ee3c kh\u00e1m ph\u00e1","breadcrumb":{"@id":"https:\/\/yarraoceansuitesdanang.com\/vi\/destinations\/#breadcrumb"},"inLanguage":"vi-VN","potentialAction":[{"@type":"ReadAction","target":["https:\/\/yarraoceansuitesdanang.com\/vi\/destinations\/"]}]},{"@type":"BreadcrumbList","@id":"https:\/\/yarraoceansuitesdanang.com\/vi\/destinations\/#breadcrumb","itemListElement":[{"@type":"ListItem","position":1,"name":"Home","item":"https:\/\/yarraoceansuitesdanang.com\/vi\/"},{"@type":"ListItem","position":2,"name":"\u0110i\u1ec3m \u0111\u1ebfn"}]},{"@type":"WebSite","@id":"https:\/\/yarraoceansuitesdanang.com\/vi\/#website","url":"https:\/\/yarraoceansuitesdanang.com\/vi\/","name":"Yarra Ocean Suites Danang","description":"","potentialAction":[{"@type":"SearchAction","target":{"@type":"EntryPoint","urlTemplate":"https:\/\/yarraoceansuitesdanang.com\/vi\/?s={search_term_string}"},"query-input":"required name=search_term_string"}],"inLanguage":"vi-VN"}]}},"acf":[],"_links":{"self":[{"href":"https:\/\/yarraoceansuitesdanang.com\/vi\/wp-json\/wp\/v2\/pages\/204"}],"collection":[{"href":"https:\/\/yarraoceansuitesdanang.com\/vi\/wp-json\/wp\/v2\/pages"}],"about":[{"href":"https:\/\/yarraoceansuitesdanang.com\/vi\/wp-json\/wp\/v2\/types\/page"}],"author":[{"embeddable":true,"href":"https:\/\/yarraoceansuitesdanang.com\/vi\/wp-json\/wp\/v2\/users\/90"}],"replies":[{"embeddable":true,"href":"https:\/\/yarraoceansuitesdanang.com\/vi\/wp-json\/wp\/v2\/comments?post=204"}],"version-history":[{"count":0,"href":"https:\/\/yarraoceansuitesdanang.com\/vi\/wp-json\/wp\/v2\/pages\/204\/revisions"}],"wp:attachment":[{"href":"https:\/\/yarraoceansuitesdanang.com\/vi\/wp-json\/wp\/v2\/media?parent=204"}],"curies":[{"name":"wp","href":"https:\/\/api.w.org\/{rel}","templated":true}]}}