{"id":203,"date":"2026-02-25T00:23:56","date_gmt":"2026-02-24T16:23:56","guid":{"rendered":"https:\/\/yarraoceansuitesdanang.ms2.decms.asia\/enjoy-the-fun-with-special-offers\/couples-dining\/"},"modified":"2026-04-14T10:50:32","modified_gmt":"2026-04-14T02:50:32","slug":"pool-pass","status":"publish","type":"page","link":"https:\/\/yarraoceansuitesdanang.com\/vi\/uu-dai-dac-biet\/pool-pass\/","title":{"rendered":"V\u00e9 V\u00e0o H\u1ed3 B\u01a1i"},"content":{"rendered":"<p>Kh\u00f4ng c\u1ea7n \u0111\u1eb7t ph\u00f2ng, b\u1ea1n v\u1eabn c\u00f3 th\u1ec3 t\u1eadn h\u01b0\u1edfng l\u00e0n n\u01b0\u1edbc m\u00e1t l\u1ea1nh v\u00e0 view bi\u1ec3n M\u1ef9 Kh\u00ea tuy\u1ec7t \u0111\u1eb9p t\u1eeb h\u1ed3 b\u01a1i t\u1ea7ng th\u01b0\u1ee3ng t\u1ea1i Yarra!<\/p>\n<p><strong>Gi\u00e1 v\u00e9 v\u00e0o h\u1ed3 b\u01a1i:<\/strong><br \/>\n\u2022 Ng\u01b0\u1eddi l\u1edbn: 150,000 VND net\/ng\u01b0\u1eddi<br \/>\n\u2022 Tr\u1ebb em (6\u201311 tu\u1ed5i): 100,000 VND net\/ng\u01b0\u1eddi<\/p>\n<p><strong>\u0110\u1ecba \u0111i\u1ec3m:<\/strong> T\u1ea7ng 17<br \/>\n<strong>Th\u1eddi gian m\u1edf c\u1eeda:<\/strong> 6:30 \u2013 19:00 h\u00e0ng ng\u00e0y<br \/>\n<strong>Li\u00ean h\u1ec7:<\/strong> +84 (0) 236 6269 888<\/p>\n<p>Gh\u00e9 Yarra, t\u1eadn h\u01b0\u1edfng tr\u1ecdn v\u1eb9n kh\u00f4ng kh\u00ed h\u00e8 \u0110\u00e0 N\u1eb5ng trong kh\u00f4ng gian th\u01b0 gi\u00e3n v\u00e0 tho\u00e1ng \u0111\u00e3ng gi\u1eefa bi\u1ec3n tr\u1eddi bao la!<\/p>\n","protected":false},"excerpt":{"rendered":"<p>Kh\u00f4ng c\u1ea7n \u0111\u1eb7t ph\u00f2ng, b\u1ea1n v\u1eabn c\u00f3 th\u1ec3 t\u1eadn h\u01b0\u1edfng l\u00e0n n\u01b0\u1edbc m\u00e1t l\u1ea1nh v\u00e0 view bi\u1ec3n M\u1ef9 Kh\u00ea tuy\u1ec7t \u0111\u1eb9p t\u1eeb h\u1ed3 b\u01a1i t\u1ea7ng th\u01b0\u1ee3ng t\u1ea1i Yarra! Gi\u00e1 v\u00e9 v\u00e0o h\u1ed3 b\u01a1i: \u2022 Ng\u01b0\u1eddi l\u1edbn: 150,000 VND net\/ng\u01b0\u1eddi \u2022 Tr\u1ebb em (6\u201311 tu\u1ed5i): 100,000 VND net\/ng\u01b0\u1eddi \u0110\u1ecba \u0111i\u1ec3m: T\u1ea7ng 17 Th\u1eddi gian m\u1edf c\u1eeda: [&hellip;]<\/p>\n","protected":false},"author":90,"featured_media":347,"parent":200,"menu_order":1,"comment_status":"closed","ping_status":"closed","template":"template-single-offer.php","meta":{"footnotes":""},"yoast_head":"<!-- This site is optimized with the Yoast SEO plugin v22.3 - https:\/\/yoast.com\/wordpress\/plugins\/seo\/ -->\n<title>V\u00e9 V\u00e0o H\u1ed3 B\u01a1i - Yarra Ocean Suites Danang<\/title>\n<meta name=\"description\" content=\"Kh\u00f4ng c\u1ea7n \u0111\u1eb7t ph\u00f2ng, b\u1ea1n v\u1eabn c\u00f3 th\u1ec3 t\u1eadn h\u01b0\u1edfng l\u00e0n n\u01b0\u1edbc m\u00e1t l\u1ea1nh v\u00e0 view bi\u1ec3n M\u1ef9 Kh\u00ea tuy\u1ec7t \u0111\u1eb9p t\u1eeb h\u1ed3 b\u01a1i t\u1ea7ng th\u01b0\u1ee3ng t\u1ea1i Yarra!\" \/>\n<meta name=\"robots\" content=\"index, follow, max-snippet:-1, max-image-preview:large, max-video-preview:-1\" \/>\n<link rel=\"canonical\" href=\"https:\/\/yarraoceansuitesdanang.com\/vi\/uu-dai-dac-biet\/pool-pass\/\" \/>\n<meta property=\"og:locale\" content=\"vi_VN\" \/>\n<meta property=\"og:type\" content=\"article\" \/>\n<meta property=\"og:title\" content=\"V\u00e9 V\u00e0o H\u1ed3 B\u01a1i - Yarra Ocean Suites Danang\" \/>\n<meta property=\"og:description\" content=\"Kh\u00f4ng c\u1ea7n \u0111\u1eb7t ph\u00f2ng, b\u1ea1n v\u1eabn c\u00f3 th\u1ec3 t\u1eadn h\u01b0\u1edfng l\u00e0n n\u01b0\u1edbc m\u00e1t l\u1ea1nh v\u00e0 view bi\u1ec3n M\u1ef9 Kh\u00ea tuy\u1ec7t \u0111\u1eb9p t\u1eeb h\u1ed3 b\u01a1i t\u1ea7ng th\u01b0\u1ee3ng t\u1ea1i Yarra!\" \/>\n<meta property=\"og:url\" content=\"https:\/\/yarraoceansuitesdanang.com\/vi\/uu-dai-dac-biet\/pool-pass\/\" \/>\n<meta property=\"og:site_name\" content=\"Yarra Ocean Suites Danang\" \/>\n<meta property=\"article:modified_time\" content=\"2026-04-14T02:50:32+00:00\" \/>\n<meta property=\"og:image\" content=\"https:\/\/yarraoceansuitesdanang.com\/wp-content\/uploads\/sites\/159\/2026\/04\/B7T1-26-2-1024x683.png\" \/>\n\t<meta property=\"og:image:width\" content=\"1024\" \/>\n\t<meta property=\"og:image:height\" content=\"683\" \/>\n\t<meta property=\"og:image:type\" content=\"image\/png\" \/>\n<meta name=\"twitter:card\" content=\"summary_large_image\" \/>\n<meta name=\"twitter:label1\" content=\"Est. reading time\" \/>\n\t<meta name=\"twitter:data1\" content=\"1 minute\" \/>\n<script type=\"application\/ld+json\" class=\"yoast-schema-graph\">{\"@context\":\"https:\/\/schema.org\",\"@graph\":[{\"@type\":\"WebPage\",\"@id\":\"https:\/\/yarraoceansuitesdanang.com\/vi\/uu-dai-dac-biet\/pool-pass\/\",\"url\":\"https:\/\/yarraoceansuitesdanang.com\/vi\/uu-dai-dac-biet\/pool-pass\/\",\"name\":\"V\u00e9 V\u00e0o H\u1ed3 B\u01a1i - Yarra Ocean Suites Danang\",\"isPartOf\":{\"@id\":\"https:\/\/yarraoceansuitesdanang.com\/vi\/#website\"},\"primaryImageOfPage\":{\"@id\":\"https:\/\/yarraoceansuitesdanang.com\/vi\/uu-dai-dac-biet\/pool-pass\/#primaryimage\"},\"image\":{\"@id\":\"https:\/\/yarraoceansuitesdanang.com\/vi\/uu-dai-dac-biet\/pool-pass\/#primaryimage\"},\"thumbnailUrl\":\"https:\/\/yarraoceansuitesdanang.com\/wp-content\/uploads\/sites\/159\/2026\/04\/B7T1-26-2.png\",\"datePublished\":\"2026-02-24T16:23:56+00:00\",\"dateModified\":\"2026-04-14T02:50:32+00:00\",\"description\":\"Kh\u00f4ng c\u1ea7n \u0111\u1eb7t ph\u00f2ng, b\u1ea1n v\u1eabn c\u00f3 th\u1ec3 t\u1eadn h\u01b0\u1edfng l\u00e0n n\u01b0\u1edbc m\u00e1t l\u1ea1nh v\u00e0 view bi\u1ec3n M\u1ef9 Kh\u00ea tuy\u1ec7t \u0111\u1eb9p t\u1eeb h\u1ed3 b\u01a1i t\u1ea7ng th\u01b0\u1ee3ng t\u1ea1i Yarra!\",\"breadcrumb\":{\"@id\":\"https:\/\/yarraoceansuitesdanang.com\/vi\/uu-dai-dac-biet\/pool-pass\/#breadcrumb\"},\"inLanguage\":\"vi-VN\",\"potentialAction\":[{\"@type\":\"ReadAction\",\"target\":[\"https:\/\/yarraoceansuitesdanang.com\/vi\/uu-dai-dac-biet\/pool-pass\/\"]}]},{\"@type\":\"ImageObject\",\"inLanguage\":\"vi-VN\",\"@id\":\"https:\/\/yarraoceansuitesdanang.com\/vi\/uu-dai-dac-biet\/pool-pass\/#primaryimage\",\"url\":\"https:\/\/yarraoceansuitesdanang.com\/wp-content\/uploads\/sites\/159\/2026\/04\/B7T1-26-2.png\",\"contentUrl\":\"https:\/\/yarraoceansuitesdanang.com\/wp-content\/uploads\/sites\/159\/2026\/04\/B7T1-26-2.png\",\"width\":2048,\"height\":1365},{\"@type\":\"BreadcrumbList\",\"@id\":\"https:\/\/yarraoceansuitesdanang.com\/vi\/uu-dai-dac-biet\/pool-pass\/#breadcrumb\",\"itemListElement\":[{\"@type\":\"ListItem\",\"position\":1,\"name\":\"Home\",\"item\":\"https:\/\/yarraoceansuitesdanang.com\/vi\/\"},{\"@type\":\"ListItem\",\"position\":2,\"name\":\"Tr\u1ea3i nghi\u1ec7m th\u00fa v\u1ecb v\u1edbi c\u00e1c \u01b0u \u0111\u00e3i \u0111\u1eb7c bi\u1ec7t\",\"item\":\"https:\/\/yarraoceansuitesdanang.com\/vi\/uu-dai-dac-biet\/\"},{\"@type\":\"ListItem\",\"position\":3,\"name\":\"V\u00e9 V\u00e0o H\u1ed3 B\u01a1i\"}]},{\"@type\":\"WebSite\",\"@id\":\"https:\/\/yarraoceansuitesdanang.com\/vi\/#website\",\"url\":\"https:\/\/yarraoceansuitesdanang.com\/vi\/\",\"name\":\"Yarra Ocean Suites Danang\",\"description\":\"\",\"potentialAction\":[{\"@type\":\"SearchAction\",\"target\":{\"@type\":\"EntryPoint\",\"urlTemplate\":\"https:\/\/yarraoceansuitesdanang.com\/vi\/?s={search_term_string}\"},\"query-input\":\"required name=search_term_string\"}],\"inLanguage\":\"vi-VN\"}]}<\/script>\n<!-- \/ Yoast SEO plugin. -->","yoast_head_json":{"title":"V\u00e9 V\u00e0o H\u1ed3 B\u01a1i - Yarra Ocean Suites Danang","description":"Kh\u00f4ng c\u1ea7n \u0111\u1eb7t ph\u00f2ng, b\u1ea1n v\u1eabn c\u00f3 th\u1ec3 t\u1eadn h\u01b0\u1edfng l\u00e0n n\u01b0\u1edbc m\u00e1t l\u1ea1nh v\u00e0 view bi\u1ec3n M\u1ef9 Kh\u00ea tuy\u1ec7t \u0111\u1eb9p t\u1eeb h\u1ed3 b\u01a1i t\u1ea7ng th\u01b0\u1ee3ng t\u1ea1i Yarra!","robots":{"index":"index","follow":"follow","max-snippet":"max-snippet:-1","max-image-preview":"max-image-preview:large","max-video-preview":"max-video-preview:-1"},"canonical":"https:\/\/yarraoceansuitesdanang.com\/vi\/uu-dai-dac-biet\/pool-pass\/","og_locale":"vi_VN","og_type":"article","og_title":"V\u00e9 V\u00e0o H\u1ed3 B\u01a1i - Yarra Ocean Suites Danang","og_description":"Kh\u00f4ng c\u1ea7n \u0111\u1eb7t ph\u00f2ng, b\u1ea1n v\u1eabn c\u00f3 th\u1ec3 t\u1eadn h\u01b0\u1edfng l\u00e0n n\u01b0\u1edbc m\u00e1t l\u1ea1nh v\u00e0 view bi\u1ec3n M\u1ef9 Kh\u00ea tuy\u1ec7t \u0111\u1eb9p t\u1eeb h\u1ed3 b\u01a1i t\u1ea7ng th\u01b0\u1ee3ng t\u1ea1i Yarra!","og_url":"https:\/\/yarraoceansuitesdanang.com\/vi\/uu-dai-dac-biet\/pool-pass\/","og_site_name":"Yarra Ocean Suites Danang","article_modified_time":"2026-04-14T02:50:32+00:00","og_image":[{"width":1024,"height":683,"url":"https:\/\/yarraoceansuitesdanang.com\/wp-content\/uploads\/sites\/159\/2026\/04\/B7T1-26-2-1024x683.png","type":"image\/png"}],"twitter_card":"summary_large_image","twitter_misc":{"Est. reading time":"1 minute"},"schema":{"@context":"https:\/\/schema.org","@graph":[{"@type":"WebPage","@id":"https:\/\/yarraoceansuitesdanang.com\/vi\/uu-dai-dac-biet\/pool-pass\/","url":"https:\/\/yarraoceansuitesdanang.com\/vi\/uu-dai-dac-biet\/pool-pass\/","name":"V\u00e9 V\u00e0o H\u1ed3 B\u01a1i - Yarra Ocean Suites Danang","isPartOf":{"@id":"https:\/\/yarraoceansuitesdanang.com\/vi\/#website"},"primaryImageOfPage":{"@id":"https:\/\/yarraoceansuitesdanang.com\/vi\/uu-dai-dac-biet\/pool-pass\/#primaryimage"},"image":{"@id":"https:\/\/yarraoceansuitesdanang.com\/vi\/uu-dai-dac-biet\/pool-pass\/#primaryimage"},"thumbnailUrl":"https:\/\/yarraoceansuitesdanang.com\/wp-content\/uploads\/sites\/159\/2026\/04\/B7T1-26-2.png","datePublished":"2026-02-24T16:23:56+00:00","dateModified":"2026-04-14T02:50:32+00:00","description":"Kh\u00f4ng c\u1ea7n \u0111\u1eb7t ph\u00f2ng, b\u1ea1n v\u1eabn c\u00f3 th\u1ec3 t\u1eadn h\u01b0\u1edfng l\u00e0n n\u01b0\u1edbc m\u00e1t l\u1ea1nh v\u00e0 view bi\u1ec3n M\u1ef9 Kh\u00ea tuy\u1ec7t \u0111\u1eb9p t\u1eeb h\u1ed3 b\u01a1i t\u1ea7ng th\u01b0\u1ee3ng t\u1ea1i Yarra!","breadcrumb":{"@id":"https:\/\/yarraoceansuitesdanang.com\/vi\/uu-dai-dac-biet\/pool-pass\/#breadcrumb"},"inLanguage":"vi-VN","potentialAction":[{"@type":"ReadAction","target":["https:\/\/yarraoceansuitesdanang.com\/vi\/uu-dai-dac-biet\/pool-pass\/"]}]},{"@type":"ImageObject","inLanguage":"vi-VN","@id":"https:\/\/yarraoceansuitesdanang.com\/vi\/uu-dai-dac-biet\/pool-pass\/#primaryimage","url":"https:\/\/yarraoceansuitesdanang.com\/wp-content\/uploads\/sites\/159\/2026\/04\/B7T1-26-2.png","contentUrl":"https:\/\/yarraoceansuitesdanang.com\/wp-content\/uploads\/sites\/159\/2026\/04\/B7T1-26-2.png","width":2048,"height":1365},{"@type":"BreadcrumbList","@id":"https:\/\/yarraoceansuitesdanang.com\/vi\/uu-dai-dac-biet\/pool-pass\/#breadcrumb","itemListElement":[{"@type":"ListItem","position":1,"name":"Home","item":"https:\/\/yarraoceansuitesdanang.com\/vi\/"},{"@type":"ListItem","position":2,"name":"Tr\u1ea3i nghi\u1ec7m th\u00fa v\u1ecb v\u1edbi c\u00e1c \u01b0u \u0111\u00e3i \u0111\u1eb7c bi\u1ec7t","item":"https:\/\/yarraoceansuitesdanang.com\/vi\/uu-dai-dac-biet\/"},{"@type":"ListItem","position":3,"name":"V\u00e9 V\u00e0o H\u1ed3 B\u01a1i"}]},{"@type":"WebSite","@id":"https:\/\/yarraoceansuitesdanang.com\/vi\/#website","url":"https:\/\/yarraoceansuitesdanang.com\/vi\/","name":"Yarra Ocean Suites Danang","description":"","potentialAction":[{"@type":"SearchAction","target":{"@type":"EntryPoint","urlTemplate":"https:\/\/yarraoceansuitesdanang.com\/vi\/?s={search_term_string}"},"query-input":"required name=search_term_string"}],"inLanguage":"vi-VN"}]}},"acf":[],"_links":{"self":[{"href":"https:\/\/yarraoceansuitesdanang.com\/vi\/wp-json\/wp\/v2\/pages\/203"}],"collection":[{"href":"https:\/\/yarraoceansuitesdanang.com\/vi\/wp-json\/wp\/v2\/pages"}],"about":[{"href":"https:\/\/yarraoceansuitesdanang.com\/vi\/wp-json\/wp\/v2\/types\/page"}],"author":[{"embeddable":true,"href":"https:\/\/yarraoceansuitesdanang.com\/vi\/wp-json\/wp\/v2\/users\/90"}],"replies":[{"embeddable":true,"href":"https:\/\/yarraoceansuitesdanang.com\/vi\/wp-json\/wp\/v2\/comments?post=203"}],"version-history":[{"count":0,"href":"https:\/\/yarraoceansuitesdanang.com\/vi\/wp-json\/wp\/v2\/pages\/203\/revisions"}],"up":[{"embeddable":true,"href":"https:\/\/yarraoceansuitesdanang.com\/vi\/wp-json\/wp\/v2\/pages\/200"}],"wp:featuredmedia":[{"embeddable":true,"href":"https:\/\/yarraoceansuitesdanang.com\/vi\/wp-json\/wp\/v2\/media\/347"}],"wp:attachment":[{"href":"https:\/\/yarraoceansuitesdanang.com\/vi\/wp-json\/wp\/v2\/media?parent=203"}],"curies":[{"name":"wp","href":"https:\/\/api.w.org\/{rel}","templated":true}]}}