{"id":201,"date":"2026-02-25T00:22:59","date_gmt":"2026-02-24T16:22:59","guid":{"rendered":"https:\/\/yarraoceansuitesdanang.ms2.decms.asia\/enjoy-the-fun-with-special-offers\/blissful-afternoon\/"},"modified":"2026-04-14T11:57:31","modified_gmt":"2026-04-14T03:57:31","slug":"blissful-afternoon","status":"publish","type":"page","link":"https:\/\/yarraoceansuitesdanang.com\/vi\/uu-dai-dac-biet\/blissful-afternoon\/","title":{"rendered":"Bu\u1ed5i chi\u1ec1u h\u1ea1nh ph\u00fac"},"content":{"rendered":"<p><strong>Bao g\u1ed3m:<\/strong><\/p>\n<p>Khay c\u00e1c lo\u1ea1i b\u00e1nh ng\u1ecdt &amp; m\u1eb7n k\u00e8m tr\u00e1i c\u00e2y<br \/>\nTr\u00e0 xanh v\u00e0 c\u00e0 ph\u00ea Vi\u1ec7t Nam (s\u1eefa\/\u0111en)<\/p>\n<p><strong>\u0110i\u1ec1u ki\u1ec7n &amp; \u0110i\u1ec1u kho\u1ea3n:<\/strong><\/p>\n<p>\u00c1p d\u1ee5ng cho 2 kh\u00e1ch<br \/>\n\u00c1p d\u1ee5ng h\u00e0ng ng\u00e0y t\u1eeb 14:00 &#8211; 18:00<br \/>\n\u00c1p d\u1ee5ng cho kh\u00e1ch h\u00e0ng \u0111\u1eb7t tr\u01b0\u1edbc qua +84 (0) 236 6269 888<\/p>\n","protected":false},"excerpt":{"rendered":"<p>Bao g\u1ed3m: Khay c\u00e1c lo\u1ea1i b\u00e1nh ng\u1ecdt &amp; m\u1eb7n k\u00e8m tr\u00e1i c\u00e2y Tr\u00e0 xanh v\u00e0 c\u00e0 ph\u00ea Vi\u1ec7t Nam (s\u1eefa\/\u0111en) \u0110i\u1ec1u ki\u1ec7n &amp; \u0110i\u1ec1u kho\u1ea3n: \u00c1p d\u1ee5ng cho 2 kh\u00e1ch \u00c1p d\u1ee5ng h\u00e0ng ng\u00e0y t\u1eeb 14:00 &#8211; 18:00 \u00c1p d\u1ee5ng cho kh\u00e1ch h\u00e0ng \u0111\u1eb7t tr\u01b0\u1edbc qua +84 (0) 236 6269 888<\/p>\n","protected":false},"author":90,"featured_media":0,"parent":200,"menu_order":0,"comment_status":"closed","ping_status":"closed","template":"template-single-offer.php","meta":{"footnotes":""},"yoast_head":"<!-- This site is optimized with the Yoast SEO plugin v22.3 - https:\/\/yoast.com\/wordpress\/plugins\/seo\/ -->\n<title>Bu\u1ed5i chi\u1ec1u h\u1ea1nh ph\u00fac - Yarra Ocean Suites Danang<\/title>\n<meta name=\"robots\" content=\"index, follow, max-snippet:-1, max-image-preview:large, max-video-preview:-1\" \/>\n<link rel=\"canonical\" href=\"https:\/\/yarraoceansuitesdanang.com\/vi\/uu-dai-dac-biet\/blissful-afternoon\/\" \/>\n<meta property=\"og:locale\" content=\"vi_VN\" \/>\n<meta property=\"og:type\" content=\"article\" \/>\n<meta property=\"og:title\" content=\"Bu\u1ed5i chi\u1ec1u h\u1ea1nh ph\u00fac - Yarra Ocean Suites Danang\" \/>\n<meta property=\"og:description\" content=\"Bao g\u1ed3m: Khay c\u00e1c lo\u1ea1i b\u00e1nh ng\u1ecdt &amp; m\u1eb7n k\u00e8m tr\u00e1i c\u00e2y Tr\u00e0 xanh v\u00e0 c\u00e0 ph\u00ea Vi\u1ec7t Nam (s\u1eefa\/\u0111en) \u0110i\u1ec1u ki\u1ec7n &amp; \u0110i\u1ec1u kho\u1ea3n: \u00c1p d\u1ee5ng cho 2 kh\u00e1ch \u00c1p d\u1ee5ng h\u00e0ng ng\u00e0y t\u1eeb 14:00 &#8211; 18:00 \u00c1p d\u1ee5ng cho kh\u00e1ch h\u00e0ng \u0111\u1eb7t tr\u01b0\u1edbc qua +84 (0) 236 6269 888\" \/>\n<meta property=\"og:url\" content=\"https:\/\/yarraoceansuitesdanang.com\/vi\/uu-dai-dac-biet\/blissful-afternoon\/\" \/>\n<meta property=\"og:site_name\" content=\"Yarra Ocean Suites Danang\" \/>\n<meta property=\"article:modified_time\" content=\"2026-04-14T03:57:31+00:00\" \/>\n<meta name=\"twitter:card\" content=\"summary_large_image\" \/>\n<meta name=\"twitter:label1\" content=\"Est. reading time\" \/>\n\t<meta name=\"twitter:data1\" content=\"1 minute\" \/>\n<script type=\"application\/ld+json\" class=\"yoast-schema-graph\">{\"@context\":\"https:\/\/schema.org\",\"@graph\":[{\"@type\":\"WebPage\",\"@id\":\"https:\/\/yarraoceansuitesdanang.com\/vi\/uu-dai-dac-biet\/blissful-afternoon\/\",\"url\":\"https:\/\/yarraoceansuitesdanang.com\/vi\/uu-dai-dac-biet\/blissful-afternoon\/\",\"name\":\"Bu\u1ed5i chi\u1ec1u h\u1ea1nh ph\u00fac - Yarra Ocean Suites Danang\",\"isPartOf\":{\"@id\":\"https:\/\/yarraoceansuitesdanang.com\/vi\/#website\"},\"datePublished\":\"2026-02-24T16:22:59+00:00\",\"dateModified\":\"2026-04-14T03:57:31+00:00\",\"breadcrumb\":{\"@id\":\"https:\/\/yarraoceansuitesdanang.com\/vi\/uu-dai-dac-biet\/blissful-afternoon\/#breadcrumb\"},\"inLanguage\":\"vi-VN\",\"potentialAction\":[{\"@type\":\"ReadAction\",\"target\":[\"https:\/\/yarraoceansuitesdanang.com\/vi\/uu-dai-dac-biet\/blissful-afternoon\/\"]}]},{\"@type\":\"BreadcrumbList\",\"@id\":\"https:\/\/yarraoceansuitesdanang.com\/vi\/uu-dai-dac-biet\/blissful-afternoon\/#breadcrumb\",\"itemListElement\":[{\"@type\":\"ListItem\",\"position\":1,\"name\":\"Home\",\"item\":\"https:\/\/yarraoceansuitesdanang.com\/vi\/\"},{\"@type\":\"ListItem\",\"position\":2,\"name\":\"Tr\u1ea3i nghi\u1ec7m th\u00fa v\u1ecb v\u1edbi c\u00e1c \u01b0u \u0111\u00e3i \u0111\u1eb7c bi\u1ec7t\",\"item\":\"https:\/\/yarraoceansuitesdanang.com\/vi\/uu-dai-dac-biet\/\"},{\"@type\":\"ListItem\",\"position\":3,\"name\":\"Bu\u1ed5i chi\u1ec1u h\u1ea1nh ph\u00fac\"}]},{\"@type\":\"WebSite\",\"@id\":\"https:\/\/yarraoceansuitesdanang.com\/vi\/#website\",\"url\":\"https:\/\/yarraoceansuitesdanang.com\/vi\/\",\"name\":\"Yarra Ocean Suites Danang\",\"description\":\"\",\"potentialAction\":[{\"@type\":\"SearchAction\",\"target\":{\"@type\":\"EntryPoint\",\"urlTemplate\":\"https:\/\/yarraoceansuitesdanang.com\/vi\/?s={search_term_string}\"},\"query-input\":\"required name=search_term_string\"}],\"inLanguage\":\"vi-VN\"}]}<\/script>\n<!-- \/ Yoast SEO plugin. -->","yoast_head_json":{"title":"Bu\u1ed5i chi\u1ec1u h\u1ea1nh ph\u00fac - Yarra Ocean Suites Danang","robots":{"index":"index","follow":"follow","max-snippet":"max-snippet:-1","max-image-preview":"max-image-preview:large","max-video-preview":"max-video-preview:-1"},"canonical":"https:\/\/yarraoceansuitesdanang.com\/vi\/uu-dai-dac-biet\/blissful-afternoon\/","og_locale":"vi_VN","og_type":"article","og_title":"Bu\u1ed5i chi\u1ec1u h\u1ea1nh ph\u00fac - Yarra Ocean Suites Danang","og_description":"Bao g\u1ed3m: Khay c\u00e1c lo\u1ea1i b\u00e1nh ng\u1ecdt &amp; m\u1eb7n k\u00e8m tr\u00e1i c\u00e2y Tr\u00e0 xanh v\u00e0 c\u00e0 ph\u00ea Vi\u1ec7t Nam (s\u1eefa\/\u0111en) \u0110i\u1ec1u ki\u1ec7n &amp; \u0110i\u1ec1u kho\u1ea3n: \u00c1p d\u1ee5ng cho 2 kh\u00e1ch \u00c1p d\u1ee5ng h\u00e0ng ng\u00e0y t\u1eeb 14:00 &#8211; 18:00 \u00c1p d\u1ee5ng cho kh\u00e1ch h\u00e0ng \u0111\u1eb7t tr\u01b0\u1edbc qua +84 (0) 236 6269 888","og_url":"https:\/\/yarraoceansuitesdanang.com\/vi\/uu-dai-dac-biet\/blissful-afternoon\/","og_site_name":"Yarra Ocean Suites Danang","article_modified_time":"2026-04-14T03:57:31+00:00","twitter_card":"summary_large_image","twitter_misc":{"Est. reading time":"1 minute"},"schema":{"@context":"https:\/\/schema.org","@graph":[{"@type":"WebPage","@id":"https:\/\/yarraoceansuitesdanang.com\/vi\/uu-dai-dac-biet\/blissful-afternoon\/","url":"https:\/\/yarraoceansuitesdanang.com\/vi\/uu-dai-dac-biet\/blissful-afternoon\/","name":"Bu\u1ed5i chi\u1ec1u h\u1ea1nh ph\u00fac - Yarra Ocean Suites Danang","isPartOf":{"@id":"https:\/\/yarraoceansuitesdanang.com\/vi\/#website"},"datePublished":"2026-02-24T16:22:59+00:00","dateModified":"2026-04-14T03:57:31+00:00","breadcrumb":{"@id":"https:\/\/yarraoceansuitesdanang.com\/vi\/uu-dai-dac-biet\/blissful-afternoon\/#breadcrumb"},"inLanguage":"vi-VN","potentialAction":[{"@type":"ReadAction","target":["https:\/\/yarraoceansuitesdanang.com\/vi\/uu-dai-dac-biet\/blissful-afternoon\/"]}]},{"@type":"BreadcrumbList","@id":"https:\/\/yarraoceansuitesdanang.com\/vi\/uu-dai-dac-biet\/blissful-afternoon\/#breadcrumb","itemListElement":[{"@type":"ListItem","position":1,"name":"Home","item":"https:\/\/yarraoceansuitesdanang.com\/vi\/"},{"@type":"ListItem","position":2,"name":"Tr\u1ea3i nghi\u1ec7m th\u00fa v\u1ecb v\u1edbi c\u00e1c \u01b0u \u0111\u00e3i \u0111\u1eb7c bi\u1ec7t","item":"https:\/\/yarraoceansuitesdanang.com\/vi\/uu-dai-dac-biet\/"},{"@type":"ListItem","position":3,"name":"Bu\u1ed5i chi\u1ec1u h\u1ea1nh ph\u00fac"}]},{"@type":"WebSite","@id":"https:\/\/yarraoceansuitesdanang.com\/vi\/#website","url":"https:\/\/yarraoceansuitesdanang.com\/vi\/","name":"Yarra Ocean Suites Danang","description":"","potentialAction":[{"@type":"SearchAction","target":{"@type":"EntryPoint","urlTemplate":"https:\/\/yarraoceansuitesdanang.com\/vi\/?s={search_term_string}"},"query-input":"required name=search_term_string"}],"inLanguage":"vi-VN"}]}},"acf":[],"_links":{"self":[{"href":"https:\/\/yarraoceansuitesdanang.com\/vi\/wp-json\/wp\/v2\/pages\/201"}],"collection":[{"href":"https:\/\/yarraoceansuitesdanang.com\/vi\/wp-json\/wp\/v2\/pages"}],"about":[{"href":"https:\/\/yarraoceansuitesdanang.com\/vi\/wp-json\/wp\/v2\/types\/page"}],"author":[{"embeddable":true,"href":"https:\/\/yarraoceansuitesdanang.com\/vi\/wp-json\/wp\/v2\/users\/90"}],"replies":[{"embeddable":true,"href":"https:\/\/yarraoceansuitesdanang.com\/vi\/wp-json\/wp\/v2\/comments?post=201"}],"version-history":[{"count":0,"href":"https:\/\/yarraoceansuitesdanang.com\/vi\/wp-json\/wp\/v2\/pages\/201\/revisions"}],"up":[{"embeddable":true,"href":"https:\/\/yarraoceansuitesdanang.com\/vi\/wp-json\/wp\/v2\/pages\/200"}],"wp:attachment":[{"href":"https:\/\/yarraoceansuitesdanang.com\/vi\/wp-json\/wp\/v2\/media?parent=201"}],"curies":[{"name":"wp","href":"https:\/\/api.w.org\/{rel}","templated":true}]}}