{"id":200,"date":"2026-02-24T22:43:52","date_gmt":"2026-02-24T14:43:52","guid":{"rendered":"https:\/\/yarraoceansuitesdanang.ms2.decms.asia\/enjoy-the-fun-with-special-offers\/"},"modified":"2026-04-14T11:56:11","modified_gmt":"2026-04-14T03:56:11","slug":"uu-dai-dac-biet","status":"publish","type":"page","link":"https:\/\/yarraoceansuitesdanang.com\/vi\/uu-dai-dac-biet\/","title":{"rendered":"Tr\u1ea3i nghi\u1ec7m th\u00fa v\u1ecb v\u1edbi c\u00e1c \u01b0u \u0111\u00e3i \u0111\u1eb7c bi\u1ec7t"},"content":{"rendered":"<p>Kh\u00e1m ph\u00e1 nh\u1eefng \u01b0u \u0111\u00e3i \u0111\u1eb7c bi\u1ec7t \u0111\u01b0\u1ee3c thi\u1ebft k\u1ebf \u0111\u1ec3 n\u00e2ng t\u1ea7m k\u1ef3 ngh\u1ec9 c\u1ee7a b\u1ea1n t\u1ea1i Yarra Ocean Suites Danang. T\u1eeb g\u00f3i ngh\u1ec9 d\u01b0\u1ee1ng h\u1ea5p d\u1eabn \u0111\u1ebfn ch\u01b0\u01a1ng tr\u00ecnh \u1ea9m th\u1ef1c v\u00e0 spa \u01b0u \u0111\u00e3i theo m\u00f9a \u2014 h\u00e3y t\u1eadn h\u01b0\u1edfng nhi\u1ec1u l\u1ef1a ch\u1ecdn gi\u00e1 tr\u1ecb d\u00e0nh ri\u00eang cho b\u1ea1n.<\/p>\n","protected":false},"excerpt":{"rendered":"<p>Kh\u00e1m ph\u00e1 nh\u1eefng \u01b0u \u0111\u00e3i \u0111\u1eb7c bi\u1ec7t \u0111\u01b0\u1ee3c thi\u1ebft k\u1ebf \u0111\u1ec3 n\u00e2ng t\u1ea7m k\u1ef3 ngh\u1ec9 c\u1ee7a b\u1ea1n t\u1ea1i Yarra Ocean Suites Danang. T\u1eeb g\u00f3i ngh\u1ec9 d\u01b0\u1ee1ng h\u1ea5p d\u1eabn \u0111\u1ebfn ch\u01b0\u01a1ng tr\u00ecnh \u1ea9m th\u1ef1c v\u00e0 spa \u01b0u \u0111\u00e3i theo m\u00f9a \u2014 h\u00e3y t\u1eadn h\u01b0\u1edfng nhi\u1ec1u l\u1ef1a ch\u1ecdn gi\u00e1 tr\u1ecb d\u00e0nh ri\u00eang cho b\u1ea1n.<\/p>\n","protected":false},"author":90,"featured_media":133,"parent":0,"menu_order":0,"comment_status":"closed","ping_status":"closed","template":"template-offers.php","meta":{"footnotes":""},"yoast_head":"<!-- This site is optimized with the Yoast SEO plugin v22.3 - https:\/\/yoast.com\/wordpress\/plugins\/seo\/ -->\n<title>\u01afu \u0111\u00e3i | Yarra Ocean Suites Danang<\/title>\n<meta name=\"description\" content=\"Kh\u00e1m ph\u00e1 nh\u1eefng \u01b0u \u0111\u00e3i \u0111\u1eb7c bi\u1ec7t \u0111\u01b0\u1ee3c thi\u1ebft k\u1ebf \u0111\u1ec3 n\u00e2ng t\u1ea7m k\u1ef3 ngh\u1ec9 c\u1ee7a b\u1ea1n t\u1ea1i Yarra Ocean Suites Danang. T\u1eeb g\u00f3i ngh\u1ec9 d\u01b0\u1ee1ng h\u1ea5p d\u1eabn \u0111\u1ebfn ch\u01b0\u01a1ng tr\u00ecnh \u1ea9m th\u1ef1c v\u00e0 spa \u01b0u \u0111\u00e3i theo m\u00f9a \u2014 h\u00e3y t\u1eadn h\u01b0\u1edfng nhi\u1ec1u l\u1ef1a ch\u1ecdn gi\u00e1 tr\u1ecb d\u00e0nh ri\u00eang cho b\u1ea1n.\" \/>\n<meta name=\"robots\" content=\"index, follow, max-snippet:-1, max-image-preview:large, max-video-preview:-1\" \/>\n<link rel=\"canonical\" href=\"https:\/\/yarraoceansuitesdanang.com\/vi\/uu-dai-dac-biet\/\" \/>\n<meta property=\"og:locale\" content=\"vi_VN\" \/>\n<meta property=\"og:type\" content=\"article\" \/>\n<meta property=\"og:title\" content=\"\u01afu \u0111\u00e3i | Yarra Ocean Suites Danang\" \/>\n<meta property=\"og:description\" content=\"Kh\u00e1m ph\u00e1 nh\u1eefng \u01b0u \u0111\u00e3i \u0111\u1eb7c bi\u1ec7t \u0111\u01b0\u1ee3c thi\u1ebft k\u1ebf \u0111\u1ec3 n\u00e2ng t\u1ea7m k\u1ef3 ngh\u1ec9 c\u1ee7a b\u1ea1n t\u1ea1i Yarra Ocean Suites Danang. T\u1eeb g\u00f3i ngh\u1ec9 d\u01b0\u1ee1ng h\u1ea5p d\u1eabn \u0111\u1ebfn ch\u01b0\u01a1ng tr\u00ecnh \u1ea9m th\u1ef1c v\u00e0 spa \u01b0u \u0111\u00e3i theo m\u00f9a \u2014 h\u00e3y t\u1eadn h\u01b0\u1edfng nhi\u1ec1u l\u1ef1a ch\u1ecdn gi\u00e1 tr\u1ecb d\u00e0nh ri\u00eang cho b\u1ea1n.\" \/>\n<meta property=\"og:url\" content=\"https:\/\/yarraoceansuitesdanang.com\/vi\/uu-dai-dac-biet\/\" \/>\n<meta property=\"og:site_name\" content=\"Yarra Ocean Suites Danang\" \/>\n<meta property=\"article:modified_time\" content=\"2026-04-14T03:56:11+00:00\" \/>\n<meta property=\"og:image\" content=\"https:\/\/yarraoceansuitesdanang.com\/wp-content\/uploads\/sites\/159\/2026\/02\/of1.jpg\" \/>\n\t<meta property=\"og:image:width\" content=\"2016\" \/>\n\t<meta property=\"og:image:height\" content=\"2200\" \/>\n\t<meta property=\"og:image:type\" content=\"image\/jpeg\" \/>\n<meta name=\"twitter:card\" content=\"summary_large_image\" \/>\n<meta name=\"twitter:label1\" content=\"Est. reading time\" \/>\n\t<meta name=\"twitter:data1\" content=\"1 minute\" \/>\n<script type=\"application\/ld+json\" class=\"yoast-schema-graph\">{\"@context\":\"https:\/\/schema.org\",\"@graph\":[{\"@type\":\"WebPage\",\"@id\":\"https:\/\/yarraoceansuitesdanang.com\/vi\/uu-dai-dac-biet\/\",\"url\":\"https:\/\/yarraoceansuitesdanang.com\/vi\/uu-dai-dac-biet\/\",\"name\":\"\u01afu \u0111\u00e3i | Yarra Ocean Suites Danang\",\"isPartOf\":{\"@id\":\"https:\/\/yarraoceansuitesdanang.com\/vi\/#website\"},\"primaryImageOfPage\":{\"@id\":\"https:\/\/yarraoceansuitesdanang.com\/vi\/uu-dai-dac-biet\/#primaryimage\"},\"image\":{\"@id\":\"https:\/\/yarraoceansuitesdanang.com\/vi\/uu-dai-dac-biet\/#primaryimage\"},\"thumbnailUrl\":\"https:\/\/yarraoceansuitesdanang.com\/wp-content\/uploads\/sites\/159\/2026\/02\/of1.jpg\",\"datePublished\":\"2026-02-24T14:43:52+00:00\",\"dateModified\":\"2026-04-14T03:56:11+00:00\",\"description\":\"Kh\u00e1m ph\u00e1 nh\u1eefng \u01b0u \u0111\u00e3i \u0111\u1eb7c bi\u1ec7t \u0111\u01b0\u1ee3c thi\u1ebft k\u1ebf \u0111\u1ec3 n\u00e2ng t\u1ea7m k\u1ef3 ngh\u1ec9 c\u1ee7a b\u1ea1n t\u1ea1i Yarra Ocean Suites Danang. T\u1eeb g\u00f3i ngh\u1ec9 d\u01b0\u1ee1ng h\u1ea5p d\u1eabn \u0111\u1ebfn ch\u01b0\u01a1ng tr\u00ecnh \u1ea9m th\u1ef1c v\u00e0 spa \u01b0u \u0111\u00e3i theo m\u00f9a \u2014 h\u00e3y t\u1eadn h\u01b0\u1edfng nhi\u1ec1u l\u1ef1a ch\u1ecdn gi\u00e1 tr\u1ecb d\u00e0nh ri\u00eang cho b\u1ea1n.\",\"breadcrumb\":{\"@id\":\"https:\/\/yarraoceansuitesdanang.com\/vi\/uu-dai-dac-biet\/#breadcrumb\"},\"inLanguage\":\"vi-VN\",\"potentialAction\":[{\"@type\":\"ReadAction\",\"target\":[\"https:\/\/yarraoceansuitesdanang.com\/vi\/uu-dai-dac-biet\/\"]}]},{\"@type\":\"ImageObject\",\"inLanguage\":\"vi-VN\",\"@id\":\"https:\/\/yarraoceansuitesdanang.com\/vi\/uu-dai-dac-biet\/#primaryimage\",\"url\":\"https:\/\/yarraoceansuitesdanang.com\/wp-content\/uploads\/sites\/159\/2026\/02\/of1.jpg\",\"contentUrl\":\"https:\/\/yarraoceansuitesdanang.com\/wp-content\/uploads\/sites\/159\/2026\/02\/of1.jpg\",\"width\":2016,\"height\":2200},{\"@type\":\"BreadcrumbList\",\"@id\":\"https:\/\/yarraoceansuitesdanang.com\/vi\/uu-dai-dac-biet\/#breadcrumb\",\"itemListElement\":[{\"@type\":\"ListItem\",\"position\":1,\"name\":\"Home\",\"item\":\"https:\/\/yarraoceansuitesdanang.com\/vi\/\"},{\"@type\":\"ListItem\",\"position\":2,\"name\":\"Tr\u1ea3i nghi\u1ec7m th\u00fa v\u1ecb v\u1edbi c\u00e1c \u01b0u \u0111\u00e3i \u0111\u1eb7c bi\u1ec7t\"}]},{\"@type\":\"WebSite\",\"@id\":\"https:\/\/yarraoceansuitesdanang.com\/vi\/#website\",\"url\":\"https:\/\/yarraoceansuitesdanang.com\/vi\/\",\"name\":\"Yarra Ocean Suites Danang\",\"description\":\"\",\"potentialAction\":[{\"@type\":\"SearchAction\",\"target\":{\"@type\":\"EntryPoint\",\"urlTemplate\":\"https:\/\/yarraoceansuitesdanang.com\/vi\/?s={search_term_string}\"},\"query-input\":\"required name=search_term_string\"}],\"inLanguage\":\"vi-VN\"}]}<\/script>\n<!-- \/ Yoast SEO plugin. -->","yoast_head_json":{"title":"\u01afu \u0111\u00e3i | Yarra Ocean Suites Danang","description":"Kh\u00e1m ph\u00e1 nh\u1eefng \u01b0u \u0111\u00e3i \u0111\u1eb7c bi\u1ec7t \u0111\u01b0\u1ee3c thi\u1ebft k\u1ebf \u0111\u1ec3 n\u00e2ng t\u1ea7m k\u1ef3 ngh\u1ec9 c\u1ee7a b\u1ea1n t\u1ea1i Yarra Ocean Suites Danang. T\u1eeb g\u00f3i ngh\u1ec9 d\u01b0\u1ee1ng h\u1ea5p d\u1eabn \u0111\u1ebfn ch\u01b0\u01a1ng tr\u00ecnh \u1ea9m th\u1ef1c v\u00e0 spa \u01b0u \u0111\u00e3i theo m\u00f9a \u2014 h\u00e3y t\u1eadn h\u01b0\u1edfng nhi\u1ec1u l\u1ef1a ch\u1ecdn gi\u00e1 tr\u1ecb d\u00e0nh ri\u00eang cho b\u1ea1n.","robots":{"index":"index","follow":"follow","max-snippet":"max-snippet:-1","max-image-preview":"max-image-preview:large","max-video-preview":"max-video-preview:-1"},"canonical":"https:\/\/yarraoceansuitesdanang.com\/vi\/uu-dai-dac-biet\/","og_locale":"vi_VN","og_type":"article","og_title":"\u01afu \u0111\u00e3i | Yarra Ocean Suites Danang","og_description":"Kh\u00e1m ph\u00e1 nh\u1eefng \u01b0u \u0111\u00e3i \u0111\u1eb7c bi\u1ec7t \u0111\u01b0\u1ee3c thi\u1ebft k\u1ebf \u0111\u1ec3 n\u00e2ng t\u1ea7m k\u1ef3 ngh\u1ec9 c\u1ee7a b\u1ea1n t\u1ea1i Yarra Ocean Suites Danang. T\u1eeb g\u00f3i ngh\u1ec9 d\u01b0\u1ee1ng h\u1ea5p d\u1eabn \u0111\u1ebfn ch\u01b0\u01a1ng tr\u00ecnh \u1ea9m th\u1ef1c v\u00e0 spa \u01b0u \u0111\u00e3i theo m\u00f9a \u2014 h\u00e3y t\u1eadn h\u01b0\u1edfng nhi\u1ec1u l\u1ef1a ch\u1ecdn gi\u00e1 tr\u1ecb d\u00e0nh ri\u00eang cho b\u1ea1n.","og_url":"https:\/\/yarraoceansuitesdanang.com\/vi\/uu-dai-dac-biet\/","og_site_name":"Yarra Ocean Suites Danang","article_modified_time":"2026-04-14T03:56:11+00:00","og_image":[{"width":2016,"height":2200,"url":"https:\/\/yarraoceansuitesdanang.com\/wp-content\/uploads\/sites\/159\/2026\/02\/of1.jpg","type":"image\/jpeg"}],"twitter_card":"summary_large_image","twitter_misc":{"Est. reading time":"1 minute"},"schema":{"@context":"https:\/\/schema.org","@graph":[{"@type":"WebPage","@id":"https:\/\/yarraoceansuitesdanang.com\/vi\/uu-dai-dac-biet\/","url":"https:\/\/yarraoceansuitesdanang.com\/vi\/uu-dai-dac-biet\/","name":"\u01afu \u0111\u00e3i | Yarra Ocean Suites Danang","isPartOf":{"@id":"https:\/\/yarraoceansuitesdanang.com\/vi\/#website"},"primaryImageOfPage":{"@id":"https:\/\/yarraoceansuitesdanang.com\/vi\/uu-dai-dac-biet\/#primaryimage"},"image":{"@id":"https:\/\/yarraoceansuitesdanang.com\/vi\/uu-dai-dac-biet\/#primaryimage"},"thumbnailUrl":"https:\/\/yarraoceansuitesdanang.com\/wp-content\/uploads\/sites\/159\/2026\/02\/of1.jpg","datePublished":"2026-02-24T14:43:52+00:00","dateModified":"2026-04-14T03:56:11+00:00","description":"Kh\u00e1m ph\u00e1 nh\u1eefng \u01b0u \u0111\u00e3i \u0111\u1eb7c bi\u1ec7t \u0111\u01b0\u1ee3c thi\u1ebft k\u1ebf \u0111\u1ec3 n\u00e2ng t\u1ea7m k\u1ef3 ngh\u1ec9 c\u1ee7a b\u1ea1n t\u1ea1i Yarra Ocean Suites Danang. T\u1eeb g\u00f3i ngh\u1ec9 d\u01b0\u1ee1ng h\u1ea5p d\u1eabn \u0111\u1ebfn ch\u01b0\u01a1ng tr\u00ecnh \u1ea9m th\u1ef1c v\u00e0 spa \u01b0u \u0111\u00e3i theo m\u00f9a \u2014 h\u00e3y t\u1eadn h\u01b0\u1edfng nhi\u1ec1u l\u1ef1a ch\u1ecdn gi\u00e1 tr\u1ecb d\u00e0nh ri\u00eang cho b\u1ea1n.","breadcrumb":{"@id":"https:\/\/yarraoceansuitesdanang.com\/vi\/uu-dai-dac-biet\/#breadcrumb"},"inLanguage":"vi-VN","potentialAction":[{"@type":"ReadAction","target":["https:\/\/yarraoceansuitesdanang.com\/vi\/uu-dai-dac-biet\/"]}]},{"@type":"ImageObject","inLanguage":"vi-VN","@id":"https:\/\/yarraoceansuitesdanang.com\/vi\/uu-dai-dac-biet\/#primaryimage","url":"https:\/\/yarraoceansuitesdanang.com\/wp-content\/uploads\/sites\/159\/2026\/02\/of1.jpg","contentUrl":"https:\/\/yarraoceansuitesdanang.com\/wp-content\/uploads\/sites\/159\/2026\/02\/of1.jpg","width":2016,"height":2200},{"@type":"BreadcrumbList","@id":"https:\/\/yarraoceansuitesdanang.com\/vi\/uu-dai-dac-biet\/#breadcrumb","itemListElement":[{"@type":"ListItem","position":1,"name":"Home","item":"https:\/\/yarraoceansuitesdanang.com\/vi\/"},{"@type":"ListItem","position":2,"name":"Tr\u1ea3i nghi\u1ec7m th\u00fa v\u1ecb v\u1edbi c\u00e1c \u01b0u \u0111\u00e3i \u0111\u1eb7c bi\u1ec7t"}]},{"@type":"WebSite","@id":"https:\/\/yarraoceansuitesdanang.com\/vi\/#website","url":"https:\/\/yarraoceansuitesdanang.com\/vi\/","name":"Yarra Ocean Suites Danang","description":"","potentialAction":[{"@type":"SearchAction","target":{"@type":"EntryPoint","urlTemplate":"https:\/\/yarraoceansuitesdanang.com\/vi\/?s={search_term_string}"},"query-input":"required name=search_term_string"}],"inLanguage":"vi-VN"}]}},"acf":[],"_links":{"self":[{"href":"https:\/\/yarraoceansuitesdanang.com\/vi\/wp-json\/wp\/v2\/pages\/200"}],"collection":[{"href":"https:\/\/yarraoceansuitesdanang.com\/vi\/wp-json\/wp\/v2\/pages"}],"about":[{"href":"https:\/\/yarraoceansuitesdanang.com\/vi\/wp-json\/wp\/v2\/types\/page"}],"author":[{"embeddable":true,"href":"https:\/\/yarraoceansuitesdanang.com\/vi\/wp-json\/wp\/v2\/users\/90"}],"replies":[{"embeddable":true,"href":"https:\/\/yarraoceansuitesdanang.com\/vi\/wp-json\/wp\/v2\/comments?post=200"}],"version-history":[{"count":0,"href":"https:\/\/yarraoceansuitesdanang.com\/vi\/wp-json\/wp\/v2\/pages\/200\/revisions"}],"wp:featuredmedia":[{"embeddable":true,"href":"https:\/\/yarraoceansuitesdanang.com\/vi\/wp-json\/wp\/v2\/media\/133"}],"wp:attachment":[{"href":"https:\/\/yarraoceansuitesdanang.com\/vi\/wp-json\/wp\/v2\/media?parent=200"}],"curies":[{"name":"wp","href":"https:\/\/api.w.org\/{rel}","templated":true}]}}