{"id":199,"date":"2026-02-25T00:52:11","date_gmt":"2026-02-24T16:52:11","guid":{"rendered":"https:\/\/yarraoceansuitesdanang.ms2.decms.asia\/yarra-spa\/on-the-spot\/"},"modified":"2026-03-13T16:29:00","modified_gmt":"2026-03-13T08:29:00","slug":"on-the-spot","status":"publish","type":"page","link":"https:\/\/yarraoceansuitesdanang.com\/vi\/yarra-spa\/on-the-spot\/","title":{"rendered":"Tr\u1ecb li\u1ec7u t\u1eebng ph\u1ea7n"},"content":{"rendered":"<p>T\u1eadp trung v\u00e0o nh\u1eefng v\u00f9ng c\u01a1 th\u1ec3 b\u1ea1n c\u1ea7n \u0111\u01b0\u1ee3c th\u01b0 gi\u00e3n nh\u1ea5t, li\u1ec7u tr\u00ecnh tr\u1ecb li\u1ec7u t\u1eebng ph\u1ea7n mang \u0111\u1ebfn s\u1ef1 ch\u0103m s\u00f3c ch\u00ednh x\u00e1c v\u00e0 hi\u1ec7u qu\u1ea3. T\u1eeb vai \u2013 \u0111\u1ea7u \u2013 l\u01b0ng \u0111\u1ebfn ch\u00e2n v\u00e0 m\u1eb7t, m\u1ed7i chuy\u1ec3n \u0111\u1ed9ng massage \u0111\u1ec1u gi\u00fap gi\u1ea3i t\u1ecfa c\u0103ng m\u1ecfi, t\u0103ng tu\u1ea7n ho\u00e0n v\u00e0 mang l\u1ea1i c\u1ea3m gi\u00e1c th\u01b0 th\u00e1i nhanh ch\u00f3ng. L\u1ef1a ch\u1ecdn ho\u00e0n h\u1ea3o cho nh\u1eefng ai mu\u1ed1n ph\u1ee5c h\u1ed3i n\u0103ng l\u01b0\u1ee3ng ch\u1ec9 trong th\u1eddi gian ng\u1eafn.<\/p>\n","protected":false},"excerpt":{"rendered":"<p>T\u1eadp trung v\u00e0o nh\u1eefng v\u00f9ng c\u01a1 th\u1ec3 b\u1ea1n c\u1ea7n \u0111\u01b0\u1ee3c th\u01b0 gi\u00e3n nh\u1ea5t, li\u1ec7u tr\u00ecnh tr\u1ecb li\u1ec7u t\u1eebng ph\u1ea7n mang \u0111\u1ebfn s\u1ef1 ch\u0103m s\u00f3c ch\u00ednh x\u00e1c v\u00e0 hi\u1ec7u qu\u1ea3. T\u1eeb vai \u2013 \u0111\u1ea7u \u2013 l\u01b0ng \u0111\u1ebfn ch\u00e2n v\u00e0 m\u1eb7t, m\u1ed7i chuy\u1ec3n \u0111\u1ed9ng massage \u0111\u1ec1u gi\u00fap gi\u1ea3i t\u1ecfa c\u0103ng m\u1ecfi, t\u0103ng tu\u1ea7n ho\u00e0n v\u00e0 mang l\u1ea1i [&hellip;]<\/p>\n","protected":false},"author":90,"featured_media":0,"parent":197,"menu_order":1,"comment_status":"closed","ping_status":"closed","template":"template-single-spa.php","meta":{"footnotes":""},"yoast_head":"<!-- This site is optimized with the Yoast SEO plugin v22.3 - https:\/\/yoast.com\/wordpress\/plugins\/seo\/ -->\n<title>Tr\u1ecb li\u1ec7u t\u1eebng ph\u1ea7n | Yarra Ocean Suites Danang<\/title>\n<meta name=\"description\" content=\"Ch\u0103m s\u00f3c chuy\u00ean bi\u1ec7t cho t\u1eebng v\u00f9ng c\u01a1 th\u1ec3\" \/>\n<meta name=\"robots\" content=\"index, follow, max-snippet:-1, max-image-preview:large, max-video-preview:-1\" \/>\n<link rel=\"canonical\" href=\"https:\/\/yarraoceansuitesdanang.com\/vi\/yarra-spa\/on-the-spot\/\" \/>\n<meta property=\"og:locale\" content=\"vi_VN\" \/>\n<meta property=\"og:type\" content=\"article\" \/>\n<meta property=\"og:title\" content=\"Tr\u1ecb li\u1ec7u t\u1eebng ph\u1ea7n | Yarra Ocean Suites Danang\" \/>\n<meta property=\"og:description\" content=\"Ch\u0103m s\u00f3c chuy\u00ean bi\u1ec7t cho t\u1eebng v\u00f9ng c\u01a1 th\u1ec3\" \/>\n<meta property=\"og:url\" content=\"https:\/\/yarraoceansuitesdanang.com\/vi\/yarra-spa\/on-the-spot\/\" \/>\n<meta property=\"og:site_name\" content=\"Yarra Ocean Suites Danang\" \/>\n<meta property=\"article:modified_time\" content=\"2026-03-13T08:29:00+00:00\" \/>\n<meta name=\"twitter:card\" content=\"summary_large_image\" \/>\n<meta name=\"twitter:label1\" content=\"Est. reading time\" \/>\n\t<meta name=\"twitter:data1\" content=\"1 minute\" \/>\n<script type=\"application\/ld+json\" class=\"yoast-schema-graph\">{\"@context\":\"https:\/\/schema.org\",\"@graph\":[{\"@type\":\"WebPage\",\"@id\":\"https:\/\/yarraoceansuitesdanang.com\/vi\/yarra-spa\/on-the-spot\/\",\"url\":\"https:\/\/yarraoceansuitesdanang.com\/vi\/yarra-spa\/on-the-spot\/\",\"name\":\"Tr\u1ecb li\u1ec7u t\u1eebng ph\u1ea7n | Yarra Ocean Suites Danang\",\"isPartOf\":{\"@id\":\"https:\/\/yarraoceansuitesdanang.com\/vi\/#website\"},\"datePublished\":\"2026-02-24T16:52:11+00:00\",\"dateModified\":\"2026-03-13T08:29:00+00:00\",\"description\":\"Ch\u0103m s\u00f3c chuy\u00ean bi\u1ec7t cho t\u1eebng v\u00f9ng c\u01a1 th\u1ec3\",\"breadcrumb\":{\"@id\":\"https:\/\/yarraoceansuitesdanang.com\/vi\/yarra-spa\/on-the-spot\/#breadcrumb\"},\"inLanguage\":\"vi-VN\",\"potentialAction\":[{\"@type\":\"ReadAction\",\"target\":[\"https:\/\/yarraoceansuitesdanang.com\/vi\/yarra-spa\/on-the-spot\/\"]}]},{\"@type\":\"BreadcrumbList\",\"@id\":\"https:\/\/yarraoceansuitesdanang.com\/vi\/yarra-spa\/on-the-spot\/#breadcrumb\",\"itemListElement\":[{\"@type\":\"ListItem\",\"position\":1,\"name\":\"Home\",\"item\":\"https:\/\/yarraoceansuitesdanang.com\/vi\/\"},{\"@type\":\"ListItem\",\"position\":2,\"name\":\"Yarra Spa\",\"item\":\"https:\/\/yarraoceansuitesdanang.com\/vi\/yarra-spa\/\"},{\"@type\":\"ListItem\",\"position\":3,\"name\":\"Tr\u1ecb li\u1ec7u t\u1eebng ph\u1ea7n\"}]},{\"@type\":\"WebSite\",\"@id\":\"https:\/\/yarraoceansuitesdanang.com\/vi\/#website\",\"url\":\"https:\/\/yarraoceansuitesdanang.com\/vi\/\",\"name\":\"Yarra Ocean Suites Danang\",\"description\":\"\",\"potentialAction\":[{\"@type\":\"SearchAction\",\"target\":{\"@type\":\"EntryPoint\",\"urlTemplate\":\"https:\/\/yarraoceansuitesdanang.com\/vi\/?s={search_term_string}\"},\"query-input\":\"required name=search_term_string\"}],\"inLanguage\":\"vi-VN\"}]}<\/script>\n<!-- \/ Yoast SEO plugin. -->","yoast_head_json":{"title":"Tr\u1ecb li\u1ec7u t\u1eebng ph\u1ea7n | Yarra Ocean Suites Danang","description":"Ch\u0103m s\u00f3c chuy\u00ean bi\u1ec7t cho t\u1eebng v\u00f9ng c\u01a1 th\u1ec3","robots":{"index":"index","follow":"follow","max-snippet":"max-snippet:-1","max-image-preview":"max-image-preview:large","max-video-preview":"max-video-preview:-1"},"canonical":"https:\/\/yarraoceansuitesdanang.com\/vi\/yarra-spa\/on-the-spot\/","og_locale":"vi_VN","og_type":"article","og_title":"Tr\u1ecb li\u1ec7u t\u1eebng ph\u1ea7n | Yarra Ocean Suites Danang","og_description":"Ch\u0103m s\u00f3c chuy\u00ean bi\u1ec7t cho t\u1eebng v\u00f9ng c\u01a1 th\u1ec3","og_url":"https:\/\/yarraoceansuitesdanang.com\/vi\/yarra-spa\/on-the-spot\/","og_site_name":"Yarra Ocean Suites Danang","article_modified_time":"2026-03-13T08:29:00+00:00","twitter_card":"summary_large_image","twitter_misc":{"Est. reading time":"1 minute"},"schema":{"@context":"https:\/\/schema.org","@graph":[{"@type":"WebPage","@id":"https:\/\/yarraoceansuitesdanang.com\/vi\/yarra-spa\/on-the-spot\/","url":"https:\/\/yarraoceansuitesdanang.com\/vi\/yarra-spa\/on-the-spot\/","name":"Tr\u1ecb li\u1ec7u t\u1eebng ph\u1ea7n | Yarra Ocean Suites Danang","isPartOf":{"@id":"https:\/\/yarraoceansuitesdanang.com\/vi\/#website"},"datePublished":"2026-02-24T16:52:11+00:00","dateModified":"2026-03-13T08:29:00+00:00","description":"Ch\u0103m s\u00f3c chuy\u00ean bi\u1ec7t cho t\u1eebng v\u00f9ng c\u01a1 th\u1ec3","breadcrumb":{"@id":"https:\/\/yarraoceansuitesdanang.com\/vi\/yarra-spa\/on-the-spot\/#breadcrumb"},"inLanguage":"vi-VN","potentialAction":[{"@type":"ReadAction","target":["https:\/\/yarraoceansuitesdanang.com\/vi\/yarra-spa\/on-the-spot\/"]}]},{"@type":"BreadcrumbList","@id":"https:\/\/yarraoceansuitesdanang.com\/vi\/yarra-spa\/on-the-spot\/#breadcrumb","itemListElement":[{"@type":"ListItem","position":1,"name":"Home","item":"https:\/\/yarraoceansuitesdanang.com\/vi\/"},{"@type":"ListItem","position":2,"name":"Yarra Spa","item":"https:\/\/yarraoceansuitesdanang.com\/vi\/yarra-spa\/"},{"@type":"ListItem","position":3,"name":"Tr\u1ecb li\u1ec7u t\u1eebng ph\u1ea7n"}]},{"@type":"WebSite","@id":"https:\/\/yarraoceansuitesdanang.com\/vi\/#website","url":"https:\/\/yarraoceansuitesdanang.com\/vi\/","name":"Yarra Ocean Suites Danang","description":"","potentialAction":[{"@type":"SearchAction","target":{"@type":"EntryPoint","urlTemplate":"https:\/\/yarraoceansuitesdanang.com\/vi\/?s={search_term_string}"},"query-input":"required name=search_term_string"}],"inLanguage":"vi-VN"}]}},"acf":[],"_links":{"self":[{"href":"https:\/\/yarraoceansuitesdanang.com\/vi\/wp-json\/wp\/v2\/pages\/199"}],"collection":[{"href":"https:\/\/yarraoceansuitesdanang.com\/vi\/wp-json\/wp\/v2\/pages"}],"about":[{"href":"https:\/\/yarraoceansuitesdanang.com\/vi\/wp-json\/wp\/v2\/types\/page"}],"author":[{"embeddable":true,"href":"https:\/\/yarraoceansuitesdanang.com\/vi\/wp-json\/wp\/v2\/users\/90"}],"replies":[{"embeddable":true,"href":"https:\/\/yarraoceansuitesdanang.com\/vi\/wp-json\/wp\/v2\/comments?post=199"}],"version-history":[{"count":0,"href":"https:\/\/yarraoceansuitesdanang.com\/vi\/wp-json\/wp\/v2\/pages\/199\/revisions"}],"up":[{"embeddable":true,"href":"https:\/\/yarraoceansuitesdanang.com\/vi\/wp-json\/wp\/v2\/pages\/197"}],"wp:attachment":[{"href":"https:\/\/yarraoceansuitesdanang.com\/vi\/wp-json\/wp\/v2\/media?parent=199"}],"curies":[{"name":"wp","href":"https:\/\/api.w.org\/{rel}","templated":true}]}}