{"id":198,"date":"2026-02-24T22:42:50","date_gmt":"2026-02-24T14:42:50","guid":{"rendered":"https:\/\/yarraoceansuitesdanang.ms2.decms.asia\/yarra-spa\/body-treatment\/"},"modified":"2026-03-13T16:28:55","modified_gmt":"2026-03-13T08:28:55","slug":"body-treatment","status":"publish","type":"page","link":"https:\/\/yarraoceansuitesdanang.com\/vi\/yarra-spa\/body-treatment\/","title":{"rendered":"Tr\u1ecb li\u1ec7u to\u00e0n th\u00e2n"},"content":{"rendered":"<p>\u0110\u1eafm m\u00ecnh trong li\u1ec7u tr\u00ecnh ch\u0103m s\u00f3c c\u01a1 th\u1ec3 \u0111\u01b0\u1ee3c thi\u1ebft k\u1ebf \u0111\u1ec3 xoa d\u1ecbu c\u0103ng th\u1eb3ng v\u00e0 nu\u00f4i d\u01b0\u1ee1ng l\u00e0n da. M\u1ed7i li\u1ec7u ph\u00e1p k\u1ebft h\u1ee3p tinh d\u1ea7u thi\u00ean nhi\u00ean, k\u1ef9 thu\u1eadt chuy\u00ean nghi\u1ec7p v\u00e0 quy tr\u00ecnh tr\u1ecb li\u1ec7u nh\u1eb9 nh\u00e0ng gi\u00fap c\u01a1 th\u1ec3 t\u00e1i t\u1ea1o n\u0103ng l\u01b0\u1ee3ng, mang l\u1ea1i c\u1ea3m gi\u00e1c th\u01b0 th\u00e1i s\u00e2u v\u00e0 tinh th\u1ea7n c\u00e2n b\u1eb1ng.<\/p>\n","protected":false},"excerpt":{"rendered":"<p>\u0110\u1eafm m\u00ecnh trong li\u1ec7u tr\u00ecnh ch\u0103m s\u00f3c c\u01a1 th\u1ec3 \u0111\u01b0\u1ee3c thi\u1ebft k\u1ebf \u0111\u1ec3 xoa d\u1ecbu c\u0103ng th\u1eb3ng v\u00e0 nu\u00f4i d\u01b0\u1ee1ng l\u00e0n da. M\u1ed7i li\u1ec7u ph\u00e1p k\u1ebft h\u1ee3p tinh d\u1ea7u thi\u00ean nhi\u00ean, k\u1ef9 thu\u1eadt chuy\u00ean nghi\u1ec7p v\u00e0 quy tr\u00ecnh tr\u1ecb li\u1ec7u nh\u1eb9 nh\u00e0ng gi\u00fap c\u01a1 th\u1ec3 t\u00e1i t\u1ea1o n\u0103ng l\u01b0\u1ee3ng, mang l\u1ea1i c\u1ea3m gi\u00e1c th\u01b0 th\u00e1i [&hellip;]<\/p>\n","protected":false},"author":90,"featured_media":0,"parent":197,"menu_order":0,"comment_status":"closed","ping_status":"closed","template":"template-single-spa.php","meta":{"footnotes":""},"yoast_head":"<!-- This site is optimized with the Yoast SEO plugin v22.3 - https:\/\/yoast.com\/wordpress\/plugins\/seo\/ -->\n<title>Tr\u1ecb li\u1ec7u to\u00e0n th\u00e2n | Yarra Ocean Suites Danang<\/title>\n<meta name=\"description\" content=\"Ch\u0103m s\u00f3c c\u01a1 th\u1ec3 chuy\u00ean s\u00e2u\" \/>\n<meta name=\"robots\" content=\"index, follow, max-snippet:-1, max-image-preview:large, max-video-preview:-1\" \/>\n<link rel=\"canonical\" href=\"https:\/\/yarraoceansuitesdanang.com\/vi\/yarra-spa\/body-treatment\/\" \/>\n<meta property=\"og:locale\" content=\"vi_VN\" \/>\n<meta property=\"og:type\" content=\"article\" \/>\n<meta property=\"og:title\" content=\"Tr\u1ecb li\u1ec7u to\u00e0n th\u00e2n | Yarra Ocean Suites Danang\" \/>\n<meta property=\"og:description\" content=\"Ch\u0103m s\u00f3c c\u01a1 th\u1ec3 chuy\u00ean s\u00e2u\" \/>\n<meta property=\"og:url\" content=\"https:\/\/yarraoceansuitesdanang.com\/vi\/yarra-spa\/body-treatment\/\" \/>\n<meta property=\"og:site_name\" content=\"Yarra Ocean Suites Danang\" \/>\n<meta property=\"article:modified_time\" content=\"2026-03-13T08:28:55+00:00\" \/>\n<meta name=\"twitter:card\" content=\"summary_large_image\" \/>\n<meta name=\"twitter:label1\" content=\"Est. reading time\" \/>\n\t<meta name=\"twitter:data1\" content=\"1 minute\" \/>\n<script type=\"application\/ld+json\" class=\"yoast-schema-graph\">{\"@context\":\"https:\/\/schema.org\",\"@graph\":[{\"@type\":\"WebPage\",\"@id\":\"https:\/\/yarraoceansuitesdanang.com\/vi\/yarra-spa\/body-treatment\/\",\"url\":\"https:\/\/yarraoceansuitesdanang.com\/vi\/yarra-spa\/body-treatment\/\",\"name\":\"Tr\u1ecb li\u1ec7u to\u00e0n th\u00e2n | Yarra Ocean Suites Danang\",\"isPartOf\":{\"@id\":\"https:\/\/yarraoceansuitesdanang.com\/vi\/#website\"},\"datePublished\":\"2026-02-24T14:42:50+00:00\",\"dateModified\":\"2026-03-13T08:28:55+00:00\",\"description\":\"Ch\u0103m s\u00f3c c\u01a1 th\u1ec3 chuy\u00ean s\u00e2u\",\"breadcrumb\":{\"@id\":\"https:\/\/yarraoceansuitesdanang.com\/vi\/yarra-spa\/body-treatment\/#breadcrumb\"},\"inLanguage\":\"vi-VN\",\"potentialAction\":[{\"@type\":\"ReadAction\",\"target\":[\"https:\/\/yarraoceansuitesdanang.com\/vi\/yarra-spa\/body-treatment\/\"]}]},{\"@type\":\"BreadcrumbList\",\"@id\":\"https:\/\/yarraoceansuitesdanang.com\/vi\/yarra-spa\/body-treatment\/#breadcrumb\",\"itemListElement\":[{\"@type\":\"ListItem\",\"position\":1,\"name\":\"Home\",\"item\":\"https:\/\/yarraoceansuitesdanang.com\/vi\/\"},{\"@type\":\"ListItem\",\"position\":2,\"name\":\"Yarra Spa\",\"item\":\"https:\/\/yarraoceansuitesdanang.com\/vi\/yarra-spa\/\"},{\"@type\":\"ListItem\",\"position\":3,\"name\":\"Tr\u1ecb li\u1ec7u to\u00e0n th\u00e2n\"}]},{\"@type\":\"WebSite\",\"@id\":\"https:\/\/yarraoceansuitesdanang.com\/vi\/#website\",\"url\":\"https:\/\/yarraoceansuitesdanang.com\/vi\/\",\"name\":\"Yarra Ocean Suites Danang\",\"description\":\"\",\"potentialAction\":[{\"@type\":\"SearchAction\",\"target\":{\"@type\":\"EntryPoint\",\"urlTemplate\":\"https:\/\/yarraoceansuitesdanang.com\/vi\/?s={search_term_string}\"},\"query-input\":\"required name=search_term_string\"}],\"inLanguage\":\"vi-VN\"}]}<\/script>\n<!-- \/ Yoast SEO plugin. -->","yoast_head_json":{"title":"Tr\u1ecb li\u1ec7u to\u00e0n th\u00e2n | Yarra Ocean Suites Danang","description":"Ch\u0103m s\u00f3c c\u01a1 th\u1ec3 chuy\u00ean s\u00e2u","robots":{"index":"index","follow":"follow","max-snippet":"max-snippet:-1","max-image-preview":"max-image-preview:large","max-video-preview":"max-video-preview:-1"},"canonical":"https:\/\/yarraoceansuitesdanang.com\/vi\/yarra-spa\/body-treatment\/","og_locale":"vi_VN","og_type":"article","og_title":"Tr\u1ecb li\u1ec7u to\u00e0n th\u00e2n | Yarra Ocean Suites Danang","og_description":"Ch\u0103m s\u00f3c c\u01a1 th\u1ec3 chuy\u00ean s\u00e2u","og_url":"https:\/\/yarraoceansuitesdanang.com\/vi\/yarra-spa\/body-treatment\/","og_site_name":"Yarra Ocean Suites Danang","article_modified_time":"2026-03-13T08:28:55+00:00","twitter_card":"summary_large_image","twitter_misc":{"Est. reading time":"1 minute"},"schema":{"@context":"https:\/\/schema.org","@graph":[{"@type":"WebPage","@id":"https:\/\/yarraoceansuitesdanang.com\/vi\/yarra-spa\/body-treatment\/","url":"https:\/\/yarraoceansuitesdanang.com\/vi\/yarra-spa\/body-treatment\/","name":"Tr\u1ecb li\u1ec7u to\u00e0n th\u00e2n | Yarra Ocean Suites Danang","isPartOf":{"@id":"https:\/\/yarraoceansuitesdanang.com\/vi\/#website"},"datePublished":"2026-02-24T14:42:50+00:00","dateModified":"2026-03-13T08:28:55+00:00","description":"Ch\u0103m s\u00f3c c\u01a1 th\u1ec3 chuy\u00ean s\u00e2u","breadcrumb":{"@id":"https:\/\/yarraoceansuitesdanang.com\/vi\/yarra-spa\/body-treatment\/#breadcrumb"},"inLanguage":"vi-VN","potentialAction":[{"@type":"ReadAction","target":["https:\/\/yarraoceansuitesdanang.com\/vi\/yarra-spa\/body-treatment\/"]}]},{"@type":"BreadcrumbList","@id":"https:\/\/yarraoceansuitesdanang.com\/vi\/yarra-spa\/body-treatment\/#breadcrumb","itemListElement":[{"@type":"ListItem","position":1,"name":"Home","item":"https:\/\/yarraoceansuitesdanang.com\/vi\/"},{"@type":"ListItem","position":2,"name":"Yarra Spa","item":"https:\/\/yarraoceansuitesdanang.com\/vi\/yarra-spa\/"},{"@type":"ListItem","position":3,"name":"Tr\u1ecb li\u1ec7u to\u00e0n th\u00e2n"}]},{"@type":"WebSite","@id":"https:\/\/yarraoceansuitesdanang.com\/vi\/#website","url":"https:\/\/yarraoceansuitesdanang.com\/vi\/","name":"Yarra Ocean Suites Danang","description":"","potentialAction":[{"@type":"SearchAction","target":{"@type":"EntryPoint","urlTemplate":"https:\/\/yarraoceansuitesdanang.com\/vi\/?s={search_term_string}"},"query-input":"required name=search_term_string"}],"inLanguage":"vi-VN"}]}},"acf":[],"_links":{"self":[{"href":"https:\/\/yarraoceansuitesdanang.com\/vi\/wp-json\/wp\/v2\/pages\/198"}],"collection":[{"href":"https:\/\/yarraoceansuitesdanang.com\/vi\/wp-json\/wp\/v2\/pages"}],"about":[{"href":"https:\/\/yarraoceansuitesdanang.com\/vi\/wp-json\/wp\/v2\/types\/page"}],"author":[{"embeddable":true,"href":"https:\/\/yarraoceansuitesdanang.com\/vi\/wp-json\/wp\/v2\/users\/90"}],"replies":[{"embeddable":true,"href":"https:\/\/yarraoceansuitesdanang.com\/vi\/wp-json\/wp\/v2\/comments?post=198"}],"version-history":[{"count":0,"href":"https:\/\/yarraoceansuitesdanang.com\/vi\/wp-json\/wp\/v2\/pages\/198\/revisions"}],"up":[{"embeddable":true,"href":"https:\/\/yarraoceansuitesdanang.com\/vi\/wp-json\/wp\/v2\/pages\/197"}],"wp:attachment":[{"href":"https:\/\/yarraoceansuitesdanang.com\/vi\/wp-json\/wp\/v2\/media?parent=198"}],"curies":[{"name":"wp","href":"https:\/\/api.w.org\/{rel}","templated":true}]}}