{"id":197,"date":"2026-02-24T22:40:16","date_gmt":"2026-02-24T14:40:16","guid":{"rendered":"https:\/\/yarraoceansuitesdanang.ms2.decms.asia\/yarra-spa\/"},"modified":"2026-03-13T16:28:51","modified_gmt":"2026-03-13T08:28:51","slug":"yarra-spa","status":"publish","type":"page","link":"https:\/\/yarraoceansuitesdanang.com\/vi\/yarra-spa\/","title":{"rendered":"Yarra Spa"},"content":{"rendered":"<p>Ch\u1ed1n \u1ea9n n\u00e1u kh\u1ecfi th\u00e0nh th\u1ecb n\u0103ng \u0111\u1ed9ng, r\u1eddi ra nh\u1eefng gi\u00e2y ph\u00fat n\u0103ng l\u01b0\u1ee3ng ng\u00e0y d\u00e0i. N\u01a1i thanh b\u00ecnh ch\u1eadm l\u1ea1i nh\u1ecbp s\u1ed1ng. \u0110\u1eafm ch\u00ecm trong c\u00e1c li\u1ec7u tr\u00ecnh giao thoa \u0110\u00f4ng T\u00e2y trong kh\u00f4ng gian th\u01b0 gi\u00e3n. C\u00e1c ti\u1ec7n \u00edch kh\u00e1c bao g\u1ed3m ph\u00f2ng x\u00f4ng h\u01a1i, b\u1ec3 s\u1ee5c, v\u00e0 t\u1eafm h\u01a1i \u01b0\u1edbt v\u1edbi t\u1ea7m nh\u00ecn ra b\u00e3i bi\u1ec3n tuy\u1ec7t \u0111\u1eb9p v\u00e0 \u0111\u1ea1i d\u01b0\u01a1ng v\u00f4 t\u1eadn.<\/p>\n<p><strong>V\u1ecb tr\u00ed:<\/strong> T\u1ea7ng 16<br \/>\n<strong>Th\u1eddi gian ho\u1ea1t \u0111\u1ed9ng:<\/strong> 9:00 \u2013 21:00<\/p>\n","protected":false},"excerpt":{"rendered":"<p>Ch\u1ed1n \u1ea9n n\u00e1u kh\u1ecfi th\u00e0nh th\u1ecb n\u0103ng \u0111\u1ed9ng, r\u1eddi ra nh\u1eefng gi\u00e2y ph\u00fat n\u0103ng l\u01b0\u1ee3ng ng\u00e0y d\u00e0i. N\u01a1i thanh b\u00ecnh ch\u1eadm l\u1ea1i nh\u1ecbp s\u1ed1ng. \u0110\u1eafm ch\u00ecm trong c\u00e1c li\u1ec7u tr\u00ecnh giao thoa \u0110\u00f4ng T\u00e2y trong kh\u00f4ng gian th\u01b0 gi\u00e3n. C\u00e1c ti\u1ec7n \u00edch kh\u00e1c bao g\u1ed3m ph\u00f2ng x\u00f4ng h\u01a1i, b\u1ec3 s\u1ee5c, v\u00e0 t\u1eafm h\u01a1i \u01b0\u1edbt v\u1edbi [&hellip;]<\/p>\n","protected":false},"author":90,"featured_media":0,"parent":0,"menu_order":0,"comment_status":"closed","ping_status":"closed","template":"template-spa.php","meta":{"footnotes":""},"yoast_head":"<!-- This site is optimized with the Yoast SEO plugin v22.3 - https:\/\/yoast.com\/wordpress\/plugins\/seo\/ -->\n<title>Yarra Spa | Yarra Ocean Suites Danang<\/title>\n<meta name=\"description\" content=\"N\u01a1i s\u1ef1 b\u00ecnh y\u00ean ch\u1ea1m \u0111\u1ebfn t\u1eebng kho\u1ea3nh kh\u1eafc\" \/>\n<meta name=\"robots\" content=\"index, follow, max-snippet:-1, max-image-preview:large, max-video-preview:-1\" \/>\n<link rel=\"canonical\" href=\"https:\/\/yarraoceansuitesdanang.com\/vi\/yarra-spa\/\" \/>\n<meta property=\"og:locale\" content=\"vi_VN\" \/>\n<meta property=\"og:type\" content=\"article\" \/>\n<meta property=\"og:title\" content=\"Yarra Spa | Yarra Ocean Suites Danang\" \/>\n<meta property=\"og:description\" content=\"N\u01a1i s\u1ef1 b\u00ecnh y\u00ean ch\u1ea1m \u0111\u1ebfn t\u1eebng kho\u1ea3nh kh\u1eafc\" \/>\n<meta property=\"og:url\" content=\"https:\/\/yarraoceansuitesdanang.com\/vi\/yarra-spa\/\" \/>\n<meta property=\"og:site_name\" content=\"Yarra Ocean Suites Danang\" \/>\n<meta property=\"article:modified_time\" content=\"2026-03-13T08:28:51+00:00\" \/>\n<meta name=\"twitter:card\" content=\"summary_large_image\" \/>\n<meta name=\"twitter:label1\" content=\"Est. reading time\" \/>\n\t<meta name=\"twitter:data1\" content=\"1 minute\" \/>\n<script type=\"application\/ld+json\" class=\"yoast-schema-graph\">{\"@context\":\"https:\/\/schema.org\",\"@graph\":[{\"@type\":\"WebPage\",\"@id\":\"https:\/\/yarraoceansuitesdanang.com\/vi\/yarra-spa\/\",\"url\":\"https:\/\/yarraoceansuitesdanang.com\/vi\/yarra-spa\/\",\"name\":\"Yarra Spa | Yarra Ocean Suites Danang\",\"isPartOf\":{\"@id\":\"https:\/\/yarraoceansuitesdanang.com\/vi\/#website\"},\"datePublished\":\"2026-02-24T14:40:16+00:00\",\"dateModified\":\"2026-03-13T08:28:51+00:00\",\"description\":\"N\u01a1i s\u1ef1 b\u00ecnh y\u00ean ch\u1ea1m \u0111\u1ebfn t\u1eebng kho\u1ea3nh kh\u1eafc\",\"breadcrumb\":{\"@id\":\"https:\/\/yarraoceansuitesdanang.com\/vi\/yarra-spa\/#breadcrumb\"},\"inLanguage\":\"vi-VN\",\"potentialAction\":[{\"@type\":\"ReadAction\",\"target\":[\"https:\/\/yarraoceansuitesdanang.com\/vi\/yarra-spa\/\"]}]},{\"@type\":\"BreadcrumbList\",\"@id\":\"https:\/\/yarraoceansuitesdanang.com\/vi\/yarra-spa\/#breadcrumb\",\"itemListElement\":[{\"@type\":\"ListItem\",\"position\":1,\"name\":\"Home\",\"item\":\"https:\/\/yarraoceansuitesdanang.com\/vi\/\"},{\"@type\":\"ListItem\",\"position\":2,\"name\":\"Yarra Spa\"}]},{\"@type\":\"WebSite\",\"@id\":\"https:\/\/yarraoceansuitesdanang.com\/vi\/#website\",\"url\":\"https:\/\/yarraoceansuitesdanang.com\/vi\/\",\"name\":\"Yarra Ocean Suites Danang\",\"description\":\"\",\"potentialAction\":[{\"@type\":\"SearchAction\",\"target\":{\"@type\":\"EntryPoint\",\"urlTemplate\":\"https:\/\/yarraoceansuitesdanang.com\/vi\/?s={search_term_string}\"},\"query-input\":\"required name=search_term_string\"}],\"inLanguage\":\"vi-VN\"}]}<\/script>\n<!-- \/ Yoast SEO plugin. -->","yoast_head_json":{"title":"Yarra Spa | Yarra Ocean Suites Danang","description":"N\u01a1i s\u1ef1 b\u00ecnh y\u00ean ch\u1ea1m \u0111\u1ebfn t\u1eebng kho\u1ea3nh kh\u1eafc","robots":{"index":"index","follow":"follow","max-snippet":"max-snippet:-1","max-image-preview":"max-image-preview:large","max-video-preview":"max-video-preview:-1"},"canonical":"https:\/\/yarraoceansuitesdanang.com\/vi\/yarra-spa\/","og_locale":"vi_VN","og_type":"article","og_title":"Yarra Spa | Yarra Ocean Suites Danang","og_description":"N\u01a1i s\u1ef1 b\u00ecnh y\u00ean ch\u1ea1m \u0111\u1ebfn t\u1eebng kho\u1ea3nh kh\u1eafc","og_url":"https:\/\/yarraoceansuitesdanang.com\/vi\/yarra-spa\/","og_site_name":"Yarra Ocean Suites Danang","article_modified_time":"2026-03-13T08:28:51+00:00","twitter_card":"summary_large_image","twitter_misc":{"Est. reading time":"1 minute"},"schema":{"@context":"https:\/\/schema.org","@graph":[{"@type":"WebPage","@id":"https:\/\/yarraoceansuitesdanang.com\/vi\/yarra-spa\/","url":"https:\/\/yarraoceansuitesdanang.com\/vi\/yarra-spa\/","name":"Yarra Spa | Yarra Ocean Suites Danang","isPartOf":{"@id":"https:\/\/yarraoceansuitesdanang.com\/vi\/#website"},"datePublished":"2026-02-24T14:40:16+00:00","dateModified":"2026-03-13T08:28:51+00:00","description":"N\u01a1i s\u1ef1 b\u00ecnh y\u00ean ch\u1ea1m \u0111\u1ebfn t\u1eebng kho\u1ea3nh kh\u1eafc","breadcrumb":{"@id":"https:\/\/yarraoceansuitesdanang.com\/vi\/yarra-spa\/#breadcrumb"},"inLanguage":"vi-VN","potentialAction":[{"@type":"ReadAction","target":["https:\/\/yarraoceansuitesdanang.com\/vi\/yarra-spa\/"]}]},{"@type":"BreadcrumbList","@id":"https:\/\/yarraoceansuitesdanang.com\/vi\/yarra-spa\/#breadcrumb","itemListElement":[{"@type":"ListItem","position":1,"name":"Home","item":"https:\/\/yarraoceansuitesdanang.com\/vi\/"},{"@type":"ListItem","position":2,"name":"Yarra Spa"}]},{"@type":"WebSite","@id":"https:\/\/yarraoceansuitesdanang.com\/vi\/#website","url":"https:\/\/yarraoceansuitesdanang.com\/vi\/","name":"Yarra Ocean Suites Danang","description":"","potentialAction":[{"@type":"SearchAction","target":{"@type":"EntryPoint","urlTemplate":"https:\/\/yarraoceansuitesdanang.com\/vi\/?s={search_term_string}"},"query-input":"required name=search_term_string"}],"inLanguage":"vi-VN"}]}},"acf":[],"_links":{"self":[{"href":"https:\/\/yarraoceansuitesdanang.com\/vi\/wp-json\/wp\/v2\/pages\/197"}],"collection":[{"href":"https:\/\/yarraoceansuitesdanang.com\/vi\/wp-json\/wp\/v2\/pages"}],"about":[{"href":"https:\/\/yarraoceansuitesdanang.com\/vi\/wp-json\/wp\/v2\/types\/page"}],"author":[{"embeddable":true,"href":"https:\/\/yarraoceansuitesdanang.com\/vi\/wp-json\/wp\/v2\/users\/90"}],"replies":[{"embeddable":true,"href":"https:\/\/yarraoceansuitesdanang.com\/vi\/wp-json\/wp\/v2\/comments?post=197"}],"version-history":[{"count":0,"href":"https:\/\/yarraoceansuitesdanang.com\/vi\/wp-json\/wp\/v2\/pages\/197\/revisions"}],"wp:attachment":[{"href":"https:\/\/yarraoceansuitesdanang.com\/vi\/wp-json\/wp\/v2\/media?parent=197"}],"curies":[{"name":"wp","href":"https:\/\/api.w.org\/{rel}","templated":true}]}}