{"id":196,"date":"2026-02-25T00:50:36","date_gmt":"2026-02-24T16:50:36","guid":{"rendered":"https:\/\/yarraoceansuitesdanang.ms2.decms.asia\/services\/laundry-service\/"},"modified":"2026-03-11T16:23:33","modified_gmt":"2026-03-11T08:23:33","slug":"laundry-service","status":"publish","type":"page","link":"https:\/\/yarraoceansuitesdanang.com\/vi\/services\/laundry-service\/","title":{"rendered":"D\u1ecbch v\u1ee5 gi\u1eb7t \u1ee7i"},"content":{"rendered":"<p>Gi\u1eef chuy\u1ebfn ngh\u1ec9 c\u1ee7a b\u1ea1n th\u1eadt nh\u1eb9 nh\u00e0ng v\u1edbi d\u1ecbch v\u1ee5 gi\u1eb7t \u1ee7i ti\u1ec7n l\u1ee3i. T\u1eeb trang ph\u1ee5c th\u01b0\u1eddng ng\u00e0y \u0111\u1ebfn c\u00e1c ch\u1ea5t li\u1ec7u c\u1ea7n ch\u0103m s\u00f3c \u0111\u1eb7c bi\u1ec7t, \u0111\u1ed9i ng\u0169 c\u1ee7a ch\u00fang t\u00f4i \u0111\u1ea3m b\u1ea3o \u0111\u1ed3 c\u1ee7a b\u1ea1n \u0111\u01b0\u1ee3c l\u00e0m s\u1ea1ch, l\u00e0m m\u1edbi v\u00e0 tr\u1ea3 l\u1ea1i nhanh ch\u00f3ng.<\/p>\n","protected":false},"excerpt":{"rendered":"<p>Gi\u1eef chuy\u1ebfn ngh\u1ec9 c\u1ee7a b\u1ea1n th\u1eadt nh\u1eb9 nh\u00e0ng v\u1edbi d\u1ecbch v\u1ee5 gi\u1eb7t \u1ee7i ti\u1ec7n l\u1ee3i. T\u1eeb trang ph\u1ee5c th\u01b0\u1eddng ng\u00e0y \u0111\u1ebfn c\u00e1c ch\u1ea5t li\u1ec7u c\u1ea7n ch\u0103m s\u00f3c \u0111\u1eb7c bi\u1ec7t, \u0111\u1ed9i ng\u0169 c\u1ee7a ch\u00fang t\u00f4i \u0111\u1ea3m b\u1ea3o \u0111\u1ed3 c\u1ee7a b\u1ea1n \u0111\u01b0\u1ee3c l\u00e0m s\u1ea1ch, l\u00e0m m\u1edbi v\u00e0 tr\u1ea3 l\u1ea1i nhanh ch\u00f3ng.<\/p>\n","protected":false},"author":90,"featured_media":0,"parent":193,"menu_order":1,"comment_status":"closed","ping_status":"closed","template":"template-single-service.php","meta":{"footnotes":""},"yoast_head":"<!-- This site is optimized with the Yoast SEO plugin v22.3 - https:\/\/yoast.com\/wordpress\/plugins\/seo\/ -->\n<title>D\u1ecbch v\u1ee5 gi\u1eb7t l\u00e0 | Yarra Ocean Suites Danang<\/title>\n<meta name=\"description\" content=\"Ch\u0103m ch\u00fat k\u1ef9 l\u01b0\u1ee1ng v\u00e0 t\u1eadn t\u00e2m\" \/>\n<meta name=\"robots\" content=\"index, follow, max-snippet:-1, max-image-preview:large, max-video-preview:-1\" \/>\n<link rel=\"canonical\" href=\"https:\/\/yarraoceansuitesdanang.com\/vi\/services\/laundry-service\/\" \/>\n<meta property=\"og:locale\" content=\"vi_VN\" \/>\n<meta property=\"og:type\" content=\"article\" \/>\n<meta property=\"og:title\" content=\"D\u1ecbch v\u1ee5 gi\u1eb7t l\u00e0 | Yarra Ocean Suites Danang\" \/>\n<meta property=\"og:description\" content=\"Ch\u0103m ch\u00fat k\u1ef9 l\u01b0\u1ee1ng v\u00e0 t\u1eadn t\u00e2m\" \/>\n<meta property=\"og:url\" content=\"https:\/\/yarraoceansuitesdanang.com\/vi\/services\/laundry-service\/\" \/>\n<meta property=\"og:site_name\" content=\"Yarra Ocean Suites Danang\" \/>\n<meta property=\"article:modified_time\" content=\"2026-03-11T08:23:33+00:00\" \/>\n<meta name=\"twitter:card\" content=\"summary_large_image\" \/>\n<meta name=\"twitter:label1\" content=\"Est. reading time\" \/>\n\t<meta name=\"twitter:data1\" content=\"1 minute\" \/>\n<script type=\"application\/ld+json\" class=\"yoast-schema-graph\">{\"@context\":\"https:\/\/schema.org\",\"@graph\":[{\"@type\":\"WebPage\",\"@id\":\"https:\/\/yarraoceansuitesdanang.com\/vi\/services\/laundry-service\/\",\"url\":\"https:\/\/yarraoceansuitesdanang.com\/vi\/services\/laundry-service\/\",\"name\":\"D\u1ecbch v\u1ee5 gi\u1eb7t l\u00e0 | Yarra Ocean Suites Danang\",\"isPartOf\":{\"@id\":\"https:\/\/yarraoceansuitesdanang.com\/vi\/#website\"},\"datePublished\":\"2026-02-24T16:50:36+00:00\",\"dateModified\":\"2026-03-11T08:23:33+00:00\",\"description\":\"Ch\u0103m ch\u00fat k\u1ef9 l\u01b0\u1ee1ng v\u00e0 t\u1eadn t\u00e2m\",\"breadcrumb\":{\"@id\":\"https:\/\/yarraoceansuitesdanang.com\/vi\/services\/laundry-service\/#breadcrumb\"},\"inLanguage\":\"vi-VN\",\"potentialAction\":[{\"@type\":\"ReadAction\",\"target\":[\"https:\/\/yarraoceansuitesdanang.com\/vi\/services\/laundry-service\/\"]}]},{\"@type\":\"BreadcrumbList\",\"@id\":\"https:\/\/yarraoceansuitesdanang.com\/vi\/services\/laundry-service\/#breadcrumb\",\"itemListElement\":[{\"@type\":\"ListItem\",\"position\":1,\"name\":\"Home\",\"item\":\"https:\/\/yarraoceansuitesdanang.com\/vi\/\"},{\"@type\":\"ListItem\",\"position\":2,\"name\":\"D\u1ecbch v\u1ee5\",\"item\":\"https:\/\/yarraoceansuitesdanang.com\/vi\/services\/\"},{\"@type\":\"ListItem\",\"position\":3,\"name\":\"D\u1ecbch v\u1ee5 gi\u1eb7t \u1ee7i\"}]},{\"@type\":\"WebSite\",\"@id\":\"https:\/\/yarraoceansuitesdanang.com\/vi\/#website\",\"url\":\"https:\/\/yarraoceansuitesdanang.com\/vi\/\",\"name\":\"Yarra Ocean Suites Danang\",\"description\":\"\",\"potentialAction\":[{\"@type\":\"SearchAction\",\"target\":{\"@type\":\"EntryPoint\",\"urlTemplate\":\"https:\/\/yarraoceansuitesdanang.com\/vi\/?s={search_term_string}\"},\"query-input\":\"required name=search_term_string\"}],\"inLanguage\":\"vi-VN\"}]}<\/script>\n<!-- \/ Yoast SEO plugin. -->","yoast_head_json":{"title":"D\u1ecbch v\u1ee5 gi\u1eb7t l\u00e0 | Yarra Ocean Suites Danang","description":"Ch\u0103m ch\u00fat k\u1ef9 l\u01b0\u1ee1ng v\u00e0 t\u1eadn t\u00e2m","robots":{"index":"index","follow":"follow","max-snippet":"max-snippet:-1","max-image-preview":"max-image-preview:large","max-video-preview":"max-video-preview:-1"},"canonical":"https:\/\/yarraoceansuitesdanang.com\/vi\/services\/laundry-service\/","og_locale":"vi_VN","og_type":"article","og_title":"D\u1ecbch v\u1ee5 gi\u1eb7t l\u00e0 | Yarra Ocean Suites Danang","og_description":"Ch\u0103m ch\u00fat k\u1ef9 l\u01b0\u1ee1ng v\u00e0 t\u1eadn t\u00e2m","og_url":"https:\/\/yarraoceansuitesdanang.com\/vi\/services\/laundry-service\/","og_site_name":"Yarra Ocean Suites Danang","article_modified_time":"2026-03-11T08:23:33+00:00","twitter_card":"summary_large_image","twitter_misc":{"Est. reading time":"1 minute"},"schema":{"@context":"https:\/\/schema.org","@graph":[{"@type":"WebPage","@id":"https:\/\/yarraoceansuitesdanang.com\/vi\/services\/laundry-service\/","url":"https:\/\/yarraoceansuitesdanang.com\/vi\/services\/laundry-service\/","name":"D\u1ecbch v\u1ee5 gi\u1eb7t l\u00e0 | Yarra Ocean Suites Danang","isPartOf":{"@id":"https:\/\/yarraoceansuitesdanang.com\/vi\/#website"},"datePublished":"2026-02-24T16:50:36+00:00","dateModified":"2026-03-11T08:23:33+00:00","description":"Ch\u0103m ch\u00fat k\u1ef9 l\u01b0\u1ee1ng v\u00e0 t\u1eadn t\u00e2m","breadcrumb":{"@id":"https:\/\/yarraoceansuitesdanang.com\/vi\/services\/laundry-service\/#breadcrumb"},"inLanguage":"vi-VN","potentialAction":[{"@type":"ReadAction","target":["https:\/\/yarraoceansuitesdanang.com\/vi\/services\/laundry-service\/"]}]},{"@type":"BreadcrumbList","@id":"https:\/\/yarraoceansuitesdanang.com\/vi\/services\/laundry-service\/#breadcrumb","itemListElement":[{"@type":"ListItem","position":1,"name":"Home","item":"https:\/\/yarraoceansuitesdanang.com\/vi\/"},{"@type":"ListItem","position":2,"name":"D\u1ecbch v\u1ee5","item":"https:\/\/yarraoceansuitesdanang.com\/vi\/services\/"},{"@type":"ListItem","position":3,"name":"D\u1ecbch v\u1ee5 gi\u1eb7t \u1ee7i"}]},{"@type":"WebSite","@id":"https:\/\/yarraoceansuitesdanang.com\/vi\/#website","url":"https:\/\/yarraoceansuitesdanang.com\/vi\/","name":"Yarra Ocean Suites Danang","description":"","potentialAction":[{"@type":"SearchAction","target":{"@type":"EntryPoint","urlTemplate":"https:\/\/yarraoceansuitesdanang.com\/vi\/?s={search_term_string}"},"query-input":"required name=search_term_string"}],"inLanguage":"vi-VN"}]}},"acf":[],"_links":{"self":[{"href":"https:\/\/yarraoceansuitesdanang.com\/vi\/wp-json\/wp\/v2\/pages\/196"}],"collection":[{"href":"https:\/\/yarraoceansuitesdanang.com\/vi\/wp-json\/wp\/v2\/pages"}],"about":[{"href":"https:\/\/yarraoceansuitesdanang.com\/vi\/wp-json\/wp\/v2\/types\/page"}],"author":[{"embeddable":true,"href":"https:\/\/yarraoceansuitesdanang.com\/vi\/wp-json\/wp\/v2\/users\/90"}],"replies":[{"embeddable":true,"href":"https:\/\/yarraoceansuitesdanang.com\/vi\/wp-json\/wp\/v2\/comments?post=196"}],"version-history":[{"count":0,"href":"https:\/\/yarraoceansuitesdanang.com\/vi\/wp-json\/wp\/v2\/pages\/196\/revisions"}],"up":[{"embeddable":true,"href":"https:\/\/yarraoceansuitesdanang.com\/vi\/wp-json\/wp\/v2\/pages\/193"}],"wp:attachment":[{"href":"https:\/\/yarraoceansuitesdanang.com\/vi\/wp-json\/wp\/v2\/media?parent=196"}],"curies":[{"name":"wp","href":"https:\/\/api.w.org\/{rel}","templated":true}]}}