{"id":195,"date":"2026-02-24T22:36:43","date_gmt":"2026-02-24T14:36:43","guid":{"rendered":"https:\/\/yarraoceansuitesdanang.ms2.decms.asia\/services\/transportation\/"},"modified":"2026-04-13T14:38:52","modified_gmt":"2026-04-13T06:38:52","slug":"transportation","status":"publish","type":"page","link":"https:\/\/yarraoceansuitesdanang.com\/vi\/services\/transportation\/","title":{"rendered":"D\u1ecbch v\u1ee5 \u0111\u01b0a \u0111\u00f3n"},"content":{"rendered":"<p>T\u1eadn h\u01b0\u1edfng h\u00e0nh tr\u00ecnh thu\u1eadn ti\u1ec7n v\u1edbi d\u1ecbch v\u1ee5 \u0111\u01b0a \u0111\u00f3n c\u1ee7a kh\u00e1ch s\u1ea1n. D\u00f9 l\u00e0 \u0111\u00f3n \u2013 ti\u1ec5n s\u00e2n bay hay di chuy\u1ec3n trong th\u00e0nh ph\u1ed1, \u0111\u1ed9i ng\u0169 ch\u00fang t\u00f4i lu\u00f4n \u0111\u1ea3m b\u1ea3o chuy\u1ebfn \u0111i an to\u00e0n, tho\u1ea3i m\u00e1i v\u00e0 \u0111\u00fang gi\u1edd.<\/p>\n<p>D\u1ecbch v\u1ee5 bao g\u1ed3m \u0111\u01b0a \u0111\u00f3n tuy\u1ebfn c\u1ed1 \u0111\u1ecbnh ho\u1eb7c theo y\u00eau c\u1ea7u.<\/p>\n","protected":false},"excerpt":{"rendered":"<p>T\u1eadn h\u01b0\u1edfng h\u00e0nh tr\u00ecnh thu\u1eadn ti\u1ec7n v\u1edbi d\u1ecbch v\u1ee5 \u0111\u01b0a \u0111\u00f3n c\u1ee7a kh\u00e1ch s\u1ea1n. D\u00f9 l\u00e0 \u0111\u00f3n \u2013 ti\u1ec5n s\u00e2n bay hay di chuy\u1ec3n trong th\u00e0nh ph\u1ed1, \u0111\u1ed9i ng\u0169 ch\u00fang t\u00f4i lu\u00f4n \u0111\u1ea3m b\u1ea3o chuy\u1ebfn \u0111i an to\u00e0n, tho\u1ea3i m\u00e1i v\u00e0 \u0111\u00fang gi\u1edd. D\u1ecbch v\u1ee5 bao g\u1ed3m \u0111\u01b0a \u0111\u00f3n tuy\u1ebfn c\u1ed1 \u0111\u1ecbnh ho\u1eb7c theo y\u00eau [&hellip;]<\/p>\n","protected":false},"author":90,"featured_media":0,"parent":193,"menu_order":0,"comment_status":"closed","ping_status":"closed","template":"template-single-service.php","meta":{"footnotes":""},"yoast_head":"<!-- This site is optimized with the Yoast SEO plugin v22.3 - https:\/\/yoast.com\/wordpress\/plugins\/seo\/ -->\n<title>D\u1ecbch v\u1ee5 \u0111\u01b0a \u0111\u00f3n | Yarra Ocean Suites Danang<\/title>\n<meta name=\"description\" content=\"Kh\u00e1m ph\u00e1 t\u1eebng ch\u1eb7ng h\u00e0nh tr\u00ecnh\" \/>\n<meta name=\"robots\" content=\"index, follow, max-snippet:-1, max-image-preview:large, max-video-preview:-1\" \/>\n<link rel=\"canonical\" href=\"https:\/\/yarraoceansuitesdanang.com\/vi\/services\/transportation\/\" \/>\n<meta property=\"og:locale\" content=\"vi_VN\" \/>\n<meta property=\"og:type\" content=\"article\" \/>\n<meta property=\"og:title\" content=\"D\u1ecbch v\u1ee5 \u0111\u01b0a \u0111\u00f3n | Yarra Ocean Suites Danang\" \/>\n<meta property=\"og:description\" content=\"Kh\u00e1m ph\u00e1 t\u1eebng ch\u1eb7ng h\u00e0nh tr\u00ecnh\" \/>\n<meta property=\"og:url\" content=\"https:\/\/yarraoceansuitesdanang.com\/vi\/services\/transportation\/\" \/>\n<meta property=\"og:site_name\" content=\"Yarra Ocean Suites Danang\" \/>\n<meta property=\"article:modified_time\" content=\"2026-04-13T06:38:52+00:00\" \/>\n<meta name=\"twitter:card\" content=\"summary_large_image\" \/>\n<meta name=\"twitter:label1\" content=\"Est. reading time\" \/>\n\t<meta name=\"twitter:data1\" content=\"1 minute\" \/>\n<script type=\"application\/ld+json\" class=\"yoast-schema-graph\">{\"@context\":\"https:\/\/schema.org\",\"@graph\":[{\"@type\":\"WebPage\",\"@id\":\"https:\/\/yarraoceansuitesdanang.com\/vi\/services\/transportation\/\",\"url\":\"https:\/\/yarraoceansuitesdanang.com\/vi\/services\/transportation\/\",\"name\":\"D\u1ecbch v\u1ee5 \u0111\u01b0a \u0111\u00f3n | Yarra Ocean Suites Danang\",\"isPartOf\":{\"@id\":\"https:\/\/yarraoceansuitesdanang.com\/vi\/#website\"},\"datePublished\":\"2026-02-24T14:36:43+00:00\",\"dateModified\":\"2026-04-13T06:38:52+00:00\",\"description\":\"Kh\u00e1m ph\u00e1 t\u1eebng ch\u1eb7ng h\u00e0nh tr\u00ecnh\",\"breadcrumb\":{\"@id\":\"https:\/\/yarraoceansuitesdanang.com\/vi\/services\/transportation\/#breadcrumb\"},\"inLanguage\":\"vi-VN\",\"potentialAction\":[{\"@type\":\"ReadAction\",\"target\":[\"https:\/\/yarraoceansuitesdanang.com\/vi\/services\/transportation\/\"]}]},{\"@type\":\"BreadcrumbList\",\"@id\":\"https:\/\/yarraoceansuitesdanang.com\/vi\/services\/transportation\/#breadcrumb\",\"itemListElement\":[{\"@type\":\"ListItem\",\"position\":1,\"name\":\"Home\",\"item\":\"https:\/\/yarraoceansuitesdanang.com\/vi\/\"},{\"@type\":\"ListItem\",\"position\":2,\"name\":\"D\u1ecbch v\u1ee5\",\"item\":\"https:\/\/yarraoceansuitesdanang.com\/vi\/services\/\"},{\"@type\":\"ListItem\",\"position\":3,\"name\":\"D\u1ecbch v\u1ee5 \u0111\u01b0a \u0111\u00f3n\"}]},{\"@type\":\"WebSite\",\"@id\":\"https:\/\/yarraoceansuitesdanang.com\/vi\/#website\",\"url\":\"https:\/\/yarraoceansuitesdanang.com\/vi\/\",\"name\":\"Yarra Ocean Suites Danang\",\"description\":\"\",\"potentialAction\":[{\"@type\":\"SearchAction\",\"target\":{\"@type\":\"EntryPoint\",\"urlTemplate\":\"https:\/\/yarraoceansuitesdanang.com\/vi\/?s={search_term_string}\"},\"query-input\":\"required name=search_term_string\"}],\"inLanguage\":\"vi-VN\"}]}<\/script>\n<!-- \/ Yoast SEO plugin. -->","yoast_head_json":{"title":"D\u1ecbch v\u1ee5 \u0111\u01b0a \u0111\u00f3n | Yarra Ocean Suites Danang","description":"Kh\u00e1m ph\u00e1 t\u1eebng ch\u1eb7ng h\u00e0nh tr\u00ecnh","robots":{"index":"index","follow":"follow","max-snippet":"max-snippet:-1","max-image-preview":"max-image-preview:large","max-video-preview":"max-video-preview:-1"},"canonical":"https:\/\/yarraoceansuitesdanang.com\/vi\/services\/transportation\/","og_locale":"vi_VN","og_type":"article","og_title":"D\u1ecbch v\u1ee5 \u0111\u01b0a \u0111\u00f3n | Yarra Ocean Suites Danang","og_description":"Kh\u00e1m ph\u00e1 t\u1eebng ch\u1eb7ng h\u00e0nh tr\u00ecnh","og_url":"https:\/\/yarraoceansuitesdanang.com\/vi\/services\/transportation\/","og_site_name":"Yarra Ocean Suites Danang","article_modified_time":"2026-04-13T06:38:52+00:00","twitter_card":"summary_large_image","twitter_misc":{"Est. reading time":"1 minute"},"schema":{"@context":"https:\/\/schema.org","@graph":[{"@type":"WebPage","@id":"https:\/\/yarraoceansuitesdanang.com\/vi\/services\/transportation\/","url":"https:\/\/yarraoceansuitesdanang.com\/vi\/services\/transportation\/","name":"D\u1ecbch v\u1ee5 \u0111\u01b0a \u0111\u00f3n | Yarra Ocean Suites Danang","isPartOf":{"@id":"https:\/\/yarraoceansuitesdanang.com\/vi\/#website"},"datePublished":"2026-02-24T14:36:43+00:00","dateModified":"2026-04-13T06:38:52+00:00","description":"Kh\u00e1m ph\u00e1 t\u1eebng ch\u1eb7ng h\u00e0nh tr\u00ecnh","breadcrumb":{"@id":"https:\/\/yarraoceansuitesdanang.com\/vi\/services\/transportation\/#breadcrumb"},"inLanguage":"vi-VN","potentialAction":[{"@type":"ReadAction","target":["https:\/\/yarraoceansuitesdanang.com\/vi\/services\/transportation\/"]}]},{"@type":"BreadcrumbList","@id":"https:\/\/yarraoceansuitesdanang.com\/vi\/services\/transportation\/#breadcrumb","itemListElement":[{"@type":"ListItem","position":1,"name":"Home","item":"https:\/\/yarraoceansuitesdanang.com\/vi\/"},{"@type":"ListItem","position":2,"name":"D\u1ecbch v\u1ee5","item":"https:\/\/yarraoceansuitesdanang.com\/vi\/services\/"},{"@type":"ListItem","position":3,"name":"D\u1ecbch v\u1ee5 \u0111\u01b0a \u0111\u00f3n"}]},{"@type":"WebSite","@id":"https:\/\/yarraoceansuitesdanang.com\/vi\/#website","url":"https:\/\/yarraoceansuitesdanang.com\/vi\/","name":"Yarra Ocean Suites Danang","description":"","potentialAction":[{"@type":"SearchAction","target":{"@type":"EntryPoint","urlTemplate":"https:\/\/yarraoceansuitesdanang.com\/vi\/?s={search_term_string}"},"query-input":"required name=search_term_string"}],"inLanguage":"vi-VN"}]}},"acf":[],"_links":{"self":[{"href":"https:\/\/yarraoceansuitesdanang.com\/vi\/wp-json\/wp\/v2\/pages\/195"}],"collection":[{"href":"https:\/\/yarraoceansuitesdanang.com\/vi\/wp-json\/wp\/v2\/pages"}],"about":[{"href":"https:\/\/yarraoceansuitesdanang.com\/vi\/wp-json\/wp\/v2\/types\/page"}],"author":[{"embeddable":true,"href":"https:\/\/yarraoceansuitesdanang.com\/vi\/wp-json\/wp\/v2\/users\/90"}],"replies":[{"embeddable":true,"href":"https:\/\/yarraoceansuitesdanang.com\/vi\/wp-json\/wp\/v2\/comments?post=195"}],"version-history":[{"count":0,"href":"https:\/\/yarraoceansuitesdanang.com\/vi\/wp-json\/wp\/v2\/pages\/195\/revisions"}],"up":[{"embeddable":true,"href":"https:\/\/yarraoceansuitesdanang.com\/vi\/wp-json\/wp\/v2\/pages\/193"}],"wp:attachment":[{"href":"https:\/\/yarraoceansuitesdanang.com\/vi\/wp-json\/wp\/v2\/media?parent=195"}],"curies":[{"name":"wp","href":"https:\/\/api.w.org\/{rel}","templated":true}]}}