{"id":193,"date":"2026-02-24T22:34:17","date_gmt":"2026-02-24T14:34:17","guid":{"rendered":"https:\/\/yarraoceansuitesdanang.ms2.decms.asia\/services\/"},"modified":"2026-02-25T10:20:37","modified_gmt":"2026-02-25T02:20:37","slug":"services","status":"publish","type":"page","link":"https:\/\/yarraoceansuitesdanang.com\/vi\/services\/","title":{"rendered":"D\u1ecbch v\u1ee5"},"content":{"rendered":"<p>T\u1ea1i Yarra Ocean Suites Danang, ch\u00fang t\u00f4i cung c\u1ea5p \u0111\u1ea7y \u0111\u1ee7 c\u00e1c d\u1ecbch v\u1ee5 thi\u1ebft y\u1ebfu \u0111\u1ec3 h\u00e0nh tr\u00ecnh c\u1ee7a b\u1ea1n lu\u00f4n thu\u1eadn ti\u1ec7n v\u00e0 tho\u1ea3i m\u00e1i. T\u1eeb d\u1ecbch v\u1ee5 gi\u1eb7t \u1ee7i chuy\u00ean nghi\u1ec7p, c\u00e1c tour tham quan kh\u00e1m ph\u00e1 \u0110\u00e0 N\u1eb5ng \u2013 H\u1ed9i An, cho \u0111\u1ebfn d\u1ecbch v\u1ee5 \u0111\u01b0a \u0111\u00f3n linh ho\u1ea1t \u0111\u1ebfn s\u00e2n bay, ga t\u00e0u ho\u1eb7c \u0111i\u1ec3m tham quan, \u0111\u1ed9i ng\u0169 c\u1ee7a ch\u00fang t\u00f4i lu\u00f4n s\u1eb5n s\u00e0ng h\u1ed7 tr\u1ee3 \u0111\u1ec3 b\u1ea1n t\u1eadn h\u01b0\u1edfng chuy\u1ebfn \u0111i tr\u1ecdn v\u1eb9n nh\u1ea5t.<\/p>\n","protected":false},"excerpt":{"rendered":"<p>T\u1ea1i Yarra Ocean Suites Danang, ch\u00fang t\u00f4i cung c\u1ea5p \u0111\u1ea7y \u0111\u1ee7 c\u00e1c d\u1ecbch v\u1ee5 thi\u1ebft y\u1ebfu \u0111\u1ec3 h\u00e0nh tr\u00ecnh c\u1ee7a b\u1ea1n lu\u00f4n thu\u1eadn ti\u1ec7n v\u00e0 tho\u1ea3i m\u00e1i. T\u1eeb d\u1ecbch v\u1ee5 gi\u1eb7t \u1ee7i chuy\u00ean nghi\u1ec7p, c\u00e1c tour tham quan kh\u00e1m ph\u00e1 \u0110\u00e0 N\u1eb5ng \u2013 H\u1ed9i An, cho \u0111\u1ebfn d\u1ecbch v\u1ee5 \u0111\u01b0a \u0111\u00f3n linh ho\u1ea1t \u0111\u1ebfn s\u00e2n [&hellip;]<\/p>\n","protected":false},"author":90,"featured_media":0,"parent":0,"menu_order":0,"comment_status":"closed","ping_status":"closed","template":"template-services.php","meta":{"footnotes":""},"yoast_head":"<!-- This site is optimized with the Yoast SEO plugin v22.3 - https:\/\/yoast.com\/wordpress\/plugins\/seo\/ -->\n<title>D\u1ecbch v\u1ee5 | Yarra Ocean Suites Danang<\/title>\n<meta name=\"description\" content=\"D\u1ecbch v\u1ee5 chu \u0111\u00e1o mang \u0111\u1ebfn tr\u1ea3i nghi\u1ec7m h\u00e0i l\u00f2ng tr\u1ecdn v\u1eb9n cho chuy\u1ebfn \u0111i\" \/>\n<meta name=\"robots\" content=\"index, follow, max-snippet:-1, max-image-preview:large, max-video-preview:-1\" \/>\n<link rel=\"canonical\" href=\"https:\/\/yarraoceansuitesdanang.com\/vi\/services\/\" \/>\n<meta property=\"og:locale\" content=\"vi_VN\" \/>\n<meta property=\"og:type\" content=\"article\" \/>\n<meta property=\"og:title\" content=\"D\u1ecbch v\u1ee5 | Yarra Ocean Suites Danang\" \/>\n<meta property=\"og:description\" content=\"D\u1ecbch v\u1ee5 chu \u0111\u00e1o mang \u0111\u1ebfn tr\u1ea3i nghi\u1ec7m h\u00e0i l\u00f2ng tr\u1ecdn v\u1eb9n cho chuy\u1ebfn \u0111i\" \/>\n<meta property=\"og:url\" content=\"https:\/\/yarraoceansuitesdanang.com\/vi\/services\/\" \/>\n<meta property=\"og:site_name\" content=\"Yarra Ocean Suites Danang\" \/>\n<meta property=\"article:modified_time\" content=\"2026-02-25T02:20:37+00:00\" \/>\n<meta name=\"twitter:card\" content=\"summary_large_image\" \/>\n<meta name=\"twitter:label1\" content=\"Est. reading time\" \/>\n\t<meta name=\"twitter:data1\" content=\"1 minute\" \/>\n<script type=\"application\/ld+json\" class=\"yoast-schema-graph\">{\"@context\":\"https:\/\/schema.org\",\"@graph\":[{\"@type\":\"WebPage\",\"@id\":\"https:\/\/yarraoceansuitesdanang.com\/vi\/services\/\",\"url\":\"https:\/\/yarraoceansuitesdanang.com\/vi\/services\/\",\"name\":\"D\u1ecbch v\u1ee5 | Yarra Ocean Suites Danang\",\"isPartOf\":{\"@id\":\"https:\/\/yarraoceansuitesdanang.com\/vi\/#website\"},\"datePublished\":\"2026-02-24T14:34:17+00:00\",\"dateModified\":\"2026-02-25T02:20:37+00:00\",\"description\":\"D\u1ecbch v\u1ee5 chu \u0111\u00e1o mang \u0111\u1ebfn tr\u1ea3i nghi\u1ec7m h\u00e0i l\u00f2ng tr\u1ecdn v\u1eb9n cho chuy\u1ebfn \u0111i\",\"breadcrumb\":{\"@id\":\"https:\/\/yarraoceansuitesdanang.com\/vi\/services\/#breadcrumb\"},\"inLanguage\":\"vi-VN\",\"potentialAction\":[{\"@type\":\"ReadAction\",\"target\":[\"https:\/\/yarraoceansuitesdanang.com\/vi\/services\/\"]}]},{\"@type\":\"BreadcrumbList\",\"@id\":\"https:\/\/yarraoceansuitesdanang.com\/vi\/services\/#breadcrumb\",\"itemListElement\":[{\"@type\":\"ListItem\",\"position\":1,\"name\":\"Home\",\"item\":\"https:\/\/yarraoceansuitesdanang.com\/vi\/\"},{\"@type\":\"ListItem\",\"position\":2,\"name\":\"D\u1ecbch v\u1ee5\"}]},{\"@type\":\"WebSite\",\"@id\":\"https:\/\/yarraoceansuitesdanang.com\/vi\/#website\",\"url\":\"https:\/\/yarraoceansuitesdanang.com\/vi\/\",\"name\":\"Yarra Ocean Suites Danang\",\"description\":\"\",\"potentialAction\":[{\"@type\":\"SearchAction\",\"target\":{\"@type\":\"EntryPoint\",\"urlTemplate\":\"https:\/\/yarraoceansuitesdanang.com\/vi\/?s={search_term_string}\"},\"query-input\":\"required name=search_term_string\"}],\"inLanguage\":\"vi-VN\"}]}<\/script>\n<!-- \/ Yoast SEO plugin. -->","yoast_head_json":{"title":"D\u1ecbch v\u1ee5 | Yarra Ocean Suites Danang","description":"D\u1ecbch v\u1ee5 chu \u0111\u00e1o mang \u0111\u1ebfn tr\u1ea3i nghi\u1ec7m h\u00e0i l\u00f2ng tr\u1ecdn v\u1eb9n cho chuy\u1ebfn \u0111i","robots":{"index":"index","follow":"follow","max-snippet":"max-snippet:-1","max-image-preview":"max-image-preview:large","max-video-preview":"max-video-preview:-1"},"canonical":"https:\/\/yarraoceansuitesdanang.com\/vi\/services\/","og_locale":"vi_VN","og_type":"article","og_title":"D\u1ecbch v\u1ee5 | Yarra Ocean Suites Danang","og_description":"D\u1ecbch v\u1ee5 chu \u0111\u00e1o mang \u0111\u1ebfn tr\u1ea3i nghi\u1ec7m h\u00e0i l\u00f2ng tr\u1ecdn v\u1eb9n cho chuy\u1ebfn \u0111i","og_url":"https:\/\/yarraoceansuitesdanang.com\/vi\/services\/","og_site_name":"Yarra Ocean Suites Danang","article_modified_time":"2026-02-25T02:20:37+00:00","twitter_card":"summary_large_image","twitter_misc":{"Est. reading time":"1 minute"},"schema":{"@context":"https:\/\/schema.org","@graph":[{"@type":"WebPage","@id":"https:\/\/yarraoceansuitesdanang.com\/vi\/services\/","url":"https:\/\/yarraoceansuitesdanang.com\/vi\/services\/","name":"D\u1ecbch v\u1ee5 | Yarra Ocean Suites Danang","isPartOf":{"@id":"https:\/\/yarraoceansuitesdanang.com\/vi\/#website"},"datePublished":"2026-02-24T14:34:17+00:00","dateModified":"2026-02-25T02:20:37+00:00","description":"D\u1ecbch v\u1ee5 chu \u0111\u00e1o mang \u0111\u1ebfn tr\u1ea3i nghi\u1ec7m h\u00e0i l\u00f2ng tr\u1ecdn v\u1eb9n cho chuy\u1ebfn \u0111i","breadcrumb":{"@id":"https:\/\/yarraoceansuitesdanang.com\/vi\/services\/#breadcrumb"},"inLanguage":"vi-VN","potentialAction":[{"@type":"ReadAction","target":["https:\/\/yarraoceansuitesdanang.com\/vi\/services\/"]}]},{"@type":"BreadcrumbList","@id":"https:\/\/yarraoceansuitesdanang.com\/vi\/services\/#breadcrumb","itemListElement":[{"@type":"ListItem","position":1,"name":"Home","item":"https:\/\/yarraoceansuitesdanang.com\/vi\/"},{"@type":"ListItem","position":2,"name":"D\u1ecbch v\u1ee5"}]},{"@type":"WebSite","@id":"https:\/\/yarraoceansuitesdanang.com\/vi\/#website","url":"https:\/\/yarraoceansuitesdanang.com\/vi\/","name":"Yarra Ocean Suites Danang","description":"","potentialAction":[{"@type":"SearchAction","target":{"@type":"EntryPoint","urlTemplate":"https:\/\/yarraoceansuitesdanang.com\/vi\/?s={search_term_string}"},"query-input":"required name=search_term_string"}],"inLanguage":"vi-VN"}]}},"acf":[],"_links":{"self":[{"href":"https:\/\/yarraoceansuitesdanang.com\/vi\/wp-json\/wp\/v2\/pages\/193"}],"collection":[{"href":"https:\/\/yarraoceansuitesdanang.com\/vi\/wp-json\/wp\/v2\/pages"}],"about":[{"href":"https:\/\/yarraoceansuitesdanang.com\/vi\/wp-json\/wp\/v2\/types\/page"}],"author":[{"embeddable":true,"href":"https:\/\/yarraoceansuitesdanang.com\/vi\/wp-json\/wp\/v2\/users\/90"}],"replies":[{"embeddable":true,"href":"https:\/\/yarraoceansuitesdanang.com\/vi\/wp-json\/wp\/v2\/comments?post=193"}],"version-history":[{"count":0,"href":"https:\/\/yarraoceansuitesdanang.com\/vi\/wp-json\/wp\/v2\/pages\/193\/revisions"}],"wp:attachment":[{"href":"https:\/\/yarraoceansuitesdanang.com\/vi\/wp-json\/wp\/v2\/media?parent=193"}],"curies":[{"name":"wp","href":"https:\/\/api.w.org\/{rel}","templated":true}]}}