{"id":192,"date":"2026-02-25T00:44:21","date_gmt":"2026-02-24T16:44:21","guid":{"rendered":"https:\/\/yarraoceansuitesdanang.ms2.decms.asia\/facilities\/gym-center\/"},"modified":"2026-04-13T14:43:47","modified_gmt":"2026-04-13T06:43:47","slug":"gym-center","status":"publish","type":"page","link":"https:\/\/yarraoceansuitesdanang.com\/vi\/facilities\/gym-center\/","title":{"rendered":"Ph\u00f2ng T\u1eadp Th\u1ec3 H\u00ecnh"},"content":{"rendered":"<p>Gi\u1eef g\u00ecn v\u00f3c d\u00e1ng qua c\u00e1c b\u00e0i t\u1eadp b\u1eebng t\u1ec9nh s\u1ee9c kh\u1ecfe t\u1ea1i Ph\u00f2ng t\u1eadp th\u1ec3 h\u00ecnh. Ti\u1ec7n nghi v\u1edbi c\u00e1c trang thi\u1ebft b\u1ecb thi\u1ebft y\u1ebfu v\u00e0 t\u1ea7m nh\u00ecn th\u00e0nh ph\u1ed1 \u0111\u1ea7y c\u1ea3m h\u1ee9ng, b\u1eaft \u0111\u1ea7u ng\u00e0y m\u1edbi theo c\u00e1ch c\u1ee7a b\u1ea1n.<\/p>\n<p><strong>V\u1ecb tr\u00ed:<\/strong> T\u1ea7ng 16<br \/>\n<strong>Th\u1eddi gian:<\/strong> 09:00 &#8211; 21:00<\/p>\n","protected":false},"excerpt":{"rendered":"<p>Gi\u1eef g\u00ecn v\u00f3c d\u00e1ng qua c\u00e1c b\u00e0i t\u1eadp b\u1eebng t\u1ec9nh s\u1ee9c kh\u1ecfe t\u1ea1i Ph\u00f2ng t\u1eadp th\u1ec3 h\u00ecnh. Ti\u1ec7n nghi v\u1edbi c\u00e1c trang thi\u1ebft b\u1ecb thi\u1ebft y\u1ebfu v\u00e0 t\u1ea7m nh\u00ecn th\u00e0nh ph\u1ed1 \u0111\u1ea7y c\u1ea3m h\u1ee9ng, b\u1eaft \u0111\u1ea7u ng\u00e0y m\u1edbi theo c\u00e1ch c\u1ee7a b\u1ea1n. V\u1ecb tr\u00ed: T\u1ea7ng 16 Th\u1eddi gian: 09:00 &#8211; 21:00<\/p>\n","protected":false},"author":90,"featured_media":344,"parent":190,"menu_order":1,"comment_status":"closed","ping_status":"closed","template":"template-single-service.php","meta":{"footnotes":""},"yoast_head":"<!-- This site is optimized with the Yoast SEO plugin v22.3 - https:\/\/yoast.com\/wordpress\/plugins\/seo\/ -->\n<title>Ph\u00f2ng T\u1eadp Th\u1ec3 H\u00ecnh | Yarra Ocean Suites Danang<\/title>\n<meta name=\"description\" content=\"T\u00e1i t\u1ea1o n\u0103ng l\u01b0\u1ee3ng trong kh\u00f4ng gian gym hi\u1ec7n \u0111\u1ea1i, n\u01a1i b\u1ea1n d\u1ec5 d\u00e0ng duy tr\u00ec nh\u1ecbp v\u1eadn \u0111\u1ed9ng\" \/>\n<meta name=\"robots\" content=\"index, follow, max-snippet:-1, max-image-preview:large, max-video-preview:-1\" \/>\n<link rel=\"canonical\" href=\"https:\/\/yarraoceansuitesdanang.com\/vi\/facilities\/gym-center\/\" \/>\n<meta property=\"og:locale\" content=\"vi_VN\" \/>\n<meta property=\"og:type\" content=\"article\" \/>\n<meta property=\"og:title\" content=\"Ph\u00f2ng T\u1eadp Th\u1ec3 H\u00ecnh | Yarra Ocean Suites Danang\" \/>\n<meta property=\"og:description\" content=\"T\u00e1i t\u1ea1o n\u0103ng l\u01b0\u1ee3ng trong kh\u00f4ng gian gym hi\u1ec7n \u0111\u1ea1i, n\u01a1i b\u1ea1n d\u1ec5 d\u00e0ng duy tr\u00ec nh\u1ecbp v\u1eadn \u0111\u1ed9ng\" \/>\n<meta property=\"og:url\" content=\"https:\/\/yarraoceansuitesdanang.com\/vi\/facilities\/gym-center\/\" \/>\n<meta property=\"og:site_name\" content=\"Yarra Ocean Suites Danang\" \/>\n<meta property=\"article:modified_time\" content=\"2026-04-13T06:43:47+00:00\" \/>\n<meta property=\"og:image\" content=\"https:\/\/yarraoceansuitesdanang.com\/wp-content\/uploads\/sites\/159\/2026\/04\/GYM-1-1024x683.png\" \/>\n\t<meta property=\"og:image:width\" content=\"1024\" \/>\n\t<meta property=\"og:image:height\" content=\"683\" \/>\n\t<meta property=\"og:image:type\" content=\"image\/png\" \/>\n<meta name=\"twitter:card\" content=\"summary_large_image\" \/>\n<meta name=\"twitter:label1\" content=\"Est. reading time\" \/>\n\t<meta name=\"twitter:data1\" content=\"1 minute\" \/>\n<script type=\"application\/ld+json\" class=\"yoast-schema-graph\">{\"@context\":\"https:\/\/schema.org\",\"@graph\":[{\"@type\":\"WebPage\",\"@id\":\"https:\/\/yarraoceansuitesdanang.com\/vi\/facilities\/gym-center\/\",\"url\":\"https:\/\/yarraoceansuitesdanang.com\/vi\/facilities\/gym-center\/\",\"name\":\"Ph\u00f2ng T\u1eadp Th\u1ec3 H\u00ecnh | Yarra Ocean Suites Danang\",\"isPartOf\":{\"@id\":\"https:\/\/yarraoceansuitesdanang.com\/vi\/#website\"},\"primaryImageOfPage\":{\"@id\":\"https:\/\/yarraoceansuitesdanang.com\/vi\/facilities\/gym-center\/#primaryimage\"},\"image\":{\"@id\":\"https:\/\/yarraoceansuitesdanang.com\/vi\/facilities\/gym-center\/#primaryimage\"},\"thumbnailUrl\":\"https:\/\/yarraoceansuitesdanang.com\/wp-content\/uploads\/sites\/159\/2026\/04\/GYM-1.png\",\"datePublished\":\"2026-02-24T16:44:21+00:00\",\"dateModified\":\"2026-04-13T06:43:47+00:00\",\"description\":\"T\u00e1i t\u1ea1o n\u0103ng l\u01b0\u1ee3ng trong kh\u00f4ng gian gym hi\u1ec7n \u0111\u1ea1i, n\u01a1i b\u1ea1n d\u1ec5 d\u00e0ng duy tr\u00ec nh\u1ecbp v\u1eadn \u0111\u1ed9ng\",\"breadcrumb\":{\"@id\":\"https:\/\/yarraoceansuitesdanang.com\/vi\/facilities\/gym-center\/#breadcrumb\"},\"inLanguage\":\"vi-VN\",\"potentialAction\":[{\"@type\":\"ReadAction\",\"target\":[\"https:\/\/yarraoceansuitesdanang.com\/vi\/facilities\/gym-center\/\"]}]},{\"@type\":\"ImageObject\",\"inLanguage\":\"vi-VN\",\"@id\":\"https:\/\/yarraoceansuitesdanang.com\/vi\/facilities\/gym-center\/#primaryimage\",\"url\":\"https:\/\/yarraoceansuitesdanang.com\/wp-content\/uploads\/sites\/159\/2026\/04\/GYM-1.png\",\"contentUrl\":\"https:\/\/yarraoceansuitesdanang.com\/wp-content\/uploads\/sites\/159\/2026\/04\/GYM-1.png\",\"width\":2048,\"height\":1365},{\"@type\":\"BreadcrumbList\",\"@id\":\"https:\/\/yarraoceansuitesdanang.com\/vi\/facilities\/gym-center\/#breadcrumb\",\"itemListElement\":[{\"@type\":\"ListItem\",\"position\":1,\"name\":\"Home\",\"item\":\"https:\/\/yarraoceansuitesdanang.com\/vi\/\"},{\"@type\":\"ListItem\",\"position\":2,\"name\":\"Ti\u1ec7n \u00edch\",\"item\":\"https:\/\/yarraoceansuitesdanang.com\/vi\/facilities\/\"},{\"@type\":\"ListItem\",\"position\":3,\"name\":\"Ph\u00f2ng T\u1eadp Th\u1ec3 H\u00ecnh\"}]},{\"@type\":\"WebSite\",\"@id\":\"https:\/\/yarraoceansuitesdanang.com\/vi\/#website\",\"url\":\"https:\/\/yarraoceansuitesdanang.com\/vi\/\",\"name\":\"Yarra Ocean Suites Danang\",\"description\":\"\",\"potentialAction\":[{\"@type\":\"SearchAction\",\"target\":{\"@type\":\"EntryPoint\",\"urlTemplate\":\"https:\/\/yarraoceansuitesdanang.com\/vi\/?s={search_term_string}\"},\"query-input\":\"required name=search_term_string\"}],\"inLanguage\":\"vi-VN\"}]}<\/script>\n<!-- \/ Yoast SEO plugin. -->","yoast_head_json":{"title":"Ph\u00f2ng T\u1eadp Th\u1ec3 H\u00ecnh | Yarra Ocean Suites Danang","description":"T\u00e1i t\u1ea1o n\u0103ng l\u01b0\u1ee3ng trong kh\u00f4ng gian gym hi\u1ec7n \u0111\u1ea1i, n\u01a1i b\u1ea1n d\u1ec5 d\u00e0ng duy tr\u00ec nh\u1ecbp v\u1eadn \u0111\u1ed9ng","robots":{"index":"index","follow":"follow","max-snippet":"max-snippet:-1","max-image-preview":"max-image-preview:large","max-video-preview":"max-video-preview:-1"},"canonical":"https:\/\/yarraoceansuitesdanang.com\/vi\/facilities\/gym-center\/","og_locale":"vi_VN","og_type":"article","og_title":"Ph\u00f2ng T\u1eadp Th\u1ec3 H\u00ecnh | Yarra Ocean Suites Danang","og_description":"T\u00e1i t\u1ea1o n\u0103ng l\u01b0\u1ee3ng trong kh\u00f4ng gian gym hi\u1ec7n \u0111\u1ea1i, n\u01a1i b\u1ea1n d\u1ec5 d\u00e0ng duy tr\u00ec nh\u1ecbp v\u1eadn \u0111\u1ed9ng","og_url":"https:\/\/yarraoceansuitesdanang.com\/vi\/facilities\/gym-center\/","og_site_name":"Yarra Ocean Suites Danang","article_modified_time":"2026-04-13T06:43:47+00:00","og_image":[{"width":1024,"height":683,"url":"https:\/\/yarraoceansuitesdanang.com\/wp-content\/uploads\/sites\/159\/2026\/04\/GYM-1-1024x683.png","type":"image\/png"}],"twitter_card":"summary_large_image","twitter_misc":{"Est. reading time":"1 minute"},"schema":{"@context":"https:\/\/schema.org","@graph":[{"@type":"WebPage","@id":"https:\/\/yarraoceansuitesdanang.com\/vi\/facilities\/gym-center\/","url":"https:\/\/yarraoceansuitesdanang.com\/vi\/facilities\/gym-center\/","name":"Ph\u00f2ng T\u1eadp Th\u1ec3 H\u00ecnh | Yarra Ocean Suites Danang","isPartOf":{"@id":"https:\/\/yarraoceansuitesdanang.com\/vi\/#website"},"primaryImageOfPage":{"@id":"https:\/\/yarraoceansuitesdanang.com\/vi\/facilities\/gym-center\/#primaryimage"},"image":{"@id":"https:\/\/yarraoceansuitesdanang.com\/vi\/facilities\/gym-center\/#primaryimage"},"thumbnailUrl":"https:\/\/yarraoceansuitesdanang.com\/wp-content\/uploads\/sites\/159\/2026\/04\/GYM-1.png","datePublished":"2026-02-24T16:44:21+00:00","dateModified":"2026-04-13T06:43:47+00:00","description":"T\u00e1i t\u1ea1o n\u0103ng l\u01b0\u1ee3ng trong kh\u00f4ng gian gym hi\u1ec7n \u0111\u1ea1i, n\u01a1i b\u1ea1n d\u1ec5 d\u00e0ng duy tr\u00ec nh\u1ecbp v\u1eadn \u0111\u1ed9ng","breadcrumb":{"@id":"https:\/\/yarraoceansuitesdanang.com\/vi\/facilities\/gym-center\/#breadcrumb"},"inLanguage":"vi-VN","potentialAction":[{"@type":"ReadAction","target":["https:\/\/yarraoceansuitesdanang.com\/vi\/facilities\/gym-center\/"]}]},{"@type":"ImageObject","inLanguage":"vi-VN","@id":"https:\/\/yarraoceansuitesdanang.com\/vi\/facilities\/gym-center\/#primaryimage","url":"https:\/\/yarraoceansuitesdanang.com\/wp-content\/uploads\/sites\/159\/2026\/04\/GYM-1.png","contentUrl":"https:\/\/yarraoceansuitesdanang.com\/wp-content\/uploads\/sites\/159\/2026\/04\/GYM-1.png","width":2048,"height":1365},{"@type":"BreadcrumbList","@id":"https:\/\/yarraoceansuitesdanang.com\/vi\/facilities\/gym-center\/#breadcrumb","itemListElement":[{"@type":"ListItem","position":1,"name":"Home","item":"https:\/\/yarraoceansuitesdanang.com\/vi\/"},{"@type":"ListItem","position":2,"name":"Ti\u1ec7n \u00edch","item":"https:\/\/yarraoceansuitesdanang.com\/vi\/facilities\/"},{"@type":"ListItem","position":3,"name":"Ph\u00f2ng T\u1eadp Th\u1ec3 H\u00ecnh"}]},{"@type":"WebSite","@id":"https:\/\/yarraoceansuitesdanang.com\/vi\/#website","url":"https:\/\/yarraoceansuitesdanang.com\/vi\/","name":"Yarra Ocean Suites Danang","description":"","potentialAction":[{"@type":"SearchAction","target":{"@type":"EntryPoint","urlTemplate":"https:\/\/yarraoceansuitesdanang.com\/vi\/?s={search_term_string}"},"query-input":"required name=search_term_string"}],"inLanguage":"vi-VN"}]}},"acf":[],"_links":{"self":[{"href":"https:\/\/yarraoceansuitesdanang.com\/vi\/wp-json\/wp\/v2\/pages\/192"}],"collection":[{"href":"https:\/\/yarraoceansuitesdanang.com\/vi\/wp-json\/wp\/v2\/pages"}],"about":[{"href":"https:\/\/yarraoceansuitesdanang.com\/vi\/wp-json\/wp\/v2\/types\/page"}],"author":[{"embeddable":true,"href":"https:\/\/yarraoceansuitesdanang.com\/vi\/wp-json\/wp\/v2\/users\/90"}],"replies":[{"embeddable":true,"href":"https:\/\/yarraoceansuitesdanang.com\/vi\/wp-json\/wp\/v2\/comments?post=192"}],"version-history":[{"count":0,"href":"https:\/\/yarraoceansuitesdanang.com\/vi\/wp-json\/wp\/v2\/pages\/192\/revisions"}],"up":[{"embeddable":true,"href":"https:\/\/yarraoceansuitesdanang.com\/vi\/wp-json\/wp\/v2\/pages\/190"}],"wp:featuredmedia":[{"embeddable":true,"href":"https:\/\/yarraoceansuitesdanang.com\/vi\/wp-json\/wp\/v2\/media\/344"}],"wp:attachment":[{"href":"https:\/\/yarraoceansuitesdanang.com\/vi\/wp-json\/wp\/v2\/media?parent=192"}],"curies":[{"name":"wp","href":"https:\/\/api.w.org\/{rel}","templated":true}]}}