{"id":191,"date":"2026-02-24T22:32:46","date_gmt":"2026-02-24T14:32:46","guid":{"rendered":"https:\/\/yarraoceansuitesdanang.ms2.decms.asia\/facilities\/rooftop-pool\/"},"modified":"2026-02-25T10:18:50","modified_gmt":"2026-02-25T02:18:50","slug":"rooftop-pool","status":"publish","type":"page","link":"https:\/\/yarraoceansuitesdanang.com\/vi\/facilities\/rooftop-pool\/","title":{"rendered":"H\u1ed3 B\u01a1i T\u1ea7ng Th\u01b0\u1ee3ng"},"content":{"rendered":"<p>T\u1ea7m nh\u00ecn \u1ea5n t\u01b0\u1ee3ng ra m\u1eb7t bi\u1ec3n bao la v\u00e0 b\u1edd c\u00e1t tr\u1eafng v\u00f4 t\u1eadn, v\u1ed7 v\u1ec1 b\u1edfi l\u00e0n gi\u00f3 bi\u1ec3n kh\u01a1i v\u00e0 kh\u00f4ng kh\u00ed y\u00ean t\u0129nh. H\u1ed3 b\u01a1i t\u1ea7ng th\u01b0\u1ee3ng th\u1ef1c s\u1ef1 l\u00e0 n\u01a1i kh\u01a1i g\u1ee3i c\u1ea3m h\u1ee9ng. Thanh b\u00ecnh thi\u00ean nhi\u00ean d\u01b0\u1edbi l\u00e0n n\u01b0\u1edbc xanh m\u00e1t mang l\u1ea1i s\u1ef1 t\u00e1ch bi\u1ec7t.<\/p>\n<p><strong>V\u1ecb Tr\u00ed:<\/strong> T\u1ea7ng 17<br \/>\n<strong>Th\u1eddi gian ho\u1ea1t \u0111\u1ed9ng:<\/strong> 6:30 \u2013 19:00<\/p>\n","protected":false},"excerpt":{"rendered":"<p>T\u1ea7m nh\u00ecn \u1ea5n t\u01b0\u1ee3ng ra m\u1eb7t bi\u1ec3n bao la v\u00e0 b\u1edd c\u00e1t tr\u1eafng v\u00f4 t\u1eadn, v\u1ed7 v\u1ec1 b\u1edfi l\u00e0n gi\u00f3 bi\u1ec3n kh\u01a1i v\u00e0 kh\u00f4ng kh\u00ed y\u00ean t\u0129nh. H\u1ed3 b\u01a1i t\u1ea7ng th\u01b0\u1ee3ng th\u1ef1c s\u1ef1 l\u00e0 n\u01a1i kh\u01a1i g\u1ee3i c\u1ea3m h\u1ee9ng. Thanh b\u00ecnh thi\u00ean nhi\u00ean d\u01b0\u1edbi l\u00e0n n\u01b0\u1edbc xanh m\u00e1t mang l\u1ea1i s\u1ef1 t\u00e1ch bi\u1ec7t. V\u1ecb Tr\u00ed: [&hellip;]<\/p>\n","protected":false},"author":90,"featured_media":0,"parent":190,"menu_order":0,"comment_status":"closed","ping_status":"closed","template":"template-single-service.php","meta":{"footnotes":""},"yoast_head":"<!-- This site is optimized with the Yoast SEO plugin v22.3 - https:\/\/yoast.com\/wordpress\/plugins\/seo\/ -->\n<title>H\u1ed3 B\u01a1i T\u1ea7ng Th\u01b0\u1ee3ng | Yarra Ocean Suites Danang<\/title>\n<meta name=\"description\" content=\"\u0110\u1eafm m\u00ecnh trong l\u00e0n n\u01b0\u1edbc m\u00e1t v\u00e0 khung c\u1ea3nh bi\u1ec3n tuy\u1ec7t \u0111\u1eb9p\" \/>\n<meta name=\"robots\" content=\"index, follow, max-snippet:-1, max-image-preview:large, max-video-preview:-1\" \/>\n<link rel=\"canonical\" href=\"https:\/\/yarraoceansuitesdanang.com\/vi\/facilities\/rooftop-pool\/\" \/>\n<meta property=\"og:locale\" content=\"vi_VN\" \/>\n<meta property=\"og:type\" content=\"article\" \/>\n<meta property=\"og:title\" content=\"H\u1ed3 B\u01a1i T\u1ea7ng Th\u01b0\u1ee3ng | Yarra Ocean Suites Danang\" \/>\n<meta property=\"og:description\" content=\"\u0110\u1eafm m\u00ecnh trong l\u00e0n n\u01b0\u1edbc m\u00e1t v\u00e0 khung c\u1ea3nh bi\u1ec3n tuy\u1ec7t \u0111\u1eb9p\" \/>\n<meta property=\"og:url\" content=\"https:\/\/yarraoceansuitesdanang.com\/vi\/facilities\/rooftop-pool\/\" \/>\n<meta property=\"og:site_name\" content=\"Yarra Ocean Suites Danang\" \/>\n<meta property=\"article:modified_time\" content=\"2026-02-25T02:18:50+00:00\" \/>\n<meta name=\"twitter:card\" content=\"summary_large_image\" \/>\n<meta name=\"twitter:label1\" content=\"Est. reading time\" \/>\n\t<meta name=\"twitter:data1\" content=\"1 minute\" \/>\n<script type=\"application\/ld+json\" class=\"yoast-schema-graph\">{\"@context\":\"https:\/\/schema.org\",\"@graph\":[{\"@type\":\"WebPage\",\"@id\":\"https:\/\/yarraoceansuitesdanang.com\/vi\/facilities\/rooftop-pool\/\",\"url\":\"https:\/\/yarraoceansuitesdanang.com\/vi\/facilities\/rooftop-pool\/\",\"name\":\"H\u1ed3 B\u01a1i T\u1ea7ng Th\u01b0\u1ee3ng | Yarra Ocean Suites Danang\",\"isPartOf\":{\"@id\":\"https:\/\/yarraoceansuitesdanang.com\/vi\/#website\"},\"datePublished\":\"2026-02-24T14:32:46+00:00\",\"dateModified\":\"2026-02-25T02:18:50+00:00\",\"description\":\"\u0110\u1eafm m\u00ecnh trong l\u00e0n n\u01b0\u1edbc m\u00e1t v\u00e0 khung c\u1ea3nh bi\u1ec3n tuy\u1ec7t \u0111\u1eb9p\",\"breadcrumb\":{\"@id\":\"https:\/\/yarraoceansuitesdanang.com\/vi\/facilities\/rooftop-pool\/#breadcrumb\"},\"inLanguage\":\"vi-VN\",\"potentialAction\":[{\"@type\":\"ReadAction\",\"target\":[\"https:\/\/yarraoceansuitesdanang.com\/vi\/facilities\/rooftop-pool\/\"]}]},{\"@type\":\"BreadcrumbList\",\"@id\":\"https:\/\/yarraoceansuitesdanang.com\/vi\/facilities\/rooftop-pool\/#breadcrumb\",\"itemListElement\":[{\"@type\":\"ListItem\",\"position\":1,\"name\":\"Home\",\"item\":\"https:\/\/yarraoceansuitesdanang.com\/vi\/\"},{\"@type\":\"ListItem\",\"position\":2,\"name\":\"Ti\u1ec7n \u00edch\",\"item\":\"https:\/\/yarraoceansuitesdanang.com\/vi\/facilities\/\"},{\"@type\":\"ListItem\",\"position\":3,\"name\":\"H\u1ed3 B\u01a1i T\u1ea7ng Th\u01b0\u1ee3ng\"}]},{\"@type\":\"WebSite\",\"@id\":\"https:\/\/yarraoceansuitesdanang.com\/vi\/#website\",\"url\":\"https:\/\/yarraoceansuitesdanang.com\/vi\/\",\"name\":\"Yarra Ocean Suites Danang\",\"description\":\"\",\"potentialAction\":[{\"@type\":\"SearchAction\",\"target\":{\"@type\":\"EntryPoint\",\"urlTemplate\":\"https:\/\/yarraoceansuitesdanang.com\/vi\/?s={search_term_string}\"},\"query-input\":\"required name=search_term_string\"}],\"inLanguage\":\"vi-VN\"}]}<\/script>\n<!-- \/ Yoast SEO plugin. -->","yoast_head_json":{"title":"H\u1ed3 B\u01a1i T\u1ea7ng Th\u01b0\u1ee3ng | Yarra Ocean Suites Danang","description":"\u0110\u1eafm m\u00ecnh trong l\u00e0n n\u01b0\u1edbc m\u00e1t v\u00e0 khung c\u1ea3nh bi\u1ec3n tuy\u1ec7t \u0111\u1eb9p","robots":{"index":"index","follow":"follow","max-snippet":"max-snippet:-1","max-image-preview":"max-image-preview:large","max-video-preview":"max-video-preview:-1"},"canonical":"https:\/\/yarraoceansuitesdanang.com\/vi\/facilities\/rooftop-pool\/","og_locale":"vi_VN","og_type":"article","og_title":"H\u1ed3 B\u01a1i T\u1ea7ng Th\u01b0\u1ee3ng | Yarra Ocean Suites Danang","og_description":"\u0110\u1eafm m\u00ecnh trong l\u00e0n n\u01b0\u1edbc m\u00e1t v\u00e0 khung c\u1ea3nh bi\u1ec3n tuy\u1ec7t \u0111\u1eb9p","og_url":"https:\/\/yarraoceansuitesdanang.com\/vi\/facilities\/rooftop-pool\/","og_site_name":"Yarra Ocean Suites Danang","article_modified_time":"2026-02-25T02:18:50+00:00","twitter_card":"summary_large_image","twitter_misc":{"Est. reading time":"1 minute"},"schema":{"@context":"https:\/\/schema.org","@graph":[{"@type":"WebPage","@id":"https:\/\/yarraoceansuitesdanang.com\/vi\/facilities\/rooftop-pool\/","url":"https:\/\/yarraoceansuitesdanang.com\/vi\/facilities\/rooftop-pool\/","name":"H\u1ed3 B\u01a1i T\u1ea7ng Th\u01b0\u1ee3ng | Yarra Ocean Suites Danang","isPartOf":{"@id":"https:\/\/yarraoceansuitesdanang.com\/vi\/#website"},"datePublished":"2026-02-24T14:32:46+00:00","dateModified":"2026-02-25T02:18:50+00:00","description":"\u0110\u1eafm m\u00ecnh trong l\u00e0n n\u01b0\u1edbc m\u00e1t v\u00e0 khung c\u1ea3nh bi\u1ec3n tuy\u1ec7t \u0111\u1eb9p","breadcrumb":{"@id":"https:\/\/yarraoceansuitesdanang.com\/vi\/facilities\/rooftop-pool\/#breadcrumb"},"inLanguage":"vi-VN","potentialAction":[{"@type":"ReadAction","target":["https:\/\/yarraoceansuitesdanang.com\/vi\/facilities\/rooftop-pool\/"]}]},{"@type":"BreadcrumbList","@id":"https:\/\/yarraoceansuitesdanang.com\/vi\/facilities\/rooftop-pool\/#breadcrumb","itemListElement":[{"@type":"ListItem","position":1,"name":"Home","item":"https:\/\/yarraoceansuitesdanang.com\/vi\/"},{"@type":"ListItem","position":2,"name":"Ti\u1ec7n \u00edch","item":"https:\/\/yarraoceansuitesdanang.com\/vi\/facilities\/"},{"@type":"ListItem","position":3,"name":"H\u1ed3 B\u01a1i T\u1ea7ng Th\u01b0\u1ee3ng"}]},{"@type":"WebSite","@id":"https:\/\/yarraoceansuitesdanang.com\/vi\/#website","url":"https:\/\/yarraoceansuitesdanang.com\/vi\/","name":"Yarra Ocean Suites Danang","description":"","potentialAction":[{"@type":"SearchAction","target":{"@type":"EntryPoint","urlTemplate":"https:\/\/yarraoceansuitesdanang.com\/vi\/?s={search_term_string}"},"query-input":"required name=search_term_string"}],"inLanguage":"vi-VN"}]}},"acf":[],"_links":{"self":[{"href":"https:\/\/yarraoceansuitesdanang.com\/vi\/wp-json\/wp\/v2\/pages\/191"}],"collection":[{"href":"https:\/\/yarraoceansuitesdanang.com\/vi\/wp-json\/wp\/v2\/pages"}],"about":[{"href":"https:\/\/yarraoceansuitesdanang.com\/vi\/wp-json\/wp\/v2\/types\/page"}],"author":[{"embeddable":true,"href":"https:\/\/yarraoceansuitesdanang.com\/vi\/wp-json\/wp\/v2\/users\/90"}],"replies":[{"embeddable":true,"href":"https:\/\/yarraoceansuitesdanang.com\/vi\/wp-json\/wp\/v2\/comments?post=191"}],"version-history":[{"count":0,"href":"https:\/\/yarraoceansuitesdanang.com\/vi\/wp-json\/wp\/v2\/pages\/191\/revisions"}],"up":[{"embeddable":true,"href":"https:\/\/yarraoceansuitesdanang.com\/vi\/wp-json\/wp\/v2\/pages\/190"}],"wp:attachment":[{"href":"https:\/\/yarraoceansuitesdanang.com\/vi\/wp-json\/wp\/v2\/media?parent=191"}],"curies":[{"name":"wp","href":"https:\/\/api.w.org\/{rel}","templated":true}]}}