{"id":190,"date":"2026-02-24T22:28:16","date_gmt":"2026-02-24T14:28:16","guid":{"rendered":"https:\/\/yarraoceansuitesdanang.ms2.decms.asia\/facilities\/"},"modified":"2026-02-25T10:17:53","modified_gmt":"2026-02-25T02:17:53","slug":"facilities","status":"publish","type":"page","link":"https:\/\/yarraoceansuitesdanang.com\/vi\/facilities\/","title":{"rendered":"Ti\u1ec7n \u00edch"},"content":{"rendered":"<p>T\u1eadn h\u01b0\u1edfng ph\u00fat gi\u00e2y th\u01b0 gi\u00e3n v\u00e0 t\u00e1i t\u1ea1o n\u0103ng l\u01b0\u1ee3ng t\u1ea1i h\u1ed3 b\u01a1i t\u1ea7ng th\u01b0\u1ee3ng nh\u00ecn to\u00e0n c\u1ea3nh bi\u1ec3n, ho\u1eb7c luy\u1ec7n t\u1eadp t\u1ea1i ph\u00f2ng gym hi\u1ec7n \u0111\u1ea1i tr\u00e0n ng\u1eadp \u00e1nh s\u00e1ng. D\u00f9 b\u1ea1n mu\u1ed1n \u0111\u1eafm m\u00ecnh trong l\u00e0n n\u01b0\u1edbc m\u00e1t hay v\u1eadn \u0111\u1ed9ng h\u1ee9ng kh\u1edfi, m\u1ecdi ti\u1ec7n \u00edch \u0111\u1ec1u \u0111\u01b0\u1ee3c thi\u1ebft k\u1ebf \u0111\u1ec3 n\u00e2ng t\u1ea7m k\u1ef3 ngh\u1ec9 c\u1ee7a b\u1ea1n.<\/p>\n","protected":false},"excerpt":{"rendered":"<p>T\u1eadn h\u01b0\u1edfng ph\u00fat gi\u00e2y th\u01b0 gi\u00e3n v\u00e0 t\u00e1i t\u1ea1o n\u0103ng l\u01b0\u1ee3ng t\u1ea1i h\u1ed3 b\u01a1i t\u1ea7ng th\u01b0\u1ee3ng nh\u00ecn to\u00e0n c\u1ea3nh bi\u1ec3n, ho\u1eb7c luy\u1ec7n t\u1eadp t\u1ea1i ph\u00f2ng gym hi\u1ec7n \u0111\u1ea1i tr\u00e0n ng\u1eadp \u00e1nh s\u00e1ng. D\u00f9 b\u1ea1n mu\u1ed1n \u0111\u1eafm m\u00ecnh trong l\u00e0n n\u01b0\u1edbc m\u00e1t hay v\u1eadn \u0111\u1ed9ng h\u1ee9ng kh\u1edfi, m\u1ecdi ti\u1ec7n \u00edch \u0111\u1ec1u \u0111\u01b0\u1ee3c thi\u1ebft k\u1ebf \u0111\u1ec3 n\u00e2ng [&hellip;]<\/p>\n","protected":false},"author":90,"featured_media":0,"parent":0,"menu_order":0,"comment_status":"closed","ping_status":"closed","template":"template-services.php","meta":{"footnotes":""},"yoast_head":"<!-- This site is optimized with the Yoast SEO plugin v22.3 - https:\/\/yoast.com\/wordpress\/plugins\/seo\/ -->\n<title>Ti\u1ec7n \u00edch | Yarra Ocean Suites Danang<\/title>\n<meta name=\"description\" content=\"Ti\u1ec7n \u00edch s\u1ee9c kh\u1ecfe n\u01a1i s\u1ee9c s\u1ed1ng c\u0103n tr\u00e0n\" \/>\n<meta name=\"robots\" content=\"index, follow, max-snippet:-1, max-image-preview:large, max-video-preview:-1\" \/>\n<link rel=\"canonical\" href=\"https:\/\/yarraoceansuitesdanang.com\/vi\/facilities\/\" \/>\n<meta property=\"og:locale\" content=\"vi_VN\" \/>\n<meta property=\"og:type\" content=\"article\" \/>\n<meta property=\"og:title\" content=\"Ti\u1ec7n \u00edch | Yarra Ocean Suites Danang\" \/>\n<meta property=\"og:description\" content=\"Ti\u1ec7n \u00edch s\u1ee9c kh\u1ecfe n\u01a1i s\u1ee9c s\u1ed1ng c\u0103n tr\u00e0n\" \/>\n<meta property=\"og:url\" content=\"https:\/\/yarraoceansuitesdanang.com\/vi\/facilities\/\" \/>\n<meta property=\"og:site_name\" content=\"Yarra Ocean Suites Danang\" \/>\n<meta property=\"article:modified_time\" content=\"2026-02-25T02:17:53+00:00\" \/>\n<meta name=\"twitter:card\" content=\"summary_large_image\" \/>\n<meta name=\"twitter:label1\" content=\"Est. reading time\" \/>\n\t<meta name=\"twitter:data1\" content=\"1 minute\" \/>\n<script type=\"application\/ld+json\" class=\"yoast-schema-graph\">{\"@context\":\"https:\/\/schema.org\",\"@graph\":[{\"@type\":\"WebPage\",\"@id\":\"https:\/\/yarraoceansuitesdanang.com\/vi\/facilities\/\",\"url\":\"https:\/\/yarraoceansuitesdanang.com\/vi\/facilities\/\",\"name\":\"Ti\u1ec7n \u00edch | Yarra Ocean Suites Danang\",\"isPartOf\":{\"@id\":\"https:\/\/yarraoceansuitesdanang.com\/vi\/#website\"},\"datePublished\":\"2026-02-24T14:28:16+00:00\",\"dateModified\":\"2026-02-25T02:17:53+00:00\",\"description\":\"Ti\u1ec7n \u00edch s\u1ee9c kh\u1ecfe n\u01a1i s\u1ee9c s\u1ed1ng c\u0103n tr\u00e0n\",\"breadcrumb\":{\"@id\":\"https:\/\/yarraoceansuitesdanang.com\/vi\/facilities\/#breadcrumb\"},\"inLanguage\":\"vi-VN\",\"potentialAction\":[{\"@type\":\"ReadAction\",\"target\":[\"https:\/\/yarraoceansuitesdanang.com\/vi\/facilities\/\"]}]},{\"@type\":\"BreadcrumbList\",\"@id\":\"https:\/\/yarraoceansuitesdanang.com\/vi\/facilities\/#breadcrumb\",\"itemListElement\":[{\"@type\":\"ListItem\",\"position\":1,\"name\":\"Home\",\"item\":\"https:\/\/yarraoceansuitesdanang.com\/vi\/\"},{\"@type\":\"ListItem\",\"position\":2,\"name\":\"Ti\u1ec7n \u00edch\"}]},{\"@type\":\"WebSite\",\"@id\":\"https:\/\/yarraoceansuitesdanang.com\/vi\/#website\",\"url\":\"https:\/\/yarraoceansuitesdanang.com\/vi\/\",\"name\":\"Yarra Ocean Suites Danang\",\"description\":\"\",\"potentialAction\":[{\"@type\":\"SearchAction\",\"target\":{\"@type\":\"EntryPoint\",\"urlTemplate\":\"https:\/\/yarraoceansuitesdanang.com\/vi\/?s={search_term_string}\"},\"query-input\":\"required name=search_term_string\"}],\"inLanguage\":\"vi-VN\"}]}<\/script>\n<!-- \/ Yoast SEO plugin. -->","yoast_head_json":{"title":"Ti\u1ec7n \u00edch | Yarra Ocean Suites Danang","description":"Ti\u1ec7n \u00edch s\u1ee9c kh\u1ecfe n\u01a1i s\u1ee9c s\u1ed1ng c\u0103n tr\u00e0n","robots":{"index":"index","follow":"follow","max-snippet":"max-snippet:-1","max-image-preview":"max-image-preview:large","max-video-preview":"max-video-preview:-1"},"canonical":"https:\/\/yarraoceansuitesdanang.com\/vi\/facilities\/","og_locale":"vi_VN","og_type":"article","og_title":"Ti\u1ec7n \u00edch | Yarra Ocean Suites Danang","og_description":"Ti\u1ec7n \u00edch s\u1ee9c kh\u1ecfe n\u01a1i s\u1ee9c s\u1ed1ng c\u0103n tr\u00e0n","og_url":"https:\/\/yarraoceansuitesdanang.com\/vi\/facilities\/","og_site_name":"Yarra Ocean Suites Danang","article_modified_time":"2026-02-25T02:17:53+00:00","twitter_card":"summary_large_image","twitter_misc":{"Est. reading time":"1 minute"},"schema":{"@context":"https:\/\/schema.org","@graph":[{"@type":"WebPage","@id":"https:\/\/yarraoceansuitesdanang.com\/vi\/facilities\/","url":"https:\/\/yarraoceansuitesdanang.com\/vi\/facilities\/","name":"Ti\u1ec7n \u00edch | Yarra Ocean Suites Danang","isPartOf":{"@id":"https:\/\/yarraoceansuitesdanang.com\/vi\/#website"},"datePublished":"2026-02-24T14:28:16+00:00","dateModified":"2026-02-25T02:17:53+00:00","description":"Ti\u1ec7n \u00edch s\u1ee9c kh\u1ecfe n\u01a1i s\u1ee9c s\u1ed1ng c\u0103n tr\u00e0n","breadcrumb":{"@id":"https:\/\/yarraoceansuitesdanang.com\/vi\/facilities\/#breadcrumb"},"inLanguage":"vi-VN","potentialAction":[{"@type":"ReadAction","target":["https:\/\/yarraoceansuitesdanang.com\/vi\/facilities\/"]}]},{"@type":"BreadcrumbList","@id":"https:\/\/yarraoceansuitesdanang.com\/vi\/facilities\/#breadcrumb","itemListElement":[{"@type":"ListItem","position":1,"name":"Home","item":"https:\/\/yarraoceansuitesdanang.com\/vi\/"},{"@type":"ListItem","position":2,"name":"Ti\u1ec7n \u00edch"}]},{"@type":"WebSite","@id":"https:\/\/yarraoceansuitesdanang.com\/vi\/#website","url":"https:\/\/yarraoceansuitesdanang.com\/vi\/","name":"Yarra Ocean Suites Danang","description":"","potentialAction":[{"@type":"SearchAction","target":{"@type":"EntryPoint","urlTemplate":"https:\/\/yarraoceansuitesdanang.com\/vi\/?s={search_term_string}"},"query-input":"required name=search_term_string"}],"inLanguage":"vi-VN"}]}},"acf":[],"_links":{"self":[{"href":"https:\/\/yarraoceansuitesdanang.com\/vi\/wp-json\/wp\/v2\/pages\/190"}],"collection":[{"href":"https:\/\/yarraoceansuitesdanang.com\/vi\/wp-json\/wp\/v2\/pages"}],"about":[{"href":"https:\/\/yarraoceansuitesdanang.com\/vi\/wp-json\/wp\/v2\/types\/page"}],"author":[{"embeddable":true,"href":"https:\/\/yarraoceansuitesdanang.com\/vi\/wp-json\/wp\/v2\/users\/90"}],"replies":[{"embeddable":true,"href":"https:\/\/yarraoceansuitesdanang.com\/vi\/wp-json\/wp\/v2\/comments?post=190"}],"version-history":[{"count":0,"href":"https:\/\/yarraoceansuitesdanang.com\/vi\/wp-json\/wp\/v2\/pages\/190\/revisions"}],"wp:attachment":[{"href":"https:\/\/yarraoceansuitesdanang.com\/vi\/wp-json\/wp\/v2\/media?parent=190"}],"curies":[{"name":"wp","href":"https:\/\/api.w.org\/{rel}","templated":true}]}}