{"id":189,"date":"2026-02-24T22:21:45","date_gmt":"2026-02-24T14:21:45","guid":{"rendered":"https:\/\/yarraoceansuitesdanang.ms2.decms.asia\/dining\/pool-bar-cafe\/"},"modified":"2026-03-11T16:01:10","modified_gmt":"2026-03-11T08:01:10","slug":"pool-bar-cafe","status":"publish","type":"page","link":"https:\/\/yarraoceansuitesdanang.com\/vi\/dining\/pool-bar-cafe\/","title":{"rendered":"Pool Bar &#038; Caf\u00e9"},"content":{"rendered":"<p>Ch\u1eadm l\u1ea1i m\u1ed9t ng\u00e0y v\u1edbi quang c\u1ea3nh l\u00e3ng m\u1ea1n. Pool Bar &#038; Caf\u00e9 k\u1ebft th\u00fac m\u1ed9t ng\u00e0y c\u1ee7a b\u1ea1n v\u1edbi s\u1ef1 th\u01b0 th\u00e1i nh\u00ecn ra to\u00e0n c\u1ea3nh th\u00e0nh ph\u1ed1 \u1ea5n t\u01b0\u1ee3ng v\u1ec1 \u0111\u00eam, v\u00e0 n\u01a1i h\u1eebng \u0111\u00f4ng th\u1ee9c t\u1ec9nh ng\u00e0y m\u1edbi t\u1ea1i h\u1ed3 b\u01a1i t\u1ea7ng th\u01b0\u1ee3ng. Ch\u00e0o m\u1eebng b\u1ea1n, v\u00e0 t\u1ea1m bi\u1ec7t m\u1ed9t ng\u00e0y t\u1ea1i \u0110\u00e0 N\u1eb5ng v\u1edbi th\u1ee9c u\u1ed1ng m\u00e1t l\u1ea1nh v\u00e0 t\u1ea7m nh\u00ecn t\u1eeb tr\u00ean cao.<\/p>\n","protected":false},"excerpt":{"rendered":"<p>Ch\u1eadm l\u1ea1i m\u1ed9t ng\u00e0y v\u1edbi quang c\u1ea3nh l\u00e3ng m\u1ea1n. Pool Bar &#038; Caf\u00e9 k\u1ebft th\u00fac m\u1ed9t ng\u00e0y c\u1ee7a b\u1ea1n v\u1edbi s\u1ef1 th\u01b0 th\u00e1i nh\u00ecn ra to\u00e0n c\u1ea3nh th\u00e0nh ph\u1ed1 \u1ea5n t\u01b0\u1ee3ng v\u1ec1 \u0111\u00eam, v\u00e0 n\u01a1i h\u1eebng \u0111\u00f4ng th\u1ee9c t\u1ec9nh ng\u00e0y m\u1edbi t\u1ea1i h\u1ed3 b\u01a1i t\u1ea7ng th\u01b0\u1ee3ng. Ch\u00e0o m\u1eebng b\u1ea1n, v\u00e0 t\u1ea1m bi\u1ec7t m\u1ed9t ng\u00e0y t\u1ea1i [&hellip;]<\/p>\n","protected":false},"author":90,"featured_media":0,"parent":187,"menu_order":1,"comment_status":"closed","ping_status":"closed","template":"template-single-restaurant.php","meta":{"footnotes":""},"yoast_head":"<!-- This site is optimized with the Yoast SEO plugin v22.3 - https:\/\/yoast.com\/wordpress\/plugins\/seo\/ -->\n<title>Pool Bar &amp; Caf\u00e9 | Yarra Ocean Suites Danang<\/title>\n<meta name=\"description\" content=\"Ch\u1eadm l\u1ea1i m\u1ed9t ng\u00e0y v\u1edbi quang c\u1ea3nh l\u00e3ng m\u1ea1n. Pool Bar &amp; Caf\u00e9 k\u1ebft th\u00fac m\u1ed9t ng\u00e0y c\u1ee7a b\u1ea1n v\u1edbi s\u1ef1 th\u01b0 th\u00e1i nh\u00ecn ra to\u00e0n c\u1ea3nh th\u00e0nh ph\u1ed1 \u1ea5n t\u01b0\u1ee3ng v\u1ec1 \u0111\u00eam, v\u00e0 n\u01a1i h\u1eebng \u0111\u00f4ng th\u1ee9c t\u1ec9nh ng\u00e0y m\u1edbi t\u1ea1i h\u1ed3 b\u01a1i t\u1ea7ng th\u01b0\u1ee3ng. Ch\u00e0o m\u1eebng b\u1ea1n, v\u00e0 t\u1ea1m bi\u1ec7t m\u1ed9t ng\u00e0y t\u1ea1i \u0110\u00e0 N\u1eb5ng v\u1edbi th\u1ee9c u\u1ed1ng m\u00e1t l\u1ea1nh v\u00e0 t\u1ea7m nh\u00ecn t\u1eeb tr\u00ean cao.\" \/>\n<meta name=\"robots\" content=\"index, follow, max-snippet:-1, max-image-preview:large, max-video-preview:-1\" \/>\n<link rel=\"canonical\" href=\"https:\/\/yarraoceansuitesdanang.com\/vi\/dining\/pool-bar-cafe\/\" \/>\n<meta property=\"og:locale\" content=\"vi_VN\" \/>\n<meta property=\"og:type\" content=\"article\" \/>\n<meta property=\"og:title\" content=\"Pool Bar &amp; Caf\u00e9 | Yarra Ocean Suites Danang\" \/>\n<meta property=\"og:description\" content=\"Ch\u1eadm l\u1ea1i m\u1ed9t ng\u00e0y v\u1edbi quang c\u1ea3nh l\u00e3ng m\u1ea1n. Pool Bar &amp; Caf\u00e9 k\u1ebft th\u00fac m\u1ed9t ng\u00e0y c\u1ee7a b\u1ea1n v\u1edbi s\u1ef1 th\u01b0 th\u00e1i nh\u00ecn ra to\u00e0n c\u1ea3nh th\u00e0nh ph\u1ed1 \u1ea5n t\u01b0\u1ee3ng v\u1ec1 \u0111\u00eam, v\u00e0 n\u01a1i h\u1eebng \u0111\u00f4ng th\u1ee9c t\u1ec9nh ng\u00e0y m\u1edbi t\u1ea1i h\u1ed3 b\u01a1i t\u1ea7ng th\u01b0\u1ee3ng. Ch\u00e0o m\u1eebng b\u1ea1n, v\u00e0 t\u1ea1m bi\u1ec7t m\u1ed9t ng\u00e0y t\u1ea1i \u0110\u00e0 N\u1eb5ng v\u1edbi th\u1ee9c u\u1ed1ng m\u00e1t l\u1ea1nh v\u00e0 t\u1ea7m nh\u00ecn t\u1eeb tr\u00ean cao.\" \/>\n<meta property=\"og:url\" content=\"https:\/\/yarraoceansuitesdanang.com\/vi\/dining\/pool-bar-cafe\/\" \/>\n<meta property=\"og:site_name\" content=\"Yarra Ocean Suites Danang\" \/>\n<meta property=\"article:modified_time\" content=\"2026-03-11T08:01:10+00:00\" \/>\n<meta name=\"twitter:card\" content=\"summary_large_image\" \/>\n<meta name=\"twitter:label1\" content=\"Est. reading time\" \/>\n\t<meta name=\"twitter:data1\" content=\"1 minute\" \/>\n<script type=\"application\/ld+json\" class=\"yoast-schema-graph\">{\"@context\":\"https:\/\/schema.org\",\"@graph\":[{\"@type\":\"WebPage\",\"@id\":\"https:\/\/yarraoceansuitesdanang.com\/vi\/dining\/pool-bar-cafe\/\",\"url\":\"https:\/\/yarraoceansuitesdanang.com\/vi\/dining\/pool-bar-cafe\/\",\"name\":\"Pool Bar & Caf\u00e9 | Yarra Ocean Suites Danang\",\"isPartOf\":{\"@id\":\"https:\/\/yarraoceansuitesdanang.com\/vi\/#website\"},\"datePublished\":\"2026-02-24T14:21:45+00:00\",\"dateModified\":\"2026-03-11T08:01:10+00:00\",\"description\":\"Ch\u1eadm l\u1ea1i m\u1ed9t ng\u00e0y v\u1edbi quang c\u1ea3nh l\u00e3ng m\u1ea1n. Pool Bar & Caf\u00e9 k\u1ebft th\u00fac m\u1ed9t ng\u00e0y c\u1ee7a b\u1ea1n v\u1edbi s\u1ef1 th\u01b0 th\u00e1i nh\u00ecn ra to\u00e0n c\u1ea3nh th\u00e0nh ph\u1ed1 \u1ea5n t\u01b0\u1ee3ng v\u1ec1 \u0111\u00eam, v\u00e0 n\u01a1i h\u1eebng \u0111\u00f4ng th\u1ee9c t\u1ec9nh ng\u00e0y m\u1edbi t\u1ea1i h\u1ed3 b\u01a1i t\u1ea7ng th\u01b0\u1ee3ng. Ch\u00e0o m\u1eebng b\u1ea1n, v\u00e0 t\u1ea1m bi\u1ec7t m\u1ed9t ng\u00e0y t\u1ea1i \u0110\u00e0 N\u1eb5ng v\u1edbi th\u1ee9c u\u1ed1ng m\u00e1t l\u1ea1nh v\u00e0 t\u1ea7m nh\u00ecn t\u1eeb tr\u00ean cao.\",\"breadcrumb\":{\"@id\":\"https:\/\/yarraoceansuitesdanang.com\/vi\/dining\/pool-bar-cafe\/#breadcrumb\"},\"inLanguage\":\"vi-VN\",\"potentialAction\":[{\"@type\":\"ReadAction\",\"target\":[\"https:\/\/yarraoceansuitesdanang.com\/vi\/dining\/pool-bar-cafe\/\"]}]},{\"@type\":\"BreadcrumbList\",\"@id\":\"https:\/\/yarraoceansuitesdanang.com\/vi\/dining\/pool-bar-cafe\/#breadcrumb\",\"itemListElement\":[{\"@type\":\"ListItem\",\"position\":1,\"name\":\"Home\",\"item\":\"https:\/\/yarraoceansuitesdanang.com\/vi\/\"},{\"@type\":\"ListItem\",\"position\":2,\"name\":\"\u1ea8m th\u1ef1c\",\"item\":\"https:\/\/yarraoceansuitesdanang.com\/vi\/dining\/\"},{\"@type\":\"ListItem\",\"position\":3,\"name\":\"Pool Bar &#038; Caf\u00e9\"}]},{\"@type\":\"WebSite\",\"@id\":\"https:\/\/yarraoceansuitesdanang.com\/vi\/#website\",\"url\":\"https:\/\/yarraoceansuitesdanang.com\/vi\/\",\"name\":\"Yarra Ocean Suites Danang\",\"description\":\"\",\"potentialAction\":[{\"@type\":\"SearchAction\",\"target\":{\"@type\":\"EntryPoint\",\"urlTemplate\":\"https:\/\/yarraoceansuitesdanang.com\/vi\/?s={search_term_string}\"},\"query-input\":\"required name=search_term_string\"}],\"inLanguage\":\"vi-VN\"}]}<\/script>\n<!-- \/ Yoast SEO plugin. -->","yoast_head_json":{"title":"Pool Bar & Caf\u00e9 | Yarra Ocean Suites Danang","description":"Ch\u1eadm l\u1ea1i m\u1ed9t ng\u00e0y v\u1edbi quang c\u1ea3nh l\u00e3ng m\u1ea1n. Pool Bar & Caf\u00e9 k\u1ebft th\u00fac m\u1ed9t ng\u00e0y c\u1ee7a b\u1ea1n v\u1edbi s\u1ef1 th\u01b0 th\u00e1i nh\u00ecn ra to\u00e0n c\u1ea3nh th\u00e0nh ph\u1ed1 \u1ea5n t\u01b0\u1ee3ng v\u1ec1 \u0111\u00eam, v\u00e0 n\u01a1i h\u1eebng \u0111\u00f4ng th\u1ee9c t\u1ec9nh ng\u00e0y m\u1edbi t\u1ea1i h\u1ed3 b\u01a1i t\u1ea7ng th\u01b0\u1ee3ng. Ch\u00e0o m\u1eebng b\u1ea1n, v\u00e0 t\u1ea1m bi\u1ec7t m\u1ed9t ng\u00e0y t\u1ea1i \u0110\u00e0 N\u1eb5ng v\u1edbi th\u1ee9c u\u1ed1ng m\u00e1t l\u1ea1nh v\u00e0 t\u1ea7m nh\u00ecn t\u1eeb tr\u00ean cao.","robots":{"index":"index","follow":"follow","max-snippet":"max-snippet:-1","max-image-preview":"max-image-preview:large","max-video-preview":"max-video-preview:-1"},"canonical":"https:\/\/yarraoceansuitesdanang.com\/vi\/dining\/pool-bar-cafe\/","og_locale":"vi_VN","og_type":"article","og_title":"Pool Bar & Caf\u00e9 | Yarra Ocean Suites Danang","og_description":"Ch\u1eadm l\u1ea1i m\u1ed9t ng\u00e0y v\u1edbi quang c\u1ea3nh l\u00e3ng m\u1ea1n. Pool Bar & Caf\u00e9 k\u1ebft th\u00fac m\u1ed9t ng\u00e0y c\u1ee7a b\u1ea1n v\u1edbi s\u1ef1 th\u01b0 th\u00e1i nh\u00ecn ra to\u00e0n c\u1ea3nh th\u00e0nh ph\u1ed1 \u1ea5n t\u01b0\u1ee3ng v\u1ec1 \u0111\u00eam, v\u00e0 n\u01a1i h\u1eebng \u0111\u00f4ng th\u1ee9c t\u1ec9nh ng\u00e0y m\u1edbi t\u1ea1i h\u1ed3 b\u01a1i t\u1ea7ng th\u01b0\u1ee3ng. Ch\u00e0o m\u1eebng b\u1ea1n, v\u00e0 t\u1ea1m bi\u1ec7t m\u1ed9t ng\u00e0y t\u1ea1i \u0110\u00e0 N\u1eb5ng v\u1edbi th\u1ee9c u\u1ed1ng m\u00e1t l\u1ea1nh v\u00e0 t\u1ea7m nh\u00ecn t\u1eeb tr\u00ean cao.","og_url":"https:\/\/yarraoceansuitesdanang.com\/vi\/dining\/pool-bar-cafe\/","og_site_name":"Yarra Ocean Suites Danang","article_modified_time":"2026-03-11T08:01:10+00:00","twitter_card":"summary_large_image","twitter_misc":{"Est. reading time":"1 minute"},"schema":{"@context":"https:\/\/schema.org","@graph":[{"@type":"WebPage","@id":"https:\/\/yarraoceansuitesdanang.com\/vi\/dining\/pool-bar-cafe\/","url":"https:\/\/yarraoceansuitesdanang.com\/vi\/dining\/pool-bar-cafe\/","name":"Pool Bar & Caf\u00e9 | Yarra Ocean Suites Danang","isPartOf":{"@id":"https:\/\/yarraoceansuitesdanang.com\/vi\/#website"},"datePublished":"2026-02-24T14:21:45+00:00","dateModified":"2026-03-11T08:01:10+00:00","description":"Ch\u1eadm l\u1ea1i m\u1ed9t ng\u00e0y v\u1edbi quang c\u1ea3nh l\u00e3ng m\u1ea1n. Pool Bar & Caf\u00e9 k\u1ebft th\u00fac m\u1ed9t ng\u00e0y c\u1ee7a b\u1ea1n v\u1edbi s\u1ef1 th\u01b0 th\u00e1i nh\u00ecn ra to\u00e0n c\u1ea3nh th\u00e0nh ph\u1ed1 \u1ea5n t\u01b0\u1ee3ng v\u1ec1 \u0111\u00eam, v\u00e0 n\u01a1i h\u1eebng \u0111\u00f4ng th\u1ee9c t\u1ec9nh ng\u00e0y m\u1edbi t\u1ea1i h\u1ed3 b\u01a1i t\u1ea7ng th\u01b0\u1ee3ng. Ch\u00e0o m\u1eebng b\u1ea1n, v\u00e0 t\u1ea1m bi\u1ec7t m\u1ed9t ng\u00e0y t\u1ea1i \u0110\u00e0 N\u1eb5ng v\u1edbi th\u1ee9c u\u1ed1ng m\u00e1t l\u1ea1nh v\u00e0 t\u1ea7m nh\u00ecn t\u1eeb tr\u00ean cao.","breadcrumb":{"@id":"https:\/\/yarraoceansuitesdanang.com\/vi\/dining\/pool-bar-cafe\/#breadcrumb"},"inLanguage":"vi-VN","potentialAction":[{"@type":"ReadAction","target":["https:\/\/yarraoceansuitesdanang.com\/vi\/dining\/pool-bar-cafe\/"]}]},{"@type":"BreadcrumbList","@id":"https:\/\/yarraoceansuitesdanang.com\/vi\/dining\/pool-bar-cafe\/#breadcrumb","itemListElement":[{"@type":"ListItem","position":1,"name":"Home","item":"https:\/\/yarraoceansuitesdanang.com\/vi\/"},{"@type":"ListItem","position":2,"name":"\u1ea8m th\u1ef1c","item":"https:\/\/yarraoceansuitesdanang.com\/vi\/dining\/"},{"@type":"ListItem","position":3,"name":"Pool Bar &#038; Caf\u00e9"}]},{"@type":"WebSite","@id":"https:\/\/yarraoceansuitesdanang.com\/vi\/#website","url":"https:\/\/yarraoceansuitesdanang.com\/vi\/","name":"Yarra Ocean Suites Danang","description":"","potentialAction":[{"@type":"SearchAction","target":{"@type":"EntryPoint","urlTemplate":"https:\/\/yarraoceansuitesdanang.com\/vi\/?s={search_term_string}"},"query-input":"required name=search_term_string"}],"inLanguage":"vi-VN"}]}},"acf":[],"_links":{"self":[{"href":"https:\/\/yarraoceansuitesdanang.com\/vi\/wp-json\/wp\/v2\/pages\/189"}],"collection":[{"href":"https:\/\/yarraoceansuitesdanang.com\/vi\/wp-json\/wp\/v2\/pages"}],"about":[{"href":"https:\/\/yarraoceansuitesdanang.com\/vi\/wp-json\/wp\/v2\/types\/page"}],"author":[{"embeddable":true,"href":"https:\/\/yarraoceansuitesdanang.com\/vi\/wp-json\/wp\/v2\/users\/90"}],"replies":[{"embeddable":true,"href":"https:\/\/yarraoceansuitesdanang.com\/vi\/wp-json\/wp\/v2\/comments?post=189"}],"version-history":[{"count":0,"href":"https:\/\/yarraoceansuitesdanang.com\/vi\/wp-json\/wp\/v2\/pages\/189\/revisions"}],"up":[{"embeddable":true,"href":"https:\/\/yarraoceansuitesdanang.com\/vi\/wp-json\/wp\/v2\/pages\/187"}],"wp:attachment":[{"href":"https:\/\/yarraoceansuitesdanang.com\/vi\/wp-json\/wp\/v2\/media?parent=189"}],"curies":[{"name":"wp","href":"https:\/\/api.w.org\/{rel}","templated":true}]}}