{"id":188,"date":"2026-02-24T22:15:20","date_gmt":"2026-02-24T14:15:20","guid":{"rendered":"https:\/\/yarraoceansuitesdanang.ms2.decms.asia\/dining\/pello-restaurant\/"},"modified":"2026-04-13T15:44:21","modified_gmt":"2026-04-13T07:44:21","slug":"pello-restaurant","status":"publish","type":"page","link":"https:\/\/yarraoceansuitesdanang.com\/vi\/dining\/pello-restaurant\/","title":{"rendered":"Nh\u00e0 h\u00e0ng Pello"},"content":{"rendered":"<p>Kh\u00f4ng gian \u1ea9m th\u1ef1c t\u01b0\u01a1i s\u00e1ng v\u00e0 tinh t\u1ebf, mang \u0111\u1ebfn th\u1ef1c \u0111\u01a1n ch\u1ecdn l\u1ecdc c\u00e1c m\u00f3n Vi\u1ec7t Nam v\u00e0 qu\u1ed1c t\u1ebf. V\u1edbi nh\u1eefng m\u1ea3ng k\u00ednh l\u1edbn h\u01b0\u1edbng bi\u1ec3n v\u00e0 th\u00e0nh ph\u1ed1, Pello \u0111em l\u1ea1i tr\u1ea3i nghi\u1ec7m \u1ea9m th\u1ef1c \u0111\u1ea7y h\u1ee9ng kh\u1edfi t\u1eeb s\u00e1ng \u0111\u1ebfn t\u1ed1i. Th\u01b0\u1edfng th\u1ee9c c\u00e1c m\u00f3n \u0103n \u0111\u1eadm v\u1ecb \u0111\u01b0\u1ee3c ch\u1ebf bi\u1ebfn t\u1eeb nguy\u00ean li\u1ec7u t\u01b0\u01a1i ngon trong kh\u00f4ng gian hi\u1ec7n \u0111\u1ea1i v\u00e0 th\u01b0 th\u00e1i.<\/p>\n","protected":false},"excerpt":{"rendered":"<p>Kh\u00f4ng gian \u1ea9m th\u1ef1c t\u01b0\u01a1i s\u00e1ng v\u00e0 tinh t\u1ebf, mang \u0111\u1ebfn th\u1ef1c \u0111\u01a1n ch\u1ecdn l\u1ecdc c\u00e1c m\u00f3n Vi\u1ec7t Nam v\u00e0 qu\u1ed1c t\u1ebf. V\u1edbi nh\u1eefng m\u1ea3ng k\u00ednh l\u1edbn h\u01b0\u1edbng bi\u1ec3n v\u00e0 th\u00e0nh ph\u1ed1, Pello \u0111em l\u1ea1i tr\u1ea3i nghi\u1ec7m \u1ea9m th\u1ef1c \u0111\u1ea7y h\u1ee9ng kh\u1edfi t\u1eeb s\u00e1ng \u0111\u1ebfn t\u1ed1i. Th\u01b0\u1edfng th\u1ee9c c\u00e1c m\u00f3n \u0103n \u0111\u1eadm v\u1ecb \u0111\u01b0\u1ee3c ch\u1ebf [&hellip;]<\/p>\n","protected":false},"author":90,"featured_media":82,"parent":187,"menu_order":0,"comment_status":"closed","ping_status":"closed","template":"template-single-restaurant.php","meta":{"footnotes":""},"yoast_head":"<!-- This site is optimized with the Yoast SEO plugin v22.3 - https:\/\/yoast.com\/wordpress\/plugins\/seo\/ -->\n<title>Nh\u00e0 h\u00e0ng Pello | Yarra Ocean Suites Danang<\/title>\n<meta name=\"description\" content=\"Kh\u00f4ng gian \u1ea9m th\u1ef1c t\u01b0\u01a1i s\u00e1ng v\u00e0 tinh t\u1ebf, mang \u0111\u1ebfn th\u1ef1c \u0111\u01a1n ch\u1ecdn l\u1ecdc c\u00e1c m\u00f3n Vi\u1ec7t Nam v\u00e0 qu\u1ed1c t\u1ebf. V\u1edbi nh\u1eefng m\u1ea3ng k\u00ednh l\u1edbn h\u01b0\u1edbng bi\u1ec3n v\u00e0 th\u00e0nh ph\u1ed1, Pello \u0111em l\u1ea1i tr\u1ea3i nghi\u1ec7m \u1ea9m th\u1ef1c \u0111\u1ea7y h\u1ee9ng kh\u1edfi t\u1eeb s\u00e1ng \u0111\u1ebfn t\u1ed1i. Th\u01b0\u1edfng th\u1ee9c c\u00e1c m\u00f3n \u0103n \u0111\u1eadm v\u1ecb \u0111\u01b0\u1ee3c ch\u1ebf bi\u1ebfn t\u1eeb nguy\u00ean li\u1ec7u t\u01b0\u01a1i ngon trong kh\u00f4ng gian hi\u1ec7n \u0111\u1ea1i v\u00e0 th\u01b0 th\u00e1i.\" \/>\n<meta name=\"robots\" content=\"index, follow, max-snippet:-1, max-image-preview:large, max-video-preview:-1\" \/>\n<link rel=\"canonical\" href=\"https:\/\/yarraoceansuitesdanang.com\/vi\/dining\/pello-restaurant\/\" \/>\n<meta property=\"og:locale\" content=\"vi_VN\" \/>\n<meta property=\"og:type\" content=\"article\" \/>\n<meta property=\"og:title\" content=\"Nh\u00e0 h\u00e0ng Pello | Yarra Ocean Suites Danang\" \/>\n<meta property=\"og:description\" content=\"Kh\u00f4ng gian \u1ea9m th\u1ef1c t\u01b0\u01a1i s\u00e1ng v\u00e0 tinh t\u1ebf, mang \u0111\u1ebfn th\u1ef1c \u0111\u01a1n ch\u1ecdn l\u1ecdc c\u00e1c m\u00f3n Vi\u1ec7t Nam v\u00e0 qu\u1ed1c t\u1ebf. V\u1edbi nh\u1eefng m\u1ea3ng k\u00ednh l\u1edbn h\u01b0\u1edbng bi\u1ec3n v\u00e0 th\u00e0nh ph\u1ed1, Pello \u0111em l\u1ea1i tr\u1ea3i nghi\u1ec7m \u1ea9m th\u1ef1c \u0111\u1ea7y h\u1ee9ng kh\u1edfi t\u1eeb s\u00e1ng \u0111\u1ebfn t\u1ed1i. Th\u01b0\u1edfng th\u1ee9c c\u00e1c m\u00f3n \u0103n \u0111\u1eadm v\u1ecb \u0111\u01b0\u1ee3c ch\u1ebf bi\u1ebfn t\u1eeb nguy\u00ean li\u1ec7u t\u01b0\u01a1i ngon trong kh\u00f4ng gian hi\u1ec7n \u0111\u1ea1i v\u00e0 th\u01b0 th\u00e1i.\" \/>\n<meta property=\"og:url\" content=\"https:\/\/yarraoceansuitesdanang.com\/vi\/dining\/pello-restaurant\/\" \/>\n<meta property=\"og:site_name\" content=\"Yarra Ocean Suites Danang\" \/>\n<meta property=\"article:modified_time\" content=\"2026-04-13T07:44:21+00:00\" \/>\n<meta property=\"og:image\" content=\"https:\/\/yarraoceansuitesdanang.com\/wp-content\/uploads\/sites\/159\/2026\/02\/PELLO-RESTAURANT-6.jpg\" \/>\n\t<meta property=\"og:image:width\" content=\"2200\" \/>\n\t<meta property=\"og:image:height\" content=\"1868\" \/>\n\t<meta property=\"og:image:type\" content=\"image\/jpeg\" \/>\n<meta name=\"twitter:card\" content=\"summary_large_image\" \/>\n<meta name=\"twitter:label1\" content=\"Est. reading time\" \/>\n\t<meta name=\"twitter:data1\" content=\"1 minute\" \/>\n<script type=\"application\/ld+json\" class=\"yoast-schema-graph\">{\"@context\":\"https:\/\/schema.org\",\"@graph\":[{\"@type\":\"WebPage\",\"@id\":\"https:\/\/yarraoceansuitesdanang.com\/vi\/dining\/pello-restaurant\/\",\"url\":\"https:\/\/yarraoceansuitesdanang.com\/vi\/dining\/pello-restaurant\/\",\"name\":\"Nh\u00e0 h\u00e0ng Pello | Yarra Ocean Suites Danang\",\"isPartOf\":{\"@id\":\"https:\/\/yarraoceansuitesdanang.com\/vi\/#website\"},\"primaryImageOfPage\":{\"@id\":\"https:\/\/yarraoceansuitesdanang.com\/vi\/dining\/pello-restaurant\/#primaryimage\"},\"image\":{\"@id\":\"https:\/\/yarraoceansuitesdanang.com\/vi\/dining\/pello-restaurant\/#primaryimage\"},\"thumbnailUrl\":\"https:\/\/yarraoceansuitesdanang.com\/wp-content\/uploads\/sites\/159\/2026\/02\/PELLO-RESTAURANT-6.jpg\",\"datePublished\":\"2026-02-24T14:15:20+00:00\",\"dateModified\":\"2026-04-13T07:44:21+00:00\",\"description\":\"Kh\u00f4ng gian \u1ea9m th\u1ef1c t\u01b0\u01a1i s\u00e1ng v\u00e0 tinh t\u1ebf, mang \u0111\u1ebfn th\u1ef1c \u0111\u01a1n ch\u1ecdn l\u1ecdc c\u00e1c m\u00f3n Vi\u1ec7t Nam v\u00e0 qu\u1ed1c t\u1ebf. V\u1edbi nh\u1eefng m\u1ea3ng k\u00ednh l\u1edbn h\u01b0\u1edbng bi\u1ec3n v\u00e0 th\u00e0nh ph\u1ed1, Pello \u0111em l\u1ea1i tr\u1ea3i nghi\u1ec7m \u1ea9m th\u1ef1c \u0111\u1ea7y h\u1ee9ng kh\u1edfi t\u1eeb s\u00e1ng \u0111\u1ebfn t\u1ed1i. Th\u01b0\u1edfng th\u1ee9c c\u00e1c m\u00f3n \u0103n \u0111\u1eadm v\u1ecb \u0111\u01b0\u1ee3c ch\u1ebf bi\u1ebfn t\u1eeb nguy\u00ean li\u1ec7u t\u01b0\u01a1i ngon trong kh\u00f4ng gian hi\u1ec7n \u0111\u1ea1i v\u00e0 th\u01b0 th\u00e1i.\",\"breadcrumb\":{\"@id\":\"https:\/\/yarraoceansuitesdanang.com\/vi\/dining\/pello-restaurant\/#breadcrumb\"},\"inLanguage\":\"vi-VN\",\"potentialAction\":[{\"@type\":\"ReadAction\",\"target\":[\"https:\/\/yarraoceansuitesdanang.com\/vi\/dining\/pello-restaurant\/\"]}]},{\"@type\":\"ImageObject\",\"inLanguage\":\"vi-VN\",\"@id\":\"https:\/\/yarraoceansuitesdanang.com\/vi\/dining\/pello-restaurant\/#primaryimage\",\"url\":\"https:\/\/yarraoceansuitesdanang.com\/wp-content\/uploads\/sites\/159\/2026\/02\/PELLO-RESTAURANT-6.jpg\",\"contentUrl\":\"https:\/\/yarraoceansuitesdanang.com\/wp-content\/uploads\/sites\/159\/2026\/02\/PELLO-RESTAURANT-6.jpg\",\"width\":2200,\"height\":1868},{\"@type\":\"BreadcrumbList\",\"@id\":\"https:\/\/yarraoceansuitesdanang.com\/vi\/dining\/pello-restaurant\/#breadcrumb\",\"itemListElement\":[{\"@type\":\"ListItem\",\"position\":1,\"name\":\"Home\",\"item\":\"https:\/\/yarraoceansuitesdanang.com\/vi\/\"},{\"@type\":\"ListItem\",\"position\":2,\"name\":\"\u1ea8m th\u1ef1c\",\"item\":\"https:\/\/yarraoceansuitesdanang.com\/vi\/dining\/\"},{\"@type\":\"ListItem\",\"position\":3,\"name\":\"Nh\u00e0 h\u00e0ng Pello\"}]},{\"@type\":\"WebSite\",\"@id\":\"https:\/\/yarraoceansuitesdanang.com\/vi\/#website\",\"url\":\"https:\/\/yarraoceansuitesdanang.com\/vi\/\",\"name\":\"Yarra Ocean Suites Danang\",\"description\":\"\",\"potentialAction\":[{\"@type\":\"SearchAction\",\"target\":{\"@type\":\"EntryPoint\",\"urlTemplate\":\"https:\/\/yarraoceansuitesdanang.com\/vi\/?s={search_term_string}\"},\"query-input\":\"required name=search_term_string\"}],\"inLanguage\":\"vi-VN\"}]}<\/script>\n<!-- \/ Yoast SEO plugin. -->","yoast_head_json":{"title":"Nh\u00e0 h\u00e0ng Pello | Yarra Ocean Suites Danang","description":"Kh\u00f4ng gian \u1ea9m th\u1ef1c t\u01b0\u01a1i s\u00e1ng v\u00e0 tinh t\u1ebf, mang \u0111\u1ebfn th\u1ef1c \u0111\u01a1n ch\u1ecdn l\u1ecdc c\u00e1c m\u00f3n Vi\u1ec7t Nam v\u00e0 qu\u1ed1c t\u1ebf. V\u1edbi nh\u1eefng m\u1ea3ng k\u00ednh l\u1edbn h\u01b0\u1edbng bi\u1ec3n v\u00e0 th\u00e0nh ph\u1ed1, Pello \u0111em l\u1ea1i tr\u1ea3i nghi\u1ec7m \u1ea9m th\u1ef1c \u0111\u1ea7y h\u1ee9ng kh\u1edfi t\u1eeb s\u00e1ng \u0111\u1ebfn t\u1ed1i. Th\u01b0\u1edfng th\u1ee9c c\u00e1c m\u00f3n \u0103n \u0111\u1eadm v\u1ecb \u0111\u01b0\u1ee3c ch\u1ebf bi\u1ebfn t\u1eeb nguy\u00ean li\u1ec7u t\u01b0\u01a1i ngon trong kh\u00f4ng gian hi\u1ec7n \u0111\u1ea1i v\u00e0 th\u01b0 th\u00e1i.","robots":{"index":"index","follow":"follow","max-snippet":"max-snippet:-1","max-image-preview":"max-image-preview:large","max-video-preview":"max-video-preview:-1"},"canonical":"https:\/\/yarraoceansuitesdanang.com\/vi\/dining\/pello-restaurant\/","og_locale":"vi_VN","og_type":"article","og_title":"Nh\u00e0 h\u00e0ng Pello | Yarra Ocean Suites Danang","og_description":"Kh\u00f4ng gian \u1ea9m th\u1ef1c t\u01b0\u01a1i s\u00e1ng v\u00e0 tinh t\u1ebf, mang \u0111\u1ebfn th\u1ef1c \u0111\u01a1n ch\u1ecdn l\u1ecdc c\u00e1c m\u00f3n Vi\u1ec7t Nam v\u00e0 qu\u1ed1c t\u1ebf. V\u1edbi nh\u1eefng m\u1ea3ng k\u00ednh l\u1edbn h\u01b0\u1edbng bi\u1ec3n v\u00e0 th\u00e0nh ph\u1ed1, Pello \u0111em l\u1ea1i tr\u1ea3i nghi\u1ec7m \u1ea9m th\u1ef1c \u0111\u1ea7y h\u1ee9ng kh\u1edfi t\u1eeb s\u00e1ng \u0111\u1ebfn t\u1ed1i. Th\u01b0\u1edfng th\u1ee9c c\u00e1c m\u00f3n \u0103n \u0111\u1eadm v\u1ecb \u0111\u01b0\u1ee3c ch\u1ebf bi\u1ebfn t\u1eeb nguy\u00ean li\u1ec7u t\u01b0\u01a1i ngon trong kh\u00f4ng gian hi\u1ec7n \u0111\u1ea1i v\u00e0 th\u01b0 th\u00e1i.","og_url":"https:\/\/yarraoceansuitesdanang.com\/vi\/dining\/pello-restaurant\/","og_site_name":"Yarra Ocean Suites Danang","article_modified_time":"2026-04-13T07:44:21+00:00","og_image":[{"width":2200,"height":1868,"url":"https:\/\/yarraoceansuitesdanang.com\/wp-content\/uploads\/sites\/159\/2026\/02\/PELLO-RESTAURANT-6.jpg","type":"image\/jpeg"}],"twitter_card":"summary_large_image","twitter_misc":{"Est. reading time":"1 minute"},"schema":{"@context":"https:\/\/schema.org","@graph":[{"@type":"WebPage","@id":"https:\/\/yarraoceansuitesdanang.com\/vi\/dining\/pello-restaurant\/","url":"https:\/\/yarraoceansuitesdanang.com\/vi\/dining\/pello-restaurant\/","name":"Nh\u00e0 h\u00e0ng Pello | Yarra Ocean Suites Danang","isPartOf":{"@id":"https:\/\/yarraoceansuitesdanang.com\/vi\/#website"},"primaryImageOfPage":{"@id":"https:\/\/yarraoceansuitesdanang.com\/vi\/dining\/pello-restaurant\/#primaryimage"},"image":{"@id":"https:\/\/yarraoceansuitesdanang.com\/vi\/dining\/pello-restaurant\/#primaryimage"},"thumbnailUrl":"https:\/\/yarraoceansuitesdanang.com\/wp-content\/uploads\/sites\/159\/2026\/02\/PELLO-RESTAURANT-6.jpg","datePublished":"2026-02-24T14:15:20+00:00","dateModified":"2026-04-13T07:44:21+00:00","description":"Kh\u00f4ng gian \u1ea9m th\u1ef1c t\u01b0\u01a1i s\u00e1ng v\u00e0 tinh t\u1ebf, mang \u0111\u1ebfn th\u1ef1c \u0111\u01a1n ch\u1ecdn l\u1ecdc c\u00e1c m\u00f3n Vi\u1ec7t Nam v\u00e0 qu\u1ed1c t\u1ebf. V\u1edbi nh\u1eefng m\u1ea3ng k\u00ednh l\u1edbn h\u01b0\u1edbng bi\u1ec3n v\u00e0 th\u00e0nh ph\u1ed1, Pello \u0111em l\u1ea1i tr\u1ea3i nghi\u1ec7m \u1ea9m th\u1ef1c \u0111\u1ea7y h\u1ee9ng kh\u1edfi t\u1eeb s\u00e1ng \u0111\u1ebfn t\u1ed1i. Th\u01b0\u1edfng th\u1ee9c c\u00e1c m\u00f3n \u0103n \u0111\u1eadm v\u1ecb \u0111\u01b0\u1ee3c ch\u1ebf bi\u1ebfn t\u1eeb nguy\u00ean li\u1ec7u t\u01b0\u01a1i ngon trong kh\u00f4ng gian hi\u1ec7n \u0111\u1ea1i v\u00e0 th\u01b0 th\u00e1i.","breadcrumb":{"@id":"https:\/\/yarraoceansuitesdanang.com\/vi\/dining\/pello-restaurant\/#breadcrumb"},"inLanguage":"vi-VN","potentialAction":[{"@type":"ReadAction","target":["https:\/\/yarraoceansuitesdanang.com\/vi\/dining\/pello-restaurant\/"]}]},{"@type":"ImageObject","inLanguage":"vi-VN","@id":"https:\/\/yarraoceansuitesdanang.com\/vi\/dining\/pello-restaurant\/#primaryimage","url":"https:\/\/yarraoceansuitesdanang.com\/wp-content\/uploads\/sites\/159\/2026\/02\/PELLO-RESTAURANT-6.jpg","contentUrl":"https:\/\/yarraoceansuitesdanang.com\/wp-content\/uploads\/sites\/159\/2026\/02\/PELLO-RESTAURANT-6.jpg","width":2200,"height":1868},{"@type":"BreadcrumbList","@id":"https:\/\/yarraoceansuitesdanang.com\/vi\/dining\/pello-restaurant\/#breadcrumb","itemListElement":[{"@type":"ListItem","position":1,"name":"Home","item":"https:\/\/yarraoceansuitesdanang.com\/vi\/"},{"@type":"ListItem","position":2,"name":"\u1ea8m th\u1ef1c","item":"https:\/\/yarraoceansuitesdanang.com\/vi\/dining\/"},{"@type":"ListItem","position":3,"name":"Nh\u00e0 h\u00e0ng Pello"}]},{"@type":"WebSite","@id":"https:\/\/yarraoceansuitesdanang.com\/vi\/#website","url":"https:\/\/yarraoceansuitesdanang.com\/vi\/","name":"Yarra Ocean Suites Danang","description":"","potentialAction":[{"@type":"SearchAction","target":{"@type":"EntryPoint","urlTemplate":"https:\/\/yarraoceansuitesdanang.com\/vi\/?s={search_term_string}"},"query-input":"required name=search_term_string"}],"inLanguage":"vi-VN"}]}},"acf":[],"_links":{"self":[{"href":"https:\/\/yarraoceansuitesdanang.com\/vi\/wp-json\/wp\/v2\/pages\/188"}],"collection":[{"href":"https:\/\/yarraoceansuitesdanang.com\/vi\/wp-json\/wp\/v2\/pages"}],"about":[{"href":"https:\/\/yarraoceansuitesdanang.com\/vi\/wp-json\/wp\/v2\/types\/page"}],"author":[{"embeddable":true,"href":"https:\/\/yarraoceansuitesdanang.com\/vi\/wp-json\/wp\/v2\/users\/90"}],"replies":[{"embeddable":true,"href":"https:\/\/yarraoceansuitesdanang.com\/vi\/wp-json\/wp\/v2\/comments?post=188"}],"version-history":[{"count":0,"href":"https:\/\/yarraoceansuitesdanang.com\/vi\/wp-json\/wp\/v2\/pages\/188\/revisions"}],"up":[{"embeddable":true,"href":"https:\/\/yarraoceansuitesdanang.com\/vi\/wp-json\/wp\/v2\/pages\/187"}],"wp:featuredmedia":[{"embeddable":true,"href":"https:\/\/yarraoceansuitesdanang.com\/vi\/wp-json\/wp\/v2\/media\/82"}],"wp:attachment":[{"href":"https:\/\/yarraoceansuitesdanang.com\/vi\/wp-json\/wp\/v2\/media?parent=188"}],"curies":[{"name":"wp","href":"https:\/\/api.w.org\/{rel}","templated":true}]}}