{"id":187,"date":"2026-02-24T22:07:18","date_gmt":"2026-02-24T14:07:18","guid":{"rendered":"https:\/\/yarraoceansuitesdanang.ms2.decms.asia\/dining\/"},"modified":"2026-02-25T10:14:00","modified_gmt":"2026-02-25T02:14:00","slug":"dining","status":"publish","type":"page","link":"https:\/\/yarraoceansuitesdanang.com\/vi\/dining\/","title":{"rendered":"\u1ea8m th\u1ef1c"},"content":{"rendered":"<p>T\u1ea1i Yarra Ocean Suites Danang, h\u00e0nh tr\u00ecnh \u1ea9m th\u1ef1c c\u1ee7a b\u1ea1n \u0111\u01b0\u1ee3c n\u00e2ng niu b\u1eb1ng nh\u1eefng h\u01b0\u01a1ng v\u1ecb tinh t\u1ebf h\u00f2a quy\u1ec7n gi\u1eefa truy\u1ec1n th\u1ed1ng v\u00e0 hi\u1ec7n \u0111\u1ea1i. Nh\u00e0 h\u00e0ng v\u1edbi kh\u00f4ng gian r\u1ed9ng r\u00e3i, ng\u1eadp tr\u00e0n \u00e1nh s\u00e1ng v\u00e0 t\u1ea7m nh\u00ecn h\u01b0\u1edbng bi\u1ec3n mang \u0111\u1ebfn tr\u1ea3i nghi\u1ec7m th\u01b0\u1edfng th\u1ee9c th\u01b0 th\u00e1i, t\u1eeb buffet s\u00e1ng gi\u00e0u n\u0103ng l\u01b0\u1ee3ng \u0111\u1ebfn c\u00e1c m\u00f3n Vi\u1ec7t \u2013 \u00c2u \u0111\u01b0\u1ee3c ch\u1ebf bi\u1ebfn tinh x\u1ea3o. D\u00e0nh ch\u00fat th\u1eddi gian nh\u00e2m nhi \u0111\u1ed3 u\u1ed1ng nh\u1eb9 t\u1ea1i Pool Bar v\u00e0 ng\u1eafm nh\u00ecn nh\u1ecbp s\u1ed1ng bi\u1ec3n \u0110\u00e0 N\u1eb5ng \u2013 m\u1ed9t kho\u1ea3nh kh\u1eafc ho\u00e0n h\u1ea3o cho m\u1ecdi k\u1ef3 ngh\u1ec9.<\/p>\n","protected":false},"excerpt":{"rendered":"<p>T\u1ea1i Yarra Ocean Suites Danang, h\u00e0nh tr\u00ecnh \u1ea9m th\u1ef1c c\u1ee7a b\u1ea1n \u0111\u01b0\u1ee3c n\u00e2ng niu b\u1eb1ng nh\u1eefng h\u01b0\u01a1ng v\u1ecb tinh t\u1ebf h\u00f2a quy\u1ec7n gi\u1eefa truy\u1ec1n th\u1ed1ng v\u00e0 hi\u1ec7n \u0111\u1ea1i. Nh\u00e0 h\u00e0ng v\u1edbi kh\u00f4ng gian r\u1ed9ng r\u00e3i, ng\u1eadp tr\u00e0n \u00e1nh s\u00e1ng v\u00e0 t\u1ea7m nh\u00ecn h\u01b0\u1edbng bi\u1ec3n mang \u0111\u1ebfn tr\u1ea3i nghi\u1ec7m th\u01b0\u1edfng th\u1ee9c th\u01b0 th\u00e1i, t\u1eeb buffet s\u00e1ng [&hellip;]<\/p>\n","protected":false},"author":90,"featured_media":0,"parent":0,"menu_order":0,"comment_status":"closed","ping_status":"closed","template":"template-restaurants.php","meta":{"footnotes":""},"yoast_head":"<!-- This site is optimized with the Yoast SEO plugin v22.3 - https:\/\/yoast.com\/wordpress\/plugins\/seo\/ -->\n<title>Dining | Yarra Ocean Suites Danang<\/title>\n<meta name=\"description\" content=\"T\u1ea1i Yarra Ocean Suites Danang, h\u00e0nh tr\u00ecnh \u1ea9m th\u1ef1c c\u1ee7a b\u1ea1n \u0111\u01b0\u1ee3c n\u00e2ng niu b\u1eb1ng nh\u1eefng h\u01b0\u01a1ng v\u1ecb tinh t\u1ebf h\u00f2a quy\u1ec7n gi\u1eefa truy\u1ec1n th\u1ed1ng v\u00e0 hi\u1ec7n \u0111\u1ea1i. Nh\u00e0 h\u00e0ng v\u1edbi kh\u00f4ng gian r\u1ed9ng r\u00e3i, ng\u1eadp tr\u00e0n \u00e1nh s\u00e1ng v\u00e0 t\u1ea7m nh\u00ecn h\u01b0\u1edbng bi\u1ec3n mang \u0111\u1ebfn tr\u1ea3i nghi\u1ec7m th\u01b0\u1edfng th\u1ee9c th\u01b0 th\u00e1i, t\u1eeb buffet s\u00e1ng gi\u00e0u n\u0103ng l\u01b0\u1ee3ng \u0111\u1ebfn c\u00e1c m\u00f3n Vi\u1ec7t \u2013 \u00c2u \u0111\u01b0\u1ee3c ch\u1ebf bi\u1ebfn tinh x\u1ea3o. D\u00e0nh ch\u00fat th\u1eddi gian nh\u00e2m nhi \u0111\u1ed3 u\u1ed1ng nh\u1eb9 t\u1ea1i Pool Bar v\u00e0 ng\u1eafm nh\u00ecn nh\u1ecbp s\u1ed1ng bi\u1ec3n \u0110\u00e0 N\u1eb5ng \u2013 m\u1ed9t kho\u1ea3nh kh\u1eafc ho\u00e0n h\u1ea3o cho m\u1ecdi k\u1ef3 ngh\u1ec9.\" \/>\n<meta name=\"robots\" content=\"index, follow, max-snippet:-1, max-image-preview:large, max-video-preview:-1\" \/>\n<link rel=\"canonical\" href=\"https:\/\/yarraoceansuitesdanang.com\/vi\/dining\/\" \/>\n<meta property=\"og:locale\" content=\"vi_VN\" \/>\n<meta property=\"og:type\" content=\"article\" \/>\n<meta property=\"og:title\" content=\"Dining | Yarra Ocean Suites Danang\" \/>\n<meta property=\"og:description\" content=\"T\u1ea1i Yarra Ocean Suites Danang, h\u00e0nh tr\u00ecnh \u1ea9m th\u1ef1c c\u1ee7a b\u1ea1n \u0111\u01b0\u1ee3c n\u00e2ng niu b\u1eb1ng nh\u1eefng h\u01b0\u01a1ng v\u1ecb tinh t\u1ebf h\u00f2a quy\u1ec7n gi\u1eefa truy\u1ec1n th\u1ed1ng v\u00e0 hi\u1ec7n \u0111\u1ea1i. Nh\u00e0 h\u00e0ng v\u1edbi kh\u00f4ng gian r\u1ed9ng r\u00e3i, ng\u1eadp tr\u00e0n \u00e1nh s\u00e1ng v\u00e0 t\u1ea7m nh\u00ecn h\u01b0\u1edbng bi\u1ec3n mang \u0111\u1ebfn tr\u1ea3i nghi\u1ec7m th\u01b0\u1edfng th\u1ee9c th\u01b0 th\u00e1i, t\u1eeb buffet s\u00e1ng gi\u00e0u n\u0103ng l\u01b0\u1ee3ng \u0111\u1ebfn c\u00e1c m\u00f3n Vi\u1ec7t \u2013 \u00c2u \u0111\u01b0\u1ee3c ch\u1ebf bi\u1ebfn tinh x\u1ea3o. D\u00e0nh ch\u00fat th\u1eddi gian nh\u00e2m nhi \u0111\u1ed3 u\u1ed1ng nh\u1eb9 t\u1ea1i Pool Bar v\u00e0 ng\u1eafm nh\u00ecn nh\u1ecbp s\u1ed1ng bi\u1ec3n \u0110\u00e0 N\u1eb5ng \u2013 m\u1ed9t kho\u1ea3nh kh\u1eafc ho\u00e0n h\u1ea3o cho m\u1ecdi k\u1ef3 ngh\u1ec9.\" \/>\n<meta property=\"og:url\" content=\"https:\/\/yarraoceansuitesdanang.com\/vi\/dining\/\" \/>\n<meta property=\"og:site_name\" content=\"Yarra Ocean Suites Danang\" \/>\n<meta property=\"article:modified_time\" content=\"2026-02-25T02:14:00+00:00\" \/>\n<meta name=\"twitter:card\" content=\"summary_large_image\" \/>\n<meta name=\"twitter:label1\" content=\"Est. reading time\" \/>\n\t<meta name=\"twitter:data1\" content=\"1 minute\" \/>\n<script type=\"application\/ld+json\" class=\"yoast-schema-graph\">{\"@context\":\"https:\/\/schema.org\",\"@graph\":[{\"@type\":\"WebPage\",\"@id\":\"https:\/\/yarraoceansuitesdanang.com\/vi\/dining\/\",\"url\":\"https:\/\/yarraoceansuitesdanang.com\/vi\/dining\/\",\"name\":\"Dining | Yarra Ocean Suites Danang\",\"isPartOf\":{\"@id\":\"https:\/\/yarraoceansuitesdanang.com\/vi\/#website\"},\"datePublished\":\"2026-02-24T14:07:18+00:00\",\"dateModified\":\"2026-02-25T02:14:00+00:00\",\"description\":\"T\u1ea1i Yarra Ocean Suites Danang, h\u00e0nh tr\u00ecnh \u1ea9m th\u1ef1c c\u1ee7a b\u1ea1n \u0111\u01b0\u1ee3c n\u00e2ng niu b\u1eb1ng nh\u1eefng h\u01b0\u01a1ng v\u1ecb tinh t\u1ebf h\u00f2a quy\u1ec7n gi\u1eefa truy\u1ec1n th\u1ed1ng v\u00e0 hi\u1ec7n \u0111\u1ea1i. Nh\u00e0 h\u00e0ng v\u1edbi kh\u00f4ng gian r\u1ed9ng r\u00e3i, ng\u1eadp tr\u00e0n \u00e1nh s\u00e1ng v\u00e0 t\u1ea7m nh\u00ecn h\u01b0\u1edbng bi\u1ec3n mang \u0111\u1ebfn tr\u1ea3i nghi\u1ec7m th\u01b0\u1edfng th\u1ee9c th\u01b0 th\u00e1i, t\u1eeb buffet s\u00e1ng gi\u00e0u n\u0103ng l\u01b0\u1ee3ng \u0111\u1ebfn c\u00e1c m\u00f3n Vi\u1ec7t \u2013 \u00c2u \u0111\u01b0\u1ee3c ch\u1ebf bi\u1ebfn tinh x\u1ea3o. D\u00e0nh ch\u00fat th\u1eddi gian nh\u00e2m nhi \u0111\u1ed3 u\u1ed1ng nh\u1eb9 t\u1ea1i Pool Bar v\u00e0 ng\u1eafm nh\u00ecn nh\u1ecbp s\u1ed1ng bi\u1ec3n \u0110\u00e0 N\u1eb5ng \u2013 m\u1ed9t kho\u1ea3nh kh\u1eafc ho\u00e0n h\u1ea3o cho m\u1ecdi k\u1ef3 ngh\u1ec9.\",\"breadcrumb\":{\"@id\":\"https:\/\/yarraoceansuitesdanang.com\/vi\/dining\/#breadcrumb\"},\"inLanguage\":\"vi-VN\",\"potentialAction\":[{\"@type\":\"ReadAction\",\"target\":[\"https:\/\/yarraoceansuitesdanang.com\/vi\/dining\/\"]}]},{\"@type\":\"BreadcrumbList\",\"@id\":\"https:\/\/yarraoceansuitesdanang.com\/vi\/dining\/#breadcrumb\",\"itemListElement\":[{\"@type\":\"ListItem\",\"position\":1,\"name\":\"Home\",\"item\":\"https:\/\/yarraoceansuitesdanang.com\/vi\/\"},{\"@type\":\"ListItem\",\"position\":2,\"name\":\"\u1ea8m th\u1ef1c\"}]},{\"@type\":\"WebSite\",\"@id\":\"https:\/\/yarraoceansuitesdanang.com\/vi\/#website\",\"url\":\"https:\/\/yarraoceansuitesdanang.com\/vi\/\",\"name\":\"Yarra Ocean Suites Danang\",\"description\":\"\",\"potentialAction\":[{\"@type\":\"SearchAction\",\"target\":{\"@type\":\"EntryPoint\",\"urlTemplate\":\"https:\/\/yarraoceansuitesdanang.com\/vi\/?s={search_term_string}\"},\"query-input\":\"required name=search_term_string\"}],\"inLanguage\":\"vi-VN\"}]}<\/script>\n<!-- \/ Yoast SEO plugin. -->","yoast_head_json":{"title":"Dining | Yarra Ocean Suites Danang","description":"T\u1ea1i Yarra Ocean Suites Danang, h\u00e0nh tr\u00ecnh \u1ea9m th\u1ef1c c\u1ee7a b\u1ea1n \u0111\u01b0\u1ee3c n\u00e2ng niu b\u1eb1ng nh\u1eefng h\u01b0\u01a1ng v\u1ecb tinh t\u1ebf h\u00f2a quy\u1ec7n gi\u1eefa truy\u1ec1n th\u1ed1ng v\u00e0 hi\u1ec7n \u0111\u1ea1i. Nh\u00e0 h\u00e0ng v\u1edbi kh\u00f4ng gian r\u1ed9ng r\u00e3i, ng\u1eadp tr\u00e0n \u00e1nh s\u00e1ng v\u00e0 t\u1ea7m nh\u00ecn h\u01b0\u1edbng bi\u1ec3n mang \u0111\u1ebfn tr\u1ea3i nghi\u1ec7m th\u01b0\u1edfng th\u1ee9c th\u01b0 th\u00e1i, t\u1eeb buffet s\u00e1ng gi\u00e0u n\u0103ng l\u01b0\u1ee3ng \u0111\u1ebfn c\u00e1c m\u00f3n Vi\u1ec7t \u2013 \u00c2u \u0111\u01b0\u1ee3c ch\u1ebf bi\u1ebfn tinh x\u1ea3o. D\u00e0nh ch\u00fat th\u1eddi gian nh\u00e2m nhi \u0111\u1ed3 u\u1ed1ng nh\u1eb9 t\u1ea1i Pool Bar v\u00e0 ng\u1eafm nh\u00ecn nh\u1ecbp s\u1ed1ng bi\u1ec3n \u0110\u00e0 N\u1eb5ng \u2013 m\u1ed9t kho\u1ea3nh kh\u1eafc ho\u00e0n h\u1ea3o cho m\u1ecdi k\u1ef3 ngh\u1ec9.","robots":{"index":"index","follow":"follow","max-snippet":"max-snippet:-1","max-image-preview":"max-image-preview:large","max-video-preview":"max-video-preview:-1"},"canonical":"https:\/\/yarraoceansuitesdanang.com\/vi\/dining\/","og_locale":"vi_VN","og_type":"article","og_title":"Dining | Yarra Ocean Suites Danang","og_description":"T\u1ea1i Yarra Ocean Suites Danang, h\u00e0nh tr\u00ecnh \u1ea9m th\u1ef1c c\u1ee7a b\u1ea1n \u0111\u01b0\u1ee3c n\u00e2ng niu b\u1eb1ng nh\u1eefng h\u01b0\u01a1ng v\u1ecb tinh t\u1ebf h\u00f2a quy\u1ec7n gi\u1eefa truy\u1ec1n th\u1ed1ng v\u00e0 hi\u1ec7n \u0111\u1ea1i. Nh\u00e0 h\u00e0ng v\u1edbi kh\u00f4ng gian r\u1ed9ng r\u00e3i, ng\u1eadp tr\u00e0n \u00e1nh s\u00e1ng v\u00e0 t\u1ea7m nh\u00ecn h\u01b0\u1edbng bi\u1ec3n mang \u0111\u1ebfn tr\u1ea3i nghi\u1ec7m th\u01b0\u1edfng th\u1ee9c th\u01b0 th\u00e1i, t\u1eeb buffet s\u00e1ng gi\u00e0u n\u0103ng l\u01b0\u1ee3ng \u0111\u1ebfn c\u00e1c m\u00f3n Vi\u1ec7t \u2013 \u00c2u \u0111\u01b0\u1ee3c ch\u1ebf bi\u1ebfn tinh x\u1ea3o. D\u00e0nh ch\u00fat th\u1eddi gian nh\u00e2m nhi \u0111\u1ed3 u\u1ed1ng nh\u1eb9 t\u1ea1i Pool Bar v\u00e0 ng\u1eafm nh\u00ecn nh\u1ecbp s\u1ed1ng bi\u1ec3n \u0110\u00e0 N\u1eb5ng \u2013 m\u1ed9t kho\u1ea3nh kh\u1eafc ho\u00e0n h\u1ea3o cho m\u1ecdi k\u1ef3 ngh\u1ec9.","og_url":"https:\/\/yarraoceansuitesdanang.com\/vi\/dining\/","og_site_name":"Yarra Ocean Suites Danang","article_modified_time":"2026-02-25T02:14:00+00:00","twitter_card":"summary_large_image","twitter_misc":{"Est. reading time":"1 minute"},"schema":{"@context":"https:\/\/schema.org","@graph":[{"@type":"WebPage","@id":"https:\/\/yarraoceansuitesdanang.com\/vi\/dining\/","url":"https:\/\/yarraoceansuitesdanang.com\/vi\/dining\/","name":"Dining | Yarra Ocean Suites Danang","isPartOf":{"@id":"https:\/\/yarraoceansuitesdanang.com\/vi\/#website"},"datePublished":"2026-02-24T14:07:18+00:00","dateModified":"2026-02-25T02:14:00+00:00","description":"T\u1ea1i Yarra Ocean Suites Danang, h\u00e0nh tr\u00ecnh \u1ea9m th\u1ef1c c\u1ee7a b\u1ea1n \u0111\u01b0\u1ee3c n\u00e2ng niu b\u1eb1ng nh\u1eefng h\u01b0\u01a1ng v\u1ecb tinh t\u1ebf h\u00f2a quy\u1ec7n gi\u1eefa truy\u1ec1n th\u1ed1ng v\u00e0 hi\u1ec7n \u0111\u1ea1i. Nh\u00e0 h\u00e0ng v\u1edbi kh\u00f4ng gian r\u1ed9ng r\u00e3i, ng\u1eadp tr\u00e0n \u00e1nh s\u00e1ng v\u00e0 t\u1ea7m nh\u00ecn h\u01b0\u1edbng bi\u1ec3n mang \u0111\u1ebfn tr\u1ea3i nghi\u1ec7m th\u01b0\u1edfng th\u1ee9c th\u01b0 th\u00e1i, t\u1eeb buffet s\u00e1ng gi\u00e0u n\u0103ng l\u01b0\u1ee3ng \u0111\u1ebfn c\u00e1c m\u00f3n Vi\u1ec7t \u2013 \u00c2u \u0111\u01b0\u1ee3c ch\u1ebf bi\u1ebfn tinh x\u1ea3o. D\u00e0nh ch\u00fat th\u1eddi gian nh\u00e2m nhi \u0111\u1ed3 u\u1ed1ng nh\u1eb9 t\u1ea1i Pool Bar v\u00e0 ng\u1eafm nh\u00ecn nh\u1ecbp s\u1ed1ng bi\u1ec3n \u0110\u00e0 N\u1eb5ng \u2013 m\u1ed9t kho\u1ea3nh kh\u1eafc ho\u00e0n h\u1ea3o cho m\u1ecdi k\u1ef3 ngh\u1ec9.","breadcrumb":{"@id":"https:\/\/yarraoceansuitesdanang.com\/vi\/dining\/#breadcrumb"},"inLanguage":"vi-VN","potentialAction":[{"@type":"ReadAction","target":["https:\/\/yarraoceansuitesdanang.com\/vi\/dining\/"]}]},{"@type":"BreadcrumbList","@id":"https:\/\/yarraoceansuitesdanang.com\/vi\/dining\/#breadcrumb","itemListElement":[{"@type":"ListItem","position":1,"name":"Home","item":"https:\/\/yarraoceansuitesdanang.com\/vi\/"},{"@type":"ListItem","position":2,"name":"\u1ea8m th\u1ef1c"}]},{"@type":"WebSite","@id":"https:\/\/yarraoceansuitesdanang.com\/vi\/#website","url":"https:\/\/yarraoceansuitesdanang.com\/vi\/","name":"Yarra Ocean Suites Danang","description":"","potentialAction":[{"@type":"SearchAction","target":{"@type":"EntryPoint","urlTemplate":"https:\/\/yarraoceansuitesdanang.com\/vi\/?s={search_term_string}"},"query-input":"required name=search_term_string"}],"inLanguage":"vi-VN"}]}},"acf":[],"_links":{"self":[{"href":"https:\/\/yarraoceansuitesdanang.com\/vi\/wp-json\/wp\/v2\/pages\/187"}],"collection":[{"href":"https:\/\/yarraoceansuitesdanang.com\/vi\/wp-json\/wp\/v2\/pages"}],"about":[{"href":"https:\/\/yarraoceansuitesdanang.com\/vi\/wp-json\/wp\/v2\/types\/page"}],"author":[{"embeddable":true,"href":"https:\/\/yarraoceansuitesdanang.com\/vi\/wp-json\/wp\/v2\/users\/90"}],"replies":[{"embeddable":true,"href":"https:\/\/yarraoceansuitesdanang.com\/vi\/wp-json\/wp\/v2\/comments?post=187"}],"version-history":[{"count":0,"href":"https:\/\/yarraoceansuitesdanang.com\/vi\/wp-json\/wp\/v2\/pages\/187\/revisions"}],"wp:attachment":[{"href":"https:\/\/yarraoceansuitesdanang.com\/vi\/wp-json\/wp\/v2\/media?parent=187"}],"curies":[{"name":"wp","href":"https:\/\/api.w.org\/{rel}","templated":true}]}}