{"id":185,"date":"2026-02-24T21:57:45","date_gmt":"2026-02-24T13:57:45","guid":{"rendered":"https:\/\/yarraoceansuitesdanang.ms2.decms.asia\/rooms-suites\/2-bedroom-residence\/"},"modified":"2026-04-08T15:14:51","modified_gmt":"2026-04-08T07:14:51","slug":"2-bedroom-residence","status":"publish","type":"page","link":"https:\/\/yarraoceansuitesdanang.com\/vi\/rooms-suites\/2-bedroom-residence\/","title":{"rendered":"2-Bedroom Residence"},"content":{"rendered":"<p>Kh\u00f4ng gian r\u1ed9ng l\u1edbn cho nhi\u1ec1u ng\u01b0\u1eddi h\u01a1n, c\u0103n h\u1ed9 bao g\u1ed3m 2 ph\u00f2ng ng\u1ee7 v\u1edbi h\u01b0\u1edbng nh\u00ecn ra \u0111\u1ea1i d\u01b0\u01a1ng bao la. Trang b\u1ecb ti\u1ec7n nghi v\u1edbi khu v\u1ef1c b\u1ebfp v\u00e0 ph\u00f2ng kh\u00e1ch, c\u0103n h\u1ed9 s\u1ebd l\u00e0 l\u1ef1a ch\u1ecdn ph\u00f9 h\u1ee3p cho c\u00e1c chuy\u1ebfn \u0111i d\u00e0i ng\u00e0y hay \u0111\u01a1n gi\u1ea3n l\u00e0 ngh\u1ec9 d\u01b0\u1ee1ng c\u00f9ng gia \u0111\u00ecnh.<\/p>\n","protected":false},"excerpt":{"rendered":"<p>Kh\u00f4ng gian r\u1ed9ng l\u1edbn cho nhi\u1ec1u ng\u01b0\u1eddi h\u01a1n, c\u0103n h\u1ed9 bao g\u1ed3m 2 ph\u00f2ng ng\u1ee7 v\u1edbi h\u01b0\u1edbng nh\u00ecn ra \u0111\u1ea1i d\u01b0\u01a1ng bao la. Trang b\u1ecb ti\u1ec7n nghi v\u1edbi khu v\u1ef1c b\u1ebfp v\u00e0 ph\u00f2ng kh\u00e1ch, c\u0103n h\u1ed9 s\u1ebd l\u00e0 l\u1ef1a ch\u1ecdn ph\u00f9 h\u1ee3p cho c\u00e1c chuy\u1ebfn \u0111i d\u00e0i ng\u00e0y hay \u0111\u01a1n gi\u1ea3n l\u00e0 ngh\u1ec9 d\u01b0\u1ee1ng c\u00f9ng [&hellip;]<\/p>\n","protected":false},"author":90,"featured_media":66,"parent":173,"menu_order":6,"comment_status":"closed","ping_status":"closed","template":"template-single-room.php","meta":{"footnotes":""},"yoast_head":"<!-- This site is optimized with the Yoast SEO plugin v22.3 - https:\/\/yoast.com\/wordpress\/plugins\/seo\/ -->\n<title>2-Bedroom Residence | Yarra Ocean Suites Danang<\/title>\n<meta name=\"description\" content=\"Kh\u00f4ng gian r\u1ed9ng l\u1edbn cho nhi\u1ec1u ng\u01b0\u1eddi h\u01a1n, c\u0103n h\u1ed9 bao g\u1ed3m 2 ph\u00f2ng ng\u1ee7 v\u1edbi h\u01b0\u1edbng nh\u00ecn ra \u0111\u1ea1i d\u01b0\u01a1ng bao la. Trang b\u1ecb ti\u1ec7n nghi v\u1edbi khu v\u1ef1c b\u1ebfp v\u00e0 ph\u00f2ng kh\u00e1ch, c\u0103n h\u1ed9 s\u1ebd l\u00e0 l\u1ef1a ch\u1ecdn ph\u00f9 h\u1ee3p cho c\u00e1c chuy\u1ebfn \u0111i d\u00e0i ng\u00e0y hay \u0111\u01a1n gi\u1ea3n l\u00e0 ngh\u1ec9 d\u01b0\u1ee1ng c\u00f9ng gia \u0111\u00ecnh.\" \/>\n<meta name=\"robots\" content=\"index, follow, max-snippet:-1, max-image-preview:large, max-video-preview:-1\" \/>\n<link rel=\"canonical\" href=\"https:\/\/yarraoceansuitesdanang.com\/vi\/rooms-suites\/2-bedroom-residence\/\" \/>\n<meta property=\"og:locale\" content=\"vi_VN\" \/>\n<meta property=\"og:type\" content=\"article\" \/>\n<meta property=\"og:title\" content=\"2-Bedroom Residence | Yarra Ocean Suites Danang\" \/>\n<meta property=\"og:description\" content=\"Kh\u00f4ng gian r\u1ed9ng l\u1edbn cho nhi\u1ec1u ng\u01b0\u1eddi h\u01a1n, c\u0103n h\u1ed9 bao g\u1ed3m 2 ph\u00f2ng ng\u1ee7 v\u1edbi h\u01b0\u1edbng nh\u00ecn ra \u0111\u1ea1i d\u01b0\u01a1ng bao la. Trang b\u1ecb ti\u1ec7n nghi v\u1edbi khu v\u1ef1c b\u1ebfp v\u00e0 ph\u00f2ng kh\u00e1ch, c\u0103n h\u1ed9 s\u1ebd l\u00e0 l\u1ef1a ch\u1ecdn ph\u00f9 h\u1ee3p cho c\u00e1c chuy\u1ebfn \u0111i d\u00e0i ng\u00e0y hay \u0111\u01a1n gi\u1ea3n l\u00e0 ngh\u1ec9 d\u01b0\u1ee1ng c\u00f9ng gia \u0111\u00ecnh.\" \/>\n<meta property=\"og:url\" content=\"https:\/\/yarraoceansuitesdanang.com\/vi\/rooms-suites\/2-bedroom-residence\/\" \/>\n<meta property=\"og:site_name\" content=\"Yarra Ocean Suites Danang\" \/>\n<meta property=\"article:modified_time\" content=\"2026-04-08T07:14:51+00:00\" \/>\n<meta property=\"og:image\" content=\"https:\/\/yarraoceansuitesdanang.com\/wp-content\/uploads\/sites\/159\/2026\/02\/DHP3707.jpg\" \/>\n\t<meta property=\"og:image:width\" content=\"2200\" \/>\n\t<meta property=\"og:image:height\" content=\"1467\" \/>\n\t<meta property=\"og:image:type\" content=\"image\/jpeg\" \/>\n<meta name=\"twitter:card\" content=\"summary_large_image\" \/>\n<meta name=\"twitter:label1\" content=\"Est. reading time\" \/>\n\t<meta name=\"twitter:data1\" content=\"1 minute\" \/>\n<script type=\"application\/ld+json\" class=\"yoast-schema-graph\">{\"@context\":\"https:\/\/schema.org\",\"@graph\":[{\"@type\":\"WebPage\",\"@id\":\"https:\/\/yarraoceansuitesdanang.com\/vi\/rooms-suites\/2-bedroom-residence\/\",\"url\":\"https:\/\/yarraoceansuitesdanang.com\/vi\/rooms-suites\/2-bedroom-residence\/\",\"name\":\"2-Bedroom Residence | Yarra Ocean Suites Danang\",\"isPartOf\":{\"@id\":\"https:\/\/yarraoceansuitesdanang.com\/vi\/#website\"},\"primaryImageOfPage\":{\"@id\":\"https:\/\/yarraoceansuitesdanang.com\/vi\/rooms-suites\/2-bedroom-residence\/#primaryimage\"},\"image\":{\"@id\":\"https:\/\/yarraoceansuitesdanang.com\/vi\/rooms-suites\/2-bedroom-residence\/#primaryimage\"},\"thumbnailUrl\":\"https:\/\/yarraoceansuitesdanang.com\/wp-content\/uploads\/sites\/159\/2026\/02\/DHP3707.jpg\",\"datePublished\":\"2026-02-24T13:57:45+00:00\",\"dateModified\":\"2026-04-08T07:14:51+00:00\",\"description\":\"Kh\u00f4ng gian r\u1ed9ng l\u1edbn cho nhi\u1ec1u ng\u01b0\u1eddi h\u01a1n, c\u0103n h\u1ed9 bao g\u1ed3m 2 ph\u00f2ng ng\u1ee7 v\u1edbi h\u01b0\u1edbng nh\u00ecn ra \u0111\u1ea1i d\u01b0\u01a1ng bao la. Trang b\u1ecb ti\u1ec7n nghi v\u1edbi khu v\u1ef1c b\u1ebfp v\u00e0 ph\u00f2ng kh\u00e1ch, c\u0103n h\u1ed9 s\u1ebd l\u00e0 l\u1ef1a ch\u1ecdn ph\u00f9 h\u1ee3p cho c\u00e1c chuy\u1ebfn \u0111i d\u00e0i ng\u00e0y hay \u0111\u01a1n gi\u1ea3n l\u00e0 ngh\u1ec9 d\u01b0\u1ee1ng c\u00f9ng gia \u0111\u00ecnh.\",\"breadcrumb\":{\"@id\":\"https:\/\/yarraoceansuitesdanang.com\/vi\/rooms-suites\/2-bedroom-residence\/#breadcrumb\"},\"inLanguage\":\"vi-VN\",\"potentialAction\":[{\"@type\":\"ReadAction\",\"target\":[\"https:\/\/yarraoceansuitesdanang.com\/vi\/rooms-suites\/2-bedroom-residence\/\"]}]},{\"@type\":\"ImageObject\",\"inLanguage\":\"vi-VN\",\"@id\":\"https:\/\/yarraoceansuitesdanang.com\/vi\/rooms-suites\/2-bedroom-residence\/#primaryimage\",\"url\":\"https:\/\/yarraoceansuitesdanang.com\/wp-content\/uploads\/sites\/159\/2026\/02\/DHP3707.jpg\",\"contentUrl\":\"https:\/\/yarraoceansuitesdanang.com\/wp-content\/uploads\/sites\/159\/2026\/02\/DHP3707.jpg\",\"width\":2200,\"height\":1467},{\"@type\":\"BreadcrumbList\",\"@id\":\"https:\/\/yarraoceansuitesdanang.com\/vi\/rooms-suites\/2-bedroom-residence\/#breadcrumb\",\"itemListElement\":[{\"@type\":\"ListItem\",\"position\":1,\"name\":\"Home\",\"item\":\"https:\/\/yarraoceansuitesdanang.com\/vi\/\"},{\"@type\":\"ListItem\",\"position\":2,\"name\":\"Ph\u00f2ng &#038; Suites\",\"item\":\"https:\/\/yarraoceansuitesdanang.com\/vi\/rooms-suites\/\"},{\"@type\":\"ListItem\",\"position\":3,\"name\":\"2-Bedroom Residence\"}]},{\"@type\":\"WebSite\",\"@id\":\"https:\/\/yarraoceansuitesdanang.com\/vi\/#website\",\"url\":\"https:\/\/yarraoceansuitesdanang.com\/vi\/\",\"name\":\"Yarra Ocean Suites Danang\",\"description\":\"\",\"potentialAction\":[{\"@type\":\"SearchAction\",\"target\":{\"@type\":\"EntryPoint\",\"urlTemplate\":\"https:\/\/yarraoceansuitesdanang.com\/vi\/?s={search_term_string}\"},\"query-input\":\"required name=search_term_string\"}],\"inLanguage\":\"vi-VN\"}]}<\/script>\n<!-- \/ Yoast SEO plugin. -->","yoast_head_json":{"title":"2-Bedroom Residence | Yarra Ocean Suites Danang","description":"Kh\u00f4ng gian r\u1ed9ng l\u1edbn cho nhi\u1ec1u ng\u01b0\u1eddi h\u01a1n, c\u0103n h\u1ed9 bao g\u1ed3m 2 ph\u00f2ng ng\u1ee7 v\u1edbi h\u01b0\u1edbng nh\u00ecn ra \u0111\u1ea1i d\u01b0\u01a1ng bao la. Trang b\u1ecb ti\u1ec7n nghi v\u1edbi khu v\u1ef1c b\u1ebfp v\u00e0 ph\u00f2ng kh\u00e1ch, c\u0103n h\u1ed9 s\u1ebd l\u00e0 l\u1ef1a ch\u1ecdn ph\u00f9 h\u1ee3p cho c\u00e1c chuy\u1ebfn \u0111i d\u00e0i ng\u00e0y hay \u0111\u01a1n gi\u1ea3n l\u00e0 ngh\u1ec9 d\u01b0\u1ee1ng c\u00f9ng gia \u0111\u00ecnh.","robots":{"index":"index","follow":"follow","max-snippet":"max-snippet:-1","max-image-preview":"max-image-preview:large","max-video-preview":"max-video-preview:-1"},"canonical":"https:\/\/yarraoceansuitesdanang.com\/vi\/rooms-suites\/2-bedroom-residence\/","og_locale":"vi_VN","og_type":"article","og_title":"2-Bedroom Residence | Yarra Ocean Suites Danang","og_description":"Kh\u00f4ng gian r\u1ed9ng l\u1edbn cho nhi\u1ec1u ng\u01b0\u1eddi h\u01a1n, c\u0103n h\u1ed9 bao g\u1ed3m 2 ph\u00f2ng ng\u1ee7 v\u1edbi h\u01b0\u1edbng nh\u00ecn ra \u0111\u1ea1i d\u01b0\u01a1ng bao la. Trang b\u1ecb ti\u1ec7n nghi v\u1edbi khu v\u1ef1c b\u1ebfp v\u00e0 ph\u00f2ng kh\u00e1ch, c\u0103n h\u1ed9 s\u1ebd l\u00e0 l\u1ef1a ch\u1ecdn ph\u00f9 h\u1ee3p cho c\u00e1c chuy\u1ebfn \u0111i d\u00e0i ng\u00e0y hay \u0111\u01a1n gi\u1ea3n l\u00e0 ngh\u1ec9 d\u01b0\u1ee1ng c\u00f9ng gia \u0111\u00ecnh.","og_url":"https:\/\/yarraoceansuitesdanang.com\/vi\/rooms-suites\/2-bedroom-residence\/","og_site_name":"Yarra Ocean Suites Danang","article_modified_time":"2026-04-08T07:14:51+00:00","og_image":[{"width":2200,"height":1467,"url":"https:\/\/yarraoceansuitesdanang.com\/wp-content\/uploads\/sites\/159\/2026\/02\/DHP3707.jpg","type":"image\/jpeg"}],"twitter_card":"summary_large_image","twitter_misc":{"Est. reading time":"1 minute"},"schema":{"@context":"https:\/\/schema.org","@graph":[{"@type":"WebPage","@id":"https:\/\/yarraoceansuitesdanang.com\/vi\/rooms-suites\/2-bedroom-residence\/","url":"https:\/\/yarraoceansuitesdanang.com\/vi\/rooms-suites\/2-bedroom-residence\/","name":"2-Bedroom Residence | Yarra Ocean Suites Danang","isPartOf":{"@id":"https:\/\/yarraoceansuitesdanang.com\/vi\/#website"},"primaryImageOfPage":{"@id":"https:\/\/yarraoceansuitesdanang.com\/vi\/rooms-suites\/2-bedroom-residence\/#primaryimage"},"image":{"@id":"https:\/\/yarraoceansuitesdanang.com\/vi\/rooms-suites\/2-bedroom-residence\/#primaryimage"},"thumbnailUrl":"https:\/\/yarraoceansuitesdanang.com\/wp-content\/uploads\/sites\/159\/2026\/02\/DHP3707.jpg","datePublished":"2026-02-24T13:57:45+00:00","dateModified":"2026-04-08T07:14:51+00:00","description":"Kh\u00f4ng gian r\u1ed9ng l\u1edbn cho nhi\u1ec1u ng\u01b0\u1eddi h\u01a1n, c\u0103n h\u1ed9 bao g\u1ed3m 2 ph\u00f2ng ng\u1ee7 v\u1edbi h\u01b0\u1edbng nh\u00ecn ra \u0111\u1ea1i d\u01b0\u01a1ng bao la. Trang b\u1ecb ti\u1ec7n nghi v\u1edbi khu v\u1ef1c b\u1ebfp v\u00e0 ph\u00f2ng kh\u00e1ch, c\u0103n h\u1ed9 s\u1ebd l\u00e0 l\u1ef1a ch\u1ecdn ph\u00f9 h\u1ee3p cho c\u00e1c chuy\u1ebfn \u0111i d\u00e0i ng\u00e0y hay \u0111\u01a1n gi\u1ea3n l\u00e0 ngh\u1ec9 d\u01b0\u1ee1ng c\u00f9ng gia \u0111\u00ecnh.","breadcrumb":{"@id":"https:\/\/yarraoceansuitesdanang.com\/vi\/rooms-suites\/2-bedroom-residence\/#breadcrumb"},"inLanguage":"vi-VN","potentialAction":[{"@type":"ReadAction","target":["https:\/\/yarraoceansuitesdanang.com\/vi\/rooms-suites\/2-bedroom-residence\/"]}]},{"@type":"ImageObject","inLanguage":"vi-VN","@id":"https:\/\/yarraoceansuitesdanang.com\/vi\/rooms-suites\/2-bedroom-residence\/#primaryimage","url":"https:\/\/yarraoceansuitesdanang.com\/wp-content\/uploads\/sites\/159\/2026\/02\/DHP3707.jpg","contentUrl":"https:\/\/yarraoceansuitesdanang.com\/wp-content\/uploads\/sites\/159\/2026\/02\/DHP3707.jpg","width":2200,"height":1467},{"@type":"BreadcrumbList","@id":"https:\/\/yarraoceansuitesdanang.com\/vi\/rooms-suites\/2-bedroom-residence\/#breadcrumb","itemListElement":[{"@type":"ListItem","position":1,"name":"Home","item":"https:\/\/yarraoceansuitesdanang.com\/vi\/"},{"@type":"ListItem","position":2,"name":"Ph\u00f2ng &#038; Suites","item":"https:\/\/yarraoceansuitesdanang.com\/vi\/rooms-suites\/"},{"@type":"ListItem","position":3,"name":"2-Bedroom Residence"}]},{"@type":"WebSite","@id":"https:\/\/yarraoceansuitesdanang.com\/vi\/#website","url":"https:\/\/yarraoceansuitesdanang.com\/vi\/","name":"Yarra Ocean Suites Danang","description":"","potentialAction":[{"@type":"SearchAction","target":{"@type":"EntryPoint","urlTemplate":"https:\/\/yarraoceansuitesdanang.com\/vi\/?s={search_term_string}"},"query-input":"required name=search_term_string"}],"inLanguage":"vi-VN"}]}},"acf":[],"_links":{"self":[{"href":"https:\/\/yarraoceansuitesdanang.com\/vi\/wp-json\/wp\/v2\/pages\/185"}],"collection":[{"href":"https:\/\/yarraoceansuitesdanang.com\/vi\/wp-json\/wp\/v2\/pages"}],"about":[{"href":"https:\/\/yarraoceansuitesdanang.com\/vi\/wp-json\/wp\/v2\/types\/page"}],"author":[{"embeddable":true,"href":"https:\/\/yarraoceansuitesdanang.com\/vi\/wp-json\/wp\/v2\/users\/90"}],"replies":[{"embeddable":true,"href":"https:\/\/yarraoceansuitesdanang.com\/vi\/wp-json\/wp\/v2\/comments?post=185"}],"version-history":[{"count":0,"href":"https:\/\/yarraoceansuitesdanang.com\/vi\/wp-json\/wp\/v2\/pages\/185\/revisions"}],"up":[{"embeddable":true,"href":"https:\/\/yarraoceansuitesdanang.com\/vi\/wp-json\/wp\/v2\/pages\/173"}],"wp:featuredmedia":[{"embeddable":true,"href":"https:\/\/yarraoceansuitesdanang.com\/vi\/wp-json\/wp\/v2\/media\/66"}],"wp:attachment":[{"href":"https:\/\/yarraoceansuitesdanang.com\/vi\/wp-json\/wp\/v2\/media?parent=185"}],"curies":[{"name":"wp","href":"https:\/\/api.w.org\/{rel}","templated":true}]}}