{"id":183,"date":"2026-02-24T21:57:11","date_gmt":"2026-02-24T13:57:11","guid":{"rendered":"https:\/\/yarraoceansuitesdanang.ms2.decms.asia\/rooms-suites\/premium\/"},"modified":"2026-04-08T18:20:05","modified_gmt":"2026-04-08T10:20:05","slug":"premium","status":"publish","type":"page","link":"https:\/\/yarraoceansuitesdanang.com\/vi\/rooms-suites\/premium\/","title":{"rendered":"Premium"},"content":{"rendered":"<p>T\u1ea7m nh\u00ecn \u1ea5n t\u01b0\u1ee3ng t\u1eeb c\u1eeda k\u00ednh g\u00f3c ph\u00f2ng v\u1edbi to\u00e0n c\u1ea3nh h\u01b0\u1edbng v\u1ec1 v\u00f9ng bi\u1ec3n s\u00f3ng v\u1ed7 h\u00f2a c\u00f9ng kh\u00f4ng gian \u1ea5m c\u00fang b\u00e0i tr\u00ed khu v\u1ef1c ti\u1ebfp kh\u00e1ch n\u01a1i b\u1ea1n c\u00f3 th\u1ec3 ng\u1ea3 l\u01b0ng nh\u00ecn ng\u1eafm \u0110\u00e0 N\u1eb5ng c\u1ea3 ng\u00e0y d\u00e0i.<\/p>\n","protected":false},"excerpt":{"rendered":"<p>T\u1ea7m nh\u00ecn \u1ea5n t\u01b0\u1ee3ng t\u1eeb c\u1eeda k\u00ednh g\u00f3c ph\u00f2ng v\u1edbi to\u00e0n c\u1ea3nh h\u01b0\u1edbng v\u1ec1 v\u00f9ng bi\u1ec3n s\u00f3ng v\u1ed7 h\u00f2a c\u00f9ng kh\u00f4ng gian \u1ea5m c\u00fang b\u00e0i tr\u00ed khu v\u1ef1c ti\u1ebfp kh\u00e1ch n\u01a1i b\u1ea1n c\u00f3 th\u1ec3 ng\u1ea3 l\u01b0ng nh\u00ecn ng\u1eafm \u0110\u00e0 N\u1eb5ng c\u1ea3 ng\u00e0y d\u00e0i.<\/p>\n","protected":false},"author":90,"featured_media":52,"parent":173,"menu_order":5,"comment_status":"closed","ping_status":"closed","template":"template-single-room.php","meta":{"footnotes":""},"yoast_head":"<!-- This site is optimized with the Yoast SEO plugin v22.3 - https:\/\/yoast.com\/wordpress\/plugins\/seo\/ -->\n<title>Premium Room | Yarra Ocean Suites Danang<\/title>\n<meta name=\"description\" content=\"T\u1ea7m nh\u00ecn \u1ea5n t\u01b0\u1ee3ng t\u1eeb c\u1eeda k\u00ednh g\u00f3c ph\u00f2ng v\u1edbi to\u00e0n c\u1ea3nh h\u01b0\u1edbng v\u1ec1 v\u00f9ng bi\u1ec3n s\u00f3ng v\u1ed7 h\u00f2a c\u00f9ng kh\u00f4ng gian \u1ea5m c\u00fang b\u00e0i tr\u00ed khu v\u1ef1c ti\u1ebfp kh\u00e1ch n\u01a1i b\u1ea1n c\u00f3 th\u1ec3 ng\u1ea3 l\u01b0ng nh\u00ecn ng\u1eafm \u0110\u00e0 N\u1eb5ng c\u1ea3 ng\u00e0y d\u00e0i.\" \/>\n<meta name=\"robots\" content=\"index, follow, max-snippet:-1, max-image-preview:large, max-video-preview:-1\" \/>\n<link rel=\"canonical\" href=\"https:\/\/yarraoceansuitesdanang.com\/vi\/rooms-suites\/premium\/\" \/>\n<meta property=\"og:locale\" content=\"vi_VN\" \/>\n<meta property=\"og:type\" content=\"article\" \/>\n<meta property=\"og:title\" content=\"Premium Room | Yarra Ocean Suites Danang\" \/>\n<meta property=\"og:description\" content=\"T\u1ea7m nh\u00ecn \u1ea5n t\u01b0\u1ee3ng t\u1eeb c\u1eeda k\u00ednh g\u00f3c ph\u00f2ng v\u1edbi to\u00e0n c\u1ea3nh h\u01b0\u1edbng v\u1ec1 v\u00f9ng bi\u1ec3n s\u00f3ng v\u1ed7 h\u00f2a c\u00f9ng kh\u00f4ng gian \u1ea5m c\u00fang b\u00e0i tr\u00ed khu v\u1ef1c ti\u1ebfp kh\u00e1ch n\u01a1i b\u1ea1n c\u00f3 th\u1ec3 ng\u1ea3 l\u01b0ng nh\u00ecn ng\u1eafm \u0110\u00e0 N\u1eb5ng c\u1ea3 ng\u00e0y d\u00e0i.\" \/>\n<meta property=\"og:url\" content=\"https:\/\/yarraoceansuitesdanang.com\/vi\/rooms-suites\/premium\/\" \/>\n<meta property=\"og:site_name\" content=\"Yarra Ocean Suites Danang\" \/>\n<meta property=\"article:modified_time\" content=\"2026-04-08T10:20:05+00:00\" \/>\n<meta property=\"og:image\" content=\"https:\/\/yarraoceansuitesdanang.com\/wp-content\/uploads\/sites\/159\/2026\/02\/DHP4663.jpg\" \/>\n\t<meta property=\"og:image:width\" content=\"2200\" \/>\n\t<meta property=\"og:image:height\" content=\"1467\" \/>\n\t<meta property=\"og:image:type\" content=\"image\/jpeg\" \/>\n<meta name=\"twitter:card\" content=\"summary_large_image\" \/>\n<meta name=\"twitter:label1\" content=\"Est. reading time\" \/>\n\t<meta name=\"twitter:data1\" content=\"1 minute\" \/>\n<script type=\"application\/ld+json\" class=\"yoast-schema-graph\">{\"@context\":\"https:\/\/schema.org\",\"@graph\":[{\"@type\":\"WebPage\",\"@id\":\"https:\/\/yarraoceansuitesdanang.com\/vi\/rooms-suites\/premium\/\",\"url\":\"https:\/\/yarraoceansuitesdanang.com\/vi\/rooms-suites\/premium\/\",\"name\":\"Premium Room | Yarra Ocean Suites Danang\",\"isPartOf\":{\"@id\":\"https:\/\/yarraoceansuitesdanang.com\/vi\/#website\"},\"primaryImageOfPage\":{\"@id\":\"https:\/\/yarraoceansuitesdanang.com\/vi\/rooms-suites\/premium\/#primaryimage\"},\"image\":{\"@id\":\"https:\/\/yarraoceansuitesdanang.com\/vi\/rooms-suites\/premium\/#primaryimage\"},\"thumbnailUrl\":\"https:\/\/yarraoceansuitesdanang.com\/wp-content\/uploads\/sites\/159\/2026\/02\/DHP4663.jpg\",\"datePublished\":\"2026-02-24T13:57:11+00:00\",\"dateModified\":\"2026-04-08T10:20:05+00:00\",\"description\":\"T\u1ea7m nh\u00ecn \u1ea5n t\u01b0\u1ee3ng t\u1eeb c\u1eeda k\u00ednh g\u00f3c ph\u00f2ng v\u1edbi to\u00e0n c\u1ea3nh h\u01b0\u1edbng v\u1ec1 v\u00f9ng bi\u1ec3n s\u00f3ng v\u1ed7 h\u00f2a c\u00f9ng kh\u00f4ng gian \u1ea5m c\u00fang b\u00e0i tr\u00ed khu v\u1ef1c ti\u1ebfp kh\u00e1ch n\u01a1i b\u1ea1n c\u00f3 th\u1ec3 ng\u1ea3 l\u01b0ng nh\u00ecn ng\u1eafm \u0110\u00e0 N\u1eb5ng c\u1ea3 ng\u00e0y d\u00e0i.\",\"breadcrumb\":{\"@id\":\"https:\/\/yarraoceansuitesdanang.com\/vi\/rooms-suites\/premium\/#breadcrumb\"},\"inLanguage\":\"vi-VN\",\"potentialAction\":[{\"@type\":\"ReadAction\",\"target\":[\"https:\/\/yarraoceansuitesdanang.com\/vi\/rooms-suites\/premium\/\"]}]},{\"@type\":\"ImageObject\",\"inLanguage\":\"vi-VN\",\"@id\":\"https:\/\/yarraoceansuitesdanang.com\/vi\/rooms-suites\/premium\/#primaryimage\",\"url\":\"https:\/\/yarraoceansuitesdanang.com\/wp-content\/uploads\/sites\/159\/2026\/02\/DHP4663.jpg\",\"contentUrl\":\"https:\/\/yarraoceansuitesdanang.com\/wp-content\/uploads\/sites\/159\/2026\/02\/DHP4663.jpg\",\"width\":2200,\"height\":1467},{\"@type\":\"BreadcrumbList\",\"@id\":\"https:\/\/yarraoceansuitesdanang.com\/vi\/rooms-suites\/premium\/#breadcrumb\",\"itemListElement\":[{\"@type\":\"ListItem\",\"position\":1,\"name\":\"Home\",\"item\":\"https:\/\/yarraoceansuitesdanang.com\/vi\/\"},{\"@type\":\"ListItem\",\"position\":2,\"name\":\"Ph\u00f2ng &#038; Suites\",\"item\":\"https:\/\/yarraoceansuitesdanang.com\/vi\/rooms-suites\/\"},{\"@type\":\"ListItem\",\"position\":3,\"name\":\"Premium\"}]},{\"@type\":\"WebSite\",\"@id\":\"https:\/\/yarraoceansuitesdanang.com\/vi\/#website\",\"url\":\"https:\/\/yarraoceansuitesdanang.com\/vi\/\",\"name\":\"Yarra Ocean Suites Danang\",\"description\":\"\",\"potentialAction\":[{\"@type\":\"SearchAction\",\"target\":{\"@type\":\"EntryPoint\",\"urlTemplate\":\"https:\/\/yarraoceansuitesdanang.com\/vi\/?s={search_term_string}\"},\"query-input\":\"required name=search_term_string\"}],\"inLanguage\":\"vi-VN\"}]}<\/script>\n<!-- \/ Yoast SEO plugin. -->","yoast_head_json":{"title":"Premium Room | Yarra Ocean Suites Danang","description":"T\u1ea7m nh\u00ecn \u1ea5n t\u01b0\u1ee3ng t\u1eeb c\u1eeda k\u00ednh g\u00f3c ph\u00f2ng v\u1edbi to\u00e0n c\u1ea3nh h\u01b0\u1edbng v\u1ec1 v\u00f9ng bi\u1ec3n s\u00f3ng v\u1ed7 h\u00f2a c\u00f9ng kh\u00f4ng gian \u1ea5m c\u00fang b\u00e0i tr\u00ed khu v\u1ef1c ti\u1ebfp kh\u00e1ch n\u01a1i b\u1ea1n c\u00f3 th\u1ec3 ng\u1ea3 l\u01b0ng nh\u00ecn ng\u1eafm \u0110\u00e0 N\u1eb5ng c\u1ea3 ng\u00e0y d\u00e0i.","robots":{"index":"index","follow":"follow","max-snippet":"max-snippet:-1","max-image-preview":"max-image-preview:large","max-video-preview":"max-video-preview:-1"},"canonical":"https:\/\/yarraoceansuitesdanang.com\/vi\/rooms-suites\/premium\/","og_locale":"vi_VN","og_type":"article","og_title":"Premium Room | Yarra Ocean Suites Danang","og_description":"T\u1ea7m nh\u00ecn \u1ea5n t\u01b0\u1ee3ng t\u1eeb c\u1eeda k\u00ednh g\u00f3c ph\u00f2ng v\u1edbi to\u00e0n c\u1ea3nh h\u01b0\u1edbng v\u1ec1 v\u00f9ng bi\u1ec3n s\u00f3ng v\u1ed7 h\u00f2a c\u00f9ng kh\u00f4ng gian \u1ea5m c\u00fang b\u00e0i tr\u00ed khu v\u1ef1c ti\u1ebfp kh\u00e1ch n\u01a1i b\u1ea1n c\u00f3 th\u1ec3 ng\u1ea3 l\u01b0ng nh\u00ecn ng\u1eafm \u0110\u00e0 N\u1eb5ng c\u1ea3 ng\u00e0y d\u00e0i.","og_url":"https:\/\/yarraoceansuitesdanang.com\/vi\/rooms-suites\/premium\/","og_site_name":"Yarra Ocean Suites Danang","article_modified_time":"2026-04-08T10:20:05+00:00","og_image":[{"width":2200,"height":1467,"url":"https:\/\/yarraoceansuitesdanang.com\/wp-content\/uploads\/sites\/159\/2026\/02\/DHP4663.jpg","type":"image\/jpeg"}],"twitter_card":"summary_large_image","twitter_misc":{"Est. reading time":"1 minute"},"schema":{"@context":"https:\/\/schema.org","@graph":[{"@type":"WebPage","@id":"https:\/\/yarraoceansuitesdanang.com\/vi\/rooms-suites\/premium\/","url":"https:\/\/yarraoceansuitesdanang.com\/vi\/rooms-suites\/premium\/","name":"Premium Room | Yarra Ocean Suites Danang","isPartOf":{"@id":"https:\/\/yarraoceansuitesdanang.com\/vi\/#website"},"primaryImageOfPage":{"@id":"https:\/\/yarraoceansuitesdanang.com\/vi\/rooms-suites\/premium\/#primaryimage"},"image":{"@id":"https:\/\/yarraoceansuitesdanang.com\/vi\/rooms-suites\/premium\/#primaryimage"},"thumbnailUrl":"https:\/\/yarraoceansuitesdanang.com\/wp-content\/uploads\/sites\/159\/2026\/02\/DHP4663.jpg","datePublished":"2026-02-24T13:57:11+00:00","dateModified":"2026-04-08T10:20:05+00:00","description":"T\u1ea7m nh\u00ecn \u1ea5n t\u01b0\u1ee3ng t\u1eeb c\u1eeda k\u00ednh g\u00f3c ph\u00f2ng v\u1edbi to\u00e0n c\u1ea3nh h\u01b0\u1edbng v\u1ec1 v\u00f9ng bi\u1ec3n s\u00f3ng v\u1ed7 h\u00f2a c\u00f9ng kh\u00f4ng gian \u1ea5m c\u00fang b\u00e0i tr\u00ed khu v\u1ef1c ti\u1ebfp kh\u00e1ch n\u01a1i b\u1ea1n c\u00f3 th\u1ec3 ng\u1ea3 l\u01b0ng nh\u00ecn ng\u1eafm \u0110\u00e0 N\u1eb5ng c\u1ea3 ng\u00e0y d\u00e0i.","breadcrumb":{"@id":"https:\/\/yarraoceansuitesdanang.com\/vi\/rooms-suites\/premium\/#breadcrumb"},"inLanguage":"vi-VN","potentialAction":[{"@type":"ReadAction","target":["https:\/\/yarraoceansuitesdanang.com\/vi\/rooms-suites\/premium\/"]}]},{"@type":"ImageObject","inLanguage":"vi-VN","@id":"https:\/\/yarraoceansuitesdanang.com\/vi\/rooms-suites\/premium\/#primaryimage","url":"https:\/\/yarraoceansuitesdanang.com\/wp-content\/uploads\/sites\/159\/2026\/02\/DHP4663.jpg","contentUrl":"https:\/\/yarraoceansuitesdanang.com\/wp-content\/uploads\/sites\/159\/2026\/02\/DHP4663.jpg","width":2200,"height":1467},{"@type":"BreadcrumbList","@id":"https:\/\/yarraoceansuitesdanang.com\/vi\/rooms-suites\/premium\/#breadcrumb","itemListElement":[{"@type":"ListItem","position":1,"name":"Home","item":"https:\/\/yarraoceansuitesdanang.com\/vi\/"},{"@type":"ListItem","position":2,"name":"Ph\u00f2ng &#038; Suites","item":"https:\/\/yarraoceansuitesdanang.com\/vi\/rooms-suites\/"},{"@type":"ListItem","position":3,"name":"Premium"}]},{"@type":"WebSite","@id":"https:\/\/yarraoceansuitesdanang.com\/vi\/#website","url":"https:\/\/yarraoceansuitesdanang.com\/vi\/","name":"Yarra Ocean Suites Danang","description":"","potentialAction":[{"@type":"SearchAction","target":{"@type":"EntryPoint","urlTemplate":"https:\/\/yarraoceansuitesdanang.com\/vi\/?s={search_term_string}"},"query-input":"required name=search_term_string"}],"inLanguage":"vi-VN"}]}},"acf":[],"_links":{"self":[{"href":"https:\/\/yarraoceansuitesdanang.com\/vi\/wp-json\/wp\/v2\/pages\/183"}],"collection":[{"href":"https:\/\/yarraoceansuitesdanang.com\/vi\/wp-json\/wp\/v2\/pages"}],"about":[{"href":"https:\/\/yarraoceansuitesdanang.com\/vi\/wp-json\/wp\/v2\/types\/page"}],"author":[{"embeddable":true,"href":"https:\/\/yarraoceansuitesdanang.com\/vi\/wp-json\/wp\/v2\/users\/90"}],"replies":[{"embeddable":true,"href":"https:\/\/yarraoceansuitesdanang.com\/vi\/wp-json\/wp\/v2\/comments?post=183"}],"version-history":[{"count":0,"href":"https:\/\/yarraoceansuitesdanang.com\/vi\/wp-json\/wp\/v2\/pages\/183\/revisions"}],"up":[{"embeddable":true,"href":"https:\/\/yarraoceansuitesdanang.com\/vi\/wp-json\/wp\/v2\/pages\/173"}],"wp:featuredmedia":[{"embeddable":true,"href":"https:\/\/yarraoceansuitesdanang.com\/vi\/wp-json\/wp\/v2\/media\/52"}],"wp:attachment":[{"href":"https:\/\/yarraoceansuitesdanang.com\/vi\/wp-json\/wp\/v2\/media?parent=183"}],"curies":[{"name":"wp","href":"https:\/\/api.w.org\/{rel}","templated":true}]}}