{"id":181,"date":"2026-02-24T21:52:35","date_gmt":"2026-02-24T13:52:35","guid":{"rendered":"https:\/\/yarraoceansuitesdanang.ms2.decms.asia\/rooms-suites\/junior\/"},"modified":"2026-04-08T14:47:47","modified_gmt":"2026-04-08T06:47:47","slug":"junior","status":"publish","type":"page","link":"https:\/\/yarraoceansuitesdanang.com\/vi\/rooms-suites\/junior\/","title":{"rendered":"Junior"},"content":{"rendered":"<p>B\u01b0\u1edbc ch\u00e2n l\u00ean ban c\u00f4ng v\u00e0 t\u1eadn h\u01b0\u1edfng \u1ed1c \u0111\u1ea3o cho ri\u00eang m\u00ecnh v\u1edbi v\u1ecbnh bi\u1ec3n \u0111\u1eb9p nh\u01b0 tranh v\u1ebd. Kh\u00f4ng gian \u1ea5m \u00e1p m\u00e0u g\u1ed7 giao thoa c\u00f9ng khung c\u1ea3nh t\u01b0\u01a1i m\u00e1t xanh m\u00e0u n\u01b0\u1edbc c\u00f3 th\u1ec3 nh\u00ecn th\u1ea5y t\u1eeb ph\u00f2ng t\u1eafm l\u1edbn v\u1edbi v\u00e1ch k\u00ednh trong su\u1ed1t.<\/p>\n","protected":false},"excerpt":{"rendered":"<p>B\u01b0\u1edbc ch\u00e2n l\u00ean ban c\u00f4ng v\u00e0 t\u1eadn h\u01b0\u1edfng \u1ed1c \u0111\u1ea3o cho ri\u00eang m\u00ecnh v\u1edbi v\u1ecbnh bi\u1ec3n \u0111\u1eb9p nh\u01b0 tranh v\u1ebd. Kh\u00f4ng gian \u1ea5m \u00e1p m\u00e0u g\u1ed7 giao thoa c\u00f9ng khung c\u1ea3nh t\u01b0\u01a1i m\u00e1t xanh m\u00e0u n\u01b0\u1edbc c\u00f3 th\u1ec3 nh\u00ecn th\u1ea5y t\u1eeb ph\u00f2ng t\u1eafm l\u1edbn v\u1edbi v\u00e1ch k\u00ednh trong su\u1ed1t.<\/p>\n","protected":false},"author":90,"featured_media":43,"parent":173,"menu_order":4,"comment_status":"closed","ping_status":"closed","template":"template-single-room.php","meta":{"footnotes":""},"yoast_head":"<!-- This site is optimized with the Yoast SEO plugin v22.3 - https:\/\/yoast.com\/wordpress\/plugins\/seo\/ -->\n<title>Junior Room | Yarra Ocean Suites Danang<\/title>\n<meta name=\"description\" content=\"B\u01b0\u1edbc ch\u00e2n l\u00ean ban c\u00f4ng v\u00e0 t\u1eadn h\u01b0\u1edfng \u1ed1c \u0111\u1ea3o cho ri\u00eang m\u00ecnh v\u1edbi v\u1ecbnh bi\u1ec3n \u0111\u1eb9p nh\u01b0 tranh v\u1ebd. Kh\u00f4ng gian \u1ea5m \u00e1p m\u00e0u g\u1ed7 giao thoa c\u00f9ng khung c\u1ea3nh t\u01b0\u01a1i m\u00e1t xanh m\u00e0u n\u01b0\u1edbc c\u00f3 th\u1ec3 nh\u00ecn th\u1ea5y t\u1eeb ph\u00f2ng t\u1eafm l\u1edbn v\u1edbi v\u00e1ch k\u00ednh trong su\u1ed1t.\" \/>\n<meta name=\"robots\" content=\"index, follow, max-snippet:-1, max-image-preview:large, max-video-preview:-1\" \/>\n<link rel=\"canonical\" href=\"https:\/\/yarraoceansuitesdanang.com\/vi\/rooms-suites\/junior\/\" \/>\n<meta property=\"og:locale\" content=\"vi_VN\" \/>\n<meta property=\"og:type\" content=\"article\" \/>\n<meta property=\"og:title\" content=\"Junior Room | Yarra Ocean Suites Danang\" \/>\n<meta property=\"og:description\" content=\"B\u01b0\u1edbc ch\u00e2n l\u00ean ban c\u00f4ng v\u00e0 t\u1eadn h\u01b0\u1edfng \u1ed1c \u0111\u1ea3o cho ri\u00eang m\u00ecnh v\u1edbi v\u1ecbnh bi\u1ec3n \u0111\u1eb9p nh\u01b0 tranh v\u1ebd. Kh\u00f4ng gian \u1ea5m \u00e1p m\u00e0u g\u1ed7 giao thoa c\u00f9ng khung c\u1ea3nh t\u01b0\u01a1i m\u00e1t xanh m\u00e0u n\u01b0\u1edbc c\u00f3 th\u1ec3 nh\u00ecn th\u1ea5y t\u1eeb ph\u00f2ng t\u1eafm l\u1edbn v\u1edbi v\u00e1ch k\u00ednh trong su\u1ed1t.\" \/>\n<meta property=\"og:url\" content=\"https:\/\/yarraoceansuitesdanang.com\/vi\/rooms-suites\/junior\/\" \/>\n<meta property=\"og:site_name\" content=\"Yarra Ocean Suites Danang\" \/>\n<meta property=\"article:modified_time\" content=\"2026-04-08T06:47:47+00:00\" \/>\n<meta property=\"og:image\" content=\"https:\/\/yarraoceansuitesdanang.com\/wp-content\/uploads\/sites\/159\/2026\/02\/DHP4424.jpg\" \/>\n\t<meta property=\"og:image:width\" content=\"2200\" \/>\n\t<meta property=\"og:image:height\" content=\"1467\" \/>\n\t<meta property=\"og:image:type\" content=\"image\/jpeg\" \/>\n<meta name=\"twitter:card\" content=\"summary_large_image\" \/>\n<meta name=\"twitter:label1\" content=\"Est. reading time\" \/>\n\t<meta name=\"twitter:data1\" content=\"1 minute\" \/>\n<script type=\"application\/ld+json\" class=\"yoast-schema-graph\">{\"@context\":\"https:\/\/schema.org\",\"@graph\":[{\"@type\":\"WebPage\",\"@id\":\"https:\/\/yarraoceansuitesdanang.com\/vi\/rooms-suites\/junior\/\",\"url\":\"https:\/\/yarraoceansuitesdanang.com\/vi\/rooms-suites\/junior\/\",\"name\":\"Junior Room | Yarra Ocean Suites Danang\",\"isPartOf\":{\"@id\":\"https:\/\/yarraoceansuitesdanang.com\/vi\/#website\"},\"primaryImageOfPage\":{\"@id\":\"https:\/\/yarraoceansuitesdanang.com\/vi\/rooms-suites\/junior\/#primaryimage\"},\"image\":{\"@id\":\"https:\/\/yarraoceansuitesdanang.com\/vi\/rooms-suites\/junior\/#primaryimage\"},\"thumbnailUrl\":\"https:\/\/yarraoceansuitesdanang.com\/wp-content\/uploads\/sites\/159\/2026\/02\/DHP4424.jpg\",\"datePublished\":\"2026-02-24T13:52:35+00:00\",\"dateModified\":\"2026-04-08T06:47:47+00:00\",\"description\":\"B\u01b0\u1edbc ch\u00e2n l\u00ean ban c\u00f4ng v\u00e0 t\u1eadn h\u01b0\u1edfng \u1ed1c \u0111\u1ea3o cho ri\u00eang m\u00ecnh v\u1edbi v\u1ecbnh bi\u1ec3n \u0111\u1eb9p nh\u01b0 tranh v\u1ebd. Kh\u00f4ng gian \u1ea5m \u00e1p m\u00e0u g\u1ed7 giao thoa c\u00f9ng khung c\u1ea3nh t\u01b0\u01a1i m\u00e1t xanh m\u00e0u n\u01b0\u1edbc c\u00f3 th\u1ec3 nh\u00ecn th\u1ea5y t\u1eeb ph\u00f2ng t\u1eafm l\u1edbn v\u1edbi v\u00e1ch k\u00ednh trong su\u1ed1t.\",\"breadcrumb\":{\"@id\":\"https:\/\/yarraoceansuitesdanang.com\/vi\/rooms-suites\/junior\/#breadcrumb\"},\"inLanguage\":\"vi-VN\",\"potentialAction\":[{\"@type\":\"ReadAction\",\"target\":[\"https:\/\/yarraoceansuitesdanang.com\/vi\/rooms-suites\/junior\/\"]}]},{\"@type\":\"ImageObject\",\"inLanguage\":\"vi-VN\",\"@id\":\"https:\/\/yarraoceansuitesdanang.com\/vi\/rooms-suites\/junior\/#primaryimage\",\"url\":\"https:\/\/yarraoceansuitesdanang.com\/wp-content\/uploads\/sites\/159\/2026\/02\/DHP4424.jpg\",\"contentUrl\":\"https:\/\/yarraoceansuitesdanang.com\/wp-content\/uploads\/sites\/159\/2026\/02\/DHP4424.jpg\",\"width\":2200,\"height\":1467},{\"@type\":\"BreadcrumbList\",\"@id\":\"https:\/\/yarraoceansuitesdanang.com\/vi\/rooms-suites\/junior\/#breadcrumb\",\"itemListElement\":[{\"@type\":\"ListItem\",\"position\":1,\"name\":\"Home\",\"item\":\"https:\/\/yarraoceansuitesdanang.com\/vi\/\"},{\"@type\":\"ListItem\",\"position\":2,\"name\":\"Ph\u00f2ng &#038; Suites\",\"item\":\"https:\/\/yarraoceansuitesdanang.com\/vi\/rooms-suites\/\"},{\"@type\":\"ListItem\",\"position\":3,\"name\":\"Junior\"}]},{\"@type\":\"WebSite\",\"@id\":\"https:\/\/yarraoceansuitesdanang.com\/vi\/#website\",\"url\":\"https:\/\/yarraoceansuitesdanang.com\/vi\/\",\"name\":\"Yarra Ocean Suites Danang\",\"description\":\"\",\"potentialAction\":[{\"@type\":\"SearchAction\",\"target\":{\"@type\":\"EntryPoint\",\"urlTemplate\":\"https:\/\/yarraoceansuitesdanang.com\/vi\/?s={search_term_string}\"},\"query-input\":\"required name=search_term_string\"}],\"inLanguage\":\"vi-VN\"}]}<\/script>\n<!-- \/ Yoast SEO plugin. -->","yoast_head_json":{"title":"Junior Room | Yarra Ocean Suites Danang","description":"B\u01b0\u1edbc ch\u00e2n l\u00ean ban c\u00f4ng v\u00e0 t\u1eadn h\u01b0\u1edfng \u1ed1c \u0111\u1ea3o cho ri\u00eang m\u00ecnh v\u1edbi v\u1ecbnh bi\u1ec3n \u0111\u1eb9p nh\u01b0 tranh v\u1ebd. Kh\u00f4ng gian \u1ea5m \u00e1p m\u00e0u g\u1ed7 giao thoa c\u00f9ng khung c\u1ea3nh t\u01b0\u01a1i m\u00e1t xanh m\u00e0u n\u01b0\u1edbc c\u00f3 th\u1ec3 nh\u00ecn th\u1ea5y t\u1eeb ph\u00f2ng t\u1eafm l\u1edbn v\u1edbi v\u00e1ch k\u00ednh trong su\u1ed1t.","robots":{"index":"index","follow":"follow","max-snippet":"max-snippet:-1","max-image-preview":"max-image-preview:large","max-video-preview":"max-video-preview:-1"},"canonical":"https:\/\/yarraoceansuitesdanang.com\/vi\/rooms-suites\/junior\/","og_locale":"vi_VN","og_type":"article","og_title":"Junior Room | Yarra Ocean Suites Danang","og_description":"B\u01b0\u1edbc ch\u00e2n l\u00ean ban c\u00f4ng v\u00e0 t\u1eadn h\u01b0\u1edfng \u1ed1c \u0111\u1ea3o cho ri\u00eang m\u00ecnh v\u1edbi v\u1ecbnh bi\u1ec3n \u0111\u1eb9p nh\u01b0 tranh v\u1ebd. Kh\u00f4ng gian \u1ea5m \u00e1p m\u00e0u g\u1ed7 giao thoa c\u00f9ng khung c\u1ea3nh t\u01b0\u01a1i m\u00e1t xanh m\u00e0u n\u01b0\u1edbc c\u00f3 th\u1ec3 nh\u00ecn th\u1ea5y t\u1eeb ph\u00f2ng t\u1eafm l\u1edbn v\u1edbi v\u00e1ch k\u00ednh trong su\u1ed1t.","og_url":"https:\/\/yarraoceansuitesdanang.com\/vi\/rooms-suites\/junior\/","og_site_name":"Yarra Ocean Suites Danang","article_modified_time":"2026-04-08T06:47:47+00:00","og_image":[{"width":2200,"height":1467,"url":"https:\/\/yarraoceansuitesdanang.com\/wp-content\/uploads\/sites\/159\/2026\/02\/DHP4424.jpg","type":"image\/jpeg"}],"twitter_card":"summary_large_image","twitter_misc":{"Est. reading time":"1 minute"},"schema":{"@context":"https:\/\/schema.org","@graph":[{"@type":"WebPage","@id":"https:\/\/yarraoceansuitesdanang.com\/vi\/rooms-suites\/junior\/","url":"https:\/\/yarraoceansuitesdanang.com\/vi\/rooms-suites\/junior\/","name":"Junior Room | Yarra Ocean Suites Danang","isPartOf":{"@id":"https:\/\/yarraoceansuitesdanang.com\/vi\/#website"},"primaryImageOfPage":{"@id":"https:\/\/yarraoceansuitesdanang.com\/vi\/rooms-suites\/junior\/#primaryimage"},"image":{"@id":"https:\/\/yarraoceansuitesdanang.com\/vi\/rooms-suites\/junior\/#primaryimage"},"thumbnailUrl":"https:\/\/yarraoceansuitesdanang.com\/wp-content\/uploads\/sites\/159\/2026\/02\/DHP4424.jpg","datePublished":"2026-02-24T13:52:35+00:00","dateModified":"2026-04-08T06:47:47+00:00","description":"B\u01b0\u1edbc ch\u00e2n l\u00ean ban c\u00f4ng v\u00e0 t\u1eadn h\u01b0\u1edfng \u1ed1c \u0111\u1ea3o cho ri\u00eang m\u00ecnh v\u1edbi v\u1ecbnh bi\u1ec3n \u0111\u1eb9p nh\u01b0 tranh v\u1ebd. Kh\u00f4ng gian \u1ea5m \u00e1p m\u00e0u g\u1ed7 giao thoa c\u00f9ng khung c\u1ea3nh t\u01b0\u01a1i m\u00e1t xanh m\u00e0u n\u01b0\u1edbc c\u00f3 th\u1ec3 nh\u00ecn th\u1ea5y t\u1eeb ph\u00f2ng t\u1eafm l\u1edbn v\u1edbi v\u00e1ch k\u00ednh trong su\u1ed1t.","breadcrumb":{"@id":"https:\/\/yarraoceansuitesdanang.com\/vi\/rooms-suites\/junior\/#breadcrumb"},"inLanguage":"vi-VN","potentialAction":[{"@type":"ReadAction","target":["https:\/\/yarraoceansuitesdanang.com\/vi\/rooms-suites\/junior\/"]}]},{"@type":"ImageObject","inLanguage":"vi-VN","@id":"https:\/\/yarraoceansuitesdanang.com\/vi\/rooms-suites\/junior\/#primaryimage","url":"https:\/\/yarraoceansuitesdanang.com\/wp-content\/uploads\/sites\/159\/2026\/02\/DHP4424.jpg","contentUrl":"https:\/\/yarraoceansuitesdanang.com\/wp-content\/uploads\/sites\/159\/2026\/02\/DHP4424.jpg","width":2200,"height":1467},{"@type":"BreadcrumbList","@id":"https:\/\/yarraoceansuitesdanang.com\/vi\/rooms-suites\/junior\/#breadcrumb","itemListElement":[{"@type":"ListItem","position":1,"name":"Home","item":"https:\/\/yarraoceansuitesdanang.com\/vi\/"},{"@type":"ListItem","position":2,"name":"Ph\u00f2ng &#038; Suites","item":"https:\/\/yarraoceansuitesdanang.com\/vi\/rooms-suites\/"},{"@type":"ListItem","position":3,"name":"Junior"}]},{"@type":"WebSite","@id":"https:\/\/yarraoceansuitesdanang.com\/vi\/#website","url":"https:\/\/yarraoceansuitesdanang.com\/vi\/","name":"Yarra Ocean Suites Danang","description":"","potentialAction":[{"@type":"SearchAction","target":{"@type":"EntryPoint","urlTemplate":"https:\/\/yarraoceansuitesdanang.com\/vi\/?s={search_term_string}"},"query-input":"required name=search_term_string"}],"inLanguage":"vi-VN"}]}},"acf":[],"_links":{"self":[{"href":"https:\/\/yarraoceansuitesdanang.com\/vi\/wp-json\/wp\/v2\/pages\/181"}],"collection":[{"href":"https:\/\/yarraoceansuitesdanang.com\/vi\/wp-json\/wp\/v2\/pages"}],"about":[{"href":"https:\/\/yarraoceansuitesdanang.com\/vi\/wp-json\/wp\/v2\/types\/page"}],"author":[{"embeddable":true,"href":"https:\/\/yarraoceansuitesdanang.com\/vi\/wp-json\/wp\/v2\/users\/90"}],"replies":[{"embeddable":true,"href":"https:\/\/yarraoceansuitesdanang.com\/vi\/wp-json\/wp\/v2\/comments?post=181"}],"version-history":[{"count":0,"href":"https:\/\/yarraoceansuitesdanang.com\/vi\/wp-json\/wp\/v2\/pages\/181\/revisions"}],"up":[{"embeddable":true,"href":"https:\/\/yarraoceansuitesdanang.com\/vi\/wp-json\/wp\/v2\/pages\/173"}],"wp:featuredmedia":[{"embeddable":true,"href":"https:\/\/yarraoceansuitesdanang.com\/vi\/wp-json\/wp\/v2\/media\/43"}],"wp:attachment":[{"href":"https:\/\/yarraoceansuitesdanang.com\/vi\/wp-json\/wp\/v2\/media?parent=181"}],"curies":[{"name":"wp","href":"https:\/\/api.w.org\/{rel}","templated":true}]}}