{"id":180,"date":"2026-02-24T21:49:55","date_gmt":"2026-02-24T13:49:55","guid":{"rendered":"https:\/\/yarraoceansuitesdanang.ms2.decms.asia\/rooms-suites\/yarra\/"},"modified":"2026-04-13T10:51:05","modified_gmt":"2026-04-13T02:51:05","slug":"yarra","status":"publish","type":"page","link":"https:\/\/yarraoceansuitesdanang.com\/vi\/rooms-suites\/yarra\/","title":{"rendered":"Yarra"},"content":{"rendered":"<p>L\u01b0\u1edbt \u00e1nh m\u1eaft qua \u00f4 c\u1eeda k\u00ednh t\u1eeb tr\u1ea7n \u0111\u1ebfn s\u00e0n h\u01b0\u1edbng ra bi\u1ec3n M\u1ef9 Kh\u00ea m\u1ef9 mi\u1ec1u. Ng\u1ea3 l\u01b0ng tr\u00ean chi\u1ebfc gi\u01b0\u1eddng \u00eam \u00e1i b\u00ean c\u1eeda ng\u00f5 th\u00e0nh ph\u1ed1 bi\u1ec3n \u0110\u00e0 N\u1eb5ng n\u0103ng \u0111\u1ed9ng.<\/p>\n","protected":false},"excerpt":{"rendered":"<p>L\u01b0\u1edbt \u00e1nh m\u1eaft qua \u00f4 c\u1eeda k\u00ednh t\u1eeb tr\u1ea7n \u0111\u1ebfn s\u00e0n h\u01b0\u1edbng ra bi\u1ec3n M\u1ef9 Kh\u00ea m\u1ef9 mi\u1ec1u. Ng\u1ea3 l\u01b0ng tr\u00ean chi\u1ebfc gi\u01b0\u1eddng \u00eam \u00e1i b\u00ean c\u1eeda ng\u00f5 th\u00e0nh ph\u1ed1 bi\u1ec3n \u0110\u00e0 N\u1eb5ng n\u0103ng \u0111\u1ed9ng.<\/p>\n","protected":false},"author":90,"featured_media":34,"parent":173,"menu_order":3,"comment_status":"closed","ping_status":"closed","template":"template-single-room.php","meta":{"footnotes":""},"yoast_head":"<!-- This site is optimized with the Yoast SEO plugin v22.3 - https:\/\/yoast.com\/wordpress\/plugins\/seo\/ -->\n<title>Yarra Room | Yarra Ocean Suites Danang<\/title>\n<meta name=\"description\" content=\"L\u01b0\u1edbt \u00e1nh m\u1eaft qua \u00f4 c\u1eeda k\u00ednh t\u1eeb tr\u1ea7n \u0111\u1ebfn s\u00e0n h\u01b0\u1edbng ra bi\u1ec3n M\u1ef9 Kh\u00ea m\u1ef9 mi\u1ec1u. Ng\u1ea3 l\u01b0ng tr\u00ean chi\u1ebfc gi\u01b0\u1eddng \u00eam \u00e1i b\u00ean c\u1eeda ng\u00f5 th\u00e0nh ph\u1ed1 bi\u1ec3n \u0110\u00e0 N\u1eb5ng n\u0103ng \u0111\u1ed9ng.\" \/>\n<meta name=\"robots\" content=\"index, follow, max-snippet:-1, max-image-preview:large, max-video-preview:-1\" \/>\n<link rel=\"canonical\" href=\"https:\/\/yarraoceansuitesdanang.com\/vi\/rooms-suites\/yarra\/\" \/>\n<meta property=\"og:locale\" content=\"vi_VN\" \/>\n<meta property=\"og:type\" content=\"article\" \/>\n<meta property=\"og:title\" content=\"Yarra Room | Yarra Ocean Suites Danang\" \/>\n<meta property=\"og:description\" content=\"L\u01b0\u1edbt \u00e1nh m\u1eaft qua \u00f4 c\u1eeda k\u00ednh t\u1eeb tr\u1ea7n \u0111\u1ebfn s\u00e0n h\u01b0\u1edbng ra bi\u1ec3n M\u1ef9 Kh\u00ea m\u1ef9 mi\u1ec1u. Ng\u1ea3 l\u01b0ng tr\u00ean chi\u1ebfc gi\u01b0\u1eddng \u00eam \u00e1i b\u00ean c\u1eeda ng\u00f5 th\u00e0nh ph\u1ed1 bi\u1ec3n \u0110\u00e0 N\u1eb5ng n\u0103ng \u0111\u1ed9ng.\" \/>\n<meta property=\"og:url\" content=\"https:\/\/yarraoceansuitesdanang.com\/vi\/rooms-suites\/yarra\/\" \/>\n<meta property=\"og:site_name\" content=\"Yarra Ocean Suites Danang\" \/>\n<meta property=\"article:modified_time\" content=\"2026-04-13T02:51:05+00:00\" \/>\n<meta property=\"og:image\" content=\"https:\/\/yarraoceansuitesdanang.com\/wp-content\/uploads\/sites\/159\/2026\/02\/DHP5021.jpg\" \/>\n\t<meta property=\"og:image:width\" content=\"2200\" \/>\n\t<meta property=\"og:image:height\" content=\"1467\" \/>\n\t<meta property=\"og:image:type\" content=\"image\/jpeg\" \/>\n<meta name=\"twitter:card\" content=\"summary_large_image\" \/>\n<meta name=\"twitter:label1\" content=\"Est. reading time\" \/>\n\t<meta name=\"twitter:data1\" content=\"1 minute\" \/>\n<script type=\"application\/ld+json\" class=\"yoast-schema-graph\">{\"@context\":\"https:\/\/schema.org\",\"@graph\":[{\"@type\":\"WebPage\",\"@id\":\"https:\/\/yarraoceansuitesdanang.com\/vi\/rooms-suites\/yarra\/\",\"url\":\"https:\/\/yarraoceansuitesdanang.com\/vi\/rooms-suites\/yarra\/\",\"name\":\"Yarra Room | Yarra Ocean Suites Danang\",\"isPartOf\":{\"@id\":\"https:\/\/yarraoceansuitesdanang.com\/vi\/#website\"},\"primaryImageOfPage\":{\"@id\":\"https:\/\/yarraoceansuitesdanang.com\/vi\/rooms-suites\/yarra\/#primaryimage\"},\"image\":{\"@id\":\"https:\/\/yarraoceansuitesdanang.com\/vi\/rooms-suites\/yarra\/#primaryimage\"},\"thumbnailUrl\":\"https:\/\/yarraoceansuitesdanang.com\/wp-content\/uploads\/sites\/159\/2026\/02\/DHP5021.jpg\",\"datePublished\":\"2026-02-24T13:49:55+00:00\",\"dateModified\":\"2026-04-13T02:51:05+00:00\",\"description\":\"L\u01b0\u1edbt \u00e1nh m\u1eaft qua \u00f4 c\u1eeda k\u00ednh t\u1eeb tr\u1ea7n \u0111\u1ebfn s\u00e0n h\u01b0\u1edbng ra bi\u1ec3n M\u1ef9 Kh\u00ea m\u1ef9 mi\u1ec1u. Ng\u1ea3 l\u01b0ng tr\u00ean chi\u1ebfc gi\u01b0\u1eddng \u00eam \u00e1i b\u00ean c\u1eeda ng\u00f5 th\u00e0nh ph\u1ed1 bi\u1ec3n \u0110\u00e0 N\u1eb5ng n\u0103ng \u0111\u1ed9ng.\",\"breadcrumb\":{\"@id\":\"https:\/\/yarraoceansuitesdanang.com\/vi\/rooms-suites\/yarra\/#breadcrumb\"},\"inLanguage\":\"vi-VN\",\"potentialAction\":[{\"@type\":\"ReadAction\",\"target\":[\"https:\/\/yarraoceansuitesdanang.com\/vi\/rooms-suites\/yarra\/\"]}]},{\"@type\":\"ImageObject\",\"inLanguage\":\"vi-VN\",\"@id\":\"https:\/\/yarraoceansuitesdanang.com\/vi\/rooms-suites\/yarra\/#primaryimage\",\"url\":\"https:\/\/yarraoceansuitesdanang.com\/wp-content\/uploads\/sites\/159\/2026\/02\/DHP5021.jpg\",\"contentUrl\":\"https:\/\/yarraoceansuitesdanang.com\/wp-content\/uploads\/sites\/159\/2026\/02\/DHP5021.jpg\",\"width\":2200,\"height\":1467},{\"@type\":\"BreadcrumbList\",\"@id\":\"https:\/\/yarraoceansuitesdanang.com\/vi\/rooms-suites\/yarra\/#breadcrumb\",\"itemListElement\":[{\"@type\":\"ListItem\",\"position\":1,\"name\":\"Home\",\"item\":\"https:\/\/yarraoceansuitesdanang.com\/vi\/\"},{\"@type\":\"ListItem\",\"position\":2,\"name\":\"Ph\u00f2ng &#038; Suites\",\"item\":\"https:\/\/yarraoceansuitesdanang.com\/vi\/rooms-suites\/\"},{\"@type\":\"ListItem\",\"position\":3,\"name\":\"Yarra\"}]},{\"@type\":\"WebSite\",\"@id\":\"https:\/\/yarraoceansuitesdanang.com\/vi\/#website\",\"url\":\"https:\/\/yarraoceansuitesdanang.com\/vi\/\",\"name\":\"Yarra Ocean Suites Danang\",\"description\":\"\",\"potentialAction\":[{\"@type\":\"SearchAction\",\"target\":{\"@type\":\"EntryPoint\",\"urlTemplate\":\"https:\/\/yarraoceansuitesdanang.com\/vi\/?s={search_term_string}\"},\"query-input\":\"required name=search_term_string\"}],\"inLanguage\":\"vi-VN\"}]}<\/script>\n<!-- \/ Yoast SEO plugin. -->","yoast_head_json":{"title":"Yarra Room | Yarra Ocean Suites Danang","description":"L\u01b0\u1edbt \u00e1nh m\u1eaft qua \u00f4 c\u1eeda k\u00ednh t\u1eeb tr\u1ea7n \u0111\u1ebfn s\u00e0n h\u01b0\u1edbng ra bi\u1ec3n M\u1ef9 Kh\u00ea m\u1ef9 mi\u1ec1u. Ng\u1ea3 l\u01b0ng tr\u00ean chi\u1ebfc gi\u01b0\u1eddng \u00eam \u00e1i b\u00ean c\u1eeda ng\u00f5 th\u00e0nh ph\u1ed1 bi\u1ec3n \u0110\u00e0 N\u1eb5ng n\u0103ng \u0111\u1ed9ng.","robots":{"index":"index","follow":"follow","max-snippet":"max-snippet:-1","max-image-preview":"max-image-preview:large","max-video-preview":"max-video-preview:-1"},"canonical":"https:\/\/yarraoceansuitesdanang.com\/vi\/rooms-suites\/yarra\/","og_locale":"vi_VN","og_type":"article","og_title":"Yarra Room | Yarra Ocean Suites Danang","og_description":"L\u01b0\u1edbt \u00e1nh m\u1eaft qua \u00f4 c\u1eeda k\u00ednh t\u1eeb tr\u1ea7n \u0111\u1ebfn s\u00e0n h\u01b0\u1edbng ra bi\u1ec3n M\u1ef9 Kh\u00ea m\u1ef9 mi\u1ec1u. Ng\u1ea3 l\u01b0ng tr\u00ean chi\u1ebfc gi\u01b0\u1eddng \u00eam \u00e1i b\u00ean c\u1eeda ng\u00f5 th\u00e0nh ph\u1ed1 bi\u1ec3n \u0110\u00e0 N\u1eb5ng n\u0103ng \u0111\u1ed9ng.","og_url":"https:\/\/yarraoceansuitesdanang.com\/vi\/rooms-suites\/yarra\/","og_site_name":"Yarra Ocean Suites Danang","article_modified_time":"2026-04-13T02:51:05+00:00","og_image":[{"width":2200,"height":1467,"url":"https:\/\/yarraoceansuitesdanang.com\/wp-content\/uploads\/sites\/159\/2026\/02\/DHP5021.jpg","type":"image\/jpeg"}],"twitter_card":"summary_large_image","twitter_misc":{"Est. reading time":"1 minute"},"schema":{"@context":"https:\/\/schema.org","@graph":[{"@type":"WebPage","@id":"https:\/\/yarraoceansuitesdanang.com\/vi\/rooms-suites\/yarra\/","url":"https:\/\/yarraoceansuitesdanang.com\/vi\/rooms-suites\/yarra\/","name":"Yarra Room | Yarra Ocean Suites Danang","isPartOf":{"@id":"https:\/\/yarraoceansuitesdanang.com\/vi\/#website"},"primaryImageOfPage":{"@id":"https:\/\/yarraoceansuitesdanang.com\/vi\/rooms-suites\/yarra\/#primaryimage"},"image":{"@id":"https:\/\/yarraoceansuitesdanang.com\/vi\/rooms-suites\/yarra\/#primaryimage"},"thumbnailUrl":"https:\/\/yarraoceansuitesdanang.com\/wp-content\/uploads\/sites\/159\/2026\/02\/DHP5021.jpg","datePublished":"2026-02-24T13:49:55+00:00","dateModified":"2026-04-13T02:51:05+00:00","description":"L\u01b0\u1edbt \u00e1nh m\u1eaft qua \u00f4 c\u1eeda k\u00ednh t\u1eeb tr\u1ea7n \u0111\u1ebfn s\u00e0n h\u01b0\u1edbng ra bi\u1ec3n M\u1ef9 Kh\u00ea m\u1ef9 mi\u1ec1u. Ng\u1ea3 l\u01b0ng tr\u00ean chi\u1ebfc gi\u01b0\u1eddng \u00eam \u00e1i b\u00ean c\u1eeda ng\u00f5 th\u00e0nh ph\u1ed1 bi\u1ec3n \u0110\u00e0 N\u1eb5ng n\u0103ng \u0111\u1ed9ng.","breadcrumb":{"@id":"https:\/\/yarraoceansuitesdanang.com\/vi\/rooms-suites\/yarra\/#breadcrumb"},"inLanguage":"vi-VN","potentialAction":[{"@type":"ReadAction","target":["https:\/\/yarraoceansuitesdanang.com\/vi\/rooms-suites\/yarra\/"]}]},{"@type":"ImageObject","inLanguage":"vi-VN","@id":"https:\/\/yarraoceansuitesdanang.com\/vi\/rooms-suites\/yarra\/#primaryimage","url":"https:\/\/yarraoceansuitesdanang.com\/wp-content\/uploads\/sites\/159\/2026\/02\/DHP5021.jpg","contentUrl":"https:\/\/yarraoceansuitesdanang.com\/wp-content\/uploads\/sites\/159\/2026\/02\/DHP5021.jpg","width":2200,"height":1467},{"@type":"BreadcrumbList","@id":"https:\/\/yarraoceansuitesdanang.com\/vi\/rooms-suites\/yarra\/#breadcrumb","itemListElement":[{"@type":"ListItem","position":1,"name":"Home","item":"https:\/\/yarraoceansuitesdanang.com\/vi\/"},{"@type":"ListItem","position":2,"name":"Ph\u00f2ng &#038; Suites","item":"https:\/\/yarraoceansuitesdanang.com\/vi\/rooms-suites\/"},{"@type":"ListItem","position":3,"name":"Yarra"}]},{"@type":"WebSite","@id":"https:\/\/yarraoceansuitesdanang.com\/vi\/#website","url":"https:\/\/yarraoceansuitesdanang.com\/vi\/","name":"Yarra Ocean Suites Danang","description":"","potentialAction":[{"@type":"SearchAction","target":{"@type":"EntryPoint","urlTemplate":"https:\/\/yarraoceansuitesdanang.com\/vi\/?s={search_term_string}"},"query-input":"required name=search_term_string"}],"inLanguage":"vi-VN"}]}},"acf":[],"_links":{"self":[{"href":"https:\/\/yarraoceansuitesdanang.com\/vi\/wp-json\/wp\/v2\/pages\/180"}],"collection":[{"href":"https:\/\/yarraoceansuitesdanang.com\/vi\/wp-json\/wp\/v2\/pages"}],"about":[{"href":"https:\/\/yarraoceansuitesdanang.com\/vi\/wp-json\/wp\/v2\/types\/page"}],"author":[{"embeddable":true,"href":"https:\/\/yarraoceansuitesdanang.com\/vi\/wp-json\/wp\/v2\/users\/90"}],"replies":[{"embeddable":true,"href":"https:\/\/yarraoceansuitesdanang.com\/vi\/wp-json\/wp\/v2\/comments?post=180"}],"version-history":[{"count":0,"href":"https:\/\/yarraoceansuitesdanang.com\/vi\/wp-json\/wp\/v2\/pages\/180\/revisions"}],"up":[{"embeddable":true,"href":"https:\/\/yarraoceansuitesdanang.com\/vi\/wp-json\/wp\/v2\/pages\/173"}],"wp:featuredmedia":[{"embeddable":true,"href":"https:\/\/yarraoceansuitesdanang.com\/vi\/wp-json\/wp\/v2\/media\/34"}],"wp:attachment":[{"href":"https:\/\/yarraoceansuitesdanang.com\/vi\/wp-json\/wp\/v2\/media?parent=180"}],"curies":[{"name":"wp","href":"https:\/\/api.w.org\/{rel}","templated":true}]}}