{"id":174,"date":"2026-02-24T15:33:17","date_gmt":"2026-02-24T07:33:17","guid":{"rendered":"https:\/\/yarraoceansuitesdanang.ms2.decms.asia\/rooms-suites\/superior\/"},"modified":"2026-04-08T12:30:40","modified_gmt":"2026-04-08T04:30:40","slug":"superior","status":"publish","type":"page","link":"https:\/\/yarraoceansuitesdanang.com\/vi\/rooms-suites\/superior\/","title":{"rendered":"Superior"},"content":{"rendered":"<p>Kh\u00f4ng gian \u1ea5m c\u00fang b\u00e0i tr\u00ed hi\u1ec7n \u0111\u1ea1i. C\u00e1c ph\u00f2ng trang b\u1ecb ti\u1ec7n nghi \u0111\u1ea7y \u0111\u1ee7 \u0111\u1ec3 l\u00e0 ch\u1ed1n ngh\u1ec9 ng\u01a1i th\u01b0 th\u00e1i sau ng\u00e0y d\u00e0i. L\u1ef1a ch\u1ecdn gi\u1eefa m\u1ed9t gi\u01b0\u1eddng \u0111\u00f4i c\u1ee1 King ho\u1eb7c 2 gi\u01b0\u1eddng \u0111\u01a1n.<\/p>\n","protected":false},"excerpt":{"rendered":"<p>Kh\u00f4ng gian \u1ea5m c\u00fang b\u00e0i tr\u00ed hi\u1ec7n \u0111\u1ea1i. C\u00e1c ph\u00f2ng trang b\u1ecb ti\u1ec7n nghi \u0111\u1ea7y \u0111\u1ee7 \u0111\u1ec3 l\u00e0 ch\u1ed1n ngh\u1ec9 ng\u01a1i th\u01b0 th\u00e1i sau ng\u00e0y d\u00e0i. L\u1ef1a ch\u1ecdn gi\u1eefa m\u1ed9t gi\u01b0\u1eddng \u0111\u00f4i c\u1ee1 King ho\u1eb7c 2 gi\u01b0\u1eddng \u0111\u01a1n.<\/p>\n","protected":false},"author":90,"featured_media":0,"parent":173,"menu_order":0,"comment_status":"closed","ping_status":"closed","template":"template-single-room.php","meta":{"footnotes":""},"yoast_head":"<!-- This site is optimized with the Yoast SEO plugin v22.3 - https:\/\/yoast.com\/wordpress\/plugins\/seo\/ -->\n<title>Superior Room | Yarra Ocean Suites Danang<\/title>\n<meta name=\"description\" content=\"Kh\u00f4ng gian \u1ea5m c\u00fang b\u00e0i tr\u00ed hi\u1ec7n \u0111\u1ea1i. C\u00e1c ph\u00f2ng trang b\u1ecb ti\u1ec7n nghi \u0111\u1ea7y \u0111\u1ee7 \u0111\u1ec3 l\u00e0 ch\u1ed1n ngh\u1ec9 ng\u01a1i th\u01b0 th\u00e1i sau ng\u00e0y d\u00e0i. L\u1ef1a ch\u1ecdn gi\u1eefa m\u1ed9t gi\u01b0\u1eddng \u0111\u00f4i c\u1ee1 King ho\u1eb7c 2 gi\u01b0\u1eddng \u0111\u01a1n.\" \/>\n<meta name=\"robots\" content=\"index, follow, max-snippet:-1, max-image-preview:large, max-video-preview:-1\" \/>\n<link rel=\"canonical\" href=\"https:\/\/yarraoceansuitesdanang.com\/vi\/rooms-suites\/superior\/\" \/>\n<meta property=\"og:locale\" content=\"vi_VN\" \/>\n<meta property=\"og:type\" content=\"article\" \/>\n<meta property=\"og:title\" content=\"Superior Room | Yarra Ocean Suites Danang\" \/>\n<meta property=\"og:description\" content=\"Kh\u00f4ng gian \u1ea5m c\u00fang b\u00e0i tr\u00ed hi\u1ec7n \u0111\u1ea1i. C\u00e1c ph\u00f2ng trang b\u1ecb ti\u1ec7n nghi \u0111\u1ea7y \u0111\u1ee7 \u0111\u1ec3 l\u00e0 ch\u1ed1n ngh\u1ec9 ng\u01a1i th\u01b0 th\u00e1i sau ng\u00e0y d\u00e0i. L\u1ef1a ch\u1ecdn gi\u1eefa m\u1ed9t gi\u01b0\u1eddng \u0111\u00f4i c\u1ee1 King ho\u1eb7c 2 gi\u01b0\u1eddng \u0111\u01a1n.\" \/>\n<meta property=\"og:url\" content=\"https:\/\/yarraoceansuitesdanang.com\/vi\/rooms-suites\/superior\/\" \/>\n<meta property=\"og:site_name\" content=\"Yarra Ocean Suites Danang\" \/>\n<meta property=\"article:modified_time\" content=\"2026-04-08T04:30:40+00:00\" \/>\n<meta name=\"twitter:card\" content=\"summary_large_image\" \/>\n<meta name=\"twitter:label1\" content=\"Est. reading time\" \/>\n\t<meta name=\"twitter:data1\" content=\"1 minute\" \/>\n<script type=\"application\/ld+json\" class=\"yoast-schema-graph\">{\"@context\":\"https:\/\/schema.org\",\"@graph\":[{\"@type\":\"WebPage\",\"@id\":\"https:\/\/yarraoceansuitesdanang.com\/vi\/rooms-suites\/superior\/\",\"url\":\"https:\/\/yarraoceansuitesdanang.com\/vi\/rooms-suites\/superior\/\",\"name\":\"Superior Room | Yarra Ocean Suites Danang\",\"isPartOf\":{\"@id\":\"https:\/\/yarraoceansuitesdanang.com\/vi\/#website\"},\"datePublished\":\"2026-02-24T07:33:17+00:00\",\"dateModified\":\"2026-04-08T04:30:40+00:00\",\"description\":\"Kh\u00f4ng gian \u1ea5m c\u00fang b\u00e0i tr\u00ed hi\u1ec7n \u0111\u1ea1i. C\u00e1c ph\u00f2ng trang b\u1ecb ti\u1ec7n nghi \u0111\u1ea7y \u0111\u1ee7 \u0111\u1ec3 l\u00e0 ch\u1ed1n ngh\u1ec9 ng\u01a1i th\u01b0 th\u00e1i sau ng\u00e0y d\u00e0i. L\u1ef1a ch\u1ecdn gi\u1eefa m\u1ed9t gi\u01b0\u1eddng \u0111\u00f4i c\u1ee1 King ho\u1eb7c 2 gi\u01b0\u1eddng \u0111\u01a1n.\",\"breadcrumb\":{\"@id\":\"https:\/\/yarraoceansuitesdanang.com\/vi\/rooms-suites\/superior\/#breadcrumb\"},\"inLanguage\":\"vi-VN\",\"potentialAction\":[{\"@type\":\"ReadAction\",\"target\":[\"https:\/\/yarraoceansuitesdanang.com\/vi\/rooms-suites\/superior\/\"]}]},{\"@type\":\"BreadcrumbList\",\"@id\":\"https:\/\/yarraoceansuitesdanang.com\/vi\/rooms-suites\/superior\/#breadcrumb\",\"itemListElement\":[{\"@type\":\"ListItem\",\"position\":1,\"name\":\"Home\",\"item\":\"https:\/\/yarraoceansuitesdanang.com\/vi\/\"},{\"@type\":\"ListItem\",\"position\":2,\"name\":\"Ph\u00f2ng &#038; Suites\",\"item\":\"https:\/\/yarraoceansuitesdanang.com\/vi\/rooms-suites\/\"},{\"@type\":\"ListItem\",\"position\":3,\"name\":\"Superior\"}]},{\"@type\":\"WebSite\",\"@id\":\"https:\/\/yarraoceansuitesdanang.com\/vi\/#website\",\"url\":\"https:\/\/yarraoceansuitesdanang.com\/vi\/\",\"name\":\"Yarra Ocean Suites Danang\",\"description\":\"\",\"potentialAction\":[{\"@type\":\"SearchAction\",\"target\":{\"@type\":\"EntryPoint\",\"urlTemplate\":\"https:\/\/yarraoceansuitesdanang.com\/vi\/?s={search_term_string}\"},\"query-input\":\"required name=search_term_string\"}],\"inLanguage\":\"vi-VN\"}]}<\/script>\n<!-- \/ Yoast SEO plugin. -->","yoast_head_json":{"title":"Superior Room | Yarra Ocean Suites Danang","description":"Kh\u00f4ng gian \u1ea5m c\u00fang b\u00e0i tr\u00ed hi\u1ec7n \u0111\u1ea1i. C\u00e1c ph\u00f2ng trang b\u1ecb ti\u1ec7n nghi \u0111\u1ea7y \u0111\u1ee7 \u0111\u1ec3 l\u00e0 ch\u1ed1n ngh\u1ec9 ng\u01a1i th\u01b0 th\u00e1i sau ng\u00e0y d\u00e0i. L\u1ef1a ch\u1ecdn gi\u1eefa m\u1ed9t gi\u01b0\u1eddng \u0111\u00f4i c\u1ee1 King ho\u1eb7c 2 gi\u01b0\u1eddng \u0111\u01a1n.","robots":{"index":"index","follow":"follow","max-snippet":"max-snippet:-1","max-image-preview":"max-image-preview:large","max-video-preview":"max-video-preview:-1"},"canonical":"https:\/\/yarraoceansuitesdanang.com\/vi\/rooms-suites\/superior\/","og_locale":"vi_VN","og_type":"article","og_title":"Superior Room | Yarra Ocean Suites Danang","og_description":"Kh\u00f4ng gian \u1ea5m c\u00fang b\u00e0i tr\u00ed hi\u1ec7n \u0111\u1ea1i. C\u00e1c ph\u00f2ng trang b\u1ecb ti\u1ec7n nghi \u0111\u1ea7y \u0111\u1ee7 \u0111\u1ec3 l\u00e0 ch\u1ed1n ngh\u1ec9 ng\u01a1i th\u01b0 th\u00e1i sau ng\u00e0y d\u00e0i. L\u1ef1a ch\u1ecdn gi\u1eefa m\u1ed9t gi\u01b0\u1eddng \u0111\u00f4i c\u1ee1 King ho\u1eb7c 2 gi\u01b0\u1eddng \u0111\u01a1n.","og_url":"https:\/\/yarraoceansuitesdanang.com\/vi\/rooms-suites\/superior\/","og_site_name":"Yarra Ocean Suites Danang","article_modified_time":"2026-04-08T04:30:40+00:00","twitter_card":"summary_large_image","twitter_misc":{"Est. reading time":"1 minute"},"schema":{"@context":"https:\/\/schema.org","@graph":[{"@type":"WebPage","@id":"https:\/\/yarraoceansuitesdanang.com\/vi\/rooms-suites\/superior\/","url":"https:\/\/yarraoceansuitesdanang.com\/vi\/rooms-suites\/superior\/","name":"Superior Room | Yarra Ocean Suites Danang","isPartOf":{"@id":"https:\/\/yarraoceansuitesdanang.com\/vi\/#website"},"datePublished":"2026-02-24T07:33:17+00:00","dateModified":"2026-04-08T04:30:40+00:00","description":"Kh\u00f4ng gian \u1ea5m c\u00fang b\u00e0i tr\u00ed hi\u1ec7n \u0111\u1ea1i. C\u00e1c ph\u00f2ng trang b\u1ecb ti\u1ec7n nghi \u0111\u1ea7y \u0111\u1ee7 \u0111\u1ec3 l\u00e0 ch\u1ed1n ngh\u1ec9 ng\u01a1i th\u01b0 th\u00e1i sau ng\u00e0y d\u00e0i. L\u1ef1a ch\u1ecdn gi\u1eefa m\u1ed9t gi\u01b0\u1eddng \u0111\u00f4i c\u1ee1 King ho\u1eb7c 2 gi\u01b0\u1eddng \u0111\u01a1n.","breadcrumb":{"@id":"https:\/\/yarraoceansuitesdanang.com\/vi\/rooms-suites\/superior\/#breadcrumb"},"inLanguage":"vi-VN","potentialAction":[{"@type":"ReadAction","target":["https:\/\/yarraoceansuitesdanang.com\/vi\/rooms-suites\/superior\/"]}]},{"@type":"BreadcrumbList","@id":"https:\/\/yarraoceansuitesdanang.com\/vi\/rooms-suites\/superior\/#breadcrumb","itemListElement":[{"@type":"ListItem","position":1,"name":"Home","item":"https:\/\/yarraoceansuitesdanang.com\/vi\/"},{"@type":"ListItem","position":2,"name":"Ph\u00f2ng &#038; Suites","item":"https:\/\/yarraoceansuitesdanang.com\/vi\/rooms-suites\/"},{"@type":"ListItem","position":3,"name":"Superior"}]},{"@type":"WebSite","@id":"https:\/\/yarraoceansuitesdanang.com\/vi\/#website","url":"https:\/\/yarraoceansuitesdanang.com\/vi\/","name":"Yarra Ocean Suites Danang","description":"","potentialAction":[{"@type":"SearchAction","target":{"@type":"EntryPoint","urlTemplate":"https:\/\/yarraoceansuitesdanang.com\/vi\/?s={search_term_string}"},"query-input":"required name=search_term_string"}],"inLanguage":"vi-VN"}]}},"acf":[],"_links":{"self":[{"href":"https:\/\/yarraoceansuitesdanang.com\/vi\/wp-json\/wp\/v2\/pages\/174"}],"collection":[{"href":"https:\/\/yarraoceansuitesdanang.com\/vi\/wp-json\/wp\/v2\/pages"}],"about":[{"href":"https:\/\/yarraoceansuitesdanang.com\/vi\/wp-json\/wp\/v2\/types\/page"}],"author":[{"embeddable":true,"href":"https:\/\/yarraoceansuitesdanang.com\/vi\/wp-json\/wp\/v2\/users\/90"}],"replies":[{"embeddable":true,"href":"https:\/\/yarraoceansuitesdanang.com\/vi\/wp-json\/wp\/v2\/comments?post=174"}],"version-history":[{"count":0,"href":"https:\/\/yarraoceansuitesdanang.com\/vi\/wp-json\/wp\/v2\/pages\/174\/revisions"}],"up":[{"embeddable":true,"href":"https:\/\/yarraoceansuitesdanang.com\/vi\/wp-json\/wp\/v2\/pages\/173"}],"wp:attachment":[{"href":"https:\/\/yarraoceansuitesdanang.com\/vi\/wp-json\/wp\/v2\/media?parent=174"}],"curies":[{"name":"wp","href":"https:\/\/api.w.org\/{rel}","templated":true}]}}