{"id":173,"date":"2026-02-24T15:31:57","date_gmt":"2026-02-24T07:31:57","guid":{"rendered":"https:\/\/yarraoceansuitesdanang.ms2.decms.asia\/rooms-suites\/"},"modified":"2026-02-25T09:54:19","modified_gmt":"2026-02-25T01:54:19","slug":"rooms-suites","status":"publish","type":"page","link":"https:\/\/yarraoceansuitesdanang.com\/vi\/rooms-suites\/","title":{"rendered":"Ph\u00f2ng &#038; Suites"},"content":{"rendered":"<p>Kh\u00e1m ph\u00e1 kh\u00f4ng gian l\u01b0u tr\u00fa sang tr\u1ecdng t\u1ea1i Yarra Ocean Suites Danang, n\u01a1i m\u1ed7i ph\u00f2ng v\u00e0 suite \u0111\u1ec1u \u0111\u01b0\u1ee3c thi\u1ebft k\u1ebf tinh t\u1ebf v\u1edbi t\u1ea7m nh\u00ecn kho\u00e1ng \u0111\u1ea1t h\u01b0\u1edbng bi\u1ec3n. N\u1ed9i th\u1ea5t hi\u1ec7n \u0111\u1ea1i, ch\u1ea5t li\u1ec7u cao c\u1ea5p v\u00e0 \u00e1nh s\u00e1ng t\u1ef1 nhi\u00ean tr\u00e0n ng\u1eadp mang l\u1ea1i c\u1ea3m gi\u00e1c th\u01b0 gi\u00e3n tuy\u1ec7t \u0111\u1ed1i. D\u00f9 l\u00e0 k\u1ef3 ngh\u1ec9 l\u00e3ng m\u1ea1n, chuy\u1ebfn c\u00f4ng t\u00e1c hay h\u00e0nh tr\u00ecnh c\u00f9ng gia \u0111\u00ecnh, Yarra mang \u0111\u1ebfn s\u1ef1 ri\u00eang t\u01b0, tho\u1ea3i m\u00e1i v\u00e0 nh\u1eefng ti\u1ec7n nghi \u0111\u1eb3ng c\u1ea5p cho t\u1eebng kho\u1ea3nh kh\u1eafc ngh\u1ec9 d\u01b0\u1ee1ng.<\/p>\n","protected":false},"excerpt":{"rendered":"<p>Kh\u00e1m ph\u00e1 kh\u00f4ng gian l\u01b0u tr\u00fa sang tr\u1ecdng t\u1ea1i Yarra Ocean Suites Danang, n\u01a1i m\u1ed7i ph\u00f2ng v\u00e0 suite \u0111\u1ec1u \u0111\u01b0\u1ee3c thi\u1ebft k\u1ebf tinh t\u1ebf v\u1edbi t\u1ea7m nh\u00ecn kho\u00e1ng \u0111\u1ea1t h\u01b0\u1edbng bi\u1ec3n. N\u1ed9i th\u1ea5t hi\u1ec7n \u0111\u1ea1i, ch\u1ea5t li\u1ec7u cao c\u1ea5p v\u00e0 \u00e1nh s\u00e1ng t\u1ef1 nhi\u00ean tr\u00e0n ng\u1eadp mang l\u1ea1i c\u1ea3m gi\u00e1c th\u01b0 gi\u00e3n tuy\u1ec7t \u0111\u1ed1i. D\u00f9 [&hellip;]<\/p>\n","protected":false},"author":90,"featured_media":0,"parent":0,"menu_order":0,"comment_status":"closed","ping_status":"closed","template":"template-rooms.php","meta":{"footnotes":""},"yoast_head":"<!-- This site is optimized with the Yoast SEO plugin v22.3 - https:\/\/yoast.com\/wordpress\/plugins\/seo\/ -->\n<title>Ph\u00f2ng &amp; Suites | Yarra Ocean Suites Danang<\/title>\n<meta name=\"description\" content=\"Kh\u00e1m ph\u00e1 to\u00e0n b\u1ed9 c\u00e1c h\u1ea1ng ph\u00f2ng &amp; Suite sang tr\u1ecdng t\u1ea1i Yarra Ocean Suites Danang. T\u1eadn h\u01b0\u1edfng kh\u00f4ng gian 4 sao v\u1edbi ban c\u00f4ng v\u00e0 t\u1ea7m nh\u00ecn h\u01b0\u1edbng bi\u1ec3n tuy\u1ec7t \u0111\u1eb9p. \u0110\u1eb7t ph\u00f2ng ngay!\" \/>\n<meta name=\"robots\" content=\"index, follow, max-snippet:-1, max-image-preview:large, max-video-preview:-1\" \/>\n<link rel=\"canonical\" href=\"https:\/\/yarraoceansuitesdanang.com\/vi\/rooms-suites\/\" \/>\n<meta property=\"og:locale\" content=\"vi_VN\" \/>\n<meta property=\"og:type\" content=\"article\" \/>\n<meta property=\"og:title\" content=\"Ph\u00f2ng &amp; Suites | Yarra Ocean Suites Danang\" \/>\n<meta property=\"og:description\" content=\"Kh\u00e1m ph\u00e1 to\u00e0n b\u1ed9 c\u00e1c h\u1ea1ng ph\u00f2ng &amp; Suite sang tr\u1ecdng t\u1ea1i Yarra Ocean Suites Danang. T\u1eadn h\u01b0\u1edfng kh\u00f4ng gian 4 sao v\u1edbi ban c\u00f4ng v\u00e0 t\u1ea7m nh\u00ecn h\u01b0\u1edbng bi\u1ec3n tuy\u1ec7t \u0111\u1eb9p. \u0110\u1eb7t ph\u00f2ng ngay!\" \/>\n<meta property=\"og:url\" content=\"https:\/\/yarraoceansuitesdanang.com\/vi\/rooms-suites\/\" \/>\n<meta property=\"og:site_name\" content=\"Yarra Ocean Suites Danang\" \/>\n<meta property=\"article:modified_time\" content=\"2026-02-25T01:54:19+00:00\" \/>\n<meta name=\"twitter:card\" content=\"summary_large_image\" \/>\n<meta name=\"twitter:label1\" content=\"Est. reading time\" \/>\n\t<meta name=\"twitter:data1\" content=\"1 minute\" \/>\n<script type=\"application\/ld+json\" class=\"yoast-schema-graph\">{\"@context\":\"https:\/\/schema.org\",\"@graph\":[{\"@type\":\"WebPage\",\"@id\":\"https:\/\/yarraoceansuitesdanang.com\/vi\/rooms-suites\/\",\"url\":\"https:\/\/yarraoceansuitesdanang.com\/vi\/rooms-suites\/\",\"name\":\"Ph\u00f2ng & Suites | Yarra Ocean Suites Danang\",\"isPartOf\":{\"@id\":\"https:\/\/yarraoceansuitesdanang.com\/vi\/#website\"},\"datePublished\":\"2026-02-24T07:31:57+00:00\",\"dateModified\":\"2026-02-25T01:54:19+00:00\",\"description\":\"Kh\u00e1m ph\u00e1 to\u00e0n b\u1ed9 c\u00e1c h\u1ea1ng ph\u00f2ng & Suite sang tr\u1ecdng t\u1ea1i Yarra Ocean Suites Danang. T\u1eadn h\u01b0\u1edfng kh\u00f4ng gian 4 sao v\u1edbi ban c\u00f4ng v\u00e0 t\u1ea7m nh\u00ecn h\u01b0\u1edbng bi\u1ec3n tuy\u1ec7t \u0111\u1eb9p. \u0110\u1eb7t ph\u00f2ng ngay!\",\"breadcrumb\":{\"@id\":\"https:\/\/yarraoceansuitesdanang.com\/vi\/rooms-suites\/#breadcrumb\"},\"inLanguage\":\"vi-VN\",\"potentialAction\":[{\"@type\":\"ReadAction\",\"target\":[\"https:\/\/yarraoceansuitesdanang.com\/vi\/rooms-suites\/\"]}]},{\"@type\":\"BreadcrumbList\",\"@id\":\"https:\/\/yarraoceansuitesdanang.com\/vi\/rooms-suites\/#breadcrumb\",\"itemListElement\":[{\"@type\":\"ListItem\",\"position\":1,\"name\":\"Home\",\"item\":\"https:\/\/yarraoceansuitesdanang.com\/vi\/\"},{\"@type\":\"ListItem\",\"position\":2,\"name\":\"Ph\u00f2ng &#038; Suites\"}]},{\"@type\":\"WebSite\",\"@id\":\"https:\/\/yarraoceansuitesdanang.com\/vi\/#website\",\"url\":\"https:\/\/yarraoceansuitesdanang.com\/vi\/\",\"name\":\"Yarra Ocean Suites Danang\",\"description\":\"\",\"potentialAction\":[{\"@type\":\"SearchAction\",\"target\":{\"@type\":\"EntryPoint\",\"urlTemplate\":\"https:\/\/yarraoceansuitesdanang.com\/vi\/?s={search_term_string}\"},\"query-input\":\"required name=search_term_string\"}],\"inLanguage\":\"vi-VN\"}]}<\/script>\n<!-- \/ Yoast SEO plugin. -->","yoast_head_json":{"title":"Ph\u00f2ng & Suites | Yarra Ocean Suites Danang","description":"Kh\u00e1m ph\u00e1 to\u00e0n b\u1ed9 c\u00e1c h\u1ea1ng ph\u00f2ng & Suite sang tr\u1ecdng t\u1ea1i Yarra Ocean Suites Danang. T\u1eadn h\u01b0\u1edfng kh\u00f4ng gian 4 sao v\u1edbi ban c\u00f4ng v\u00e0 t\u1ea7m nh\u00ecn h\u01b0\u1edbng bi\u1ec3n tuy\u1ec7t \u0111\u1eb9p. \u0110\u1eb7t ph\u00f2ng ngay!","robots":{"index":"index","follow":"follow","max-snippet":"max-snippet:-1","max-image-preview":"max-image-preview:large","max-video-preview":"max-video-preview:-1"},"canonical":"https:\/\/yarraoceansuitesdanang.com\/vi\/rooms-suites\/","og_locale":"vi_VN","og_type":"article","og_title":"Ph\u00f2ng & Suites | Yarra Ocean Suites Danang","og_description":"Kh\u00e1m ph\u00e1 to\u00e0n b\u1ed9 c\u00e1c h\u1ea1ng ph\u00f2ng & Suite sang tr\u1ecdng t\u1ea1i Yarra Ocean Suites Danang. T\u1eadn h\u01b0\u1edfng kh\u00f4ng gian 4 sao v\u1edbi ban c\u00f4ng v\u00e0 t\u1ea7m nh\u00ecn h\u01b0\u1edbng bi\u1ec3n tuy\u1ec7t \u0111\u1eb9p. \u0110\u1eb7t ph\u00f2ng ngay!","og_url":"https:\/\/yarraoceansuitesdanang.com\/vi\/rooms-suites\/","og_site_name":"Yarra Ocean Suites Danang","article_modified_time":"2026-02-25T01:54:19+00:00","twitter_card":"summary_large_image","twitter_misc":{"Est. reading time":"1 minute"},"schema":{"@context":"https:\/\/schema.org","@graph":[{"@type":"WebPage","@id":"https:\/\/yarraoceansuitesdanang.com\/vi\/rooms-suites\/","url":"https:\/\/yarraoceansuitesdanang.com\/vi\/rooms-suites\/","name":"Ph\u00f2ng & Suites | Yarra Ocean Suites Danang","isPartOf":{"@id":"https:\/\/yarraoceansuitesdanang.com\/vi\/#website"},"datePublished":"2026-02-24T07:31:57+00:00","dateModified":"2026-02-25T01:54:19+00:00","description":"Kh\u00e1m ph\u00e1 to\u00e0n b\u1ed9 c\u00e1c h\u1ea1ng ph\u00f2ng & Suite sang tr\u1ecdng t\u1ea1i Yarra Ocean Suites Danang. T\u1eadn h\u01b0\u1edfng kh\u00f4ng gian 4 sao v\u1edbi ban c\u00f4ng v\u00e0 t\u1ea7m nh\u00ecn h\u01b0\u1edbng bi\u1ec3n tuy\u1ec7t \u0111\u1eb9p. \u0110\u1eb7t ph\u00f2ng ngay!","breadcrumb":{"@id":"https:\/\/yarraoceansuitesdanang.com\/vi\/rooms-suites\/#breadcrumb"},"inLanguage":"vi-VN","potentialAction":[{"@type":"ReadAction","target":["https:\/\/yarraoceansuitesdanang.com\/vi\/rooms-suites\/"]}]},{"@type":"BreadcrumbList","@id":"https:\/\/yarraoceansuitesdanang.com\/vi\/rooms-suites\/#breadcrumb","itemListElement":[{"@type":"ListItem","position":1,"name":"Home","item":"https:\/\/yarraoceansuitesdanang.com\/vi\/"},{"@type":"ListItem","position":2,"name":"Ph\u00f2ng &#038; Suites"}]},{"@type":"WebSite","@id":"https:\/\/yarraoceansuitesdanang.com\/vi\/#website","url":"https:\/\/yarraoceansuitesdanang.com\/vi\/","name":"Yarra Ocean Suites Danang","description":"","potentialAction":[{"@type":"SearchAction","target":{"@type":"EntryPoint","urlTemplate":"https:\/\/yarraoceansuitesdanang.com\/vi\/?s={search_term_string}"},"query-input":"required name=search_term_string"}],"inLanguage":"vi-VN"}]}},"acf":[],"_links":{"self":[{"href":"https:\/\/yarraoceansuitesdanang.com\/vi\/wp-json\/wp\/v2\/pages\/173"}],"collection":[{"href":"https:\/\/yarraoceansuitesdanang.com\/vi\/wp-json\/wp\/v2\/pages"}],"about":[{"href":"https:\/\/yarraoceansuitesdanang.com\/vi\/wp-json\/wp\/v2\/types\/page"}],"author":[{"embeddable":true,"href":"https:\/\/yarraoceansuitesdanang.com\/vi\/wp-json\/wp\/v2\/users\/90"}],"replies":[{"embeddable":true,"href":"https:\/\/yarraoceansuitesdanang.com\/vi\/wp-json\/wp\/v2\/comments?post=173"}],"version-history":[{"count":0,"href":"https:\/\/yarraoceansuitesdanang.com\/vi\/wp-json\/wp\/v2\/pages\/173\/revisions"}],"wp:attachment":[{"href":"https:\/\/yarraoceansuitesdanang.com\/vi\/wp-json\/wp\/v2\/media?parent=173"}],"curies":[{"name":"wp","href":"https:\/\/api.w.org\/{rel}","templated":true}]}}